{"id":19436,"date":"2024-09-08T14:28:41","date_gmt":"2024-09-08T11:28:41","guid":{"rendered":"https:\/\/futurehouse-construction.com\/?page_id=19436"},"modified":"2025-01-02T12:48:09","modified_gmt":"2025-01-02T10:48:09","slug":"brescia-onciata","status":"publish","type":"page","link":"https:\/\/futurehouse-construction.com\/de\/brescia-onciata\/","title":{"rendered":"Breccia onchiata"},"content":{"rendered":"\t\t<div data-elementor-type=\"wp-page\" data-elementor-id=\"19436\" class=\"elementor elementor-19436 elementor-1431\" data-elementor-post-type=\"page\">\n\t\t\t\t\t\t<section class=\"elementor-section elementor-top-section elementor-element elementor-element-c816d32 elementor-section-boxed elementor-section-height-default elementor-section-height-default\" data-id=\"c816d32\" data-element_type=\"section\" data-e-type=\"section\">\n\t\t\t\t\t\t<div class=\"elementor-container elementor-column-gap-default\">\n\t\t\t\t\t<div class=\"aux-parallax-section elementor-column elementor-col-100 elementor-top-column elementor-element elementor-element-a2c3071\" data-id=\"a2c3071\" data-element_type=\"column\" data-e-type=\"column\">\n\t\t\t<div class=\"elementor-widget-wrap elementor-element-populated\">\n\t\t\t\t\t\t<div class=\"elementor-element elementor-element-90ac5fa elementor-widget-divider--view-line_text elementor-widget-divider--element-align-center elementor-widget elementor-widget-divider\" data-id=\"90ac5fa\" data-element_type=\"widget\" data-e-type=\"widget\" data-settings=\"{&quot;ekit_we_effect_on&quot;:&quot;none&quot;}\" data-widget_type=\"divider.default\">\n\t\t\t\t\t\t\t<div class=\"elementor-divider\">\n\t\t\t<span class=\"elementor-divider-separator\">\n\t\t\t\t\t\t\t<span class=\"elementor-divider__text elementor-divider__element\">\n\t\t\t\tImportierter Marmor | Breccia onchiata\t\t\t\t<\/span>\n\t\t\t\t\t\t<\/span>\n\t\t<\/div>\n\t\t\t\t\t\t<\/div>\n\t\t\t\t\t<\/div>\n\t\t<\/div>\n\t\t\t\t\t<\/div>\n\t\t<\/section>\n\t\t\t\t<section class=\"elementor-section elementor-top-section elementor-element elementor-element-73514e4 elementor-section-boxed elementor-section-height-default elementor-section-height-default\" data-id=\"73514e4\" data-element_type=\"section\" data-e-type=\"section\">\n\t\t\t\t\t\t<div class=\"elementor-container elementor-column-gap-default\">\n\t\t\t\t\t<div class=\"aux-parallax-section elementor-column elementor-col-16 elementor-top-column elementor-element elementor-element-95f1cc4\" data-id=\"95f1cc4\" data-element_type=\"column\" data-e-type=\"column\">\n\t\t\t<div class=\"elementor-widget-wrap\">\n\t\t\t\t\t\t\t<\/div>\n\t\t<\/div>\n\t\t\t\t<div class=\"aux-parallax-section elementor-column elementor-col-66 elementor-top-column elementor-element elementor-element-7663f52\" data-id=\"7663f52\" data-element_type=\"column\" data-e-type=\"column\">\n\t\t\t<div class=\"elementor-widget-wrap elementor-element-populated\">\n\t\t\t\t\t\t<div class=\"elementor-element elementor-element-2b992b9 elementor-widget elementor-widget-ucaddon_uc_carousel_image\" data-id=\"2b992b9\" data-element_type=\"widget\" data-e-type=\"widget\" data-settings=\"{&quot;ekit_we_effect_on&quot;:&quot;none&quot;}\" data-widget_type=\"ucaddon_uc_carousel_image.default\">\n\t\t\t\t<div class=\"elementor-widget-container\">\n\t\t\t\t\t\n<!-- start Carousel Gallery -->\n\t\t<link id='unitegallery-css' href='https:\/\/futurehouse-construction.com\/wp-content\/plugins\/unlimited-elements-for-elementor\/assets_libraries\/unitegallery\/css\/unite-gallery.css' type='text\/css' rel='stylesheet' >\n\n\n<div id=\"uc_uc_carousel_image_elementor_2b992b9\" style=\"display:none;\" class=\"uc-items-wrapper\" data-custom-sethtml=\"true\" >\n\n\n<img decoding=\"async\" alt=\"498793_e099d634371d422e88ddd8679385489c~mv2\"\n   src=\"https:\/\/futurehouse-construction.com\/wp-content\/uploads\/2024\/06\/498793_e099d634371d422e88ddd8679385489cmv2.webp\"\n    data-image=\"https:\/\/futurehouse-construction.com\/wp-content\/uploads\/2024\/06\/498793_e099d634371d422e88ddd8679385489cmv2.webp\"\n    data-title=\"498793_e099d634371d422e88ddd8679385489c~mv2\">\n\n<img decoding=\"async\" alt=\"498793_8eb30884b69e4c1a8e648ced462fc8e6~mv2\"\n   src=\"https:\/\/futurehouse-construction.com\/wp-content\/uploads\/2024\/06\/498793_8eb30884b69e4c1a8e648ced462fc8e6mv2.webp\"\n    data-image=\"https:\/\/futurehouse-construction.com\/wp-content\/uploads\/2024\/06\/498793_8eb30884b69e4c1a8e648ced462fc8e6mv2.webp\"\n    data-title=\"498793_8eb30884b69e4c1a8e648ced462fc8e6~mv2\">\n\n<img decoding=\"async\" alt=\"498793_aa07772714d5434ea09d25f3c4390542~mv2\"\n   src=\"https:\/\/futurehouse-construction.com\/wp-content\/uploads\/2024\/06\/498793_aa07772714d5434ea09d25f3c4390542mv2.webp\"\n    data-image=\"https:\/\/futurehouse-construction.com\/wp-content\/uploads\/2024\/06\/498793_aa07772714d5434ea09d25f3c4390542mv2.webp\"\n    data-title=\"498793_aa07772714d5434ea09d25f3c4390542~mv2\">\n\n<img decoding=\"async\" alt=\"498793_7c6bf070b8114f78a62345ea5f37c3a4~mv2\"\n   src=\"https:\/\/futurehouse-construction.com\/wp-content\/uploads\/2024\/06\/498793_7c6bf070b8114f78a62345ea5f37c3a4mv2.webp\"\n    data-image=\"https:\/\/futurehouse-construction.com\/wp-content\/uploads\/2024\/06\/498793_7c6bf070b8114f78a62345ea5f37c3a4mv2.webp\"\n    data-title=\"498793_7c6bf070b8114f78a62345ea5f37c3a4~mv2\">\n\n  \n<\/div>\n<!-- end Carousel Gallery -->\t\t\t\t<\/div>\n\t\t\t\t<\/div>\n\t\t\t\t\t<\/div>\n\t\t<\/div>\n\t\t\t\t<div class=\"aux-parallax-section elementor-column elementor-col-16 elementor-top-column elementor-element elementor-element-ba4b63c\" data-id=\"ba4b63c\" data-element_type=\"column\" data-e-type=\"column\">\n\t\t\t<div class=\"elementor-widget-wrap\">\n\t\t\t\t\t\t\t<\/div>\n\t\t<\/div>\n\t\t\t\t\t<\/div>\n\t\t<\/section>\n\t\t\t\t<section class=\"elementor-section elementor-top-section elementor-element elementor-element-14140f7 elementor-section-boxed elementor-section-height-default elementor-section-height-default\" data-id=\"14140f7\" data-element_type=\"section\" data-e-type=\"section\">\n\t\t\t\t\t\t<div class=\"elementor-container elementor-column-gap-default\">\n\t\t\t\t\t<div class=\"aux-parallax-section elementor-column elementor-col-100 elementor-top-column elementor-element elementor-element-e480f24\" data-id=\"e480f24\" data-element_type=\"column\" data-e-type=\"column\">\n\t\t\t<div class=\"elementor-widget-wrap elementor-element-populated\">\n\t\t\t\t\t\t<div class=\"elementor-element elementor-element-6890a9a elementor-widget-divider--view-line_text elementor-widget-divider--element-align-center elementor-widget elementor-widget-divider\" data-id=\"6890a9a\" data-element_type=\"widget\" data-e-type=\"widget\" data-settings=\"{&quot;ekit_we_effect_on&quot;:&quot;none&quot;}\" data-widget_type=\"divider.default\">\n\t\t\t\t\t\t\t<div class=\"elementor-divider\">\n\t\t\t<span class=\"elementor-divider-separator\">\n\t\t\t\t\t\t\t<span class=\"elementor-divider__text elementor-divider__element\">\n\t\t\t\tSpezifikationen\t\t\t\t<\/span>\n\t\t\t\t\t\t<\/span>\n\t\t<\/div>\n\t\t\t\t\t\t<\/div>\n\t\t\t\t\t<\/div>\n\t\t<\/div>\n\t\t\t\t\t<\/div>\n\t\t<\/section>\n\t\t\t\t<section class=\"elementor-section elementor-top-section elementor-element elementor-element-de23c2b elementor-section-boxed elementor-section-height-default elementor-section-height-default\" data-id=\"de23c2b\" data-element_type=\"section\" data-e-type=\"section\">\n\t\t\t\t\t\t<div class=\"elementor-container elementor-column-gap-default\">\n\t\t\t\t\t<div class=\"aux-parallax-section elementor-column elementor-col-100 elementor-top-column elementor-element elementor-element-ea33f72\" data-id=\"ea33f72\" data-element_type=\"column\" data-e-type=\"column\">\n\t\t\t<div class=\"elementor-widget-wrap elementor-element-populated\">\n\t\t\t\t\t\t<div class=\"elementor-element elementor-element-5f05b2d elementor-widget elementor-widget-text-editor\" data-id=\"5f05b2d\" data-element_type=\"widget\" data-e-type=\"widget\" data-settings=\"{&quot;ekit_we_effect_on&quot;:&quot;none&quot;}\" data-widget_type=\"text-editor.default\">\n\t\t\t\t\t\t\t\t\t<div class=\"elementor-element elementor-element-ba20333 elementor-widget elementor-widget-text-editor\" data-id=\"ba20333\" data-element_type=\"widget\" data-settings=\"{&quot;ekit_we_effect_on&quot;:&quot;none&quot;}\" data-widget_type=\"text-editor.default\"><div class=\"elementor-widget-container\"><section class=\"elementor-section elementor-top-section elementor-element elementor-element-5f0a69e elementor-section-boxed elementor-section-height-default elementor-section-height-default elementskit-parallax-multi-container\" data-id=\"5f0a69e\" data-element_type=\"section\"><div class=\"elementor-container elementor-column-gap-default\"><div class=\"aux-parallax-section elementor-column elementor-col-100 elementor-top-column elementor-element elementor-element-5410705\" data-id=\"5410705\" data-element_type=\"column\"><div class=\"elementor-widget-wrap elementor-element-populated\"><div class=\"elementor-element elementor-element-ba20333 elementor-widget elementor-widget-text-editor\" data-id=\"ba20333\" data-element_type=\"widget\" data-settings=\"{&quot;ekit_we_effect_on&quot;:&quot;none&quot;}\" data-widget_type=\"text-editor.default\"><div class=\"elementor-widget-container\"><section class=\"elementor-section elementor-top-section elementor-element elementor-element-5f0a69e elementor-section-boxed elementor-section-height-default elementor-section-height-default elementskit-parallax-multi-container\" data-id=\"5f0a69e\" data-element_type=\"section\"><div class=\"elementor-container elementor-column-gap-default\"><div class=\"aux-parallax-section elementor-column elementor-col-100 elementor-top-column elementor-element elementor-element-5410705\" data-id=\"5410705\" data-element_type=\"column\"><div class=\"elementor-widget-wrap elementor-element-populated\"><div class=\"elementor-element elementor-element-ba20333 elementor-widget elementor-widget-text-editor\" data-id=\"ba20333\" data-element_type=\"widget\" data-settings=\"{&quot;ekit_we_effect_on&quot;:&quot;none&quot;}\" data-widget_type=\"text-editor.default\"><div class=\"elementor-widget-container\"><section class=\"elementor-section elementor-top-section elementor-element elementor-element-5f0a69e elementor-section-boxed elementor-section-height-default elementor-section-height-default elementskit-parallax-multi-container\" data-id=\"5f0a69e\" data-element_type=\"section\"><div class=\"elementor-container elementor-column-gap-default\"><div class=\"aux-parallax-section elementor-column elementor-col-100 elementor-top-column elementor-element elementor-element-5410705\" data-id=\"5410705\" data-element_type=\"column\"><div class=\"elementor-widget-wrap elementor-element-populated\"><div class=\"elementor-element elementor-element-ba20333 elementor-widget elementor-widget-text-editor\" data-id=\"ba20333\" data-element_type=\"widget\" data-settings=\"{&quot;ekit_we_effect_on&quot;:&quot;none&quot;}\" data-widget_type=\"text-editor.default\"><div class=\"elementor-widget-container\"><div id=\"bgLayers_comp-ls39lnqh1\" class=\"MW5IWV\" data-hook=\"bgLayers\" data-motion-part=\"BG_LAYER\"><p class=\"VgO9Yg\" style=\"text-align: left;\" data-motion-part=\"BG_MEDIA\"><strong><span style=\"font-size: 18pt; color: #cb6d03;\">Spezifikationen<\/span><\/strong><\/p><p>Materialname: Breccia onchiata<\/p><p>Materialtyp: Importierter Marmor<\/p><p>Materialfarbe: beige Marmor<\/p><p>Herkunftsland: Italien<\/p><p>Verwendung: B\u00f6den, W\u00e4nde, Treppen, Treppen, Waschbecken, K\u00fcchen, Au\u00dfenbereiche, Innenr\u00e4ume, S\u00e4ulen, Heizungen<\/p><p>Wir liefern und installieren B\u00f6den, W\u00e4nde, Au\u00dfenfassaden, Innenfassaden, S\u00e4ulen, Auffangwannen, Heizungen, Treppen, Waschbecken, K\u00fcchen, Gesch\u00e4fte, Wasserleitungen und verschiedene Dekorationen. Wir k\u00f6nnen auch alle Designs f\u00fcr Villen, Pal\u00e4ste, Wohnungen, B\u00fcros und Gesch\u00e4fte anfertigen .<\/p><p>Holen Sie sich Ihr Design nach Hause: Wir verf\u00fcgen \u00fcber eine Auswahl der besten Ingenieure, die jederzeit f\u00fcr Sie da sind<\/p><p>Wir bieten h\u00f6chste Qualit\u00e4t bei der Verarbeitung und Installation zu den g\u00fcnstigsten Preisen<\/p><\/div><\/div><\/div><\/div><\/div><\/div><\/section><\/div><\/div><\/div><\/div><\/div><\/section><\/div><\/div><\/div><\/div><\/div><\/section><\/div><\/div>\t\t\t\t\t\t\t\t<\/div>\n\t\t\t\t\t<\/div>\n\t\t<\/div>\n\t\t\t\t\t<\/div>\n\t\t<\/section>\n\t\t\t\t<\/div>\n\t\t","protected":false},"excerpt":{"rendered":"<p>Importierter Marmor | Breccia onchiata Spezifikationen Spezifikationen Materialname: Breccia onchiata Materialtyp: Importierter Marmor Materialfarbe: beige Marmor Herkunftsland: Italien Verwendung: B\u00f6den, W\u00e4nde, Treppen, Treppen, Waschbecken, K\u00fcchen, Au\u00dfenbereiche, Innenr\u00e4ume, S\u00e4ulen, Heizungen Wir liefern und installieren B\u00f6den, W\u00e4nde, Au\u00dfenfassaden, Innenfassaden, S\u00e4ulen, Auffangwannen, Heizungen, Treppen, Waschbecken, K\u00fcchen, Gesch\u00e4fte, Wasserleitungen und verschiedene Dekorationen. Wir k\u00f6nnen auch alle Designs f\u00fcr Villen, [&hellip;]<\/p>\n","protected":false},"author":2,"featured_media":0,"parent":0,"menu_order":0,"comment_status":"closed","ping_status":"closed","template":"","meta":{"footnotes":""},"class_list":["post-19436","page","type-page","status-publish","hentry"],"yoast_head":"<!-- This site is optimized with the Yoast SEO plugin v27.0 - https:\/\/yoast.com\/product\/yoast-seo-wordpress\/ -->\n<title>Breccia onchiata - Future House Construction<\/title>\n<meta name=\"robots\" content=\"index, follow, max-snippet:-1, max-image-preview:large, max-video-preview:-1\" \/>\n<link rel=\"canonical\" href=\"https:\/\/futurehouse-construction.com\/\u0628\u0631\u064a\u0634\u064a\u0627-\u0627\u0648\u0646\u0634\u064a\u0627\u062a\u0627\/\" \/>\n<meta property=\"og:locale\" content=\"de_DE\" \/>\n<meta property=\"og:type\" content=\"article\" \/>\n<meta property=\"og:title\" content=\"Breccia onchiata - Future House Construction\" \/>\n<meta property=\"og:description\" content=\"Importierter Marmor | Breccia onchiata Spezifikationen Spezifikationen Materialname: Breccia onchiata Materialtyp: Importierter Marmor Materialfarbe: beige Marmor Herkunftsland: Italien Verwendung: B\u00f6den, W\u00e4nde, Treppen, Treppen, Waschbecken, K\u00fcchen, Au\u00dfenbereiche, Innenr\u00e4ume, S\u00e4ulen, Heizungen Wir liefern und installieren B\u00f6den, W\u00e4nde, Au\u00dfenfassaden, Innenfassaden, S\u00e4ulen, Auffangwannen, Heizungen, Treppen, Waschbecken, K\u00fcchen, Gesch\u00e4fte, Wasserleitungen und verschiedene Dekorationen. Wir k\u00f6nnen auch alle Designs f\u00fcr Villen, [&hellip;]\" \/>\n<meta property=\"og:url\" content=\"https:\/\/futurehouse-construction.com\/\u0628\u0631\u064a\u0634\u064a\u0627-\u0627\u0648\u0646\u0634\u064a\u0627\u062a\u0627\/\" \/>\n<meta property=\"og:site_name\" content=\"Future House Construction\" \/>\n<meta property=\"article:modified_time\" content=\"2025-01-02T10:48:09+00:00\" \/>\n<meta property=\"og:image\" content=\"https:\/\/futurehouse-construction.com\/wp-content\/uploads\/2024\/06\/498793_e099d634371d422e88ddd8679385489cmv2.webp\" \/>\n<meta name=\"twitter:card\" content=\"summary_large_image\" \/>\n<meta name=\"twitter:label1\" content=\"Gesch\u00e4tzte Lesezeit\" \/>\n\t<meta name=\"twitter:data1\" content=\"1\u00a0Minute\" \/>\n<script type=\"application\/ld+json\" class=\"yoast-schema-graph\">{\"@context\":\"https:\/\/schema.org\",\"@graph\":[{\"@type\":\"WebPage\",\"@id\":\"https:\/\/futurehouse-construction.com\/%d8%a8%d8%b1%d9%8a%d8%b4%d9%8a%d8%a7-%d8%a7%d9%88%d9%86%d8%b4%d9%8a%d8%a7%d8%aa%d8%a7\/\",\"url\":\"https:\/\/futurehouse-construction.com\/%d8%a8%d8%b1%d9%8a%d8%b4%d9%8a%d8%a7-%d8%a7%d9%88%d9%86%d8%b4%d9%8a%d8%a7%d8%aa%d8%a7\/\",\"name\":\"Breccia onchiata - Future House Construction\",\"isPartOf\":{\"@id\":\"https:\/\/futurehouse-construction.com\/en\/#website\"},\"primaryImageOfPage\":{\"@id\":\"https:\/\/futurehouse-construction.com\/%d8%a8%d8%b1%d9%8a%d8%b4%d9%8a%d8%a7-%d8%a7%d9%88%d9%86%d8%b4%d9%8a%d8%a7%d8%aa%d8%a7\/#primaryimage\"},\"image\":{\"@id\":\"https:\/\/futurehouse-construction.com\/%d8%a8%d8%b1%d9%8a%d8%b4%d9%8a%d8%a7-%d8%a7%d9%88%d9%86%d8%b4%d9%8a%d8%a7%d8%aa%d8%a7\/#primaryimage\"},\"thumbnailUrl\":\"https:\/\/futurehouse-construction.com\/wp-content\/uploads\/2024\/06\/498793_e099d634371d422e88ddd8679385489cmv2.webp\",\"datePublished\":\"2024-09-08T11:28:41+00:00\",\"dateModified\":\"2025-01-02T10:48:09+00:00\",\"breadcrumb\":{\"@id\":\"https:\/\/futurehouse-construction.com\/%d8%a8%d8%b1%d9%8a%d8%b4%d9%8a%d8%a7-%d8%a7%d9%88%d9%86%d8%b4%d9%8a%d8%a7%d8%aa%d8%a7\/#breadcrumb\"},\"inLanguage\":\"de\",\"potentialAction\":[{\"@type\":\"ReadAction\",\"target\":[\"https:\/\/futurehouse-construction.com\/%d8%a8%d8%b1%d9%8a%d8%b4%d9%8a%d8%a7-%d8%a7%d9%88%d9%86%d8%b4%d9%8a%d8%a7%d8%aa%d8%a7\/\"]}]},{\"@type\":\"ImageObject\",\"inLanguage\":\"de\",\"@id\":\"https:\/\/futurehouse-construction.com\/%d8%a8%d8%b1%d9%8a%d8%b4%d9%8a%d8%a7-%d8%a7%d9%88%d9%86%d8%b4%d9%8a%d8%a7%d8%aa%d8%a7\/#primaryimage\",\"url\":\"https:\/\/futurehouse-construction.com\/wp-content\/uploads\/2024\/06\/498793_e099d634371d422e88ddd8679385489cmv2.webp\",\"contentUrl\":\"https:\/\/futurehouse-construction.com\/wp-content\/uploads\/2024\/06\/498793_e099d634371d422e88ddd8679385489cmv2.webp\"},{\"@type\":\"BreadcrumbList\",\"@id\":\"https:\/\/futurehouse-construction.com\/%d8%a8%d8%b1%d9%8a%d8%b4%d9%8a%d8%a7-%d8%a7%d9%88%d9%86%d8%b4%d9%8a%d8%a7%d8%aa%d8%a7\/#breadcrumb\",\"itemListElement\":[{\"@type\":\"ListItem\",\"position\":1,\"name\":\"Home\",\"item\":\"https:\/\/futurehouse-construction.com\/de\/\"},{\"@type\":\"ListItem\",\"position\":2,\"name\":\"Breccia onchiata\"}]},{\"@type\":\"WebSite\",\"@id\":\"https:\/\/futurehouse-construction.com\/en\/#website\",\"url\":\"https:\/\/futurehouse-construction.com\/en\/\",\"name\":\"Future House Construction\",\"description\":\"\",\"publisher\":{\"@id\":\"https:\/\/futurehouse-construction.com\/en\/#organization\"},\"potentialAction\":[{\"@type\":\"SearchAction\",\"target\":{\"@type\":\"EntryPoint\",\"urlTemplate\":\"https:\/\/futurehouse-construction.com\/en\/?s={search_term_string}\"},\"query-input\":{\"@type\":\"PropertyValueSpecification\",\"valueRequired\":true,\"valueName\":\"search_term_string\"}}],\"inLanguage\":\"de\"},{\"@type\":\"Organization\",\"@id\":\"https:\/\/futurehouse-construction.com\/en\/#organization\",\"name\":\"Future House Construction\",\"url\":\"https:\/\/futurehouse-construction.com\/en\/\",\"logo\":{\"@type\":\"ImageObject\",\"inLanguage\":\"de\",\"@id\":\"https:\/\/futurehouse-construction.com\/en\/#\/schema\/logo\/image\/\",\"url\":\"https:\/\/futurehouse-construction.com\/wp-content\/uploads\/2024\/08\/Logo-PNG.png\",\"contentUrl\":\"https:\/\/futurehouse-construction.com\/wp-content\/uploads\/2024\/08\/Logo-PNG.png\",\"width\":577,\"height\":433,\"caption\":\"Future House Construction\"},\"image\":{\"@id\":\"https:\/\/futurehouse-construction.com\/en\/#\/schema\/logo\/image\/\"}}]}<\/script>\n<!-- \/ Yoast SEO plugin. -->","yoast_head_json":{"title":"Breccia onchiata - Future House Construction","robots":{"index":"index","follow":"follow","max-snippet":"max-snippet:-1","max-image-preview":"max-image-preview:large","max-video-preview":"max-video-preview:-1"},"canonical":"https:\/\/futurehouse-construction.com\/\u0628\u0631\u064a\u0634\u064a\u0627-\u0627\u0648\u0646\u0634\u064a\u0627\u062a\u0627\/","og_locale":"de_DE","og_type":"article","og_title":"Breccia onchiata - Future House Construction","og_description":"Importierter Marmor | Breccia onchiata Spezifikationen Spezifikationen Materialname: Breccia onchiata Materialtyp: Importierter Marmor Materialfarbe: beige Marmor Herkunftsland: Italien Verwendung: B\u00f6den, W\u00e4nde, Treppen, Treppen, Waschbecken, K\u00fcchen, Au\u00dfenbereiche, Innenr\u00e4ume, S\u00e4ulen, Heizungen Wir liefern und installieren B\u00f6den, W\u00e4nde, Au\u00dfenfassaden, Innenfassaden, S\u00e4ulen, Auffangwannen, Heizungen, Treppen, Waschbecken, K\u00fcchen, Gesch\u00e4fte, Wasserleitungen und verschiedene Dekorationen. Wir k\u00f6nnen auch alle Designs f\u00fcr Villen, [&hellip;]","og_url":"https:\/\/futurehouse-construction.com\/\u0628\u0631\u064a\u0634\u064a\u0627-\u0627\u0648\u0646\u0634\u064a\u0627\u062a\u0627\/","og_site_name":"Future House Construction","article_modified_time":"2025-01-02T10:48:09+00:00","og_image":[{"url":"https:\/\/futurehouse-construction.com\/wp-content\/uploads\/2024\/06\/498793_e099d634371d422e88ddd8679385489cmv2.webp","type":"","width":"","height":""}],"twitter_card":"summary_large_image","twitter_misc":{"Gesch\u00e4tzte Lesezeit":"1\u00a0Minute"},"schema":{"@context":"https:\/\/schema.org","@graph":[{"@type":"WebPage","@id":"https:\/\/futurehouse-construction.com\/%d8%a8%d8%b1%d9%8a%d8%b4%d9%8a%d8%a7-%d8%a7%d9%88%d9%86%d8%b4%d9%8a%d8%a7%d8%aa%d8%a7\/","url":"https:\/\/futurehouse-construction.com\/%d8%a8%d8%b1%d9%8a%d8%b4%d9%8a%d8%a7-%d8%a7%d9%88%d9%86%d8%b4%d9%8a%d8%a7%d8%aa%d8%a7\/","name":"Breccia onchiata - Future House Construction","isPartOf":{"@id":"https:\/\/futurehouse-construction.com\/en\/#website"},"primaryImageOfPage":{"@id":"https:\/\/futurehouse-construction.com\/%d8%a8%d8%b1%d9%8a%d8%b4%d9%8a%d8%a7-%d8%a7%d9%88%d9%86%d8%b4%d9%8a%d8%a7%d8%aa%d8%a7\/#primaryimage"},"image":{"@id":"https:\/\/futurehouse-construction.com\/%d8%a8%d8%b1%d9%8a%d8%b4%d9%8a%d8%a7-%d8%a7%d9%88%d9%86%d8%b4%d9%8a%d8%a7%d8%aa%d8%a7\/#primaryimage"},"thumbnailUrl":"https:\/\/futurehouse-construction.com\/wp-content\/uploads\/2024\/06\/498793_e099d634371d422e88ddd8679385489cmv2.webp","datePublished":"2024-09-08T11:28:41+00:00","dateModified":"2025-01-02T10:48:09+00:00","breadcrumb":{"@id":"https:\/\/futurehouse-construction.com\/%d8%a8%d8%b1%d9%8a%d8%b4%d9%8a%d8%a7-%d8%a7%d9%88%d9%86%d8%b4%d9%8a%d8%a7%d8%aa%d8%a7\/#breadcrumb"},"inLanguage":"de","potentialAction":[{"@type":"ReadAction","target":["https:\/\/futurehouse-construction.com\/%d8%a8%d8%b1%d9%8a%d8%b4%d9%8a%d8%a7-%d8%a7%d9%88%d9%86%d8%b4%d9%8a%d8%a7%d8%aa%d8%a7\/"]}]},{"@type":"ImageObject","inLanguage":"de","@id":"https:\/\/futurehouse-construction.com\/%d8%a8%d8%b1%d9%8a%d8%b4%d9%8a%d8%a7-%d8%a7%d9%88%d9%86%d8%b4%d9%8a%d8%a7%d8%aa%d8%a7\/#primaryimage","url":"https:\/\/futurehouse-construction.com\/wp-content\/uploads\/2024\/06\/498793_e099d634371d422e88ddd8679385489cmv2.webp","contentUrl":"https:\/\/futurehouse-construction.com\/wp-content\/uploads\/2024\/06\/498793_e099d634371d422e88ddd8679385489cmv2.webp"},{"@type":"BreadcrumbList","@id":"https:\/\/futurehouse-construction.com\/%d8%a8%d8%b1%d9%8a%d8%b4%d9%8a%d8%a7-%d8%a7%d9%88%d9%86%d8%b4%d9%8a%d8%a7%d8%aa%d8%a7\/#breadcrumb","itemListElement":[{"@type":"ListItem","position":1,"name":"Home","item":"https:\/\/futurehouse-construction.com\/de\/"},{"@type":"ListItem","position":2,"name":"Breccia onchiata"}]},{"@type":"WebSite","@id":"https:\/\/futurehouse-construction.com\/en\/#website","url":"https:\/\/futurehouse-construction.com\/en\/","name":"Future House Construction","description":"","publisher":{"@id":"https:\/\/futurehouse-construction.com\/en\/#organization"},"potentialAction":[{"@type":"SearchAction","target":{"@type":"EntryPoint","urlTemplate":"https:\/\/futurehouse-construction.com\/en\/?s={search_term_string}"},"query-input":{"@type":"PropertyValueSpecification","valueRequired":true,"valueName":"search_term_string"}}],"inLanguage":"de"},{"@type":"Organization","@id":"https:\/\/futurehouse-construction.com\/en\/#organization","name":"Future House Construction","url":"https:\/\/futurehouse-construction.com\/en\/","logo":{"@type":"ImageObject","inLanguage":"de","@id":"https:\/\/futurehouse-construction.com\/en\/#\/schema\/logo\/image\/","url":"https:\/\/futurehouse-construction.com\/wp-content\/uploads\/2024\/08\/Logo-PNG.png","contentUrl":"https:\/\/futurehouse-construction.com\/wp-content\/uploads\/2024\/08\/Logo-PNG.png","width":577,"height":433,"caption":"Future House Construction"},"image":{"@id":"https:\/\/futurehouse-construction.com\/en\/#\/schema\/logo\/image\/"}}]}},"_links":{"self":[{"href":"https:\/\/futurehouse-construction.com\/de\/wp-json\/wp\/v2\/pages\/19436","targetHints":{"allow":["GET"]}}],"collection":[{"href":"https:\/\/futurehouse-construction.com\/de\/wp-json\/wp\/v2\/pages"}],"about":[{"href":"https:\/\/futurehouse-construction.com\/de\/wp-json\/wp\/v2\/types\/page"}],"author":[{"embeddable":true,"href":"https:\/\/futurehouse-construction.com\/de\/wp-json\/wp\/v2\/users\/2"}],"replies":[{"embeddable":true,"href":"https:\/\/futurehouse-construction.com\/de\/wp-json\/wp\/v2\/comments?post=19436"}],"version-history":[{"count":5,"href":"https:\/\/futurehouse-construction.com\/de\/wp-json\/wp\/v2\/pages\/19436\/revisions"}],"predecessor-version":[{"id":19444,"href":"https:\/\/futurehouse-construction.com\/de\/wp-json\/wp\/v2\/pages\/19436\/revisions\/19444"}],"wp:attachment":[{"href":"https:\/\/futurehouse-construction.com\/de\/wp-json\/wp\/v2\/media?parent=19436"}],"curies":[{"name":"wp","href":"https:\/\/api.w.org\/{rel}","templated":true}]}}