{"id":19046,"date":"2024-07-21T10:27:57","date_gmt":"2024-07-21T07:27:57","guid":{"rendered":"https:\/\/futurehouse-construction.com\/%d9%84%d8%a7%d9%86%d8%af%d8%b3%d9%83%d9%8a%d8%a8-%d8%b3%d9%88%d9%81%d8%aa\/"},"modified":"2024-12-31T15:07:12","modified_gmt":"2024-12-31T13:07:12","slug":"%d9%84%d8%a7%d9%86%d8%af%d8%b3%d9%83%d9%8a%d8%a8-%d8%b3%d9%88%d9%81%d8%aa","status":"publish","type":"page","link":"https:\/\/futurehouse-construction.com\/de\/%d9%84%d8%a7%d9%86%d8%af%d8%b3%d9%83%d9%8a%d8%a8-%d8%b3%d9%88%d9%81%d8%aa\/","title":{"rendered":"Landschaft weich"},"content":{"rendered":"\t\t<div data-elementor-type=\"wp-page\" data-elementor-id=\"19046\" class=\"elementor elementor-19046 elementor-431\" data-elementor-post-type=\"page\">\n\t\t\t\t\t\t<section class=\"elementor-section elementor-top-section elementor-element elementor-element-f844188 elementor-section-full_width elementor-section-stretched elementor-section-height-default elementor-section-height-default\" data-id=\"f844188\" data-element_type=\"section\" data-e-type=\"section\" data-settings=\"{&quot;stretch_section&quot;:&quot;section-stretched&quot;,&quot;background_background&quot;:&quot;classic&quot;}\">\n\t\t\t\t\t\t\t<div class=\"elementor-background-overlay\"><\/div>\n\t\t\t\t\t\t\t<div class=\"elementor-container elementor-column-gap-default\">\n\t\t\t\t\t<div class=\"aux-parallax-section elementor-column elementor-col-100 elementor-top-column elementor-element elementor-element-882d066\" data-id=\"882d066\" data-element_type=\"column\" data-e-type=\"column\">\n\t\t\t<div class=\"elementor-widget-wrap elementor-element-populated\">\n\t\t\t\t\t\t<div class=\"elementor-element elementor-element-70b4568 elementor-position-top elementor-widget elementor-widget-image-box\" data-id=\"70b4568\" data-element_type=\"widget\" data-e-type=\"widget\" data-settings=\"{&quot;ekit_we_effect_on&quot;:&quot;none&quot;}\" data-widget_type=\"image-box.default\">\n\t\t\t\t\t<div class=\"elementor-image-box-wrapper\"><figure class=\"elementor-image-box-img\"><img decoding=\"async\" width=\"70\" height=\"70\" src=\"https:\/\/futurehouse-construction.com\/wp-content\/uploads\/2024\/09\/icon-01-4-1.png\" class=\"attachment-full size-full wp-image-1721\" alt=\"\" \/><\/figure><div class=\"elementor-image-box-content\"><h3 class=\"elementor-image-box-title\">Softscape<\/h3><\/div><\/div>\t\t\t\t<\/div>\n\t\t\t\t\t<\/div>\n\t\t<\/div>\n\t\t\t\t\t<\/div>\n\t\t<\/section>\n\t\t\t\t<section class=\"elementor-section elementor-top-section elementor-element elementor-element-35284af elementor-section-boxed elementor-section-height-default elementor-section-height-default\" data-id=\"35284af\" data-element_type=\"section\" data-e-type=\"section\">\n\t\t\t\t\t\t<div class=\"elementor-container elementor-column-gap-default\">\n\t\t\t\t\t<div class=\"aux-parallax-section elementor-column elementor-col-100 elementor-top-column elementor-element elementor-element-85e0c59\" data-id=\"85e0c59\" data-element_type=\"column\" data-e-type=\"column\">\n\t\t\t<div class=\"elementor-widget-wrap elementor-element-populated\">\n\t\t\t\t\t\t<div class=\"elementor-element elementor-element-a43f216 elementor-widget elementor-widget-spacer\" data-id=\"a43f216\" data-element_type=\"widget\" data-e-type=\"widget\" data-settings=\"{&quot;ekit_we_effect_on&quot;:&quot;none&quot;}\" data-widget_type=\"spacer.default\">\n\t\t\t\t\t\t\t<div class=\"elementor-spacer\">\n\t\t\t<div class=\"elementor-spacer-inner\"><\/div>\n\t\t<\/div>\n\t\t\t\t\t\t<\/div>\n\t\t\t\t\t<\/div>\n\t\t<\/div>\n\t\t\t\t\t<\/div>\n\t\t<\/section>\n\t\t\t\t<section class=\"elementor-section elementor-top-section elementor-element elementor-element-d484d79 elementor-section-full_width elementor-section-stretched elementor-section-height-default elementor-section-height-default\" data-id=\"d484d79\" data-element_type=\"section\" data-e-type=\"section\" data-settings=\"{&quot;stretch_section&quot;:&quot;section-stretched&quot;}\">\n\t\t\t\t\t\t<div class=\"elementor-container elementor-column-gap-default\">\n\t\t\t\t\t<div class=\"aux-parallax-section elementor-column elementor-col-50 elementor-top-column elementor-element elementor-element-77bb2b5\" data-id=\"77bb2b5\" data-element_type=\"column\" data-e-type=\"column\">\n\t\t\t<div class=\"elementor-widget-wrap elementor-element-populated\">\n\t\t\t\t\t\t<div class=\"elementor-element elementor-element-a68cc28 elementor-widget elementor-widget-image\" data-id=\"a68cc28\" data-element_type=\"widget\" data-e-type=\"widget\" data-settings=\"{&quot;ekit_we_effect_on&quot;:&quot;none&quot;}\" data-widget_type=\"image.default\">\n\t\t\t\t\t\t\t\t\t\t\t\t\t\t\t<img fetchpriority=\"high\" decoding=\"async\" width=\"1656\" height=\"1242\" src=\"https:\/\/futurehouse-construction.com\/wp-content\/uploads\/2024\/09\/1605092877-000_2691.jpg\" class=\"attachment-full size-full wp-image-1723\" alt=\"\" srcset=\"https:\/\/futurehouse-construction.com\/wp-content\/uploads\/2024\/09\/1605092877-000_2691.jpg 1656w, https:\/\/futurehouse-construction.com\/wp-content\/uploads\/2024\/09\/1605092877-000_2691-1536x1152.jpg 1536w, https:\/\/futurehouse-construction.com\/wp-content\/uploads\/2024\/09\/1605092877-000_2691-200x150.jpg 200w\" sizes=\"(max-width: 1656px) 100vw, 1656px\" \/>\t\t\t\t\t\t\t\t\t\t\t\t\t\t\t<\/div>\n\t\t\t\t<div class=\"elementor-element elementor-element-ad39c7f elementor-widget elementor-widget-text-editor\" data-id=\"ad39c7f\" data-element_type=\"widget\" data-e-type=\"widget\" data-settings=\"{&quot;ekit_we_effect_on&quot;:&quot;none&quot;}\" data-widget_type=\"text-editor.default\">\n\t\t\t\t\t\t\t\t\t<p><strong>G\u00e4rten und Gr\u00fcnfl\u00e4chen sind ein wesentlicher Bestandteil unserer Umgebung und spielen eine wichtige Rolle bei der F\u00f6rderung von Sch\u00f6nheit, Komfort und Lebensqualit\u00e4t.<\/strong><\/p><p>Die Gestaltung und Pflege solcher Fl\u00e4chen kann jedoch eine Herausforderung sein, insbesondere bei gro\u00dfen Projekten wie Hotels, \u00f6ffentlichen Anlagen und Resorts. Hier kommen die Softscape-Dienstleistungen von Future House ins Spiel, um diese Anforderungen zu erf\u00fcllen.<\/p><p><strong>Die Einrichtung von Softscape geh\u00f6rt zu den herausragenden Dienstleistungen von Future House. Im Folgenden finden Sie die Details zu diesem Service.<\/strong><\/p>\t\t\t\t\t\t\t\t<\/div>\n\t\t\t\t<div class=\"elementor-element elementor-element-226008f elementor-widget elementor-widget-heading\" data-id=\"226008f\" data-element_type=\"widget\" data-e-type=\"widget\" data-settings=\"{&quot;ekit_we_effect_on&quot;:&quot;none&quot;}\" data-widget_type=\"heading.default\">\n\t\t\t\t\t<h2 class=\"elementor-heading-title elementor-size-default\">\u00dcber Softscape<\/h2>\t\t\t\t<\/div>\n\t\t\t\t<div class=\"elementor-element elementor-element-1c4bdd6 elementor-widget elementor-widget-text-editor\" data-id=\"1c4bdd6\" data-element_type=\"widget\" data-e-type=\"widget\" data-settings=\"{&quot;ekit_we_effect_on&quot;:&quot;none&quot;}\" data-widget_type=\"text-editor.default\">\n\t\t\t\t\t\t\t\t\t<p><strong>Softscape ist der nat\u00fcrliche Aspekt der Landschaftsarchitektur im Allgemeinen und umfasst alle Arbeiten im Bereich Pflanzendesign: Bl\u00fctenpflanzen, Obstpflanzen, Kletterpflanzen, Gr\u00fcnfl\u00e4chen, nat\u00fcrlichen Rasen sowie Kunstrasen.<\/strong><\/p><p>Es umfasst auch nat\u00fcrliche Elemente in der Gestaltung von Landschaften, wie B\u00e4ume, Str\u00e4ucher, Blumen und Wiesen. Softscape ist ein wesentlicher Bestandteil jedes Gartenprojekts, da es Sch\u00f6nheit, Vielfalt und Nutzen in den Raum bringt.<\/p>\t\t\t\t\t\t\t\t<\/div>\n\t\t\t\t<div class=\"elementor-element elementor-element-21169d2 elementor-widget elementor-widget-heading\" data-id=\"21169d2\" data-element_type=\"widget\" data-e-type=\"widget\" data-settings=\"{&quot;ekit_we_effect_on&quot;:&quot;none&quot;}\" data-widget_type=\"heading.default\">\n\t\t\t\t\t<h2 class=\"elementor-heading-title elementor-size-default\">Funktionen von Softscape von Future House<\/h2>\t\t\t\t<\/div>\n\t\t\t\t<div class=\"elementor-element elementor-element-6fac79e elementor-widget elementor-widget-text-editor\" data-id=\"6fac79e\" data-element_type=\"widget\" data-e-type=\"widget\" data-settings=\"{&quot;ekit_we_effect_on&quot;:&quot;none&quot;}\" data-widget_type=\"text-editor.default\">\n\t\t\t\t\t\t\t\t\t<p><strong>Future House Agricultural Contracting Company bietet eine breite Palette von Softscape-Dienstleistungen, darunter:<\/strong><\/p><ul><li><strong>Softscape-Design:<\/strong> Die Ingenieure des Unternehmens entwerfen Softscape, das den Anforderungen jedes Projekts entspricht, unter Ber\u00fccksichtigung verschiedener Faktoren wie Standort, Budget und gew\u00fcnschte Ziele.<\/li><li><strong>Softscape-Implementierung:<\/strong> Das Team des Unternehmens f\u00fchrt Softscape gem\u00e4\u00df dem vereinbarten Design durch, wobei Pr\u00e4zision und Qualit\u00e4t ber\u00fccksichtigt werden.<\/li><li><strong>Softscape-Wartung:<\/strong> Das Unternehmen bietet Softscape-Wartungsdienste an, um deren Sch\u00f6nheit und Gesundheit zu erhalten.<\/li><\/ul><p><strong>Die Softscape-Dienstleistungen von Future House zeichnen sich durch zahlreiche Vorteile aus, darunter:<\/strong><\/p><ul><li>Bei Future House achten wir darauf, die besten Pflanzensorten und Materialien f\u00fcr Softscape zu verwenden. Dazu geh\u00f6ren B\u00e4ume, Str\u00e4ucher, Blumen sowie landwirtschaftliche Materialien wie Erde und D\u00fcnger.<\/li><li>Wir bieten eine Vielzahl von Pflanzen und verschiedenen Elementen zur Auswahl an, um jedes Projekt optimal zu gestalten. Dazu geh\u00f6ren verschiedene Baumarten, Str\u00e4ucher und Blumen sowie weitere Elemente wie Gr\u00fcnfl\u00e4chen und Wasserelemente.<\/li><li>Wir haben umfangreiche Erfahrung im Bereich Softscape, was exzellente Ergebnisse garantiert. Diese Erfahrung umfasst das Design, die Implementierung und die Wartung von Softscape.<\/li><\/ul><p><strong>Abschlie\u00dfend, wenn Sie ein Hotel besitzen, ein gro\u00dfes \u00f6ffentliches Projekt planen oder ein Resort betreiben, ist der Softscape-Service von Future House die ideale Wahl f\u00fcr Sie. Gr\u00fcne Fl\u00e4chen spielen eine entscheidende Rolle bei der Attraktivit\u00e4t von Tourismusinvestitionen, schaffen einzigartige Erlebnisse und steigern Sch\u00f6nheit und Luxus. Kontaktieren Sie uns noch heute f\u00fcr eine Beratung und Terminvereinbarung zur Besichtigung Ihres Standorts. Wir bieten Ihnen innovative und ma\u00dfgeschneiderte L\u00f6sungen, die Ihre Erwartungen erf\u00fcllen und \u00fcbertreffen.<\/strong><\/p>\t\t\t\t\t\t\t\t<\/div>\n\t\t\t\t\t<\/div>\n\t\t<\/div>\n\t\t\t\t<div class=\"aux-parallax-section elementor-column elementor-col-50 elementor-top-column elementor-element elementor-element-93fd8c7\" data-id=\"93fd8c7\" data-element_type=\"column\" data-e-type=\"column\">\n\t\t\t<div class=\"elementor-widget-wrap elementor-element-populated\">\n\t\t\t\t\t\t<div class=\"elementor-element elementor-element-dbd5d8d elementor-widget elementor-widget-heading\" data-id=\"dbd5d8d\" data-element_type=\"widget\" data-e-type=\"widget\" data-settings=\"{&quot;ekit_we_effect_on&quot;:&quot;none&quot;}\" data-widget_type=\"heading.default\">\n\t\t\t\t\t<h2 class=\"elementor-heading-title elementor-size-default\">Kontaktieren Sie uns<\/h2>\t\t\t\t<\/div>\n\t\t\t\t<div class=\"elementor-element elementor-element-cbf13ed elementor-widget elementor-widget-google_maps\" data-id=\"cbf13ed\" data-element_type=\"widget\" data-e-type=\"widget\" data-settings=\"{&quot;ekit_we_effect_on&quot;:&quot;none&quot;}\" data-widget_type=\"google_maps.default\">\n\t\t\t\t\t\t\t<div class=\"elementor-custom-embed\">\n\t\t\t<iframe loading=\"lazy\"\n\t\t\t\t\tsrc=\"https:\/\/maps.google.com\/maps?q=cairo%2Cegypt&#038;t=m&#038;z=10&#038;output=embed&#038;iwloc=near\"\n\t\t\t\t\ttitle=\"cairo,egypt\"\n\t\t\t\t\taria-label=\"cairo,egypt\"\n\t\t\t><\/iframe>\n\t\t<\/div>\n\t\t\t\t\t\t<\/div>\n\t\t\t\t\t<\/div>\n\t\t<\/div>\n\t\t\t\t\t<\/div>\n\t\t<\/section>\n\t\t\t\t<\/div>\n\t\t","protected":false},"excerpt":{"rendered":"<p>Softscape G\u00e4rten und Gr\u00fcnfl\u00e4chen sind ein wesentlicher Bestandteil unserer Umgebung und spielen eine wichtige Rolle bei der F\u00f6rderung von Sch\u00f6nheit, Komfort und Lebensqualit\u00e4t. Die Gestaltung und Pflege solcher Fl\u00e4chen kann jedoch eine Herausforderung sein, insbesondere bei gro\u00dfen Projekten wie Hotels, \u00f6ffentlichen Anlagen und Resorts. Hier kommen die Softscape-Dienstleistungen von Future House ins Spiel, um diese [&hellip;]<\/p>\n","protected":false},"author":2,"featured_media":0,"parent":0,"menu_order":0,"comment_status":"closed","ping_status":"closed","template":"","meta":{"footnotes":""},"class_list":["post-19046","page","type-page","status-publish","hentry"],"yoast_head":"<!-- This site is optimized with the Yoast SEO plugin v27.0 - https:\/\/yoast.com\/product\/yoast-seo-wordpress\/ -->\n<title>Landschaft weich - Future House Construction<\/title>\n<meta name=\"robots\" content=\"index, follow, max-snippet:-1, max-image-preview:large, max-video-preview:-1\" \/>\n<link rel=\"canonical\" href=\"https:\/\/futurehouse-construction.com\/\u0644\u0627\u0646\u062f\u0633\u0643\u064a\u0628-\u0633\u0648\u0641\u062a\/\" \/>\n<meta property=\"og:locale\" content=\"de_DE\" \/>\n<meta property=\"og:type\" content=\"article\" \/>\n<meta property=\"og:title\" content=\"Landschaft weich - Future House Construction\" \/>\n<meta property=\"og:description\" content=\"Softscape G\u00e4rten und Gr\u00fcnfl\u00e4chen sind ein wesentlicher Bestandteil unserer Umgebung und spielen eine wichtige Rolle bei der F\u00f6rderung von Sch\u00f6nheit, Komfort und Lebensqualit\u00e4t. Die Gestaltung und Pflege solcher Fl\u00e4chen kann jedoch eine Herausforderung sein, insbesondere bei gro\u00dfen Projekten wie Hotels, \u00f6ffentlichen Anlagen und Resorts. Hier kommen die Softscape-Dienstleistungen von Future House ins Spiel, um diese [&hellip;]\" \/>\n<meta property=\"og:url\" content=\"https:\/\/futurehouse-construction.com\/\u0644\u0627\u0646\u062f\u0633\u0643\u064a\u0628-\u0633\u0648\u0641\u062a\/\" \/>\n<meta property=\"og:site_name\" content=\"Future House Construction\" \/>\n<meta property=\"article:modified_time\" content=\"2024-12-31T13:07:12+00:00\" \/>\n<meta property=\"og:image\" content=\"https:\/\/futurehouse-construction.com\/wp-content\/uploads\/2024\/09\/icon-01-4-1.png\" \/>\n\t<meta property=\"og:image:width\" content=\"70\" \/>\n\t<meta property=\"og:image:height\" content=\"70\" \/>\n\t<meta property=\"og:image:type\" content=\"image\/png\" \/>\n<meta name=\"twitter:card\" content=\"summary_large_image\" \/>\n<meta name=\"twitter:label1\" content=\"Gesch\u00e4tzte Lesezeit\" \/>\n\t<meta name=\"twitter:data1\" content=\"2\u00a0Minuten\" \/>\n<script type=\"application\/ld+json\" class=\"yoast-schema-graph\">{\"@context\":\"https:\/\/schema.org\",\"@graph\":[{\"@type\":\"WebPage\",\"@id\":\"https:\/\/futurehouse-construction.com\/%d9%84%d8%a7%d9%86%d8%af%d8%b3%d9%83%d9%8a%d8%a8-%d8%b3%d9%88%d9%81%d8%aa\/\",\"url\":\"https:\/\/futurehouse-construction.com\/%d9%84%d8%a7%d9%86%d8%af%d8%b3%d9%83%d9%8a%d8%a8-%d8%b3%d9%88%d9%81%d8%aa\/\",\"name\":\"Landschaft weich - Future House Construction\",\"isPartOf\":{\"@id\":\"https:\/\/futurehouse-construction.com\/en\/#website\"},\"primaryImageOfPage\":{\"@id\":\"https:\/\/futurehouse-construction.com\/%d9%84%d8%a7%d9%86%d8%af%d8%b3%d9%83%d9%8a%d8%a8-%d8%b3%d9%88%d9%81%d8%aa\/#primaryimage\"},\"image\":{\"@id\":\"https:\/\/futurehouse-construction.com\/%d9%84%d8%a7%d9%86%d8%af%d8%b3%d9%83%d9%8a%d8%a8-%d8%b3%d9%88%d9%81%d8%aa\/#primaryimage\"},\"thumbnailUrl\":\"https:\/\/futurehouse-construction.com\/wp-content\/uploads\/2024\/09\/icon-01-4-1.png\",\"datePublished\":\"2024-07-21T07:27:57+00:00\",\"dateModified\":\"2024-12-31T13:07:12+00:00\",\"breadcrumb\":{\"@id\":\"https:\/\/futurehouse-construction.com\/%d9%84%d8%a7%d9%86%d8%af%d8%b3%d9%83%d9%8a%d8%a8-%d8%b3%d9%88%d9%81%d8%aa\/#breadcrumb\"},\"inLanguage\":\"de\",\"potentialAction\":[{\"@type\":\"ReadAction\",\"target\":[\"https:\/\/futurehouse-construction.com\/%d9%84%d8%a7%d9%86%d8%af%d8%b3%d9%83%d9%8a%d8%a8-%d8%b3%d9%88%d9%81%d8%aa\/\"]}]},{\"@type\":\"ImageObject\",\"inLanguage\":\"de\",\"@id\":\"https:\/\/futurehouse-construction.com\/%d9%84%d8%a7%d9%86%d8%af%d8%b3%d9%83%d9%8a%d8%a8-%d8%b3%d9%88%d9%81%d8%aa\/#primaryimage\",\"url\":\"https:\/\/futurehouse-construction.com\/wp-content\/uploads\/2024\/09\/icon-01-4-1.png\",\"contentUrl\":\"https:\/\/futurehouse-construction.com\/wp-content\/uploads\/2024\/09\/icon-01-4-1.png\"},{\"@type\":\"BreadcrumbList\",\"@id\":\"https:\/\/futurehouse-construction.com\/%d9%84%d8%a7%d9%86%d8%af%d8%b3%d9%83%d9%8a%d8%a8-%d8%b3%d9%88%d9%81%d8%aa\/#breadcrumb\",\"itemListElement\":[{\"@type\":\"ListItem\",\"position\":1,\"name\":\"Home\",\"item\":\"https:\/\/futurehouse-construction.com\/de\/\"},{\"@type\":\"ListItem\",\"position\":2,\"name\":\"Landschaft weich\"}]},{\"@type\":\"WebSite\",\"@id\":\"https:\/\/futurehouse-construction.com\/en\/#website\",\"url\":\"https:\/\/futurehouse-construction.com\/en\/\",\"name\":\"Future House Construction\",\"description\":\"\",\"publisher\":{\"@id\":\"https:\/\/futurehouse-construction.com\/en\/#organization\"},\"potentialAction\":[{\"@type\":\"SearchAction\",\"target\":{\"@type\":\"EntryPoint\",\"urlTemplate\":\"https:\/\/futurehouse-construction.com\/en\/?s={search_term_string}\"},\"query-input\":{\"@type\":\"PropertyValueSpecification\",\"valueRequired\":true,\"valueName\":\"search_term_string\"}}],\"inLanguage\":\"de\"},{\"@type\":\"Organization\",\"@id\":\"https:\/\/futurehouse-construction.com\/en\/#organization\",\"name\":\"Future House Construction\",\"url\":\"https:\/\/futurehouse-construction.com\/en\/\",\"logo\":{\"@type\":\"ImageObject\",\"inLanguage\":\"de\",\"@id\":\"https:\/\/futurehouse-construction.com\/en\/#\/schema\/logo\/image\/\",\"url\":\"https:\/\/futurehouse-construction.com\/wp-content\/uploads\/2024\/08\/Logo-PNG.png\",\"contentUrl\":\"https:\/\/futurehouse-construction.com\/wp-content\/uploads\/2024\/08\/Logo-PNG.png\",\"width\":577,\"height\":433,\"caption\":\"Future House Construction\"},\"image\":{\"@id\":\"https:\/\/futurehouse-construction.com\/en\/#\/schema\/logo\/image\/\"}}]}<\/script>\n<!-- \/ Yoast SEO plugin. -->","yoast_head_json":{"title":"Landschaft weich - Future House Construction","robots":{"index":"index","follow":"follow","max-snippet":"max-snippet:-1","max-image-preview":"max-image-preview:large","max-video-preview":"max-video-preview:-1"},"canonical":"https:\/\/futurehouse-construction.com\/\u0644\u0627\u0646\u062f\u0633\u0643\u064a\u0628-\u0633\u0648\u0641\u062a\/","og_locale":"de_DE","og_type":"article","og_title":"Landschaft weich - Future House Construction","og_description":"Softscape G\u00e4rten und Gr\u00fcnfl\u00e4chen sind ein wesentlicher Bestandteil unserer Umgebung und spielen eine wichtige Rolle bei der F\u00f6rderung von Sch\u00f6nheit, Komfort und Lebensqualit\u00e4t. Die Gestaltung und Pflege solcher Fl\u00e4chen kann jedoch eine Herausforderung sein, insbesondere bei gro\u00dfen Projekten wie Hotels, \u00f6ffentlichen Anlagen und Resorts. Hier kommen die Softscape-Dienstleistungen von Future House ins Spiel, um diese [&hellip;]","og_url":"https:\/\/futurehouse-construction.com\/\u0644\u0627\u0646\u062f\u0633\u0643\u064a\u0628-\u0633\u0648\u0641\u062a\/","og_site_name":"Future House Construction","article_modified_time":"2024-12-31T13:07:12+00:00","og_image":[{"width":70,"height":70,"url":"https:\/\/futurehouse-construction.com\/wp-content\/uploads\/2024\/09\/icon-01-4-1.png","type":"image\/png"}],"twitter_card":"summary_large_image","twitter_misc":{"Gesch\u00e4tzte Lesezeit":"2\u00a0Minuten"},"schema":{"@context":"https:\/\/schema.org","@graph":[{"@type":"WebPage","@id":"https:\/\/futurehouse-construction.com\/%d9%84%d8%a7%d9%86%d8%af%d8%b3%d9%83%d9%8a%d8%a8-%d8%b3%d9%88%d9%81%d8%aa\/","url":"https:\/\/futurehouse-construction.com\/%d9%84%d8%a7%d9%86%d8%af%d8%b3%d9%83%d9%8a%d8%a8-%d8%b3%d9%88%d9%81%d8%aa\/","name":"Landschaft weich - Future House Construction","isPartOf":{"@id":"https:\/\/futurehouse-construction.com\/en\/#website"},"primaryImageOfPage":{"@id":"https:\/\/futurehouse-construction.com\/%d9%84%d8%a7%d9%86%d8%af%d8%b3%d9%83%d9%8a%d8%a8-%d8%b3%d9%88%d9%81%d8%aa\/#primaryimage"},"image":{"@id":"https:\/\/futurehouse-construction.com\/%d9%84%d8%a7%d9%86%d8%af%d8%b3%d9%83%d9%8a%d8%a8-%d8%b3%d9%88%d9%81%d8%aa\/#primaryimage"},"thumbnailUrl":"https:\/\/futurehouse-construction.com\/wp-content\/uploads\/2024\/09\/icon-01-4-1.png","datePublished":"2024-07-21T07:27:57+00:00","dateModified":"2024-12-31T13:07:12+00:00","breadcrumb":{"@id":"https:\/\/futurehouse-construction.com\/%d9%84%d8%a7%d9%86%d8%af%d8%b3%d9%83%d9%8a%d8%a8-%d8%b3%d9%88%d9%81%d8%aa\/#breadcrumb"},"inLanguage":"de","potentialAction":[{"@type":"ReadAction","target":["https:\/\/futurehouse-construction.com\/%d9%84%d8%a7%d9%86%d8%af%d8%b3%d9%83%d9%8a%d8%a8-%d8%b3%d9%88%d9%81%d8%aa\/"]}]},{"@type":"ImageObject","inLanguage":"de","@id":"https:\/\/futurehouse-construction.com\/%d9%84%d8%a7%d9%86%d8%af%d8%b3%d9%83%d9%8a%d8%a8-%d8%b3%d9%88%d9%81%d8%aa\/#primaryimage","url":"https:\/\/futurehouse-construction.com\/wp-content\/uploads\/2024\/09\/icon-01-4-1.png","contentUrl":"https:\/\/futurehouse-construction.com\/wp-content\/uploads\/2024\/09\/icon-01-4-1.png"},{"@type":"BreadcrumbList","@id":"https:\/\/futurehouse-construction.com\/%d9%84%d8%a7%d9%86%d8%af%d8%b3%d9%83%d9%8a%d8%a8-%d8%b3%d9%88%d9%81%d8%aa\/#breadcrumb","itemListElement":[{"@type":"ListItem","position":1,"name":"Home","item":"https:\/\/futurehouse-construction.com\/de\/"},{"@type":"ListItem","position":2,"name":"Landschaft weich"}]},{"@type":"WebSite","@id":"https:\/\/futurehouse-construction.com\/en\/#website","url":"https:\/\/futurehouse-construction.com\/en\/","name":"Future House Construction","description":"","publisher":{"@id":"https:\/\/futurehouse-construction.com\/en\/#organization"},"potentialAction":[{"@type":"SearchAction","target":{"@type":"EntryPoint","urlTemplate":"https:\/\/futurehouse-construction.com\/en\/?s={search_term_string}"},"query-input":{"@type":"PropertyValueSpecification","valueRequired":true,"valueName":"search_term_string"}}],"inLanguage":"de"},{"@type":"Organization","@id":"https:\/\/futurehouse-construction.com\/en\/#organization","name":"Future House Construction","url":"https:\/\/futurehouse-construction.com\/en\/","logo":{"@type":"ImageObject","inLanguage":"de","@id":"https:\/\/futurehouse-construction.com\/en\/#\/schema\/logo\/image\/","url":"https:\/\/futurehouse-construction.com\/wp-content\/uploads\/2024\/08\/Logo-PNG.png","contentUrl":"https:\/\/futurehouse-construction.com\/wp-content\/uploads\/2024\/08\/Logo-PNG.png","width":577,"height":433,"caption":"Future House Construction"},"image":{"@id":"https:\/\/futurehouse-construction.com\/en\/#\/schema\/logo\/image\/"}}]}},"_links":{"self":[{"href":"https:\/\/futurehouse-construction.com\/de\/wp-json\/wp\/v2\/pages\/19046","targetHints":{"allow":["GET"]}}],"collection":[{"href":"https:\/\/futurehouse-construction.com\/de\/wp-json\/wp\/v2\/pages"}],"about":[{"href":"https:\/\/futurehouse-construction.com\/de\/wp-json\/wp\/v2\/types\/page"}],"author":[{"embeddable":true,"href":"https:\/\/futurehouse-construction.com\/de\/wp-json\/wp\/v2\/users\/2"}],"replies":[{"embeddable":true,"href":"https:\/\/futurehouse-construction.com\/de\/wp-json\/wp\/v2\/comments?post=19046"}],"version-history":[{"count":4,"href":"https:\/\/futurehouse-construction.com\/de\/wp-json\/wp\/v2\/pages\/19046\/revisions"}],"predecessor-version":[{"id":19051,"href":"https:\/\/futurehouse-construction.com\/de\/wp-json\/wp\/v2\/pages\/19046\/revisions\/19051"}],"wp:attachment":[{"href":"https:\/\/futurehouse-construction.com\/de\/wp-json\/wp\/v2\/media?parent=19046"}],"curies":[{"name":"wp","href":"https:\/\/api.w.org\/{rel}","templated":true}]}}