{"id":18895,"date":"2024-09-08T12:46:36","date_gmt":"2024-09-08T09:46:36","guid":{"rendered":"https:\/\/futurehouse-construction.com\/%d8%b2%d8%b9%d9%81%d8%b1%d8%a7%d9%86%d8%a9-%d8%b9%d9%83%d8%b3\/"},"modified":"2025-06-10T01:41:46","modified_gmt":"2025-06-09T22:41:46","slug":"%d8%b2%d8%b9%d9%81%d8%b1%d8%a7%d9%86%d8%a9-%d8%b9%d9%83%d8%b3","status":"publish","type":"page","link":"https:\/\/futurehouse-construction.com\/de\/%d8%b2%d8%b9%d9%81%d8%b1%d8%a7%d9%86%d8%a9-%d8%b9%d9%83%d8%b3\/","title":{"rendered":"Safran ist das Gegenteil"},"content":{"rendered":"\t\t<div data-elementor-type=\"wp-page\" data-elementor-id=\"18895\" class=\"elementor elementor-18895 elementor-1265\" data-elementor-post-type=\"page\">\n\t\t\t\t\t\t<section class=\"elementor-section elementor-top-section elementor-element elementor-element-c816d32 elementor-section-boxed elementor-section-height-default elementor-section-height-default\" data-id=\"c816d32\" data-element_type=\"section\" data-e-type=\"section\">\n\t\t\t\t\t\t<div class=\"elementor-container elementor-column-gap-default\">\n\t\t\t\t\t<div class=\"aux-parallax-section elementor-column elementor-col-100 elementor-top-column elementor-element elementor-element-a2c3071\" data-id=\"a2c3071\" data-element_type=\"column\" data-e-type=\"column\">\n\t\t\t<div class=\"elementor-widget-wrap elementor-element-populated\">\n\t\t\t\t\t\t<div class=\"elementor-element elementor-element-7b9b673 elementor-widget-divider--view-line_text elementor-widget-divider--element-align-center elementor-widget elementor-widget-divider\" data-id=\"7b9b673\" data-element_type=\"widget\" data-e-type=\"widget\" data-settings=\"{&quot;ekit_we_effect_on&quot;:&quot;none&quot;}\" data-widget_type=\"divider.default\">\n\t\t\t\t\t\t\t<div class=\"elementor-divider\">\n\t\t\t<span class=\"elementor-divider-separator\">\n\t\t\t\t\t\t\t<span class=\"elementor-divider__text elementor-divider__element\">\n\t\t\t\t\u00c4gyptischer Marmor | Safran ist das Gegenteil\t\t\t\t<\/span>\n\t\t\t\t\t\t<\/span>\n\t\t<\/div>\n\t\t\t\t\t\t<\/div>\n\t\t\t\t\t<\/div>\n\t\t<\/div>\n\t\t\t\t\t<\/div>\n\t\t<\/section>\n\t\t\t\t<section class=\"elementor-section elementor-top-section elementor-element elementor-element-73514e4 elementor-section-boxed elementor-section-height-default elementor-section-height-default\" data-id=\"73514e4\" data-element_type=\"section\" data-e-type=\"section\">\n\t\t\t\t\t\t<div class=\"elementor-container elementor-column-gap-default\">\n\t\t\t\t\t<div class=\"aux-parallax-section elementor-column elementor-col-16 elementor-top-column elementor-element elementor-element-95f1cc4\" data-id=\"95f1cc4\" data-element_type=\"column\" data-e-type=\"column\">\n\t\t\t<div class=\"elementor-widget-wrap\">\n\t\t\t\t\t\t\t<\/div>\n\t\t<\/div>\n\t\t\t\t<div class=\"aux-parallax-section elementor-column elementor-col-66 elementor-top-column elementor-element elementor-element-7663f52\" data-id=\"7663f52\" data-element_type=\"column\" data-e-type=\"column\">\n\t\t\t<div class=\"elementor-widget-wrap elementor-element-populated\">\n\t\t\t\t\t\t<div class=\"elementor-element elementor-element-2b992b9 elementor-widget elementor-widget-ucaddon_uc_carousel_image\" data-id=\"2b992b9\" data-element_type=\"widget\" data-e-type=\"widget\" data-settings=\"{&quot;ekit_we_effect_on&quot;:&quot;none&quot;}\" data-widget_type=\"ucaddon_uc_carousel_image.default\">\n\t\t\t\t<div class=\"elementor-widget-container\">\n\t\t\t\t\t\n<!-- start Carousel Gallery -->\n\t\t<link id='unitegallery-css' href='https:\/\/futurehouse-construction.com\/wp-content\/plugins\/unlimited-elements-for-elementor\/assets_libraries\/unitegallery\/css\/unite-gallery.css' type='text\/css' rel='stylesheet' >\n\n\n<div id=\"uc_uc_carousel_image_elementor_2b992b9\" style=\"display:none;\" class=\"uc-items-wrapper\" data-custom-sethtml=\"true\" >\n\n\n<img decoding=\"async\" alt=\"498793_e099d634371d422e88ddd8679385489c~mv2\"\n   src=\"https:\/\/futurehouse-construction.com\/wp-content\/uploads\/2024\/06\/498793_e099d634371d422e88ddd8679385489cmv2.webp\"\n    data-image=\"https:\/\/futurehouse-construction.com\/wp-content\/uploads\/2024\/06\/498793_e099d634371d422e88ddd8679385489cmv2.webp\"\n    data-title=\"498793_e099d634371d422e88ddd8679385489c~mv2\">\n\n  \n<\/div>\n<!-- end Carousel Gallery -->\t\t\t\t<\/div>\n\t\t\t\t<\/div>\n\t\t\t\t\t<\/div>\n\t\t<\/div>\n\t\t\t\t<div class=\"aux-parallax-section elementor-column elementor-col-16 elementor-top-column elementor-element elementor-element-ba4b63c\" data-id=\"ba4b63c\" data-element_type=\"column\" data-e-type=\"column\">\n\t\t\t<div class=\"elementor-widget-wrap\">\n\t\t\t\t\t\t\t<\/div>\n\t\t<\/div>\n\t\t\t\t\t<\/div>\n\t\t<\/section>\n\t\t\t\t<section class=\"elementor-section elementor-top-section elementor-element elementor-element-14140f7 elementor-section-boxed elementor-section-height-default elementor-section-height-default\" data-id=\"14140f7\" data-element_type=\"section\" data-e-type=\"section\">\n\t\t\t\t\t\t<div class=\"elementor-container elementor-column-gap-default\">\n\t\t\t\t\t<div class=\"aux-parallax-section elementor-column elementor-col-100 elementor-top-column elementor-element elementor-element-e480f24\" data-id=\"e480f24\" data-element_type=\"column\" data-e-type=\"column\">\n\t\t\t<div class=\"elementor-widget-wrap elementor-element-populated\">\n\t\t\t\t\t\t<div class=\"elementor-element elementor-element-6890a9a elementor-widget-divider--view-line_text elementor-widget-divider--element-align-center elementor-widget elementor-widget-divider\" data-id=\"6890a9a\" data-element_type=\"widget\" data-e-type=\"widget\" data-settings=\"{&quot;ekit_we_effect_on&quot;:&quot;none&quot;}\" data-widget_type=\"divider.default\">\n\t\t\t\t\t\t\t<div class=\"elementor-divider\">\n\t\t\t<span class=\"elementor-divider-separator\">\n\t\t\t\t\t\t\t<span class=\"elementor-divider__text elementor-divider__element\">\n\t\t\t\tSpezifikationen\t\t\t\t<\/span>\n\t\t\t\t\t\t<\/span>\n\t\t<\/div>\n\t\t\t\t\t\t<\/div>\n\t\t\t\t\t<\/div>\n\t\t<\/div>\n\t\t\t\t\t<\/div>\n\t\t<\/section>\n\t\t\t\t<section class=\"elementor-section elementor-top-section elementor-element elementor-element-5f0a69e elementor-section-boxed elementor-section-height-default elementor-section-height-default\" data-id=\"5f0a69e\" data-element_type=\"section\" data-e-type=\"section\">\n\t\t\t\t\t\t<div class=\"elementor-container elementor-column-gap-default\">\n\t\t\t\t\t<div class=\"aux-parallax-section elementor-column elementor-col-100 elementor-top-column elementor-element elementor-element-5410705\" data-id=\"5410705\" data-element_type=\"column\" data-e-type=\"column\">\n\t\t\t<div class=\"elementor-widget-wrap elementor-element-populated\">\n\t\t\t\t\t\t<div class=\"elementor-element elementor-element-732de44 elementor-widget elementor-widget-text-editor\" data-id=\"732de44\" data-element_type=\"widget\" data-e-type=\"widget\" data-settings=\"{&quot;ekit_we_effect_on&quot;:&quot;none&quot;}\" data-widget_type=\"text-editor.default\">\n\t\t\t\t\t\t\t\t\t<div class=\"\" data-mesh-id=\"comp-ls39lnpd1inlineContent\" data-testid=\"inline-content\"><div data-mesh-id=\"comp-ls39lnpd1inlineContent-gridContainer\" data-testid=\"mesh-container-content\"><p class=\"font_2 wixui-rich-text__text\"><span class=\"wixui-rich-text__text\"><span style=\"color: #cb6d03;\"><strong><span style=\"font-size: 14pt;\">\u00c4gyptischer Marmor:<\/span><\/strong><\/span><\/span><\/p><p class=\"font_2 wixui-rich-text__text\">Safran ist das Gegenteil<\/p><p><strong>\u00dcbersetzung ins Deutsche:<\/strong><\/p><p>Es handelt sich um eine der bekanntesten Arten von \u00e4gyptischem Marmor, die wir in Platten, Bl\u00f6cken, Fliesen und ma\u00dfgeschneiderten Gr\u00f6\u00dfen in jeder Menge und bester Qualit\u00e4t liefern.<\/p><p>Sie k\u00f6nnen ihn als Marmorboden, Marmorwandfliesen, Marmortreppen, Fensterb\u00e4nke aus Marmor, Marmorkamine, Arbeitsplatten aus Marmor sowie als Treppen f\u00fcr Innen- und Au\u00dfendesigns verwenden. Wir bieten auch die besten Marmordesigns an.<\/p><p class=\"font_6 wixui-rich-text__text\"><span style=\"font-size: 14pt; color: #cb6d03;\"><strong><span class=\"wixui-rich-text__text\">Spezifikationen<\/span><\/strong><\/span><\/p><p><strong>Materialname:<\/strong> Zafaranah Reverse<\/p><p><strong>Farbe:<\/strong> Beige<\/p><p><strong>Herkunftsland:<\/strong> \u00c4gyptischer Marmorbruch<\/p><p><strong>Verf\u00fcgbarkeit:<\/strong> Bl\u00f6cke, Platten, Fliesen<\/p><p><strong>Abmessungen der Platten:<\/strong> 265-300 cm \u00d7 160-195 cm<\/p><p><strong>Dicke der Platten (verf\u00fcgbar):<\/strong> 15, 20, 30, 40, 50 mm (bis zu 200 mm auf Anfrage)<\/p><p><strong>Abmessungen der Fliesen:<\/strong> Alle Gr\u00f6\u00dfen verf\u00fcgbar<\/p><p><strong>Fliesendicke f\u00fcr B\u00f6den oder W\u00e4nde:<\/strong> 15, 20, 30, 40, 50 mm (bis zu 200 mm auf Anfrage)<\/p><p><strong>Oberfl\u00e4chenbearbeitungen:<\/strong> Poliert, roh, geschliffen, geb\u00fcrstet, getrommelt, spaltrau, sandgestrahlt, ge\u00e4tzt, gestockt<\/p><\/div><\/div>\t\t\t\t\t\t\t\t<\/div>\n\t\t\t\t\t<\/div>\n\t\t<\/div>\n\t\t\t\t\t<\/div>\n\t\t<\/section>\n\t\t\t\t<\/div>\n\t\t","protected":false},"excerpt":{"rendered":"<p>\u00c4gyptischer Marmor | Safran ist das Gegenteil Spezifikationen \u00c4gyptischer Marmor: Safran ist das Gegenteil \u00dcbersetzung ins Deutsche: Es handelt sich um eine der bekanntesten Arten von \u00e4gyptischem Marmor, die wir in Platten, Bl\u00f6cken, Fliesen und ma\u00dfgeschneiderten Gr\u00f6\u00dfen in jeder Menge und bester Qualit\u00e4t liefern. Sie k\u00f6nnen ihn als Marmorboden, Marmorwandfliesen, Marmortreppen, Fensterb\u00e4nke aus Marmor, Marmorkamine, [&hellip;]<\/p>\n","protected":false},"author":2,"featured_media":0,"parent":0,"menu_order":0,"comment_status":"closed","ping_status":"closed","template":"","meta":{"footnotes":""},"class_list":["post-18895","page","type-page","status-publish","hentry"],"yoast_head":"<!-- This site is optimized with the Yoast SEO plugin v27.0 - https:\/\/yoast.com\/product\/yoast-seo-wordpress\/ -->\n<title>Safran ist das Gegenteil - Future House Construction<\/title>\n<meta name=\"robots\" content=\"index, follow, max-snippet:-1, max-image-preview:large, max-video-preview:-1\" \/>\n<link rel=\"canonical\" href=\"https:\/\/futurehouse-construction.com\/\u0632\u0639\u0641\u0631\u0627\u0646\u0629-\u0639\u0643\u0633\/\" \/>\n<meta property=\"og:locale\" content=\"de_DE\" \/>\n<meta property=\"og:type\" content=\"article\" \/>\n<meta property=\"og:title\" content=\"Safran ist das Gegenteil - Future House Construction\" \/>\n<meta property=\"og:description\" content=\"\u00c4gyptischer Marmor | Safran ist das Gegenteil Spezifikationen \u00c4gyptischer Marmor: Safran ist das Gegenteil \u00dcbersetzung ins Deutsche: Es handelt sich um eine der bekanntesten Arten von \u00e4gyptischem Marmor, die wir in Platten, Bl\u00f6cken, Fliesen und ma\u00dfgeschneiderten Gr\u00f6\u00dfen in jeder Menge und bester Qualit\u00e4t liefern. Sie k\u00f6nnen ihn als Marmorboden, Marmorwandfliesen, Marmortreppen, Fensterb\u00e4nke aus Marmor, Marmorkamine, [&hellip;]\" \/>\n<meta property=\"og:url\" content=\"https:\/\/futurehouse-construction.com\/\u0632\u0639\u0641\u0631\u0627\u0646\u0629-\u0639\u0643\u0633\/\" \/>\n<meta property=\"og:site_name\" content=\"Future House Construction\" \/>\n<meta property=\"article:modified_time\" content=\"2025-06-09T22:41:46+00:00\" \/>\n<meta property=\"og:image\" content=\"https:\/\/futurehouse-construction.com\/wp-content\/uploads\/2024\/06\/498793_e099d634371d422e88ddd8679385489cmv2.webp\" \/>\n<meta name=\"twitter:card\" content=\"summary_large_image\" \/>\n<meta name=\"twitter:label1\" content=\"Gesch\u00e4tzte Lesezeit\" \/>\n\t<meta name=\"twitter:data1\" content=\"1\u00a0Minute\" \/>\n<script type=\"application\/ld+json\" class=\"yoast-schema-graph\">{\"@context\":\"https:\/\/schema.org\",\"@graph\":[{\"@type\":\"WebPage\",\"@id\":\"https:\/\/futurehouse-construction.com\/%d8%b2%d8%b9%d9%81%d8%b1%d8%a7%d9%86%d8%a9-%d8%b9%d9%83%d8%b3\/\",\"url\":\"https:\/\/futurehouse-construction.com\/%d8%b2%d8%b9%d9%81%d8%b1%d8%a7%d9%86%d8%a9-%d8%b9%d9%83%d8%b3\/\",\"name\":\"Safran ist das Gegenteil - Future House Construction\",\"isPartOf\":{\"@id\":\"https:\/\/futurehouse-construction.com\/en\/#website\"},\"primaryImageOfPage\":{\"@id\":\"https:\/\/futurehouse-construction.com\/%d8%b2%d8%b9%d9%81%d8%b1%d8%a7%d9%86%d8%a9-%d8%b9%d9%83%d8%b3\/#primaryimage\"},\"image\":{\"@id\":\"https:\/\/futurehouse-construction.com\/%d8%b2%d8%b9%d9%81%d8%b1%d8%a7%d9%86%d8%a9-%d8%b9%d9%83%d8%b3\/#primaryimage\"},\"thumbnailUrl\":\"https:\/\/futurehouse-construction.com\/wp-content\/uploads\/2024\/06\/498793_e099d634371d422e88ddd8679385489cmv2.webp\",\"datePublished\":\"2024-09-08T09:46:36+00:00\",\"dateModified\":\"2025-06-09T22:41:46+00:00\",\"breadcrumb\":{\"@id\":\"https:\/\/futurehouse-construction.com\/%d8%b2%d8%b9%d9%81%d8%b1%d8%a7%d9%86%d8%a9-%d8%b9%d9%83%d8%b3\/#breadcrumb\"},\"inLanguage\":\"de\",\"potentialAction\":[{\"@type\":\"ReadAction\",\"target\":[\"https:\/\/futurehouse-construction.com\/%d8%b2%d8%b9%d9%81%d8%b1%d8%a7%d9%86%d8%a9-%d8%b9%d9%83%d8%b3\/\"]}]},{\"@type\":\"ImageObject\",\"inLanguage\":\"de\",\"@id\":\"https:\/\/futurehouse-construction.com\/%d8%b2%d8%b9%d9%81%d8%b1%d8%a7%d9%86%d8%a9-%d8%b9%d9%83%d8%b3\/#primaryimage\",\"url\":\"https:\/\/futurehouse-construction.com\/wp-content\/uploads\/2024\/06\/498793_e099d634371d422e88ddd8679385489cmv2.webp\",\"contentUrl\":\"https:\/\/futurehouse-construction.com\/wp-content\/uploads\/2024\/06\/498793_e099d634371d422e88ddd8679385489cmv2.webp\"},{\"@type\":\"BreadcrumbList\",\"@id\":\"https:\/\/futurehouse-construction.com\/%d8%b2%d8%b9%d9%81%d8%b1%d8%a7%d9%86%d8%a9-%d8%b9%d9%83%d8%b3\/#breadcrumb\",\"itemListElement\":[{\"@type\":\"ListItem\",\"position\":1,\"name\":\"Home\",\"item\":\"https:\/\/futurehouse-construction.com\/de\/\"},{\"@type\":\"ListItem\",\"position\":2,\"name\":\"Safran ist das Gegenteil\"}]},{\"@type\":\"WebSite\",\"@id\":\"https:\/\/futurehouse-construction.com\/en\/#website\",\"url\":\"https:\/\/futurehouse-construction.com\/en\/\",\"name\":\"Future House Construction\",\"description\":\"\",\"publisher\":{\"@id\":\"https:\/\/futurehouse-construction.com\/en\/#organization\"},\"potentialAction\":[{\"@type\":\"SearchAction\",\"target\":{\"@type\":\"EntryPoint\",\"urlTemplate\":\"https:\/\/futurehouse-construction.com\/en\/?s={search_term_string}\"},\"query-input\":{\"@type\":\"PropertyValueSpecification\",\"valueRequired\":true,\"valueName\":\"search_term_string\"}}],\"inLanguage\":\"de\"},{\"@type\":\"Organization\",\"@id\":\"https:\/\/futurehouse-construction.com\/en\/#organization\",\"name\":\"Future House Construction\",\"url\":\"https:\/\/futurehouse-construction.com\/en\/\",\"logo\":{\"@type\":\"ImageObject\",\"inLanguage\":\"de\",\"@id\":\"https:\/\/futurehouse-construction.com\/en\/#\/schema\/logo\/image\/\",\"url\":\"https:\/\/futurehouse-construction.com\/wp-content\/uploads\/2024\/08\/Logo-PNG.png\",\"contentUrl\":\"https:\/\/futurehouse-construction.com\/wp-content\/uploads\/2024\/08\/Logo-PNG.png\",\"width\":577,\"height\":433,\"caption\":\"Future House Construction\"},\"image\":{\"@id\":\"https:\/\/futurehouse-construction.com\/en\/#\/schema\/logo\/image\/\"}}]}<\/script>\n<!-- \/ Yoast SEO plugin. -->","yoast_head_json":{"title":"Safran ist das Gegenteil - Future House Construction","robots":{"index":"index","follow":"follow","max-snippet":"max-snippet:-1","max-image-preview":"max-image-preview:large","max-video-preview":"max-video-preview:-1"},"canonical":"https:\/\/futurehouse-construction.com\/\u0632\u0639\u0641\u0631\u0627\u0646\u0629-\u0639\u0643\u0633\/","og_locale":"de_DE","og_type":"article","og_title":"Safran ist das Gegenteil - Future House Construction","og_description":"\u00c4gyptischer Marmor | Safran ist das Gegenteil Spezifikationen \u00c4gyptischer Marmor: Safran ist das Gegenteil \u00dcbersetzung ins Deutsche: Es handelt sich um eine der bekanntesten Arten von \u00e4gyptischem Marmor, die wir in Platten, Bl\u00f6cken, Fliesen und ma\u00dfgeschneiderten Gr\u00f6\u00dfen in jeder Menge und bester Qualit\u00e4t liefern. Sie k\u00f6nnen ihn als Marmorboden, Marmorwandfliesen, Marmortreppen, Fensterb\u00e4nke aus Marmor, Marmorkamine, [&hellip;]","og_url":"https:\/\/futurehouse-construction.com\/\u0632\u0639\u0641\u0631\u0627\u0646\u0629-\u0639\u0643\u0633\/","og_site_name":"Future House Construction","article_modified_time":"2025-06-09T22:41:46+00:00","og_image":[{"url":"https:\/\/futurehouse-construction.com\/wp-content\/uploads\/2024\/06\/498793_e099d634371d422e88ddd8679385489cmv2.webp","type":"","width":"","height":""}],"twitter_card":"summary_large_image","twitter_misc":{"Gesch\u00e4tzte Lesezeit":"1\u00a0Minute"},"schema":{"@context":"https:\/\/schema.org","@graph":[{"@type":"WebPage","@id":"https:\/\/futurehouse-construction.com\/%d8%b2%d8%b9%d9%81%d8%b1%d8%a7%d9%86%d8%a9-%d8%b9%d9%83%d8%b3\/","url":"https:\/\/futurehouse-construction.com\/%d8%b2%d8%b9%d9%81%d8%b1%d8%a7%d9%86%d8%a9-%d8%b9%d9%83%d8%b3\/","name":"Safran ist das Gegenteil - Future House Construction","isPartOf":{"@id":"https:\/\/futurehouse-construction.com\/en\/#website"},"primaryImageOfPage":{"@id":"https:\/\/futurehouse-construction.com\/%d8%b2%d8%b9%d9%81%d8%b1%d8%a7%d9%86%d8%a9-%d8%b9%d9%83%d8%b3\/#primaryimage"},"image":{"@id":"https:\/\/futurehouse-construction.com\/%d8%b2%d8%b9%d9%81%d8%b1%d8%a7%d9%86%d8%a9-%d8%b9%d9%83%d8%b3\/#primaryimage"},"thumbnailUrl":"https:\/\/futurehouse-construction.com\/wp-content\/uploads\/2024\/06\/498793_e099d634371d422e88ddd8679385489cmv2.webp","datePublished":"2024-09-08T09:46:36+00:00","dateModified":"2025-06-09T22:41:46+00:00","breadcrumb":{"@id":"https:\/\/futurehouse-construction.com\/%d8%b2%d8%b9%d9%81%d8%b1%d8%a7%d9%86%d8%a9-%d8%b9%d9%83%d8%b3\/#breadcrumb"},"inLanguage":"de","potentialAction":[{"@type":"ReadAction","target":["https:\/\/futurehouse-construction.com\/%d8%b2%d8%b9%d9%81%d8%b1%d8%a7%d9%86%d8%a9-%d8%b9%d9%83%d8%b3\/"]}]},{"@type":"ImageObject","inLanguage":"de","@id":"https:\/\/futurehouse-construction.com\/%d8%b2%d8%b9%d9%81%d8%b1%d8%a7%d9%86%d8%a9-%d8%b9%d9%83%d8%b3\/#primaryimage","url":"https:\/\/futurehouse-construction.com\/wp-content\/uploads\/2024\/06\/498793_e099d634371d422e88ddd8679385489cmv2.webp","contentUrl":"https:\/\/futurehouse-construction.com\/wp-content\/uploads\/2024\/06\/498793_e099d634371d422e88ddd8679385489cmv2.webp"},{"@type":"BreadcrumbList","@id":"https:\/\/futurehouse-construction.com\/%d8%b2%d8%b9%d9%81%d8%b1%d8%a7%d9%86%d8%a9-%d8%b9%d9%83%d8%b3\/#breadcrumb","itemListElement":[{"@type":"ListItem","position":1,"name":"Home","item":"https:\/\/futurehouse-construction.com\/de\/"},{"@type":"ListItem","position":2,"name":"Safran ist das Gegenteil"}]},{"@type":"WebSite","@id":"https:\/\/futurehouse-construction.com\/en\/#website","url":"https:\/\/futurehouse-construction.com\/en\/","name":"Future House Construction","description":"","publisher":{"@id":"https:\/\/futurehouse-construction.com\/en\/#organization"},"potentialAction":[{"@type":"SearchAction","target":{"@type":"EntryPoint","urlTemplate":"https:\/\/futurehouse-construction.com\/en\/?s={search_term_string}"},"query-input":{"@type":"PropertyValueSpecification","valueRequired":true,"valueName":"search_term_string"}}],"inLanguage":"de"},{"@type":"Organization","@id":"https:\/\/futurehouse-construction.com\/en\/#organization","name":"Future House Construction","url":"https:\/\/futurehouse-construction.com\/en\/","logo":{"@type":"ImageObject","inLanguage":"de","@id":"https:\/\/futurehouse-construction.com\/en\/#\/schema\/logo\/image\/","url":"https:\/\/futurehouse-construction.com\/wp-content\/uploads\/2024\/08\/Logo-PNG.png","contentUrl":"https:\/\/futurehouse-construction.com\/wp-content\/uploads\/2024\/08\/Logo-PNG.png","width":577,"height":433,"caption":"Future House Construction"},"image":{"@id":"https:\/\/futurehouse-construction.com\/en\/#\/schema\/logo\/image\/"}}]}},"_links":{"self":[{"href":"https:\/\/futurehouse-construction.com\/de\/wp-json\/wp\/v2\/pages\/18895","targetHints":{"allow":["GET"]}}],"collection":[{"href":"https:\/\/futurehouse-construction.com\/de\/wp-json\/wp\/v2\/pages"}],"about":[{"href":"https:\/\/futurehouse-construction.com\/de\/wp-json\/wp\/v2\/types\/page"}],"author":[{"embeddable":true,"href":"https:\/\/futurehouse-construction.com\/de\/wp-json\/wp\/v2\/users\/2"}],"replies":[{"embeddable":true,"href":"https:\/\/futurehouse-construction.com\/de\/wp-json\/wp\/v2\/comments?post=18895"}],"version-history":[{"count":7,"href":"https:\/\/futurehouse-construction.com\/de\/wp-json\/wp\/v2\/pages\/18895\/revisions"}],"predecessor-version":[{"id":21979,"href":"https:\/\/futurehouse-construction.com\/de\/wp-json\/wp\/v2\/pages\/18895\/revisions\/21979"}],"wp:attachment":[{"href":"https:\/\/futurehouse-construction.com\/de\/wp-json\/wp\/v2\/media?parent=18895"}],"curies":[{"name":"wp","href":"https:\/\/api.w.org\/{rel}","templated":true}]}}