{"id":18508,"date":"2024-09-11T08:27:47","date_gmt":"2024-09-11T05:27:47","guid":{"rendered":"https:\/\/futurehouse-construction.com\/%d8%a7%d9%84%d8%aa%d9%88%d8%b1%d9%8a%d8%af%d8%a7%d8%aa\/"},"modified":"2024-12-29T17:12:36","modified_gmt":"2024-12-29T15:12:36","slug":"%d8%a7%d9%84%d8%aa%d9%88%d8%b1%d9%8a%d8%af%d8%a7%d8%aa","status":"publish","type":"page","link":"https:\/\/futurehouse-construction.com\/de\/%d8%a7%d9%84%d8%aa%d9%88%d8%b1%d9%8a%d8%af%d8%a7%d8%aa\/","title":{"rendered":"Lieferungen"},"content":{"rendered":"\t\t<div data-elementor-type=\"wp-page\" data-elementor-id=\"18508\" class=\"elementor elementor-18508 elementor-1777\" data-elementor-post-type=\"page\">\n\t\t\t\t\t\t<section class=\"elementor-section elementor-top-section elementor-element elementor-element-afbb86e elementor-section-full_width elementor-section-stretched elementor-section-height-default elementor-section-height-default\" data-id=\"afbb86e\" data-element_type=\"section\" data-e-type=\"section\" data-settings=\"{&quot;stretch_section&quot;:&quot;section-stretched&quot;,&quot;background_background&quot;:&quot;classic&quot;}\">\n\t\t\t\t\t\t\t<div class=\"elementor-background-overlay\"><\/div>\n\t\t\t\t\t\t\t<div class=\"elementor-container elementor-column-gap-default\">\n\t\t\t\t\t<div class=\"aux-parallax-section elementor-column elementor-col-100 elementor-top-column elementor-element elementor-element-a08921f\" data-id=\"a08921f\" data-element_type=\"column\" data-e-type=\"column\">\n\t\t\t<div class=\"elementor-widget-wrap elementor-element-populated\">\n\t\t\t\t\t\t<div class=\"elementor-element elementor-element-b6c8377 elementor-position-top elementor-widget elementor-widget-image-box\" data-id=\"b6c8377\" data-element_type=\"widget\" data-e-type=\"widget\" data-settings=\"{&quot;ekit_we_effect_on&quot;:&quot;none&quot;}\" data-widget_type=\"image-box.default\">\n\t\t\t\t\t<div class=\"elementor-image-box-wrapper\"><figure class=\"elementor-image-box-img\"><img decoding=\"async\" width=\"70\" height=\"70\" src=\"https:\/\/futurehouse-construction.com\/wp-content\/uploads\/2024\/09\/icon-01-4-1.png\" class=\"attachment-full size-full wp-image-1721\" alt=\"\" \/><\/figure><div class=\"elementor-image-box-content\"><h3 class=\"elementor-image-box-title\">Lieferungen<\/h3><\/div><\/div>\t\t\t\t<\/div>\n\t\t\t\t\t<\/div>\n\t\t<\/div>\n\t\t\t\t\t<\/div>\n\t\t<\/section>\n\t\t\t\t<section class=\"elementor-section elementor-top-section elementor-element elementor-element-452d3aa elementor-section-boxed elementor-section-height-default elementor-section-height-default\" data-id=\"452d3aa\" data-element_type=\"section\" data-e-type=\"section\">\n\t\t\t\t\t\t<div class=\"elementor-container elementor-column-gap-default\">\n\t\t\t\t\t<div class=\"aux-parallax-section elementor-column elementor-col-100 elementor-top-column elementor-element elementor-element-e5825c0\" data-id=\"e5825c0\" data-element_type=\"column\" data-e-type=\"column\">\n\t\t\t<div class=\"elementor-widget-wrap elementor-element-populated\">\n\t\t\t\t\t\t<div class=\"elementor-element elementor-element-501bdde elementor-widget elementor-widget-spacer\" data-id=\"501bdde\" data-element_type=\"widget\" data-e-type=\"widget\" data-settings=\"{&quot;ekit_we_effect_on&quot;:&quot;none&quot;}\" data-widget_type=\"spacer.default\">\n\t\t\t\t\t\t\t<div class=\"elementor-spacer\">\n\t\t\t<div class=\"elementor-spacer-inner\"><\/div>\n\t\t<\/div>\n\t\t\t\t\t\t<\/div>\n\t\t\t\t\t<\/div>\n\t\t<\/div>\n\t\t\t\t\t<\/div>\n\t\t<\/section>\n\t\t\t\t<section class=\"elementor-section elementor-top-section elementor-element elementor-element-88723a0 elementor-section-full_width elementor-section-stretched elementor-section-height-default elementor-section-height-default\" data-id=\"88723a0\" data-element_type=\"section\" data-e-type=\"section\" data-settings=\"{&quot;stretch_section&quot;:&quot;section-stretched&quot;}\">\n\t\t\t\t\t\t<div class=\"elementor-container elementor-column-gap-default\">\n\t\t\t\t\t<div class=\"aux-parallax-section elementor-column elementor-col-50 elementor-top-column elementor-element elementor-element-33228ec\" data-id=\"33228ec\" data-element_type=\"column\" data-e-type=\"column\">\n\t\t\t<div class=\"elementor-widget-wrap elementor-element-populated\">\n\t\t\t\t\t\t<div class=\"elementor-element elementor-element-3a141f0 elementor-widget elementor-widget-image\" data-id=\"3a141f0\" data-element_type=\"widget\" data-e-type=\"widget\" data-settings=\"{&quot;ekit_we_effect_on&quot;:&quot;none&quot;}\" data-widget_type=\"image.default\">\n\t\t\t\t\t\t\t\t\t\t\t\t\t\t\t<img fetchpriority=\"high\" decoding=\"async\" width=\"863\" height=\"706\" src=\"https:\/\/futurehouse-construction.com\/wp-content\/uploads\/2024\/09\/1607599527-DSC03388.jpg\" class=\"attachment-full size-full wp-image-1782\" alt=\"\" srcset=\"https:\/\/futurehouse-construction.com\/wp-content\/uploads\/2024\/09\/1607599527-DSC03388.jpg 863w, https:\/\/futurehouse-construction.com\/wp-content\/uploads\/2024\/09\/1607599527-DSC03388-200x164.jpg 200w\" sizes=\"(max-width: 863px) 100vw, 863px\" \/>\t\t\t\t\t\t\t\t\t\t\t\t\t\t\t<\/div>\n\t\t\t\t<div class=\"elementor-element elementor-element-5e0bfaa elementor-widget elementor-widget-text-editor\" data-id=\"5e0bfaa\" data-element_type=\"widget\" data-e-type=\"widget\" data-settings=\"{&quot;ekit_we_effect_on&quot;:&quot;none&quot;}\" data-widget_type=\"text-editor.default\">\n\t\t\t\t\t\t\t\t\t<p><strong>Future House Agricultural Contracting Company<\/strong> bietet eine breite Palette an landwirtschaftlichen Lieferungen, darunter <strong>Dattelpalmen<\/strong>, <strong>Zierpflanzen<\/strong> und <strong>Landwirtschaftswerkzeuge<\/strong>. Diese Produkte zeichnen sich durch hohe Qualit\u00e4t, gro\u00dfe Vielfalt und wettbewerbsf\u00e4hige Preise aus. Nachfolgend finden Sie die Details des Serviceangebots.<\/p><p>Gr\u00fcne Fl\u00e4chen spielen eine wichtige Rolle in unserem t\u00e4glichen Leben, sie verleihen den Orten eine \u00e4sthetische Note, verbessern die Luftqualit\u00e4t und helfen, das Klima zu mildern. Damit gr\u00fcne Fl\u00e4chen gedeihen, ben\u00f6tigen sie hochwertige landwirtschaftliche Produkte. <strong>Future House Agricultural Contracting Company<\/strong> ist f\u00fchrend im Bereich der Landschaftsgestaltung und der Pflege gr\u00fcner Fl\u00e4chen. Mit \u00fcber zwei Jahrzehnten Erfahrung hat das Unternehmen es geschafft, gew\u00f6hnliche Orte in ruhige und sch\u00f6ne Oasen zu verwandeln. Es verpflichtet sich, effektive und nachhaltige L\u00f6sungen bereitzustellen.<\/p>\t\t\t\t\t\t\t\t<\/div>\n\t\t\t\t<div class=\"elementor-element elementor-element-4e161c5 elementor-widget elementor-widget-heading\" data-id=\"4e161c5\" data-element_type=\"widget\" data-e-type=\"widget\" data-settings=\"{&quot;ekit_we_effect_on&quot;:&quot;none&quot;}\" data-widget_type=\"heading.default\">\n\t\t\t\t\t<h2 class=\"elementor-heading-title elementor-size-default\">Lieferungen werden von Future House bereitgestellt<\/h2>\t\t\t\t<\/div>\n\t\t\t\t<div class=\"elementor-element elementor-element-4c2030b elementor-widget elementor-widget-text-editor\" data-id=\"4c2030b\" data-element_type=\"widget\" data-e-type=\"widget\" data-settings=\"{&quot;ekit_we_effect_on&quot;:&quot;none&quot;}\" data-widget_type=\"text-editor.default\">\n\t\t\t\t\t\t\t\t\t<p>Bei <strong>Future House<\/strong> arbeiten wir daran, eine Vielzahl von Lieferdiensten im Bereich der Landschaftsgestaltung und der Pflege gr\u00fcner Fl\u00e4chen anzubieten. Diese Lieferungen umfassen:<\/p><p><strong>Lieferung von Dattelpalmen:<\/strong> Wir bieten eine breite Auswahl an hochwertigen Dattelpalmen, die den gr\u00fcnen Fl\u00e4chen eine einzigartige Sch\u00f6nheit verleihen. Ob Sie Dattelpalmen f\u00fcr dekorative Zwecke oder als Schattenspender suchen, <strong>Future House<\/strong> kann die passenden Arten f\u00fcr Ihre Bed\u00fcrfnisse bereitstellen.<\/p><p><strong>Lieferung von Zierpflanzen:<\/strong> Wir bieten eine Vielzahl von Zierpflanzen an, die den gr\u00fcnen Fl\u00e4chen Farben und Sch\u00f6nheit verleihen. Egal, ob Sie wundersch\u00f6ne Blumen oder Pflanzen mit lebendigem Laub hinzuf\u00fcgen m\u00f6chten, <strong>Future House<\/strong> bietet Ihnen zahlreiche Optionen, die Ihrem Geschmack entsprechen.<\/p><p><strong>Lieferung von Landwirtschaftlichen Werkzeugen:<\/strong> Neben den Designs und Pflanzen bieten wir auch eine Auswahl an hochwertigen landwirtschaftlichen Werkzeugen. Vom Bew\u00e4sserungs- und D\u00fcngematerial bis hin zu Werkzeugen zur Pflege von Gr\u00fcnfl\u00e4chen \u2013 Sie k\u00f6nnen sich auf uns verlassen, um die richtigen landwirtschaftlichen Werkzeuge f\u00fcr Ihr Projekt bereitzustellen.<\/p>\t\t\t\t\t\t\t\t<\/div>\n\t\t\t\t<div class=\"elementor-element elementor-element-aaa4875 elementor-widget elementor-widget-heading\" data-id=\"aaa4875\" data-element_type=\"widget\" data-e-type=\"widget\" data-settings=\"{&quot;ekit_we_effect_on&quot;:&quot;none&quot;}\" data-widget_type=\"heading.default\">\n\t\t\t\t\t<h2 class=\"elementor-heading-title elementor-size-default\">Der beste Lieferservice mit Future House<\/h2>\t\t\t\t<\/div>\n\t\t\t\t<div class=\"elementor-element elementor-element-94f480e elementor-widget elementor-widget-text-editor\" data-id=\"94f480e\" data-element_type=\"widget\" data-e-type=\"widget\" data-settings=\"{&quot;ekit_we_effect_on&quot;:&quot;none&quot;}\" data-widget_type=\"text-editor.default\">\n\t\t\t\t\t\t\t\t\t<p><strong>Wir bieten bei Future House Agricultural Contracting eine breite Palette landwirtschaftlicher Dienstleistungen, einschlie\u00dflich Lieferungen. Die Lieferdienste von Future House zeichnen sich durch zahlreiche Vorteile aus, die sie zur besten Wahl machen, darunter:<\/strong><\/p><p><strong>Produktqualit\u00e4t:<\/strong><br \/>Bei <strong>Future House<\/strong> legen wir gro\u00dfen Wert darauf, die besten landwirtschaftlichen Produkte aus vertrauensw\u00fcrdigen Quellen auszuw\u00e4hlen. Unser Expertenteam verf\u00fcgt \u00fcber umfangreiche Erfahrung in der Auswahl und Bereitstellung der richtigen landwirtschaftlichen Produkte.<\/p><p><strong>Vielfalt der Produkte:<\/strong><br \/>Wir bieten eine gro\u00dfe Auswahl an landwirtschaftlichen Produkten, einschlie\u00dflich <strong>Dattelpalmen<\/strong>, <strong>Zierpflanzen<\/strong> und <strong>landwirtschaftlichen Werkzeugen<\/strong>. Wir sind in der Lage, alle Bed\u00fcrfnisse unserer Kunden zu erf\u00fcllen.<\/p><p><strong>P\u00fcnktliche Lieferung:<\/strong><br \/>Wir verpflichten uns, die landwirtschaftlichen Produkte zum vereinbarten Zeitpunkt zu liefern.<\/p><p><strong>Wettbewerbsf\u00e4hige Preise:<\/strong><br \/><strong>Future House<\/strong> bietet wettbewerbsf\u00e4hige Preise f\u00fcr landwirtschaftliche Produkte.<\/p><p><strong>Hervorragender Kundenservice:<\/strong><br \/>Wir bieten einen herausragenden Kundenservice. Unser Expertenteam steht Ihnen zur Verf\u00fcgung, um alle Ihre Fragen zu beantworten und technische Unterst\u00fctzung zu leisten.<\/p><p>Neben diesen Vorteilen verf\u00fcgt <strong>Future House<\/strong> \u00fcber umfangreiche Erfahrung im Bereich der landwirtschaftlichen Lieferungen. Unser Team von Experten kann unseren Kunden Ratschl\u00e4ge und Empfehlungen geben, um die richtigen landwirtschaftlichen Produkte f\u00fcr ihre Bed\u00fcrfnisse auszuw\u00e4hlen.<\/p><p>Abschlie\u00dfend l\u00e4sst sich sagen, dass die Zusammenarbeit mit <strong>Future House<\/strong> im Bereich der Lieferungen eine zuverl\u00e4ssige und effektive Methode ist, um den Erfolg jedes landwirtschaftlichen Projekts sicherzustellen. Lassen Sie Ihre gr\u00fcne Fl\u00e4che erstrahlen \u2013 z\u00f6gern Sie nicht, von den Dienstleistungen von <strong>Future House<\/strong> zu profitieren. Kontaktieren Sie uns jetzt, um Ihren Traum zu verwirklichen und den gew\u00fcnschten Raum in ein gr\u00fcnes Paradies zu verwandeln.<\/p>\t\t\t\t\t\t\t\t<\/div>\n\t\t\t\t\t<\/div>\n\t\t<\/div>\n\t\t\t\t<div class=\"aux-parallax-section elementor-column elementor-col-50 elementor-top-column elementor-element elementor-element-1ae3084\" data-id=\"1ae3084\" data-element_type=\"column\" data-e-type=\"column\">\n\t\t\t<div class=\"elementor-widget-wrap elementor-element-populated\">\n\t\t\t\t\t\t<div class=\"elementor-element elementor-element-8ba9d20 elementor-widget elementor-widget-heading\" data-id=\"8ba9d20\" data-element_type=\"widget\" data-e-type=\"widget\" data-settings=\"{&quot;ekit_we_effect_on&quot;:&quot;none&quot;}\" data-widget_type=\"heading.default\">\n\t\t\t\t\t<h2 class=\"elementor-heading-title elementor-size-default\">Kontaktieren Sie uns<\/h2>\t\t\t\t<\/div>\n\t\t\t\t<div class=\"elementor-element elementor-element-1fd7b2b elementor-widget elementor-widget-google_maps\" data-id=\"1fd7b2b\" data-element_type=\"widget\" data-e-type=\"widget\" data-settings=\"{&quot;ekit_we_effect_on&quot;:&quot;none&quot;}\" data-widget_type=\"google_maps.default\">\n\t\t\t\t\t\t\t<div class=\"elementor-custom-embed\">\n\t\t\t<iframe loading=\"lazy\"\n\t\t\t\t\tsrc=\"https:\/\/maps.google.com\/maps?q=cairo%2Cegypt&#038;t=m&#038;z=10&#038;output=embed&#038;iwloc=near\"\n\t\t\t\t\ttitle=\"cairo,egypt\"\n\t\t\t\t\taria-label=\"cairo,egypt\"\n\t\t\t><\/iframe>\n\t\t<\/div>\n\t\t\t\t\t\t<\/div>\n\t\t\t\t\t<\/div>\n\t\t<\/div>\n\t\t\t\t\t<\/div>\n\t\t<\/section>\n\t\t\t\t<\/div>\n\t\t","protected":false},"excerpt":{"rendered":"<p>Lieferungen Future House Agricultural Contracting Company bietet eine breite Palette an landwirtschaftlichen Lieferungen, darunter Dattelpalmen, Zierpflanzen und Landwirtschaftswerkzeuge. Diese Produkte zeichnen sich durch hohe Qualit\u00e4t, gro\u00dfe Vielfalt und wettbewerbsf\u00e4hige Preise aus. Nachfolgend finden Sie die Details des Serviceangebots. Gr\u00fcne Fl\u00e4chen spielen eine wichtige Rolle in unserem t\u00e4glichen Leben, sie verleihen den Orten eine \u00e4sthetische Note, [&hellip;]<\/p>\n","protected":false},"author":2,"featured_media":0,"parent":0,"menu_order":0,"comment_status":"closed","ping_status":"closed","template":"","meta":{"footnotes":""},"class_list":["post-18508","page","type-page","status-publish","hentry"],"yoast_head":"<!-- This site is optimized with the Yoast SEO plugin v27.0 - https:\/\/yoast.com\/product\/yoast-seo-wordpress\/ -->\n<title>Lieferungen - Future House Construction<\/title>\n<meta name=\"robots\" content=\"index, follow, max-snippet:-1, max-image-preview:large, max-video-preview:-1\" \/>\n<link rel=\"canonical\" href=\"https:\/\/futurehouse-construction.com\/de\/\u0627\u0644\u062a\u0648\u0631\u064a\u062f\u0627\u062a\/\" \/>\n<meta property=\"og:locale\" content=\"de_DE\" \/>\n<meta property=\"og:type\" content=\"article\" \/>\n<meta property=\"og:title\" content=\"Lieferungen - Future House Construction\" \/>\n<meta property=\"og:description\" content=\"Lieferungen Future House Agricultural Contracting Company bietet eine breite Palette an landwirtschaftlichen Lieferungen, darunter Dattelpalmen, Zierpflanzen und Landwirtschaftswerkzeuge. Diese Produkte zeichnen sich durch hohe Qualit\u00e4t, gro\u00dfe Vielfalt und wettbewerbsf\u00e4hige Preise aus. Nachfolgend finden Sie die Details des Serviceangebots. Gr\u00fcne Fl\u00e4chen spielen eine wichtige Rolle in unserem t\u00e4glichen Leben, sie verleihen den Orten eine \u00e4sthetische Note, [&hellip;]\" \/>\n<meta property=\"og:url\" content=\"https:\/\/futurehouse-construction.com\/de\/\u0627\u0644\u062a\u0648\u0631\u064a\u062f\u0627\u062a\/\" \/>\n<meta property=\"og:site_name\" content=\"Future House Construction\" \/>\n<meta property=\"article:modified_time\" content=\"2024-12-29T15:12:36+00:00\" \/>\n<meta property=\"og:image\" content=\"https:\/\/futurehouse-construction.com\/wp-content\/uploads\/2024\/09\/icon-01-4-1.png\" \/>\n\t<meta property=\"og:image:width\" content=\"70\" \/>\n\t<meta property=\"og:image:height\" content=\"70\" \/>\n\t<meta property=\"og:image:type\" content=\"image\/png\" \/>\n<meta name=\"twitter:card\" content=\"summary_large_image\" \/>\n<meta name=\"twitter:label1\" content=\"Gesch\u00e4tzte Lesezeit\" \/>\n\t<meta name=\"twitter:data1\" content=\"3\u00a0Minuten\" \/>\n<script type=\"application\/ld+json\" class=\"yoast-schema-graph\">{\"@context\":\"https:\/\/schema.org\",\"@graph\":[{\"@type\":\"WebPage\",\"@id\":\"https:\/\/futurehouse-construction.com\/de\/%d8%a7%d9%84%d8%aa%d9%88%d8%b1%d9%8a%d8%af%d8%a7%d8%aa\/\",\"url\":\"https:\/\/futurehouse-construction.com\/de\/%d8%a7%d9%84%d8%aa%d9%88%d8%b1%d9%8a%d8%af%d8%a7%d8%aa\/\",\"name\":\"Lieferungen - Future House Construction\",\"isPartOf\":{\"@id\":\"https:\/\/futurehouse-construction.com\/en\/#website\"},\"primaryImageOfPage\":{\"@id\":\"https:\/\/futurehouse-construction.com\/de\/%d8%a7%d9%84%d8%aa%d9%88%d8%b1%d9%8a%d8%af%d8%a7%d8%aa\/#primaryimage\"},\"image\":{\"@id\":\"https:\/\/futurehouse-construction.com\/de\/%d8%a7%d9%84%d8%aa%d9%88%d8%b1%d9%8a%d8%af%d8%a7%d8%aa\/#primaryimage\"},\"thumbnailUrl\":\"https:\/\/futurehouse-construction.com\/wp-content\/uploads\/2024\/09\/icon-01-4-1.png\",\"datePublished\":\"2024-09-11T05:27:47+00:00\",\"dateModified\":\"2024-12-29T15:12:36+00:00\",\"breadcrumb\":{\"@id\":\"https:\/\/futurehouse-construction.com\/de\/%d8%a7%d9%84%d8%aa%d9%88%d8%b1%d9%8a%d8%af%d8%a7%d8%aa\/#breadcrumb\"},\"inLanguage\":\"de\",\"potentialAction\":[{\"@type\":\"ReadAction\",\"target\":[\"https:\/\/futurehouse-construction.com\/de\/%d8%a7%d9%84%d8%aa%d9%88%d8%b1%d9%8a%d8%af%d8%a7%d8%aa\/\"]}]},{\"@type\":\"ImageObject\",\"inLanguage\":\"de\",\"@id\":\"https:\/\/futurehouse-construction.com\/de\/%d8%a7%d9%84%d8%aa%d9%88%d8%b1%d9%8a%d8%af%d8%a7%d8%aa\/#primaryimage\",\"url\":\"https:\/\/futurehouse-construction.com\/wp-content\/uploads\/2024\/09\/icon-01-4-1.png\",\"contentUrl\":\"https:\/\/futurehouse-construction.com\/wp-content\/uploads\/2024\/09\/icon-01-4-1.png\"},{\"@type\":\"BreadcrumbList\",\"@id\":\"https:\/\/futurehouse-construction.com\/de\/%d8%a7%d9%84%d8%aa%d9%88%d8%b1%d9%8a%d8%af%d8%a7%d8%aa\/#breadcrumb\",\"itemListElement\":[{\"@type\":\"ListItem\",\"position\":1,\"name\":\"Home\",\"item\":\"https:\/\/futurehouse-construction.com\/de\/\"},{\"@type\":\"ListItem\",\"position\":2,\"name\":\"Lieferungen\"}]},{\"@type\":\"WebSite\",\"@id\":\"https:\/\/futurehouse-construction.com\/en\/#website\",\"url\":\"https:\/\/futurehouse-construction.com\/en\/\",\"name\":\"Future House Construction\",\"description\":\"\",\"publisher\":{\"@id\":\"https:\/\/futurehouse-construction.com\/en\/#organization\"},\"potentialAction\":[{\"@type\":\"SearchAction\",\"target\":{\"@type\":\"EntryPoint\",\"urlTemplate\":\"https:\/\/futurehouse-construction.com\/en\/?s={search_term_string}\"},\"query-input\":{\"@type\":\"PropertyValueSpecification\",\"valueRequired\":true,\"valueName\":\"search_term_string\"}}],\"inLanguage\":\"de\"},{\"@type\":\"Organization\",\"@id\":\"https:\/\/futurehouse-construction.com\/en\/#organization\",\"name\":\"Future House Construction\",\"url\":\"https:\/\/futurehouse-construction.com\/en\/\",\"logo\":{\"@type\":\"ImageObject\",\"inLanguage\":\"de\",\"@id\":\"https:\/\/futurehouse-construction.com\/en\/#\/schema\/logo\/image\/\",\"url\":\"https:\/\/futurehouse-construction.com\/wp-content\/uploads\/2024\/08\/Logo-PNG.png\",\"contentUrl\":\"https:\/\/futurehouse-construction.com\/wp-content\/uploads\/2024\/08\/Logo-PNG.png\",\"width\":577,\"height\":433,\"caption\":\"Future House Construction\"},\"image\":{\"@id\":\"https:\/\/futurehouse-construction.com\/en\/#\/schema\/logo\/image\/\"}}]}<\/script>\n<!-- \/ Yoast SEO plugin. -->","yoast_head_json":{"title":"Lieferungen - Future House Construction","robots":{"index":"index","follow":"follow","max-snippet":"max-snippet:-1","max-image-preview":"max-image-preview:large","max-video-preview":"max-video-preview:-1"},"canonical":"https:\/\/futurehouse-construction.com\/de\/\u0627\u0644\u062a\u0648\u0631\u064a\u062f\u0627\u062a\/","og_locale":"de_DE","og_type":"article","og_title":"Lieferungen - Future House Construction","og_description":"Lieferungen Future House Agricultural Contracting Company bietet eine breite Palette an landwirtschaftlichen Lieferungen, darunter Dattelpalmen, Zierpflanzen und Landwirtschaftswerkzeuge. Diese Produkte zeichnen sich durch hohe Qualit\u00e4t, gro\u00dfe Vielfalt und wettbewerbsf\u00e4hige Preise aus. Nachfolgend finden Sie die Details des Serviceangebots. Gr\u00fcne Fl\u00e4chen spielen eine wichtige Rolle in unserem t\u00e4glichen Leben, sie verleihen den Orten eine \u00e4sthetische Note, [&hellip;]","og_url":"https:\/\/futurehouse-construction.com\/de\/\u0627\u0644\u062a\u0648\u0631\u064a\u062f\u0627\u062a\/","og_site_name":"Future House Construction","article_modified_time":"2024-12-29T15:12:36+00:00","og_image":[{"width":70,"height":70,"url":"https:\/\/futurehouse-construction.com\/wp-content\/uploads\/2024\/09\/icon-01-4-1.png","type":"image\/png"}],"twitter_card":"summary_large_image","twitter_misc":{"Gesch\u00e4tzte Lesezeit":"3\u00a0Minuten"},"schema":{"@context":"https:\/\/schema.org","@graph":[{"@type":"WebPage","@id":"https:\/\/futurehouse-construction.com\/de\/%d8%a7%d9%84%d8%aa%d9%88%d8%b1%d9%8a%d8%af%d8%a7%d8%aa\/","url":"https:\/\/futurehouse-construction.com\/de\/%d8%a7%d9%84%d8%aa%d9%88%d8%b1%d9%8a%d8%af%d8%a7%d8%aa\/","name":"Lieferungen - Future House Construction","isPartOf":{"@id":"https:\/\/futurehouse-construction.com\/en\/#website"},"primaryImageOfPage":{"@id":"https:\/\/futurehouse-construction.com\/de\/%d8%a7%d9%84%d8%aa%d9%88%d8%b1%d9%8a%d8%af%d8%a7%d8%aa\/#primaryimage"},"image":{"@id":"https:\/\/futurehouse-construction.com\/de\/%d8%a7%d9%84%d8%aa%d9%88%d8%b1%d9%8a%d8%af%d8%a7%d8%aa\/#primaryimage"},"thumbnailUrl":"https:\/\/futurehouse-construction.com\/wp-content\/uploads\/2024\/09\/icon-01-4-1.png","datePublished":"2024-09-11T05:27:47+00:00","dateModified":"2024-12-29T15:12:36+00:00","breadcrumb":{"@id":"https:\/\/futurehouse-construction.com\/de\/%d8%a7%d9%84%d8%aa%d9%88%d8%b1%d9%8a%d8%af%d8%a7%d8%aa\/#breadcrumb"},"inLanguage":"de","potentialAction":[{"@type":"ReadAction","target":["https:\/\/futurehouse-construction.com\/de\/%d8%a7%d9%84%d8%aa%d9%88%d8%b1%d9%8a%d8%af%d8%a7%d8%aa\/"]}]},{"@type":"ImageObject","inLanguage":"de","@id":"https:\/\/futurehouse-construction.com\/de\/%d8%a7%d9%84%d8%aa%d9%88%d8%b1%d9%8a%d8%af%d8%a7%d8%aa\/#primaryimage","url":"https:\/\/futurehouse-construction.com\/wp-content\/uploads\/2024\/09\/icon-01-4-1.png","contentUrl":"https:\/\/futurehouse-construction.com\/wp-content\/uploads\/2024\/09\/icon-01-4-1.png"},{"@type":"BreadcrumbList","@id":"https:\/\/futurehouse-construction.com\/de\/%d8%a7%d9%84%d8%aa%d9%88%d8%b1%d9%8a%d8%af%d8%a7%d8%aa\/#breadcrumb","itemListElement":[{"@type":"ListItem","position":1,"name":"Home","item":"https:\/\/futurehouse-construction.com\/de\/"},{"@type":"ListItem","position":2,"name":"Lieferungen"}]},{"@type":"WebSite","@id":"https:\/\/futurehouse-construction.com\/en\/#website","url":"https:\/\/futurehouse-construction.com\/en\/","name":"Future House Construction","description":"","publisher":{"@id":"https:\/\/futurehouse-construction.com\/en\/#organization"},"potentialAction":[{"@type":"SearchAction","target":{"@type":"EntryPoint","urlTemplate":"https:\/\/futurehouse-construction.com\/en\/?s={search_term_string}"},"query-input":{"@type":"PropertyValueSpecification","valueRequired":true,"valueName":"search_term_string"}}],"inLanguage":"de"},{"@type":"Organization","@id":"https:\/\/futurehouse-construction.com\/en\/#organization","name":"Future House Construction","url":"https:\/\/futurehouse-construction.com\/en\/","logo":{"@type":"ImageObject","inLanguage":"de","@id":"https:\/\/futurehouse-construction.com\/en\/#\/schema\/logo\/image\/","url":"https:\/\/futurehouse-construction.com\/wp-content\/uploads\/2024\/08\/Logo-PNG.png","contentUrl":"https:\/\/futurehouse-construction.com\/wp-content\/uploads\/2024\/08\/Logo-PNG.png","width":577,"height":433,"caption":"Future House Construction"},"image":{"@id":"https:\/\/futurehouse-construction.com\/en\/#\/schema\/logo\/image\/"}}]}},"_links":{"self":[{"href":"https:\/\/futurehouse-construction.com\/de\/wp-json\/wp\/v2\/pages\/18508","targetHints":{"allow":["GET"]}}],"collection":[{"href":"https:\/\/futurehouse-construction.com\/de\/wp-json\/wp\/v2\/pages"}],"about":[{"href":"https:\/\/futurehouse-construction.com\/de\/wp-json\/wp\/v2\/types\/page"}],"author":[{"embeddable":true,"href":"https:\/\/futurehouse-construction.com\/de\/wp-json\/wp\/v2\/users\/2"}],"replies":[{"embeddable":true,"href":"https:\/\/futurehouse-construction.com\/de\/wp-json\/wp\/v2\/comments?post=18508"}],"version-history":[{"count":4,"href":"https:\/\/futurehouse-construction.com\/de\/wp-json\/wp\/v2\/pages\/18508\/revisions"}],"predecessor-version":[{"id":18512,"href":"https:\/\/futurehouse-construction.com\/de\/wp-json\/wp\/v2\/pages\/18508\/revisions\/18512"}],"wp:attachment":[{"href":"https:\/\/futurehouse-construction.com\/de\/wp-json\/wp\/v2\/media?parent=18508"}],"curies":[{"name":"wp","href":"https:\/\/api.w.org\/{rel}","templated":true}]}}