{"id":18503,"date":"2024-09-08T12:47:20","date_gmt":"2024-09-08T09:47:20","guid":{"rendered":"https:\/\/futurehouse-construction.com\/%d8%a7%d9%84%d8%a8%d8%b3%d8%aa%d8%b1\/"},"modified":"2025-06-10T01:31:43","modified_gmt":"2025-06-09T22:31:43","slug":"%d8%a7%d9%84%d8%a8%d8%b3%d8%aa%d8%b1","status":"publish","type":"page","link":"https:\/\/futurehouse-construction.com\/de\/%d8%a7%d9%84%d8%a8%d8%b3%d8%aa%d8%b1\/","title":{"rendered":"Al-Bastar"},"content":{"rendered":"\t\t<div data-elementor-type=\"wp-page\" data-elementor-id=\"18503\" class=\"elementor elementor-18503 elementor-1263\" data-elementor-post-type=\"page\">\n\t\t\t\t\t\t<section class=\"elementor-section elementor-top-section elementor-element elementor-element-c816d32 elementor-section-boxed elementor-section-height-default elementor-section-height-default\" data-id=\"c816d32\" data-element_type=\"section\" data-e-type=\"section\">\n\t\t\t\t\t\t<div class=\"elementor-container elementor-column-gap-default\">\n\t\t\t\t\t<div class=\"aux-parallax-section elementor-column elementor-col-100 elementor-top-column elementor-element elementor-element-cf86ce9\" data-id=\"cf86ce9\" data-element_type=\"column\" data-e-type=\"column\">\n\t\t\t<div class=\"elementor-widget-wrap elementor-element-populated\">\n\t\t\t\t\t\t<div class=\"elementor-element elementor-element-15edd8f elementor-widget-divider--view-line_text elementor-widget-divider--element-align-center elementor-widget elementor-widget-divider\" data-id=\"15edd8f\" data-element_type=\"widget\" data-e-type=\"widget\" data-settings=\"{&quot;ekit_we_effect_on&quot;:&quot;none&quot;}\" data-widget_type=\"divider.default\">\n\t\t\t\t\t\t\t<div class=\"elementor-divider\">\n\t\t\t<span class=\"elementor-divider-separator\">\n\t\t\t\t\t\t\t<span class=\"elementor-divider__text elementor-divider__element\">\n\t\t\t\t\u00c4gyptischer Marmor | Bester\t\t\t\t<\/span>\n\t\t\t\t\t\t<\/span>\n\t\t<\/div>\n\t\t\t\t\t\t<\/div>\n\t\t\t\t\t<\/div>\n\t\t<\/div>\n\t\t\t\t\t<\/div>\n\t\t<\/section>\n\t\t\t\t<section class=\"elementor-section elementor-top-section elementor-element elementor-element-73514e4 elementor-section-boxed elementor-section-height-default elementor-section-height-default\" data-id=\"73514e4\" data-element_type=\"section\" data-e-type=\"section\">\n\t\t\t\t\t\t<div class=\"elementor-container elementor-column-gap-default\">\n\t\t\t\t\t<div class=\"aux-parallax-section elementor-column elementor-col-16 elementor-top-column elementor-element elementor-element-95f1cc4\" data-id=\"95f1cc4\" data-element_type=\"column\" data-e-type=\"column\">\n\t\t\t<div class=\"elementor-widget-wrap\">\n\t\t\t\t\t\t\t<\/div>\n\t\t<\/div>\n\t\t\t\t<div class=\"aux-parallax-section elementor-column elementor-col-66 elementor-top-column elementor-element elementor-element-7663f52\" data-id=\"7663f52\" data-element_type=\"column\" data-e-type=\"column\">\n\t\t\t<div class=\"elementor-widget-wrap elementor-element-populated\">\n\t\t\t\t\t\t<div class=\"elementor-element elementor-element-2b992b9 elementor-widget elementor-widget-ucaddon_uc_carousel_image\" data-id=\"2b992b9\" data-element_type=\"widget\" data-e-type=\"widget\" data-settings=\"{&quot;ekit_we_effect_on&quot;:&quot;none&quot;}\" data-widget_type=\"ucaddon_uc_carousel_image.default\">\n\t\t\t\t<div class=\"elementor-widget-container\">\n\t\t\t\t\t\n<!-- start Carousel Gallery -->\n\t\t<link id='unitegallery-css' href='https:\/\/futurehouse-construction.com\/wp-content\/plugins\/unlimited-elements-for-elementor\/assets_libraries\/unitegallery\/css\/unite-gallery.css' type='text\/css' rel='stylesheet' >\n\n\n<div id=\"uc_uc_carousel_image_elementor_2b992b9\" style=\"display:none;\" class=\"uc-items-wrapper\" data-custom-sethtml=\"true\" >\n\n\n<img decoding=\"async\" alt=\"498793_e099d634371d422e88ddd8679385489c~mv2\"\n   src=\"https:\/\/futurehouse-construction.com\/wp-content\/uploads\/2024\/06\/498793_e099d634371d422e88ddd8679385489cmv2.webp\"\n    data-image=\"https:\/\/futurehouse-construction.com\/wp-content\/uploads\/2024\/06\/498793_e099d634371d422e88ddd8679385489cmv2.webp\"\n    data-title=\"498793_e099d634371d422e88ddd8679385489c~mv2\">\n\n<img decoding=\"async\" alt=\"FB_IMG_1711667450941_cleanup\"\n   src=\"https:\/\/futurehouse-construction.com\/wp-content\/uploads\/2025\/05\/FB_IMG_1711667450941_cleanup.jpg\"\n    data-image=\"https:\/\/futurehouse-construction.com\/wp-content\/uploads\/2025\/05\/FB_IMG_1711667450941_cleanup.jpg\"\n    data-title=\"FB_IMG_1711667450941_cleanup\">\n\n  \n<\/div>\n<!-- end Carousel Gallery -->\t\t\t\t<\/div>\n\t\t\t\t<\/div>\n\t\t\t\t\t<\/div>\n\t\t<\/div>\n\t\t\t\t<div class=\"aux-parallax-section elementor-column elementor-col-16 elementor-top-column elementor-element elementor-element-ba4b63c\" data-id=\"ba4b63c\" data-element_type=\"column\" data-e-type=\"column\">\n\t\t\t<div class=\"elementor-widget-wrap\">\n\t\t\t\t\t\t\t<\/div>\n\t\t<\/div>\n\t\t\t\t\t<\/div>\n\t\t<\/section>\n\t\t\t\t<section class=\"elementor-section elementor-top-section elementor-element elementor-element-14140f7 elementor-section-boxed elementor-section-height-default elementor-section-height-default\" data-id=\"14140f7\" data-element_type=\"section\" data-e-type=\"section\">\n\t\t\t\t\t\t<div class=\"elementor-container elementor-column-gap-default\">\n\t\t\t\t\t<div class=\"aux-parallax-section elementor-column elementor-col-100 elementor-top-column elementor-element elementor-element-e480f24\" data-id=\"e480f24\" data-element_type=\"column\" data-e-type=\"column\">\n\t\t\t<div class=\"elementor-widget-wrap elementor-element-populated\">\n\t\t\t\t\t\t<div class=\"elementor-element elementor-element-6890a9a elementor-widget-divider--view-line_text elementor-widget-divider--element-align-center elementor-widget elementor-widget-divider\" data-id=\"6890a9a\" data-element_type=\"widget\" data-e-type=\"widget\" data-settings=\"{&quot;ekit_we_effect_on&quot;:&quot;none&quot;}\" data-widget_type=\"divider.default\">\n\t\t\t\t\t\t\t<div class=\"elementor-divider\">\n\t\t\t<span class=\"elementor-divider-separator\">\n\t\t\t\t\t\t\t<span class=\"elementor-divider__text elementor-divider__element\">\n\t\t\t\tSpezifikationen\t\t\t\t<\/span>\n\t\t\t\t\t\t<\/span>\n\t\t<\/div>\n\t\t\t\t\t\t<\/div>\n\t\t\t\t\t<\/div>\n\t\t<\/div>\n\t\t\t\t\t<\/div>\n\t\t<\/section>\n\t\t\t\t<section class=\"elementor-section elementor-top-section elementor-element elementor-element-7cca5ad elementor-section-boxed elementor-section-height-default elementor-section-height-default\" data-id=\"7cca5ad\" data-element_type=\"section\" data-e-type=\"section\">\n\t\t\t\t\t\t<div class=\"elementor-container elementor-column-gap-default\">\n\t\t\t\t\t<div class=\"aux-parallax-section elementor-column elementor-col-100 elementor-top-column elementor-element elementor-element-a987028\" data-id=\"a987028\" data-element_type=\"column\" data-e-type=\"column\">\n\t\t\t<div class=\"elementor-widget-wrap elementor-element-populated\">\n\t\t\t\t\t\t<div class=\"elementor-element elementor-element-5abc72d elementor-widget elementor-widget-text-editor\" data-id=\"5abc72d\" data-element_type=\"widget\" data-e-type=\"widget\" data-settings=\"{&quot;ekit_we_effect_on&quot;:&quot;none&quot;}\" data-widget_type=\"text-editor.default\">\n\t\t\t\t\t\t\t\t\t<div data-mesh-id=\"comp-ls39lnpd1inlineContent\" data-testid=\"inline-content\"><p><span style=\"color: #cb6d03;\"><strong><span style=\"font-size: 14pt;\">\u00c4gyptischer Marmor:<\/span><\/strong><\/span> Al-Bastar<\/p><div data-mesh-id=\"comp-ls39lnpd1inlineContent-gridContainer\" data-testid=\"mesh-container-content\"><p>Dieser Marmor gilt als einer der bekanntesten \u00e4gyptischen Marmortypen. Wir liefern ihn in Platten, Bl\u00f6cken, Fliesen und in verschiedenen Gr\u00f6\u00dfen und Mengen mit bester Marmorqualit\u00e4t.<\/p><p><strong>Verwendungen:<\/strong><\/p><ul><li>Marmor f\u00fcr Fu\u00dfb\u00f6den, Wandfliesen, Marmortreppen, Fensterrahmen, Marmor\u00f6fen, Marmortische<\/li><li>Geeignet f\u00fcr Innen- und Au\u00dfendesigns<\/li><li>Hochwertige Marmor-Designs f\u00fcr Ihr Projekt<\/li><\/ul><p class=\"font_2 wixui-rich-text__text\"><span class=\"wixui-rich-text__text\"><span style=\"font-size: 14pt;\">\u00a0<\/span><\/span><\/p><p><span style=\"font-size: 14pt; color: #cb6d03;\"><strong>Spezifikationen<\/strong><\/span><\/p><p><strong>Materialname:<\/strong> Al-Bastar<\/p><p><strong>Farbe des Materials:<\/strong> Gelber Marmor<\/p><p><strong>Herkunftsland:<\/strong> \u00c4gyptischer Marmorbruch<\/p><p><strong>Verf\u00fcgbare Materialien:<\/strong><\/p><ul><li>Bl\u00f6cke, Platten, Fliesen<\/li><\/ul><p><strong>Abmessungen der Platten:<\/strong><\/p><ul><li>265-300 cm \u00d7 160-195 cm<\/li><\/ul><p><strong>Dicke der Platten (verf\u00fcgbar):<\/strong><\/p><ul><li>15, 20, 30, 40, 50 mm (bis zu 200 mm auf Anfrage)<\/li><\/ul><p><strong>Abmessungen der Fliesen:<\/strong><\/p><ul><li>Jede gew\u00fcnschte Gr\u00f6\u00dfe<\/li><\/ul><p><strong>Dicke der Fliesen f\u00fcr B\u00f6den oder W\u00e4nde:<\/strong><\/p><ul><li>15, 20, 30, 40, 50 mm (bis zu 200 mm auf Anfrage)<\/li><\/ul><p><strong>Verf\u00fcgbare Oberfl\u00e4chenbehandlungen:<\/strong><\/p><ul><li>Poliert, roh, honed, brushed, tumbled, Bergfinish, gespalten, sandgestrahlt, s\u00e4urebehandelt, geflammt<\/li><\/ul><\/div><\/div>\t\t\t\t\t\t\t\t<\/div>\n\t\t\t\t\t<\/div>\n\t\t<\/div>\n\t\t\t\t\t<\/div>\n\t\t<\/section>\n\t\t\t\t<\/div>\n\t\t","protected":false},"excerpt":{"rendered":"<p>\u00c4gyptischer Marmor | Bester Spezifikationen \u00c4gyptischer Marmor: Al-Bastar Dieser Marmor gilt als einer der bekanntesten \u00e4gyptischen Marmortypen. Wir liefern ihn in Platten, Bl\u00f6cken, Fliesen und in verschiedenen Gr\u00f6\u00dfen und Mengen mit bester Marmorqualit\u00e4t. Verwendungen: Marmor f\u00fcr Fu\u00dfb\u00f6den, Wandfliesen, Marmortreppen, Fensterrahmen, Marmor\u00f6fen, Marmortische Geeignet f\u00fcr Innen- und Au\u00dfendesigns Hochwertige Marmor-Designs f\u00fcr Ihr Projekt \u00a0 Spezifikationen Materialname: [&hellip;]<\/p>\n","protected":false},"author":2,"featured_media":0,"parent":0,"menu_order":0,"comment_status":"closed","ping_status":"closed","template":"","meta":{"footnotes":""},"class_list":["post-18503","page","type-page","status-publish","hentry"],"yoast_head":"<!-- This site is optimized with the Yoast SEO plugin v27.0 - https:\/\/yoast.com\/product\/yoast-seo-wordpress\/ -->\n<title>Al-Bastar - Future House Construction<\/title>\n<meta name=\"robots\" content=\"index, follow, max-snippet:-1, max-image-preview:large, max-video-preview:-1\" \/>\n<link rel=\"canonical\" href=\"https:\/\/futurehouse-construction.com\/de\/\u0627\u0644\u0628\u0633\u062a\u0631\/\" \/>\n<meta property=\"og:locale\" content=\"de_DE\" \/>\n<meta property=\"og:type\" content=\"article\" \/>\n<meta property=\"og:title\" content=\"Al-Bastar - Future House Construction\" \/>\n<meta property=\"og:description\" content=\"\u00c4gyptischer Marmor | Bester Spezifikationen \u00c4gyptischer Marmor: Al-Bastar Dieser Marmor gilt als einer der bekanntesten \u00e4gyptischen Marmortypen. Wir liefern ihn in Platten, Bl\u00f6cken, Fliesen und in verschiedenen Gr\u00f6\u00dfen und Mengen mit bester Marmorqualit\u00e4t. Verwendungen: Marmor f\u00fcr Fu\u00dfb\u00f6den, Wandfliesen, Marmortreppen, Fensterrahmen, Marmor\u00f6fen, Marmortische Geeignet f\u00fcr Innen- und Au\u00dfendesigns Hochwertige Marmor-Designs f\u00fcr Ihr Projekt \u00a0 Spezifikationen Materialname: [&hellip;]\" \/>\n<meta property=\"og:url\" content=\"https:\/\/futurehouse-construction.com\/de\/\u0627\u0644\u0628\u0633\u062a\u0631\/\" \/>\n<meta property=\"og:site_name\" content=\"Future House Construction\" \/>\n<meta property=\"article:modified_time\" content=\"2025-06-09T22:31:43+00:00\" \/>\n<meta property=\"og:image\" content=\"https:\/\/futurehouse-construction.com\/wp-content\/uploads\/2024\/06\/498793_e099d634371d422e88ddd8679385489cmv2.webp\" \/>\n<meta name=\"twitter:card\" content=\"summary_large_image\" \/>\n<meta name=\"twitter:label1\" content=\"Gesch\u00e4tzte Lesezeit\" \/>\n\t<meta name=\"twitter:data1\" content=\"1\u00a0Minute\" \/>\n<script type=\"application\/ld+json\" class=\"yoast-schema-graph\">{\"@context\":\"https:\/\/schema.org\",\"@graph\":[{\"@type\":\"WebPage\",\"@id\":\"https:\/\/futurehouse-construction.com\/de\/%d8%a7%d9%84%d8%a8%d8%b3%d8%aa%d8%b1\/\",\"url\":\"https:\/\/futurehouse-construction.com\/de\/%d8%a7%d9%84%d8%a8%d8%b3%d8%aa%d8%b1\/\",\"name\":\"Al-Bastar - Future House Construction\",\"isPartOf\":{\"@id\":\"https:\/\/futurehouse-construction.com\/en\/#website\"},\"primaryImageOfPage\":{\"@id\":\"https:\/\/futurehouse-construction.com\/de\/%d8%a7%d9%84%d8%a8%d8%b3%d8%aa%d8%b1\/#primaryimage\"},\"image\":{\"@id\":\"https:\/\/futurehouse-construction.com\/de\/%d8%a7%d9%84%d8%a8%d8%b3%d8%aa%d8%b1\/#primaryimage\"},\"thumbnailUrl\":\"https:\/\/futurehouse-construction.com\/wp-content\/uploads\/2024\/06\/498793_e099d634371d422e88ddd8679385489cmv2.webp\",\"datePublished\":\"2024-09-08T09:47:20+00:00\",\"dateModified\":\"2025-06-09T22:31:43+00:00\",\"breadcrumb\":{\"@id\":\"https:\/\/futurehouse-construction.com\/de\/%d8%a7%d9%84%d8%a8%d8%b3%d8%aa%d8%b1\/#breadcrumb\"},\"inLanguage\":\"de\",\"potentialAction\":[{\"@type\":\"ReadAction\",\"target\":[\"https:\/\/futurehouse-construction.com\/de\/%d8%a7%d9%84%d8%a8%d8%b3%d8%aa%d8%b1\/\"]}]},{\"@type\":\"ImageObject\",\"inLanguage\":\"de\",\"@id\":\"https:\/\/futurehouse-construction.com\/de\/%d8%a7%d9%84%d8%a8%d8%b3%d8%aa%d8%b1\/#primaryimage\",\"url\":\"https:\/\/futurehouse-construction.com\/wp-content\/uploads\/2024\/06\/498793_e099d634371d422e88ddd8679385489cmv2.webp\",\"contentUrl\":\"https:\/\/futurehouse-construction.com\/wp-content\/uploads\/2024\/06\/498793_e099d634371d422e88ddd8679385489cmv2.webp\"},{\"@type\":\"BreadcrumbList\",\"@id\":\"https:\/\/futurehouse-construction.com\/de\/%d8%a7%d9%84%d8%a8%d8%b3%d8%aa%d8%b1\/#breadcrumb\",\"itemListElement\":[{\"@type\":\"ListItem\",\"position\":1,\"name\":\"Home\",\"item\":\"https:\/\/futurehouse-construction.com\/de\/\"},{\"@type\":\"ListItem\",\"position\":2,\"name\":\"Al-Bastar\"}]},{\"@type\":\"WebSite\",\"@id\":\"https:\/\/futurehouse-construction.com\/en\/#website\",\"url\":\"https:\/\/futurehouse-construction.com\/en\/\",\"name\":\"Future House Construction\",\"description\":\"\",\"publisher\":{\"@id\":\"https:\/\/futurehouse-construction.com\/en\/#organization\"},\"potentialAction\":[{\"@type\":\"SearchAction\",\"target\":{\"@type\":\"EntryPoint\",\"urlTemplate\":\"https:\/\/futurehouse-construction.com\/en\/?s={search_term_string}\"},\"query-input\":{\"@type\":\"PropertyValueSpecification\",\"valueRequired\":true,\"valueName\":\"search_term_string\"}}],\"inLanguage\":\"de\"},{\"@type\":\"Organization\",\"@id\":\"https:\/\/futurehouse-construction.com\/en\/#organization\",\"name\":\"Future House Construction\",\"url\":\"https:\/\/futurehouse-construction.com\/en\/\",\"logo\":{\"@type\":\"ImageObject\",\"inLanguage\":\"de\",\"@id\":\"https:\/\/futurehouse-construction.com\/en\/#\/schema\/logo\/image\/\",\"url\":\"https:\/\/futurehouse-construction.com\/wp-content\/uploads\/2024\/08\/Logo-PNG.png\",\"contentUrl\":\"https:\/\/futurehouse-construction.com\/wp-content\/uploads\/2024\/08\/Logo-PNG.png\",\"width\":577,\"height\":433,\"caption\":\"Future House Construction\"},\"image\":{\"@id\":\"https:\/\/futurehouse-construction.com\/en\/#\/schema\/logo\/image\/\"}}]}<\/script>\n<!-- \/ Yoast SEO plugin. -->","yoast_head_json":{"title":"Al-Bastar - Future House Construction","robots":{"index":"index","follow":"follow","max-snippet":"max-snippet:-1","max-image-preview":"max-image-preview:large","max-video-preview":"max-video-preview:-1"},"canonical":"https:\/\/futurehouse-construction.com\/de\/\u0627\u0644\u0628\u0633\u062a\u0631\/","og_locale":"de_DE","og_type":"article","og_title":"Al-Bastar - Future House Construction","og_description":"\u00c4gyptischer Marmor | Bester Spezifikationen \u00c4gyptischer Marmor: Al-Bastar Dieser Marmor gilt als einer der bekanntesten \u00e4gyptischen Marmortypen. Wir liefern ihn in Platten, Bl\u00f6cken, Fliesen und in verschiedenen Gr\u00f6\u00dfen und Mengen mit bester Marmorqualit\u00e4t. Verwendungen: Marmor f\u00fcr Fu\u00dfb\u00f6den, Wandfliesen, Marmortreppen, Fensterrahmen, Marmor\u00f6fen, Marmortische Geeignet f\u00fcr Innen- und Au\u00dfendesigns Hochwertige Marmor-Designs f\u00fcr Ihr Projekt \u00a0 Spezifikationen Materialname: [&hellip;]","og_url":"https:\/\/futurehouse-construction.com\/de\/\u0627\u0644\u0628\u0633\u062a\u0631\/","og_site_name":"Future House Construction","article_modified_time":"2025-06-09T22:31:43+00:00","og_image":[{"url":"https:\/\/futurehouse-construction.com\/wp-content\/uploads\/2024\/06\/498793_e099d634371d422e88ddd8679385489cmv2.webp","type":"","width":"","height":""}],"twitter_card":"summary_large_image","twitter_misc":{"Gesch\u00e4tzte Lesezeit":"1\u00a0Minute"},"schema":{"@context":"https:\/\/schema.org","@graph":[{"@type":"WebPage","@id":"https:\/\/futurehouse-construction.com\/de\/%d8%a7%d9%84%d8%a8%d8%b3%d8%aa%d8%b1\/","url":"https:\/\/futurehouse-construction.com\/de\/%d8%a7%d9%84%d8%a8%d8%b3%d8%aa%d8%b1\/","name":"Al-Bastar - Future House Construction","isPartOf":{"@id":"https:\/\/futurehouse-construction.com\/en\/#website"},"primaryImageOfPage":{"@id":"https:\/\/futurehouse-construction.com\/de\/%d8%a7%d9%84%d8%a8%d8%b3%d8%aa%d8%b1\/#primaryimage"},"image":{"@id":"https:\/\/futurehouse-construction.com\/de\/%d8%a7%d9%84%d8%a8%d8%b3%d8%aa%d8%b1\/#primaryimage"},"thumbnailUrl":"https:\/\/futurehouse-construction.com\/wp-content\/uploads\/2024\/06\/498793_e099d634371d422e88ddd8679385489cmv2.webp","datePublished":"2024-09-08T09:47:20+00:00","dateModified":"2025-06-09T22:31:43+00:00","breadcrumb":{"@id":"https:\/\/futurehouse-construction.com\/de\/%d8%a7%d9%84%d8%a8%d8%b3%d8%aa%d8%b1\/#breadcrumb"},"inLanguage":"de","potentialAction":[{"@type":"ReadAction","target":["https:\/\/futurehouse-construction.com\/de\/%d8%a7%d9%84%d8%a8%d8%b3%d8%aa%d8%b1\/"]}]},{"@type":"ImageObject","inLanguage":"de","@id":"https:\/\/futurehouse-construction.com\/de\/%d8%a7%d9%84%d8%a8%d8%b3%d8%aa%d8%b1\/#primaryimage","url":"https:\/\/futurehouse-construction.com\/wp-content\/uploads\/2024\/06\/498793_e099d634371d422e88ddd8679385489cmv2.webp","contentUrl":"https:\/\/futurehouse-construction.com\/wp-content\/uploads\/2024\/06\/498793_e099d634371d422e88ddd8679385489cmv2.webp"},{"@type":"BreadcrumbList","@id":"https:\/\/futurehouse-construction.com\/de\/%d8%a7%d9%84%d8%a8%d8%b3%d8%aa%d8%b1\/#breadcrumb","itemListElement":[{"@type":"ListItem","position":1,"name":"Home","item":"https:\/\/futurehouse-construction.com\/de\/"},{"@type":"ListItem","position":2,"name":"Al-Bastar"}]},{"@type":"WebSite","@id":"https:\/\/futurehouse-construction.com\/en\/#website","url":"https:\/\/futurehouse-construction.com\/en\/","name":"Future House Construction","description":"","publisher":{"@id":"https:\/\/futurehouse-construction.com\/en\/#organization"},"potentialAction":[{"@type":"SearchAction","target":{"@type":"EntryPoint","urlTemplate":"https:\/\/futurehouse-construction.com\/en\/?s={search_term_string}"},"query-input":{"@type":"PropertyValueSpecification","valueRequired":true,"valueName":"search_term_string"}}],"inLanguage":"de"},{"@type":"Organization","@id":"https:\/\/futurehouse-construction.com\/en\/#organization","name":"Future House Construction","url":"https:\/\/futurehouse-construction.com\/en\/","logo":{"@type":"ImageObject","inLanguage":"de","@id":"https:\/\/futurehouse-construction.com\/en\/#\/schema\/logo\/image\/","url":"https:\/\/futurehouse-construction.com\/wp-content\/uploads\/2024\/08\/Logo-PNG.png","contentUrl":"https:\/\/futurehouse-construction.com\/wp-content\/uploads\/2024\/08\/Logo-PNG.png","width":577,"height":433,"caption":"Future House Construction"},"image":{"@id":"https:\/\/futurehouse-construction.com\/en\/#\/schema\/logo\/image\/"}}]}},"_links":{"self":[{"href":"https:\/\/futurehouse-construction.com\/de\/wp-json\/wp\/v2\/pages\/18503","targetHints":{"allow":["GET"]}}],"collection":[{"href":"https:\/\/futurehouse-construction.com\/de\/wp-json\/wp\/v2\/pages"}],"about":[{"href":"https:\/\/futurehouse-construction.com\/de\/wp-json\/wp\/v2\/types\/page"}],"author":[{"embeddable":true,"href":"https:\/\/futurehouse-construction.com\/de\/wp-json\/wp\/v2\/users\/2"}],"replies":[{"embeddable":true,"href":"https:\/\/futurehouse-construction.com\/de\/wp-json\/wp\/v2\/comments?post=18503"}],"version-history":[{"count":7,"href":"https:\/\/futurehouse-construction.com\/de\/wp-json\/wp\/v2\/pages\/18503\/revisions"}],"predecessor-version":[{"id":21955,"href":"https:\/\/futurehouse-construction.com\/de\/wp-json\/wp\/v2\/pages\/18503\/revisions\/21955"}],"wp:attachment":[{"href":"https:\/\/futurehouse-construction.com\/de\/wp-json\/wp\/v2\/media?parent=18503"}],"curies":[{"name":"wp","href":"https:\/\/api.w.org\/{rel}","templated":true}]}}