{"id":18217,"date":"2024-07-21T10:25:21","date_gmt":"2024-07-21T07:25:21","guid":{"rendered":"https:\/\/futurehouse-construction.com\/?page_id=18217"},"modified":"2024-12-25T15:25:46","modified_gmt":"2024-12-25T13:25:46","slug":"innenraeume","status":"publish","type":"page","link":"https:\/\/futurehouse-construction.com\/de\/innenraeume\/","title":{"rendered":"Innenr\u00e4ume"},"content":{"rendered":"\t\t<div data-elementor-type=\"wp-page\" data-elementor-id=\"18217\" class=\"elementor elementor-18217 elementor-425\" data-elementor-post-type=\"page\">\n\t\t\t\t\t\t<section class=\"elementor-section elementor-top-section elementor-element elementor-element-d1bd1f6 elementor-section-full_width elementor-section-stretched elementor-section-height-default elementor-section-height-default\" data-id=\"d1bd1f6\" data-element_type=\"section\" data-e-type=\"section\" data-settings=\"{&quot;stretch_section&quot;:&quot;section-stretched&quot;,&quot;background_background&quot;:&quot;classic&quot;}\">\n\t\t\t\t\t\t\t<div class=\"elementor-background-overlay\"><\/div>\n\t\t\t\t\t\t\t<div class=\"elementor-container elementor-column-gap-default\">\n\t\t\t\t\t<div class=\"aux-parallax-section elementor-column elementor-col-100 elementor-top-column elementor-element elementor-element-7907038\" data-id=\"7907038\" data-element_type=\"column\" data-e-type=\"column\">\n\t\t\t<div class=\"elementor-widget-wrap elementor-element-populated\">\n\t\t\t\t\t\t<div class=\"elementor-element elementor-element-86bf8e5 elementor-widget elementor-widget-spacer\" data-id=\"86bf8e5\" data-element_type=\"widget\" data-e-type=\"widget\" data-settings=\"{&quot;ekit_we_effect_on&quot;:&quot;none&quot;}\" data-widget_type=\"spacer.default\">\n\t\t\t\t\t\t\t<div class=\"elementor-spacer\">\n\t\t\t<div class=\"elementor-spacer-inner\"><\/div>\n\t\t<\/div>\n\t\t\t\t\t\t<\/div>\n\t\t\t\t<div class=\"elementor-element elementor-element-bc9af68 elementor-widget elementor-widget-image-box\" data-id=\"bc9af68\" data-element_type=\"widget\" data-e-type=\"widget\" data-settings=\"{&quot;ekit_we_effect_on&quot;:&quot;none&quot;}\" data-widget_type=\"image-box.default\">\n\t\t\t\t\t<div class=\"elementor-image-box-wrapper\"><div class=\"elementor-image-box-content\"><h3 class=\"elementor-image-box-title\">Innen- und Au\u00dfenausbauarbeiten f\u00fcr Geb\u00e4ude<\/h3><\/div><\/div>\t\t\t\t<\/div>\n\t\t\t\t<div class=\"elementor-element elementor-element-73d6409 elementor-widget elementor-widget-spacer\" data-id=\"73d6409\" data-element_type=\"widget\" data-e-type=\"widget\" data-settings=\"{&quot;ekit_we_effect_on&quot;:&quot;none&quot;}\" data-widget_type=\"spacer.default\">\n\t\t\t\t\t\t\t<div class=\"elementor-spacer\">\n\t\t\t<div class=\"elementor-spacer-inner\"><\/div>\n\t\t<\/div>\n\t\t\t\t\t\t<\/div>\n\t\t\t\t\t<\/div>\n\t\t<\/div>\n\t\t\t\t\t<\/div>\n\t\t<\/section>\n\t\t\t\t<section class=\"elementor-section elementor-top-section elementor-element elementor-element-63b04e1 elementor-section-boxed elementor-section-height-default elementor-section-height-default\" data-id=\"63b04e1\" data-element_type=\"section\" data-e-type=\"section\">\n\t\t\t\t\t\t<div class=\"elementor-container elementor-column-gap-default\">\n\t\t\t\t\t<div class=\"aux-parallax-section elementor-column elementor-col-100 elementor-top-column elementor-element elementor-element-f0582d1\" data-id=\"f0582d1\" data-element_type=\"column\" data-e-type=\"column\">\n\t\t\t<div class=\"elementor-widget-wrap elementor-element-populated\">\n\t\t\t\t\t\t<div class=\"elementor-element elementor-element-138cb90 elementor-widget elementor-widget-spacer\" data-id=\"138cb90\" data-element_type=\"widget\" data-e-type=\"widget\" data-settings=\"{&quot;ekit_we_effect_on&quot;:&quot;none&quot;}\" data-widget_type=\"spacer.default\">\n\t\t\t\t\t\t\t<div class=\"elementor-spacer\">\n\t\t\t<div class=\"elementor-spacer-inner\"><\/div>\n\t\t<\/div>\n\t\t\t\t\t\t<\/div>\n\t\t\t\t\t<\/div>\n\t\t<\/div>\n\t\t\t\t\t<\/div>\n\t\t<\/section>\n\t\t\t\t<section class=\"elementor-section elementor-top-section elementor-element elementor-element-94bfa8d elementor-section-full_width elementor-section-stretched elementor-section-height-default elementor-section-height-default\" data-id=\"94bfa8d\" data-element_type=\"section\" data-e-type=\"section\" data-settings=\"{&quot;stretch_section&quot;:&quot;section-stretched&quot;}\">\n\t\t\t\t\t\t<div class=\"elementor-container elementor-column-gap-default\">\n\t\t\t\t\t<div class=\"aux-parallax-section elementor-column elementor-col-50 elementor-top-column elementor-element elementor-element-449ebe7\" data-id=\"449ebe7\" data-element_type=\"column\" data-e-type=\"column\">\n\t\t\t<div class=\"elementor-widget-wrap elementor-element-populated\">\n\t\t\t\t\t\t<div class=\"elementor-element elementor-element-e925c67 elementor-widget elementor-widget-heading\" data-id=\"e925c67\" data-element_type=\"widget\" data-e-type=\"widget\" data-settings=\"{&quot;ekit_we_effect_on&quot;:&quot;none&quot;}\" data-widget_type=\"heading.default\">\n\t\t\t\t\t<h2 class=\"elementor-heading-title elementor-size-default\">Innen- und Au\u00dfenausbauarbeiten f\u00fcr Geb\u00e4ude<\/h2>\t\t\t\t<\/div>\n\t\t\t\t<div class=\"elementor-element elementor-element-059bad5 elementor-widget elementor-widget-text-editor\" data-id=\"059bad5\" data-element_type=\"widget\" data-e-type=\"widget\" data-settings=\"{&quot;ekit_we_effect_on&quot;:&quot;none&quot;}\" data-widget_type=\"text-editor.default\">\n\t\t\t\t\t\t\t\t\t<ul><li>Die Future House Company zeichnet sich durch ihre langj\u00e4hrige Erfahrung im Bereich der Innen- und Au\u00dfenausstattung von Wohnungen, Villen und Fabriken aus. Das Unternehmen verf\u00fcgt \u00fcber ein Arbeitsteam aus Ingenieuren und Vorgesetzten mit h\u00f6chster Kompetenz und Erfahrung bei der Umsetzung aller Aufgaben und der \u00dcberwachung aller Arbeiten.<\/li><li>Unser Ziel ist es, die Zufriedenheit unserer Kunden zu erreichen und alle ihre Anforderungen an ein modernes und modernes Zuhause zu erf\u00fcllen, das zu ihnen passt und ihnen ihre Anforderungen an die Einsparung und Nutzung von R\u00e4umen zu niedrigsten Kosten und mit den einfachsten L\u00f6sungen erf\u00fcllt.<\/li><\/ul>\t\t\t\t\t\t\t\t<\/div>\n\t\t\t\t<div class=\"elementor-element elementor-element-b2c88cb elementor-widget elementor-widget-image\" data-id=\"b2c88cb\" data-element_type=\"widget\" data-e-type=\"widget\" data-settings=\"{&quot;ekit_we_effect_on&quot;:&quot;none&quot;}\" data-widget_type=\"image.default\">\n\t\t\t\t\t\t\t\t\t\t\t\t\t\t\t<img fetchpriority=\"high\" decoding=\"async\" width=\"1600\" height=\"1068\" src=\"https:\/\/futurehouse-construction.com\/wp-content\/uploads\/2024\/09\/33649.jpeg\" class=\"attachment-full size-full wp-image-1835\" alt=\"\" srcset=\"https:\/\/futurehouse-construction.com\/wp-content\/uploads\/2024\/09\/33649.jpeg 1600w, https:\/\/futurehouse-construction.com\/wp-content\/uploads\/2024\/09\/33649-1536x1025.jpeg 1536w, https:\/\/futurehouse-construction.com\/wp-content\/uploads\/2024\/09\/33649-200x134.jpeg 200w\" sizes=\"(max-width: 1600px) 100vw, 1600px\" \/>\t\t\t\t\t\t\t\t\t\t\t\t\t\t\t<\/div>\n\t\t\t\t\t<\/div>\n\t\t<\/div>\n\t\t\t\t<div class=\"aux-parallax-section elementor-column elementor-col-50 elementor-top-column elementor-element elementor-element-43f0a3e\" data-id=\"43f0a3e\" data-element_type=\"column\" data-e-type=\"column\">\n\t\t\t<div class=\"elementor-widget-wrap elementor-element-populated\">\n\t\t\t\t\t\t<div class=\"elementor-element elementor-element-2cacfdb elementor-widget elementor-widget-heading\" data-id=\"2cacfdb\" data-element_type=\"widget\" data-e-type=\"widget\" data-settings=\"{&quot;ekit_we_effect_on&quot;:&quot;none&quot;}\" data-widget_type=\"heading.default\">\n\t\t\t\t\t<h2 class=\"elementor-heading-title elementor-size-default\">Alle Dienstleistungen<\/h2>\t\t\t\t<\/div>\n\t\t\t\t<div class=\"elementor-element elementor-element-502a787 elementor-nav-menu__align-center elementor-nav-menu--dropdown-none elementor-widget elementor-widget-nav-menu\" data-id=\"502a787\" data-element_type=\"widget\" data-e-type=\"widget\" data-settings=\"{&quot;layout&quot;:&quot;vertical&quot;,&quot;submenu_icon&quot;:{&quot;value&quot;:&quot;&lt;svg class=\\&quot;e-font-icon-svg e-fas-caret-down\\&quot; viewBox=\\&quot;0 0 320 512\\&quot; xmlns=\\&quot;http:\\\/\\\/www.w3.org\\\/2000\\\/svg\\&quot;&gt;&lt;path d=\\&quot;M31.3 192h257.3c17.8 0 26.7 21.5 14.1 34.1L174.1 354.8c-7.8 7.8-20.5 7.8-28.3 0L17.2 226.1C4.6 213.5 13.5 192 31.3 192z\\&quot;&gt;&lt;\\\/path&gt;&lt;\\\/svg&gt;&quot;,&quot;library&quot;:&quot;fa-solid&quot;},&quot;ekit_we_effect_on&quot;:&quot;none&quot;}\" data-widget_type=\"nav-menu.default\">\n\t\t\t\t\t\t\t\t<nav aria-label=\"Menu\" class=\"elementor-nav-menu--main elementor-nav-menu__container elementor-nav-menu--layout-vertical e--pointer-background e--animation-grow\">\n\t\t\t\t<!-- start master menu -->\n<ul id=\"menu-1-502a787\" class=\"elementor-nav-menu sm-vertical\"><li class=\"menu-item menu-item-type-post_type menu-item-object-page menu-item-20711\"><a href=\"https:\/\/futurehouse-construction.com\/de\/bau\/\" class=\"elementor-item\">Konstruktion<\/a><\/li>\n<li class=\"menu-item menu-item-type-post_type menu-item-object-page menu-item-20712\"><a href=\"https:\/\/futurehouse-construction.com\/de\/innenraeume\/\" class=\"elementor-item\">Innenr\u00e4ume<\/a><\/li>\n<li class=\"menu-item menu-item-type-post_type menu-item-object-page menu-item-20713\"><a href=\"https:\/\/futurehouse-construction.com\/de\/exekutivpaneele\/\" class=\"elementor-item\">Exekutivpaneele<\/a><\/li>\n<\/ul>\n<!-- end master menu -->\n\t\t\t<\/nav>\n\t\t\t\t\t\t<nav class=\"elementor-nav-menu--dropdown elementor-nav-menu__container\" aria-hidden=\"true\">\n\t\t\t\t<!-- start master menu -->\n<ul id=\"menu-2-502a787\" class=\"elementor-nav-menu sm-vertical\"><li class=\"menu-item menu-item-type-post_type menu-item-object-page menu-item-20711\"><a href=\"https:\/\/futurehouse-construction.com\/de\/bau\/\" class=\"elementor-item\" tabindex=\"-1\">Konstruktion<\/a><\/li>\n<li class=\"menu-item menu-item-type-post_type menu-item-object-page menu-item-20712\"><a href=\"https:\/\/futurehouse-construction.com\/de\/innenraeume\/\" class=\"elementor-item\" tabindex=\"-1\">Innenr\u00e4ume<\/a><\/li>\n<li class=\"menu-item menu-item-type-post_type menu-item-object-page menu-item-20713\"><a href=\"https:\/\/futurehouse-construction.com\/de\/exekutivpaneele\/\" class=\"elementor-item\" tabindex=\"-1\">Exekutivpaneele<\/a><\/li>\n<\/ul>\n<!-- end master menu -->\n\t\t\t<\/nav>\n\t\t\t\t\t\t<\/div>\n\t\t\t\t\t<\/div>\n\t\t<\/div>\n\t\t\t\t\t<\/div>\n\t\t<\/section>\n\t\t\t\t<\/div>\n\t\t","protected":false},"excerpt":{"rendered":"<p>Innen- und Au\u00dfenausbauarbeiten f\u00fcr Geb\u00e4ude Innen- und Au\u00dfenausbauarbeiten f\u00fcr Geb\u00e4ude Die Future House Company zeichnet sich durch ihre langj\u00e4hrige Erfahrung im Bereich der Innen- und Au\u00dfenausstattung von Wohnungen, Villen und Fabriken aus. Das Unternehmen verf\u00fcgt \u00fcber ein Arbeitsteam aus Ingenieuren und Vorgesetzten mit h\u00f6chster Kompetenz und Erfahrung bei der Umsetzung aller Aufgaben und der \u00dcberwachung [&hellip;]<\/p>\n","protected":false},"author":2,"featured_media":0,"parent":0,"menu_order":0,"comment_status":"closed","ping_status":"closed","template":"","meta":{"footnotes":""},"class_list":["post-18217","page","type-page","status-publish","hentry"],"yoast_head":"<!-- This site is optimized with the Yoast SEO plugin v27.0 - https:\/\/yoast.com\/product\/yoast-seo-wordpress\/ -->\n<title>Innenr\u00e4ume - Future House Construction<\/title>\n<meta name=\"robots\" content=\"index, follow, max-snippet:-1, max-image-preview:large, max-video-preview:-1\" \/>\n<link rel=\"canonical\" href=\"https:\/\/futurehouse-construction.com\/\u062a\u0634\u0637\u064a\u0628\u0627\u062a\/\" \/>\n<meta property=\"og:locale\" content=\"de_DE\" \/>\n<meta property=\"og:type\" content=\"article\" \/>\n<meta property=\"og:title\" content=\"Innenr\u00e4ume - Future House Construction\" \/>\n<meta property=\"og:description\" content=\"Innen- und Au\u00dfenausbauarbeiten f\u00fcr Geb\u00e4ude Innen- und Au\u00dfenausbauarbeiten f\u00fcr Geb\u00e4ude Die Future House Company zeichnet sich durch ihre langj\u00e4hrige Erfahrung im Bereich der Innen- und Au\u00dfenausstattung von Wohnungen, Villen und Fabriken aus. Das Unternehmen verf\u00fcgt \u00fcber ein Arbeitsteam aus Ingenieuren und Vorgesetzten mit h\u00f6chster Kompetenz und Erfahrung bei der Umsetzung aller Aufgaben und der \u00dcberwachung [&hellip;]\" \/>\n<meta property=\"og:url\" content=\"https:\/\/futurehouse-construction.com\/\u062a\u0634\u0637\u064a\u0628\u0627\u062a\/\" \/>\n<meta property=\"og:site_name\" content=\"Future House Construction\" \/>\n<meta property=\"article:modified_time\" content=\"2024-12-25T13:25:46+00:00\" \/>\n<meta property=\"og:image\" content=\"https:\/\/futurehouse-construction.com\/wp-content\/uploads\/2024\/09\/33649.jpeg\" \/>\n\t<meta property=\"og:image:width\" content=\"1600\" \/>\n\t<meta property=\"og:image:height\" content=\"1068\" \/>\n\t<meta property=\"og:image:type\" content=\"image\/jpeg\" \/>\n<meta name=\"twitter:card\" content=\"summary_large_image\" \/>\n<meta name=\"twitter:label1\" content=\"Gesch\u00e4tzte Lesezeit\" \/>\n\t<meta name=\"twitter:data1\" content=\"1\u00a0Minute\" \/>\n<script type=\"application\/ld+json\" class=\"yoast-schema-graph\">{\"@context\":\"https:\/\/schema.org\",\"@graph\":[{\"@type\":\"WebPage\",\"@id\":\"https:\/\/futurehouse-construction.com\/%d8%aa%d8%b4%d8%b7%d9%8a%d8%a8%d8%a7%d8%aa\/\",\"url\":\"https:\/\/futurehouse-construction.com\/%d8%aa%d8%b4%d8%b7%d9%8a%d8%a8%d8%a7%d8%aa\/\",\"name\":\"Innenr\u00e4ume - Future House Construction\",\"isPartOf\":{\"@id\":\"https:\/\/futurehouse-construction.com\/en\/#website\"},\"primaryImageOfPage\":{\"@id\":\"https:\/\/futurehouse-construction.com\/%d8%aa%d8%b4%d8%b7%d9%8a%d8%a8%d8%a7%d8%aa\/#primaryimage\"},\"image\":{\"@id\":\"https:\/\/futurehouse-construction.com\/%d8%aa%d8%b4%d8%b7%d9%8a%d8%a8%d8%a7%d8%aa\/#primaryimage\"},\"thumbnailUrl\":\"https:\/\/futurehouse-construction.com\/wp-content\/uploads\/2024\/09\/33649.jpeg\",\"datePublished\":\"2024-07-21T07:25:21+00:00\",\"dateModified\":\"2024-12-25T13:25:46+00:00\",\"breadcrumb\":{\"@id\":\"https:\/\/futurehouse-construction.com\/%d8%aa%d8%b4%d8%b7%d9%8a%d8%a8%d8%a7%d8%aa\/#breadcrumb\"},\"inLanguage\":\"de\",\"potentialAction\":[{\"@type\":\"ReadAction\",\"target\":[\"https:\/\/futurehouse-construction.com\/%d8%aa%d8%b4%d8%b7%d9%8a%d8%a8%d8%a7%d8%aa\/\"]}]},{\"@type\":\"ImageObject\",\"inLanguage\":\"de\",\"@id\":\"https:\/\/futurehouse-construction.com\/%d8%aa%d8%b4%d8%b7%d9%8a%d8%a8%d8%a7%d8%aa\/#primaryimage\",\"url\":\"https:\/\/futurehouse-construction.com\/wp-content\/uploads\/2024\/09\/33649.jpeg\",\"contentUrl\":\"https:\/\/futurehouse-construction.com\/wp-content\/uploads\/2024\/09\/33649.jpeg\"},{\"@type\":\"BreadcrumbList\",\"@id\":\"https:\/\/futurehouse-construction.com\/%d8%aa%d8%b4%d8%b7%d9%8a%d8%a8%d8%a7%d8%aa\/#breadcrumb\",\"itemListElement\":[{\"@type\":\"ListItem\",\"position\":1,\"name\":\"Home\",\"item\":\"https:\/\/futurehouse-construction.com\/de\/\"},{\"@type\":\"ListItem\",\"position\":2,\"name\":\"Innenr\u00e4ume\"}]},{\"@type\":\"WebSite\",\"@id\":\"https:\/\/futurehouse-construction.com\/en\/#website\",\"url\":\"https:\/\/futurehouse-construction.com\/en\/\",\"name\":\"Future House Construction\",\"description\":\"\",\"publisher\":{\"@id\":\"https:\/\/futurehouse-construction.com\/en\/#organization\"},\"potentialAction\":[{\"@type\":\"SearchAction\",\"target\":{\"@type\":\"EntryPoint\",\"urlTemplate\":\"https:\/\/futurehouse-construction.com\/en\/?s={search_term_string}\"},\"query-input\":{\"@type\":\"PropertyValueSpecification\",\"valueRequired\":true,\"valueName\":\"search_term_string\"}}],\"inLanguage\":\"de\"},{\"@type\":\"Organization\",\"@id\":\"https:\/\/futurehouse-construction.com\/en\/#organization\",\"name\":\"Future House Construction\",\"url\":\"https:\/\/futurehouse-construction.com\/en\/\",\"logo\":{\"@type\":\"ImageObject\",\"inLanguage\":\"de\",\"@id\":\"https:\/\/futurehouse-construction.com\/en\/#\/schema\/logo\/image\/\",\"url\":\"https:\/\/futurehouse-construction.com\/wp-content\/uploads\/2024\/08\/Logo-PNG.png\",\"contentUrl\":\"https:\/\/futurehouse-construction.com\/wp-content\/uploads\/2024\/08\/Logo-PNG.png\",\"width\":577,\"height\":433,\"caption\":\"Future House Construction\"},\"image\":{\"@id\":\"https:\/\/futurehouse-construction.com\/en\/#\/schema\/logo\/image\/\"}}]}<\/script>\n<!-- \/ Yoast SEO plugin. -->","yoast_head_json":{"title":"Innenr\u00e4ume - Future House Construction","robots":{"index":"index","follow":"follow","max-snippet":"max-snippet:-1","max-image-preview":"max-image-preview:large","max-video-preview":"max-video-preview:-1"},"canonical":"https:\/\/futurehouse-construction.com\/\u062a\u0634\u0637\u064a\u0628\u0627\u062a\/","og_locale":"de_DE","og_type":"article","og_title":"Innenr\u00e4ume - Future House Construction","og_description":"Innen- und Au\u00dfenausbauarbeiten f\u00fcr Geb\u00e4ude Innen- und Au\u00dfenausbauarbeiten f\u00fcr Geb\u00e4ude Die Future House Company zeichnet sich durch ihre langj\u00e4hrige Erfahrung im Bereich der Innen- und Au\u00dfenausstattung von Wohnungen, Villen und Fabriken aus. Das Unternehmen verf\u00fcgt \u00fcber ein Arbeitsteam aus Ingenieuren und Vorgesetzten mit h\u00f6chster Kompetenz und Erfahrung bei der Umsetzung aller Aufgaben und der \u00dcberwachung [&hellip;]","og_url":"https:\/\/futurehouse-construction.com\/\u062a\u0634\u0637\u064a\u0628\u0627\u062a\/","og_site_name":"Future House Construction","article_modified_time":"2024-12-25T13:25:46+00:00","og_image":[{"width":1600,"height":1068,"url":"https:\/\/futurehouse-construction.com\/wp-content\/uploads\/2024\/09\/33649.jpeg","type":"image\/jpeg"}],"twitter_card":"summary_large_image","twitter_misc":{"Gesch\u00e4tzte Lesezeit":"1\u00a0Minute"},"schema":{"@context":"https:\/\/schema.org","@graph":[{"@type":"WebPage","@id":"https:\/\/futurehouse-construction.com\/%d8%aa%d8%b4%d8%b7%d9%8a%d8%a8%d8%a7%d8%aa\/","url":"https:\/\/futurehouse-construction.com\/%d8%aa%d8%b4%d8%b7%d9%8a%d8%a8%d8%a7%d8%aa\/","name":"Innenr\u00e4ume - Future House Construction","isPartOf":{"@id":"https:\/\/futurehouse-construction.com\/en\/#website"},"primaryImageOfPage":{"@id":"https:\/\/futurehouse-construction.com\/%d8%aa%d8%b4%d8%b7%d9%8a%d8%a8%d8%a7%d8%aa\/#primaryimage"},"image":{"@id":"https:\/\/futurehouse-construction.com\/%d8%aa%d8%b4%d8%b7%d9%8a%d8%a8%d8%a7%d8%aa\/#primaryimage"},"thumbnailUrl":"https:\/\/futurehouse-construction.com\/wp-content\/uploads\/2024\/09\/33649.jpeg","datePublished":"2024-07-21T07:25:21+00:00","dateModified":"2024-12-25T13:25:46+00:00","breadcrumb":{"@id":"https:\/\/futurehouse-construction.com\/%d8%aa%d8%b4%d8%b7%d9%8a%d8%a8%d8%a7%d8%aa\/#breadcrumb"},"inLanguage":"de","potentialAction":[{"@type":"ReadAction","target":["https:\/\/futurehouse-construction.com\/%d8%aa%d8%b4%d8%b7%d9%8a%d8%a8%d8%a7%d8%aa\/"]}]},{"@type":"ImageObject","inLanguage":"de","@id":"https:\/\/futurehouse-construction.com\/%d8%aa%d8%b4%d8%b7%d9%8a%d8%a8%d8%a7%d8%aa\/#primaryimage","url":"https:\/\/futurehouse-construction.com\/wp-content\/uploads\/2024\/09\/33649.jpeg","contentUrl":"https:\/\/futurehouse-construction.com\/wp-content\/uploads\/2024\/09\/33649.jpeg"},{"@type":"BreadcrumbList","@id":"https:\/\/futurehouse-construction.com\/%d8%aa%d8%b4%d8%b7%d9%8a%d8%a8%d8%a7%d8%aa\/#breadcrumb","itemListElement":[{"@type":"ListItem","position":1,"name":"Home","item":"https:\/\/futurehouse-construction.com\/de\/"},{"@type":"ListItem","position":2,"name":"Innenr\u00e4ume"}]},{"@type":"WebSite","@id":"https:\/\/futurehouse-construction.com\/en\/#website","url":"https:\/\/futurehouse-construction.com\/en\/","name":"Future House Construction","description":"","publisher":{"@id":"https:\/\/futurehouse-construction.com\/en\/#organization"},"potentialAction":[{"@type":"SearchAction","target":{"@type":"EntryPoint","urlTemplate":"https:\/\/futurehouse-construction.com\/en\/?s={search_term_string}"},"query-input":{"@type":"PropertyValueSpecification","valueRequired":true,"valueName":"search_term_string"}}],"inLanguage":"de"},{"@type":"Organization","@id":"https:\/\/futurehouse-construction.com\/en\/#organization","name":"Future House Construction","url":"https:\/\/futurehouse-construction.com\/en\/","logo":{"@type":"ImageObject","inLanguage":"de","@id":"https:\/\/futurehouse-construction.com\/en\/#\/schema\/logo\/image\/","url":"https:\/\/futurehouse-construction.com\/wp-content\/uploads\/2024\/08\/Logo-PNG.png","contentUrl":"https:\/\/futurehouse-construction.com\/wp-content\/uploads\/2024\/08\/Logo-PNG.png","width":577,"height":433,"caption":"Future House Construction"},"image":{"@id":"https:\/\/futurehouse-construction.com\/en\/#\/schema\/logo\/image\/"}}]}},"_links":{"self":[{"href":"https:\/\/futurehouse-construction.com\/de\/wp-json\/wp\/v2\/pages\/18217","targetHints":{"allow":["GET"]}}],"collection":[{"href":"https:\/\/futurehouse-construction.com\/de\/wp-json\/wp\/v2\/pages"}],"about":[{"href":"https:\/\/futurehouse-construction.com\/de\/wp-json\/wp\/v2\/types\/page"}],"author":[{"embeddable":true,"href":"https:\/\/futurehouse-construction.com\/de\/wp-json\/wp\/v2\/users\/2"}],"replies":[{"embeddable":true,"href":"https:\/\/futurehouse-construction.com\/de\/wp-json\/wp\/v2\/comments?post=18217"}],"version-history":[{"count":4,"href":"https:\/\/futurehouse-construction.com\/de\/wp-json\/wp\/v2\/pages\/18217\/revisions"}],"predecessor-version":[{"id":18410,"href":"https:\/\/futurehouse-construction.com\/de\/wp-json\/wp\/v2\/pages\/18217\/revisions\/18410"}],"wp:attachment":[{"href":"https:\/\/futurehouse-construction.com\/de\/wp-json\/wp\/v2\/media?parent=18217"}],"curies":[{"name":"wp","href":"https:\/\/api.w.org\/{rel}","templated":true}]}}