{"id":18213,"date":"2024-07-21T10:02:10","date_gmt":"2024-07-21T07:02:10","guid":{"rendered":"https:\/\/futurehouse-construction.com\/?page_id=18213"},"modified":"2024-12-25T15:21:20","modified_gmt":"2024-12-25T13:21:20","slug":"importierter-marmor","status":"publish","type":"page","link":"https:\/\/futurehouse-construction.com\/de\/importierter-marmor\/","title":{"rendered":"Importierter Marmor"},"content":{"rendered":"\t\t<div data-elementor-type=\"wp-page\" data-elementor-id=\"18213\" class=\"elementor elementor-18213 elementor-407\" data-elementor-post-type=\"page\">\n\t\t\t\t\t\t<section class=\"elementor-section elementor-top-section elementor-element elementor-element-67f2a19 elementor-section-boxed elementor-section-height-default elementor-section-height-default\" data-id=\"67f2a19\" data-element_type=\"section\" data-e-type=\"section\">\n\t\t\t\t\t\t<div class=\"elementor-container elementor-column-gap-default\">\n\t\t\t\t\t<div class=\"aux-parallax-section elementor-column elementor-col-100 elementor-top-column elementor-element elementor-element-eebf177\" data-id=\"eebf177\" data-element_type=\"column\" data-e-type=\"column\">\n\t\t\t<div class=\"elementor-widget-wrap elementor-element-populated\">\n\t\t\t\t\t\t<div class=\"elementor-element elementor-element-0a608c0 elementor-widget-divider--view-line_text elementor-widget-divider--element-align-center elementor-widget elementor-widget-divider\" data-id=\"0a608c0\" data-element_type=\"widget\" data-e-type=\"widget\" data-settings=\"{&quot;ekit_we_effect_on&quot;:&quot;none&quot;}\" data-widget_type=\"divider.default\">\n\t\t\t\t\t\t\t<div class=\"elementor-divider\">\n\t\t\t<span class=\"elementor-divider-separator\">\n\t\t\t\t\t\t\t<span class=\"elementor-divider__text elementor-divider__element\">\n\t\t\t\tMarmorvasen\t\t\t\t<\/span>\n\t\t\t\t\t\t<\/span>\n\t\t<\/div>\n\t\t\t\t\t\t<\/div>\n\t\t\t\t\t<\/div>\n\t\t<\/div>\n\t\t\t\t\t<\/div>\n\t\t<\/section>\n\t\t\t\t<section class=\"elementor-section elementor-top-section elementor-element elementor-element-8cbadd1 elementor-section-boxed elementor-section-height-default elementor-section-height-default\" data-id=\"8cbadd1\" data-element_type=\"section\" data-e-type=\"section\">\n\t\t\t\t\t\t<div class=\"elementor-container elementor-column-gap-default\">\n\t\t\t\t\t<div class=\"aux-parallax-section elementor-column elementor-col-16 elementor-top-column elementor-element elementor-element-81195e6\" data-id=\"81195e6\" data-element_type=\"column\" data-e-type=\"column\">\n\t\t\t<div class=\"elementor-widget-wrap\">\n\t\t\t\t\t\t\t<\/div>\n\t\t<\/div>\n\t\t\t\t<div class=\"aux-parallax-section elementor-column elementor-col-66 elementor-top-column elementor-element elementor-element-3312e1f\" data-id=\"3312e1f\" data-element_type=\"column\" data-e-type=\"column\">\n\t\t\t<div class=\"elementor-widget-wrap elementor-element-populated\">\n\t\t\t\t\t\t<div class=\"elementor-element elementor-element-748d6ce elementor-widget elementor-widget-ucaddon_uc_carousel_image\" data-id=\"748d6ce\" data-element_type=\"widget\" data-e-type=\"widget\" data-settings=\"{&quot;ekit_we_effect_on&quot;:&quot;none&quot;}\" data-widget_type=\"ucaddon_uc_carousel_image.default\">\n\t\t\t\t<div class=\"elementor-widget-container\">\n\t\t\t\t\t\n<!-- start Carousel Gallery -->\n\t\t<link id='unitegallery-css' href='https:\/\/futurehouse-construction.com\/wp-content\/plugins\/unlimited-elements-for-elementor\/assets_libraries\/unitegallery\/css\/unite-gallery.css' type='text\/css' rel='stylesheet' >\n\n\n<div id=\"uc_uc_carousel_image_elementor_748d6ce\" style=\"display:none;\" class=\"uc-items-wrapper\" data-custom-sethtml=\"true\" >\n\n\n<img decoding=\"async\" alt=\"498793_e099d634371d422e88ddd8679385489c~mv2\"\n   src=\"https:\/\/futurehouse-construction.com\/wp-content\/uploads\/2024\/06\/498793_e099d634371d422e88ddd8679385489cmv2.webp\"\n    data-image=\"https:\/\/futurehouse-construction.com\/wp-content\/uploads\/2024\/06\/498793_e099d634371d422e88ddd8679385489cmv2.webp\"\n    data-title=\"498793_e099d634371d422e88ddd8679385489c~mv2\">\n\n<img decoding=\"async\" alt=\"498793_8eb30884b69e4c1a8e648ced462fc8e6~mv2\"\n   src=\"https:\/\/futurehouse-construction.com\/wp-content\/uploads\/2024\/06\/498793_8eb30884b69e4c1a8e648ced462fc8e6mv2.webp\"\n    data-image=\"https:\/\/futurehouse-construction.com\/wp-content\/uploads\/2024\/06\/498793_8eb30884b69e4c1a8e648ced462fc8e6mv2.webp\"\n    data-title=\"498793_8eb30884b69e4c1a8e648ced462fc8e6~mv2\">\n\n<img decoding=\"async\" alt=\"498793_aa07772714d5434ea09d25f3c4390542~mv2\"\n   src=\"https:\/\/futurehouse-construction.com\/wp-content\/uploads\/2024\/06\/498793_aa07772714d5434ea09d25f3c4390542mv2.webp\"\n    data-image=\"https:\/\/futurehouse-construction.com\/wp-content\/uploads\/2024\/06\/498793_aa07772714d5434ea09d25f3c4390542mv2.webp\"\n    data-title=\"498793_aa07772714d5434ea09d25f3c4390542~mv2\">\n\n<img decoding=\"async\" alt=\"498793_7c6bf070b8114f78a62345ea5f37c3a4~mv2\"\n   src=\"https:\/\/futurehouse-construction.com\/wp-content\/uploads\/2024\/06\/498793_7c6bf070b8114f78a62345ea5f37c3a4mv2.webp\"\n    data-image=\"https:\/\/futurehouse-construction.com\/wp-content\/uploads\/2024\/06\/498793_7c6bf070b8114f78a62345ea5f37c3a4mv2.webp\"\n    data-title=\"498793_7c6bf070b8114f78a62345ea5f37c3a4~mv2\">\n\n  \n<\/div>\n<!-- end Carousel Gallery -->\t\t\t\t<\/div>\n\t\t\t\t<\/div>\n\t\t\t\t\t<\/div>\n\t\t<\/div>\n\t\t\t\t<div class=\"aux-parallax-section elementor-column elementor-col-16 elementor-top-column elementor-element elementor-element-5f91313\" data-id=\"5f91313\" data-element_type=\"column\" data-e-type=\"column\">\n\t\t\t<div class=\"elementor-widget-wrap\">\n\t\t\t\t\t\t\t<\/div>\n\t\t<\/div>\n\t\t\t\t\t<\/div>\n\t\t<\/section>\n\t\t\t\t<section class=\"elementor-section elementor-top-section elementor-element elementor-element-164a963 elementor-section-boxed elementor-section-height-default elementor-section-height-default\" data-id=\"164a963\" data-element_type=\"section\" data-e-type=\"section\">\n\t\t\t\t\t\t<div class=\"elementor-container elementor-column-gap-default\">\n\t\t\t\t\t<div class=\"aux-parallax-section elementor-column elementor-col-100 elementor-top-column elementor-element elementor-element-b662c41\" data-id=\"b662c41\" data-element_type=\"column\" data-e-type=\"column\">\n\t\t\t<div class=\"elementor-widget-wrap elementor-element-populated\">\n\t\t\t\t\t\t<div class=\"elementor-element elementor-element-a012a16 elementor-widget-divider--view-line_text elementor-widget-divider--element-align-center elementor-widget elementor-widget-divider\" data-id=\"a012a16\" data-element_type=\"widget\" data-e-type=\"widget\" data-settings=\"{&quot;ekit_we_effect_on&quot;:&quot;none&quot;}\" data-widget_type=\"divider.default\">\n\t\t\t\t\t\t\t<div class=\"elementor-divider\">\n\t\t\t<span class=\"elementor-divider-separator\">\n\t\t\t\t\t\t\t<span class=\"elementor-divider__text elementor-divider__element\">\n\t\t\t\tSpezifikationen\t\t\t\t<\/span>\n\t\t\t\t\t\t<\/span>\n\t\t<\/div>\n\t\t\t\t\t\t<\/div>\n\t\t\t\t<div class=\"elementor-element elementor-element-b65dcfa elementor-widget elementor-widget-text-editor\" data-id=\"b65dcfa\" data-element_type=\"widget\" data-e-type=\"widget\" data-settings=\"{&quot;ekit_we_effect_on&quot;:&quot;none&quot;}\" data-widget_type=\"text-editor.default\">\n\t\t\t\t\t\t\t\t\t<main id=\"PAGES_CONTAINER\" class=\"PAGES_CONTAINER\" tabindex=\"-1\" data-main-content=\"true\"><\/main><div id=\"SITE_PAGES\" class=\"JsJXaX SITE_PAGES\"><div id=\"SITE_PAGES_TRANSITION_GROUP\" class=\"AnQkDU\"><div id=\"im36e\" class=\"dBAkHi im36e\"><div class=\"HT5ybB\"><div id=\"Containerim36e\" class=\"Containerim36e SPY_vo\"><div class=\"\" data-mesh-id=\"Containerim36einlineContent\" data-testid=\"inline-content\"><div data-mesh-id=\"Containerim36einlineContent-gridContainer\" data-testid=\"mesh-container-content\"><section id=\"comp-ls39lnqh1\" class=\"Oqnisf comp-ls39lnqh1 wixui-section\" tabindex=\"-1\" data-block-level-container=\"ClassicSection\"><div class=\"\" data-mesh-id=\"comp-ls39lnqh1inlineContent\" data-testid=\"inline-content\"><div data-mesh-id=\"comp-ls39lnqh1inlineContent-gridContainer\" data-testid=\"mesh-container-content\"><div id=\"comp-l8bylrvj\" class=\"HcOXKn c9GqVL QxJLC3 comp-l8bylrvj wixui-rich-text\" data-testid=\"richTextElement\"><p class=\"font_8 wixui-rich-text__text\" dir=\"rtl\" style=\"text-align: left;\"><strong>Materialname:<\/strong> Rosso Oropeco<br \/><strong>Materialtyp:<\/strong> Importierter Marmor<br \/><strong>Materialfarbe:<\/strong> Rot<br \/><strong>Herkunftsland:<\/strong> Italienisch<br \/><strong>Verwendung:<\/strong> B\u00f6den, W\u00e4nde, Treppen, Treppen, Waschbecken, K\u00fcchen, Au\u00dfenbereiche, Innenr\u00e4ume, S\u00e4ulen, Heizungen<\/p><p>Wir liefern und installieren B\u00f6den, W\u00e4nde, Au\u00dfenfassaden, Innenfassaden, S\u00e4ulen, Auffangwannen, Heizungen, Treppen, Waschbecken, K\u00fcchen, Arbeiten, Wasserleitungen und verschiedene Dekorationen.<\/p><p>Wir k\u00f6nnen auch alle Entw\u00fcrfe f\u00fcr Villen, Pal\u00e4ste, Wohnungen, B\u00fcros und Gesch\u00e4fte erstellen<\/p><p><strong>Holen Sie sich Ihr Design nach Hause:<\/strong> Wir verf\u00fcgen \u00fcber eine Auswahl der besten Ingenieure, die jederzeit f\u00fcr Sie da sind<\/p><p>Wir bieten die h\u00f6chste Verarbeitungs- und Installationsqualit\u00e4t zu den g\u00fcnstigsten Preisen<\/p><\/div><\/div><\/div><\/section><\/div><\/div><\/div><\/div><\/div><\/div><\/div>\t\t\t\t\t\t\t\t<\/div>\n\t\t\t\t\t<\/div>\n\t\t<\/div>\n\t\t\t\t\t<\/div>\n\t\t<\/section>\n\t\t\t\t<\/div>\n\t\t","protected":false},"excerpt":{"rendered":"<p>Marmorvasen Spezifikationen Materialname: Rosso OropecoMaterialtyp: Importierter MarmorMaterialfarbe: RotHerkunftsland: ItalienischVerwendung: B\u00f6den, W\u00e4nde, Treppen, Treppen, Waschbecken, K\u00fcchen, Au\u00dfenbereiche, Innenr\u00e4ume, S\u00e4ulen, Heizungen Wir liefern und installieren B\u00f6den, W\u00e4nde, Au\u00dfenfassaden, Innenfassaden, S\u00e4ulen, Auffangwannen, Heizungen, Treppen, Waschbecken, K\u00fcchen, Arbeiten, Wasserleitungen und verschiedene Dekorationen. Wir k\u00f6nnen auch alle Entw\u00fcrfe f\u00fcr Villen, Pal\u00e4ste, Wohnungen, B\u00fcros und Gesch\u00e4fte erstellen Holen Sie sich Ihr [&hellip;]<\/p>\n","protected":false},"author":2,"featured_media":0,"parent":0,"menu_order":0,"comment_status":"closed","ping_status":"closed","template":"","meta":{"footnotes":""},"class_list":["post-18213","page","type-page","status-publish","hentry"],"yoast_head":"<!-- This site is optimized with the Yoast SEO plugin v27.0 - https:\/\/yoast.com\/product\/yoast-seo-wordpress\/ -->\n<title>Importierter Marmor - Future House Construction<\/title>\n<meta name=\"robots\" content=\"index, follow, max-snippet:-1, max-image-preview:large, max-video-preview:-1\" \/>\n<link rel=\"canonical\" href=\"https:\/\/futurehouse-construction.com\/\u0631\u062e\u0627\u0645-\u0645\u0633\u062a\u0648\u0631\u062f\/\" \/>\n<meta property=\"og:locale\" content=\"de_DE\" \/>\n<meta property=\"og:type\" content=\"article\" \/>\n<meta property=\"og:title\" content=\"Importierter Marmor - Future House Construction\" \/>\n<meta property=\"og:description\" content=\"Marmorvasen Spezifikationen Materialname: Rosso OropecoMaterialtyp: Importierter MarmorMaterialfarbe: RotHerkunftsland: ItalienischVerwendung: B\u00f6den, W\u00e4nde, Treppen, Treppen, Waschbecken, K\u00fcchen, Au\u00dfenbereiche, Innenr\u00e4ume, S\u00e4ulen, Heizungen Wir liefern und installieren B\u00f6den, W\u00e4nde, Au\u00dfenfassaden, Innenfassaden, S\u00e4ulen, Auffangwannen, Heizungen, Treppen, Waschbecken, K\u00fcchen, Arbeiten, Wasserleitungen und verschiedene Dekorationen. Wir k\u00f6nnen auch alle Entw\u00fcrfe f\u00fcr Villen, Pal\u00e4ste, Wohnungen, B\u00fcros und Gesch\u00e4fte erstellen Holen Sie sich Ihr [&hellip;]\" \/>\n<meta property=\"og:url\" content=\"https:\/\/futurehouse-construction.com\/\u0631\u062e\u0627\u0645-\u0645\u0633\u062a\u0648\u0631\u062f\/\" \/>\n<meta property=\"og:site_name\" content=\"Future House Construction\" \/>\n<meta property=\"article:modified_time\" content=\"2024-12-25T13:21:20+00:00\" \/>\n<meta property=\"og:image\" content=\"https:\/\/futurehouse-construction.com\/wp-content\/uploads\/2024\/06\/498793_e099d634371d422e88ddd8679385489cmv2.webp\" \/>\n<meta name=\"twitter:card\" content=\"summary_large_image\" \/>\n<meta name=\"twitter:label1\" content=\"Gesch\u00e4tzte Lesezeit\" \/>\n\t<meta name=\"twitter:data1\" content=\"1\u00a0Minute\" \/>\n<script type=\"application\/ld+json\" class=\"yoast-schema-graph\">{\"@context\":\"https:\/\/schema.org\",\"@graph\":[{\"@type\":\"WebPage\",\"@id\":\"https:\/\/futurehouse-construction.com\/%d8%b1%d8%ae%d8%a7%d9%85-%d9%85%d8%b3%d8%aa%d9%88%d8%b1%d8%af\/\",\"url\":\"https:\/\/futurehouse-construction.com\/%d8%b1%d8%ae%d8%a7%d9%85-%d9%85%d8%b3%d8%aa%d9%88%d8%b1%d8%af\/\",\"name\":\"Importierter Marmor - Future House Construction\",\"isPartOf\":{\"@id\":\"https:\/\/futurehouse-construction.com\/en\/#website\"},\"primaryImageOfPage\":{\"@id\":\"https:\/\/futurehouse-construction.com\/%d8%b1%d8%ae%d8%a7%d9%85-%d9%85%d8%b3%d8%aa%d9%88%d8%b1%d8%af\/#primaryimage\"},\"image\":{\"@id\":\"https:\/\/futurehouse-construction.com\/%d8%b1%d8%ae%d8%a7%d9%85-%d9%85%d8%b3%d8%aa%d9%88%d8%b1%d8%af\/#primaryimage\"},\"thumbnailUrl\":\"https:\/\/futurehouse-construction.com\/wp-content\/uploads\/2024\/06\/498793_e099d634371d422e88ddd8679385489cmv2.webp\",\"datePublished\":\"2024-07-21T07:02:10+00:00\",\"dateModified\":\"2024-12-25T13:21:20+00:00\",\"breadcrumb\":{\"@id\":\"https:\/\/futurehouse-construction.com\/%d8%b1%d8%ae%d8%a7%d9%85-%d9%85%d8%b3%d8%aa%d9%88%d8%b1%d8%af\/#breadcrumb\"},\"inLanguage\":\"de\",\"potentialAction\":[{\"@type\":\"ReadAction\",\"target\":[\"https:\/\/futurehouse-construction.com\/%d8%b1%d8%ae%d8%a7%d9%85-%d9%85%d8%b3%d8%aa%d9%88%d8%b1%d8%af\/\"]}]},{\"@type\":\"ImageObject\",\"inLanguage\":\"de\",\"@id\":\"https:\/\/futurehouse-construction.com\/%d8%b1%d8%ae%d8%a7%d9%85-%d9%85%d8%b3%d8%aa%d9%88%d8%b1%d8%af\/#primaryimage\",\"url\":\"https:\/\/futurehouse-construction.com\/wp-content\/uploads\/2024\/06\/498793_e099d634371d422e88ddd8679385489cmv2.webp\",\"contentUrl\":\"https:\/\/futurehouse-construction.com\/wp-content\/uploads\/2024\/06\/498793_e099d634371d422e88ddd8679385489cmv2.webp\"},{\"@type\":\"BreadcrumbList\",\"@id\":\"https:\/\/futurehouse-construction.com\/%d8%b1%d8%ae%d8%a7%d9%85-%d9%85%d8%b3%d8%aa%d9%88%d8%b1%d8%af\/#breadcrumb\",\"itemListElement\":[{\"@type\":\"ListItem\",\"position\":1,\"name\":\"Home\",\"item\":\"https:\/\/futurehouse-construction.com\/de\/\"},{\"@type\":\"ListItem\",\"position\":2,\"name\":\"Importierter Marmor\"}]},{\"@type\":\"WebSite\",\"@id\":\"https:\/\/futurehouse-construction.com\/en\/#website\",\"url\":\"https:\/\/futurehouse-construction.com\/en\/\",\"name\":\"Future House Construction\",\"description\":\"\",\"publisher\":{\"@id\":\"https:\/\/futurehouse-construction.com\/en\/#organization\"},\"potentialAction\":[{\"@type\":\"SearchAction\",\"target\":{\"@type\":\"EntryPoint\",\"urlTemplate\":\"https:\/\/futurehouse-construction.com\/en\/?s={search_term_string}\"},\"query-input\":{\"@type\":\"PropertyValueSpecification\",\"valueRequired\":true,\"valueName\":\"search_term_string\"}}],\"inLanguage\":\"de\"},{\"@type\":\"Organization\",\"@id\":\"https:\/\/futurehouse-construction.com\/en\/#organization\",\"name\":\"Future House Construction\",\"url\":\"https:\/\/futurehouse-construction.com\/en\/\",\"logo\":{\"@type\":\"ImageObject\",\"inLanguage\":\"de\",\"@id\":\"https:\/\/futurehouse-construction.com\/en\/#\/schema\/logo\/image\/\",\"url\":\"https:\/\/futurehouse-construction.com\/wp-content\/uploads\/2024\/08\/Logo-PNG.png\",\"contentUrl\":\"https:\/\/futurehouse-construction.com\/wp-content\/uploads\/2024\/08\/Logo-PNG.png\",\"width\":577,\"height\":433,\"caption\":\"Future House Construction\"},\"image\":{\"@id\":\"https:\/\/futurehouse-construction.com\/en\/#\/schema\/logo\/image\/\"}}]}<\/script>\n<!-- \/ Yoast SEO plugin. -->","yoast_head_json":{"title":"Importierter Marmor - Future House Construction","robots":{"index":"index","follow":"follow","max-snippet":"max-snippet:-1","max-image-preview":"max-image-preview:large","max-video-preview":"max-video-preview:-1"},"canonical":"https:\/\/futurehouse-construction.com\/\u0631\u062e\u0627\u0645-\u0645\u0633\u062a\u0648\u0631\u062f\/","og_locale":"de_DE","og_type":"article","og_title":"Importierter Marmor - Future House Construction","og_description":"Marmorvasen Spezifikationen Materialname: Rosso OropecoMaterialtyp: Importierter MarmorMaterialfarbe: RotHerkunftsland: ItalienischVerwendung: B\u00f6den, W\u00e4nde, Treppen, Treppen, Waschbecken, K\u00fcchen, Au\u00dfenbereiche, Innenr\u00e4ume, S\u00e4ulen, Heizungen Wir liefern und installieren B\u00f6den, W\u00e4nde, Au\u00dfenfassaden, Innenfassaden, S\u00e4ulen, Auffangwannen, Heizungen, Treppen, Waschbecken, K\u00fcchen, Arbeiten, Wasserleitungen und verschiedene Dekorationen. Wir k\u00f6nnen auch alle Entw\u00fcrfe f\u00fcr Villen, Pal\u00e4ste, Wohnungen, B\u00fcros und Gesch\u00e4fte erstellen Holen Sie sich Ihr [&hellip;]","og_url":"https:\/\/futurehouse-construction.com\/\u0631\u062e\u0627\u0645-\u0645\u0633\u062a\u0648\u0631\u062f\/","og_site_name":"Future House Construction","article_modified_time":"2024-12-25T13:21:20+00:00","og_image":[{"url":"https:\/\/futurehouse-construction.com\/wp-content\/uploads\/2024\/06\/498793_e099d634371d422e88ddd8679385489cmv2.webp","type":"","width":"","height":""}],"twitter_card":"summary_large_image","twitter_misc":{"Gesch\u00e4tzte Lesezeit":"1\u00a0Minute"},"schema":{"@context":"https:\/\/schema.org","@graph":[{"@type":"WebPage","@id":"https:\/\/futurehouse-construction.com\/%d8%b1%d8%ae%d8%a7%d9%85-%d9%85%d8%b3%d8%aa%d9%88%d8%b1%d8%af\/","url":"https:\/\/futurehouse-construction.com\/%d8%b1%d8%ae%d8%a7%d9%85-%d9%85%d8%b3%d8%aa%d9%88%d8%b1%d8%af\/","name":"Importierter Marmor - Future House Construction","isPartOf":{"@id":"https:\/\/futurehouse-construction.com\/en\/#website"},"primaryImageOfPage":{"@id":"https:\/\/futurehouse-construction.com\/%d8%b1%d8%ae%d8%a7%d9%85-%d9%85%d8%b3%d8%aa%d9%88%d8%b1%d8%af\/#primaryimage"},"image":{"@id":"https:\/\/futurehouse-construction.com\/%d8%b1%d8%ae%d8%a7%d9%85-%d9%85%d8%b3%d8%aa%d9%88%d8%b1%d8%af\/#primaryimage"},"thumbnailUrl":"https:\/\/futurehouse-construction.com\/wp-content\/uploads\/2024\/06\/498793_e099d634371d422e88ddd8679385489cmv2.webp","datePublished":"2024-07-21T07:02:10+00:00","dateModified":"2024-12-25T13:21:20+00:00","breadcrumb":{"@id":"https:\/\/futurehouse-construction.com\/%d8%b1%d8%ae%d8%a7%d9%85-%d9%85%d8%b3%d8%aa%d9%88%d8%b1%d8%af\/#breadcrumb"},"inLanguage":"de","potentialAction":[{"@type":"ReadAction","target":["https:\/\/futurehouse-construction.com\/%d8%b1%d8%ae%d8%a7%d9%85-%d9%85%d8%b3%d8%aa%d9%88%d8%b1%d8%af\/"]}]},{"@type":"ImageObject","inLanguage":"de","@id":"https:\/\/futurehouse-construction.com\/%d8%b1%d8%ae%d8%a7%d9%85-%d9%85%d8%b3%d8%aa%d9%88%d8%b1%d8%af\/#primaryimage","url":"https:\/\/futurehouse-construction.com\/wp-content\/uploads\/2024\/06\/498793_e099d634371d422e88ddd8679385489cmv2.webp","contentUrl":"https:\/\/futurehouse-construction.com\/wp-content\/uploads\/2024\/06\/498793_e099d634371d422e88ddd8679385489cmv2.webp"},{"@type":"BreadcrumbList","@id":"https:\/\/futurehouse-construction.com\/%d8%b1%d8%ae%d8%a7%d9%85-%d9%85%d8%b3%d8%aa%d9%88%d8%b1%d8%af\/#breadcrumb","itemListElement":[{"@type":"ListItem","position":1,"name":"Home","item":"https:\/\/futurehouse-construction.com\/de\/"},{"@type":"ListItem","position":2,"name":"Importierter Marmor"}]},{"@type":"WebSite","@id":"https:\/\/futurehouse-construction.com\/en\/#website","url":"https:\/\/futurehouse-construction.com\/en\/","name":"Future House Construction","description":"","publisher":{"@id":"https:\/\/futurehouse-construction.com\/en\/#organization"},"potentialAction":[{"@type":"SearchAction","target":{"@type":"EntryPoint","urlTemplate":"https:\/\/futurehouse-construction.com\/en\/?s={search_term_string}"},"query-input":{"@type":"PropertyValueSpecification","valueRequired":true,"valueName":"search_term_string"}}],"inLanguage":"de"},{"@type":"Organization","@id":"https:\/\/futurehouse-construction.com\/en\/#organization","name":"Future House Construction","url":"https:\/\/futurehouse-construction.com\/en\/","logo":{"@type":"ImageObject","inLanguage":"de","@id":"https:\/\/futurehouse-construction.com\/en\/#\/schema\/logo\/image\/","url":"https:\/\/futurehouse-construction.com\/wp-content\/uploads\/2024\/08\/Logo-PNG.png","contentUrl":"https:\/\/futurehouse-construction.com\/wp-content\/uploads\/2024\/08\/Logo-PNG.png","width":577,"height":433,"caption":"Future House Construction"},"image":{"@id":"https:\/\/futurehouse-construction.com\/en\/#\/schema\/logo\/image\/"}}]}},"_links":{"self":[{"href":"https:\/\/futurehouse-construction.com\/de\/wp-json\/wp\/v2\/pages\/18213","targetHints":{"allow":["GET"]}}],"collection":[{"href":"https:\/\/futurehouse-construction.com\/de\/wp-json\/wp\/v2\/pages"}],"about":[{"href":"https:\/\/futurehouse-construction.com\/de\/wp-json\/wp\/v2\/types\/page"}],"author":[{"embeddable":true,"href":"https:\/\/futurehouse-construction.com\/de\/wp-json\/wp\/v2\/users\/2"}],"replies":[{"embeddable":true,"href":"https:\/\/futurehouse-construction.com\/de\/wp-json\/wp\/v2\/comments?post=18213"}],"version-history":[{"count":5,"href":"https:\/\/futurehouse-construction.com\/de\/wp-json\/wp\/v2\/pages\/18213\/revisions"}],"predecessor-version":[{"id":20372,"href":"https:\/\/futurehouse-construction.com\/de\/wp-json\/wp\/v2\/pages\/18213\/revisions\/20372"}],"wp:attachment":[{"href":"https:\/\/futurehouse-construction.com\/de\/wp-json\/wp\/v2\/media?parent=18213"}],"curies":[{"name":"wp","href":"https:\/\/api.w.org\/{rel}","templated":true}]}}