{"id":18202,"date":"2024-07-21T10:28:15","date_gmt":"2024-07-21T07:28:15","guid":{"rendered":"https:\/\/futurehouse-construction.com\/?page_id=18202"},"modified":"2024-12-25T15:10:55","modified_gmt":"2024-12-25T13:10:55","slug":"hard-landscape","status":"publish","type":"page","link":"https:\/\/futurehouse-construction.com\/de\/hard-landscape\/","title":{"rendered":"Hard Landscape"},"content":{"rendered":"\t\t<div data-elementor-type=\"wp-page\" data-elementor-id=\"18202\" class=\"elementor elementor-18202 elementor-433\" data-elementor-post-type=\"page\">\n\t\t\t\t\t\t<section class=\"elementor-section elementor-top-section elementor-element elementor-element-0d0c571 elementor-section-full_width elementor-section-stretched elementor-section-height-default elementor-section-height-default\" data-id=\"0d0c571\" data-element_type=\"section\" data-e-type=\"section\" data-settings=\"{&quot;stretch_section&quot;:&quot;section-stretched&quot;,&quot;background_background&quot;:&quot;classic&quot;}\">\n\t\t\t\t\t\t\t<div class=\"elementor-background-overlay\"><\/div>\n\t\t\t\t\t\t\t<div class=\"elementor-container elementor-column-gap-default\">\n\t\t\t\t\t<div class=\"aux-parallax-section elementor-column elementor-col-100 elementor-top-column elementor-element elementor-element-7ac46d6\" data-id=\"7ac46d6\" data-element_type=\"column\" data-e-type=\"column\">\n\t\t\t<div class=\"elementor-widget-wrap elementor-element-populated\">\n\t\t\t\t\t\t<div class=\"elementor-element elementor-element-41d7d46 elementor-position-top elementor-widget elementor-widget-image-box\" data-id=\"41d7d46\" data-element_type=\"widget\" data-e-type=\"widget\" data-settings=\"{&quot;ekit_we_effect_on&quot;:&quot;none&quot;}\" data-widget_type=\"image-box.default\">\n\t\t\t\t\t<div class=\"elementor-image-box-wrapper\"><figure class=\"elementor-image-box-img\"><img decoding=\"async\" width=\"70\" height=\"70\" src=\"https:\/\/futurehouse-construction.com\/wp-content\/uploads\/2024\/09\/icon-01-4-1.png\" class=\"attachment-full size-full wp-image-1721\" alt=\"\" \/><\/figure><div class=\"elementor-image-box-content\"><h3 class=\"elementor-image-box-title\">Harte Landschaft<\/h3><\/div><\/div>\t\t\t\t<\/div>\n\t\t\t\t\t<\/div>\n\t\t<\/div>\n\t\t\t\t\t<\/div>\n\t\t<\/section>\n\t\t\t\t<section class=\"elementor-section elementor-top-section elementor-element elementor-element-728cbdd elementor-section-boxed elementor-section-height-default elementor-section-height-default\" data-id=\"728cbdd\" data-element_type=\"section\" data-e-type=\"section\">\n\t\t\t\t\t\t<div class=\"elementor-container elementor-column-gap-default\">\n\t\t\t\t\t<div class=\"aux-parallax-section elementor-column elementor-col-100 elementor-top-column elementor-element elementor-element-0fbbef4\" data-id=\"0fbbef4\" data-element_type=\"column\" data-e-type=\"column\">\n\t\t\t<div class=\"elementor-widget-wrap elementor-element-populated\">\n\t\t\t\t\t\t<div class=\"elementor-element elementor-element-4bb5b26 elementor-widget elementor-widget-spacer\" data-id=\"4bb5b26\" data-element_type=\"widget\" data-e-type=\"widget\" data-settings=\"{&quot;ekit_we_effect_on&quot;:&quot;none&quot;}\" data-widget_type=\"spacer.default\">\n\t\t\t\t\t\t\t<div class=\"elementor-spacer\">\n\t\t\t<div class=\"elementor-spacer-inner\"><\/div>\n\t\t<\/div>\n\t\t\t\t\t\t<\/div>\n\t\t\t\t\t<\/div>\n\t\t<\/div>\n\t\t\t\t\t<\/div>\n\t\t<\/section>\n\t\t\t\t<section class=\"elementor-section elementor-top-section elementor-element elementor-element-1cdb679 elementor-section-full_width elementor-section-stretched elementor-section-height-default elementor-section-height-default\" data-id=\"1cdb679\" data-element_type=\"section\" data-e-type=\"section\" data-settings=\"{&quot;stretch_section&quot;:&quot;section-stretched&quot;}\">\n\t\t\t\t\t\t<div class=\"elementor-container elementor-column-gap-default\">\n\t\t\t\t\t<div class=\"aux-parallax-section elementor-column elementor-col-50 elementor-top-column elementor-element elementor-element-05f8530\" data-id=\"05f8530\" data-element_type=\"column\" data-e-type=\"column\">\n\t\t\t<div class=\"elementor-widget-wrap elementor-element-populated\">\n\t\t\t\t\t\t<div class=\"elementor-element elementor-element-dcf2fb8 elementor-widget elementor-widget-image\" data-id=\"dcf2fb8\" data-element_type=\"widget\" data-e-type=\"widget\" data-settings=\"{&quot;ekit_we_effect_on&quot;:&quot;none&quot;}\" data-widget_type=\"image.default\">\n\t\t\t\t\t\t\t\t\t\t\t\t\t\t\t<img fetchpriority=\"high\" decoding=\"async\" width=\"800\" height=\"600\" src=\"https:\/\/futurehouse-construction.com\/wp-content\/uploads\/2024\/09\/1607599545-B-03.jpg\" class=\"attachment-full size-full wp-image-1750\" alt=\"\" srcset=\"https:\/\/futurehouse-construction.com\/wp-content\/uploads\/2024\/09\/1607599545-B-03.jpg 800w, https:\/\/futurehouse-construction.com\/wp-content\/uploads\/2024\/09\/1607599545-B-03-200x150.jpg 200w\" sizes=\"(max-width: 800px) 100vw, 800px\" \/>\t\t\t\t\t\t\t\t\t\t\t\t\t\t\t<\/div>\n\t\t\t\t<div class=\"elementor-element elementor-element-6fe8a56 elementor-widget elementor-widget-text-editor\" data-id=\"6fe8a56\" data-element_type=\"widget\" data-e-type=\"widget\" data-settings=\"{&quot;ekit_we_effect_on&quot;:&quot;none&quot;}\" data-widget_type=\"text-editor.default\">\n\t\t\t\t\t\t\t\t\t<p>G\u00e4rten und Gr\u00fcnfl\u00e4chen gelten als wesentliche Elemente bei der Gestaltung von H\u00e4usern und \u00f6ffentlichen Projekten, da sie der Umgebung eine \u00e4sthetische Note und Ruhe verleihen und eine gesunde und entspannende Umgebung f\u00f6rdern. Um dieses Ziel zu erreichen, ist das Hardscape von Future House eine ideale L\u00f6sung.<\/p><p>Future House gilt als eines der f\u00fchrenden Unternehmen im Bereich Landschaftsbau und Gr\u00fcnfl\u00e4chenpflege, da es gro\u00dfe Erfahrung, innovative Designs und fortschrittliche Umwelttechnologien vereint. Zwischen diesen Zeilen besprechen wir mit Ihnen die Eigenschaften von Hardscape von Future House Company und wie es G\u00e4rten und Gr\u00fcnfl\u00e4chen in wunderbare Orte verwandeln kann. Sch\u00f6nheit.<\/p>\t\t\t\t\t\t\t\t<\/div>\n\t\t\t\t<div class=\"elementor-element elementor-element-26fded2 elementor-widget elementor-widget-heading\" data-id=\"26fded2\" data-element_type=\"widget\" data-e-type=\"widget\" data-settings=\"{&quot;ekit_we_effect_on&quot;:&quot;none&quot;}\" data-widget_type=\"heading.default\">\n\t\t\t\t\t<h2 class=\"elementor-heading-title elementor-size-default\">\u00dcber Hardscape<\/h2>\t\t\t\t<\/div>\n\t\t\t\t<div class=\"elementor-element elementor-element-df82ab2 elementor-widget elementor-widget-text-editor\" data-id=\"df82ab2\" data-element_type=\"widget\" data-e-type=\"widget\" data-settings=\"{&quot;ekit_we_effect_on&quot;:&quot;none&quot;}\" data-widget_type=\"text-editor.default\">\n\t\t\t\t\t\t\t\t\t<p>Hardscape ist eine der Komponenten von Landscape, also den physischen Elementen, die bei der Gestaltung und Koordination von Au\u00dfenr\u00e4umen verwendet werden, wie zum Beispiel:<\/p><ul><li aria-level=\"1\">F\u00fcr Wege und Stra\u00dfen<\/li><li aria-level=\"1\">Feste Oberfl\u00e4chen wie Beton, Stein und Fliesen<\/li><li aria-level=\"1\">Pools, Springbrunnen und Wasserf\u00e4lle<\/li><li aria-level=\"1\">Geb\u00e4ude und andere Bauwerke<\/li><li aria-level=\"1\">Au\u00dfenbeleuchtung<\/li><li aria-level=\"1\">Bew\u00e4sserungssysteme<\/li><\/ul><p>Hardscape zielt darauf ab, die nat\u00fcrliche Sch\u00f6nheit von Landschaften hervorzuheben und Wohnr\u00e4umen im Freien Funktionalit\u00e4t zu verleihen. Hardscaping kann auch dazu beitragen, verschiedene Bereiche der Landschaft zu definieren und zu unterteilen sowie den Wasserabfluss zu kontrollieren und zu verwalten.<\/p><p>Die f\u00fcr Hardscapes verwendeten Materialien variieren je nach Zweck und Designstil. Zu den g\u00e4ngigen Materialien geh\u00f6ren Beton, Ziegel, Stein, Holz und Stahl.<\/p>\t\t\t\t\t\t\t\t<\/div>\n\t\t\t\t<div class=\"elementor-element elementor-element-06eba1f elementor-widget elementor-widget-heading\" data-id=\"06eba1f\" data-element_type=\"widget\" data-e-type=\"widget\" data-settings=\"{&quot;ekit_we_effect_on&quot;:&quot;none&quot;}\" data-widget_type=\"heading.default\">\n\t\t\t\t\t<h2 class=\"elementor-heading-title elementor-size-default\">Hardscape-Features von Future House<\/h2>\t\t\t\t<\/div>\n\t\t\t\t<div class=\"elementor-element elementor-element-583c970 elementor-widget elementor-widget-text-editor\" data-id=\"583c970\" data-element_type=\"widget\" data-e-type=\"widget\" data-settings=\"{&quot;ekit_we_effect_on&quot;:&quot;none&quot;}\" data-widget_type=\"text-editor.default\">\n\t\t\t\t\t\t\t\t\t<p>Future House zeichnet sich durch viele Merkmale aus, die es zu einem der f\u00fchrenden Unternehmen in diesem Bereich machen, darunter:<\/p><p><strong>1. Hohe Erfahrung und Effizienz<\/strong><\/p><p>Unser Unternehmen verf\u00fcgt \u00fcber umfangreiche Erfahrung im Bereich Landschaftsbau und Gr\u00fcnfl\u00e4chenpflege. Das Team aus professionellen Ingenieuren, Agrarverwaltern und sehr erfahrenen Landarbeitern arbeitet effizient, um den Kunden einen qualitativ hochwertigen Service zu gew\u00e4hrleisten.<\/p><p><strong>2. Au\u00dfergew\u00f6hnliches Design<\/strong><\/p><p>Es liegt uns am Herzen, Gr\u00fcnfl\u00e4chen au\u00dfergew\u00f6hnlich und innovativ zu gestalten. Es entstehen einzigartige Designs, die den Bed\u00fcrfnissen und W\u00fcnschen der Kunden gerecht werden und dabei Umwelt- und \u00c4sthetikfaktoren ber\u00fccksichtigen.<\/p><p><strong>3. Liebe zum Detail<\/strong><\/p><p>Bei der Umsetzung von Hardscape achten wir auf kleinste Details. Von der Auswahl der richtigen Pflanzen und hochwertigen Baumaterialien bis hin zur sch\u00f6nen Anordnung der verschiedenen Elemente wird auf jedes Detail geachtet, um Exzellenz und \u00fcberragende Sch\u00f6nheit zu gew\u00e4hrleisten.<\/p><p><strong>4. Fortschrittliche Umwelttechnologien<\/strong><\/p><p>Das Unternehmen legt gro\u00dfen Wert auf den Einsatz modernster Umwelttechnologien im Hardscape. Intelligente Bew\u00e4sserungsmethoden und die Nutzung erneuerbarer Ressourcen werden effektiv eingesetzt, um zum Umweltschutz und zur Nachhaltigkeit gr\u00fcner Projekte beizutragen.<\/p><p><strong>5. Verpflichtung zur vollst\u00e4ndigen Kundenzufriedenheit<\/strong><\/p><p>F\u00fcr uns steht die Kundenzufriedenheit an erster Stelle, die Kundenbed\u00fcrfnisse werden effektiv erf\u00fcllt und ein qualitativ hochwertiger, p\u00fcnktlicher Service gew\u00e4hrleistet.<\/p><p>Wenn Sie sich f\u00fcr die Implementierung von Hardscape bei uns entscheiden, profitieren Sie von der Erfahrung eines professionellen Teams, au\u00dfergew\u00f6hnlichem Design, Liebe zum Detail, fortschrittlichen Umwelttechnologien, der Umsetzung einer Vielzahl von Projekten und der Verpflichtung zur vollst\u00e4ndigen Kundenzufriedenheit. Ihre Gr\u00fcnfl\u00e4chen werden unverwechselbar und attraktiv sein und die Sch\u00f6nheit der Natur bestm\u00f6glich widerspiegeln. Wir kombinieren gro\u00dfe Erfahrung, attraktives Design und fortschrittliche Umwelttechnologien, um einen au\u00dfergew\u00f6hnlichen Service zu bieten, der Ihren Anspr\u00fcchen entspricht.<\/p><p>Kontaktieren Sie uns noch heute, um von den Dienstleistungen und der umfassenden Erfahrung von Future House bei der Umsetzung Ihrer Vision in eine magische Realit\u00e4t zu profitieren.<\/p>\t\t\t\t\t\t\t\t<\/div>\n\t\t\t\t\t<\/div>\n\t\t<\/div>\n\t\t\t\t<div class=\"aux-parallax-section elementor-column elementor-col-50 elementor-top-column elementor-element elementor-element-e4d3017\" data-id=\"e4d3017\" data-element_type=\"column\" data-e-type=\"column\">\n\t\t\t<div class=\"elementor-widget-wrap elementor-element-populated\">\n\t\t\t\t\t\t<div class=\"elementor-element elementor-element-7121cf9 elementor-widget elementor-widget-heading\" data-id=\"7121cf9\" data-element_type=\"widget\" data-e-type=\"widget\" data-settings=\"{&quot;ekit_we_effect_on&quot;:&quot;none&quot;}\" data-widget_type=\"heading.default\">\n\t\t\t\t\t<h2 class=\"elementor-heading-title elementor-size-default\">Rufen Sie uns an<\/h2>\t\t\t\t<\/div>\n\t\t\t\t<div class=\"elementor-element elementor-element-d8909e7 elementor-widget elementor-widget-google_maps\" data-id=\"d8909e7\" data-element_type=\"widget\" data-e-type=\"widget\" data-settings=\"{&quot;ekit_we_effect_on&quot;:&quot;none&quot;}\" data-widget_type=\"google_maps.default\">\n\t\t\t\t\t\t\t<div class=\"elementor-custom-embed\">\n\t\t\t<iframe loading=\"lazy\"\n\t\t\t\t\tsrc=\"https:\/\/maps.google.com\/maps?q=cairo%2Cegypt&#038;t=m&#038;z=10&#038;output=embed&#038;iwloc=near\"\n\t\t\t\t\ttitle=\"cairo,egypt\"\n\t\t\t\t\taria-label=\"cairo,egypt\"\n\t\t\t><\/iframe>\n\t\t<\/div>\n\t\t\t\t\t\t<\/div>\n\t\t\t\t\t<\/div>\n\t\t<\/div>\n\t\t\t\t\t<\/div>\n\t\t<\/section>\n\t\t\t\t<\/div>\n\t\t","protected":false},"excerpt":{"rendered":"<p>Harte Landschaft G\u00e4rten und Gr\u00fcnfl\u00e4chen gelten als wesentliche Elemente bei der Gestaltung von H\u00e4usern und \u00f6ffentlichen Projekten, da sie der Umgebung eine \u00e4sthetische Note und Ruhe verleihen und eine gesunde und entspannende Umgebung f\u00f6rdern. Um dieses Ziel zu erreichen, ist das Hardscape von Future House eine ideale L\u00f6sung. Future House gilt als eines der f\u00fchrenden [&hellip;]<\/p>\n","protected":false},"author":2,"featured_media":0,"parent":0,"menu_order":0,"comment_status":"closed","ping_status":"closed","template":"","meta":{"footnotes":""},"class_list":["post-18202","page","type-page","status-publish","hentry"],"yoast_head":"<!-- This site is optimized with the Yoast SEO plugin v27.0 - https:\/\/yoast.com\/product\/yoast-seo-wordpress\/ -->\n<title>Hard Landscape - Future House Construction<\/title>\n<meta name=\"robots\" content=\"index, follow, max-snippet:-1, max-image-preview:large, max-video-preview:-1\" \/>\n<link rel=\"canonical\" href=\"https:\/\/futurehouse-construction.com\/\u0644\u0627\u0646\u062f\u0633\u0643\u064a\u0628-\u0647\u0627\u0631\u062f\/\" \/>\n<meta property=\"og:locale\" content=\"de_DE\" \/>\n<meta property=\"og:type\" content=\"article\" \/>\n<meta property=\"og:title\" content=\"Hard Landscape - Future House Construction\" \/>\n<meta property=\"og:description\" content=\"Harte Landschaft G\u00e4rten und Gr\u00fcnfl\u00e4chen gelten als wesentliche Elemente bei der Gestaltung von H\u00e4usern und \u00f6ffentlichen Projekten, da sie der Umgebung eine \u00e4sthetische Note und Ruhe verleihen und eine gesunde und entspannende Umgebung f\u00f6rdern. Um dieses Ziel zu erreichen, ist das Hardscape von Future House eine ideale L\u00f6sung. Future House gilt als eines der f\u00fchrenden [&hellip;]\" \/>\n<meta property=\"og:url\" content=\"https:\/\/futurehouse-construction.com\/\u0644\u0627\u0646\u062f\u0633\u0643\u064a\u0628-\u0647\u0627\u0631\u062f\/\" \/>\n<meta property=\"og:site_name\" content=\"Future House Construction\" \/>\n<meta property=\"article:modified_time\" content=\"2024-12-25T13:10:55+00:00\" \/>\n<meta property=\"og:image\" content=\"https:\/\/futurehouse-construction.com\/wp-content\/uploads\/2024\/09\/icon-01-4-1.png\" \/>\n\t<meta property=\"og:image:width\" content=\"70\" \/>\n\t<meta property=\"og:image:height\" content=\"70\" \/>\n\t<meta property=\"og:image:type\" content=\"image\/png\" \/>\n<meta name=\"twitter:card\" content=\"summary_large_image\" \/>\n<meta name=\"twitter:label1\" content=\"Gesch\u00e4tzte Lesezeit\" \/>\n\t<meta name=\"twitter:data1\" content=\"3\u00a0Minuten\" \/>\n<script type=\"application\/ld+json\" class=\"yoast-schema-graph\">{\"@context\":\"https:\/\/schema.org\",\"@graph\":[{\"@type\":\"WebPage\",\"@id\":\"https:\/\/futurehouse-construction.com\/%d9%84%d8%a7%d9%86%d8%af%d8%b3%d9%83%d9%8a%d8%a8-%d9%87%d8%a7%d8%b1%d8%af\/\",\"url\":\"https:\/\/futurehouse-construction.com\/%d9%84%d8%a7%d9%86%d8%af%d8%b3%d9%83%d9%8a%d8%a8-%d9%87%d8%a7%d8%b1%d8%af\/\",\"name\":\"Hard Landscape - Future House Construction\",\"isPartOf\":{\"@id\":\"https:\/\/futurehouse-construction.com\/en\/#website\"},\"primaryImageOfPage\":{\"@id\":\"https:\/\/futurehouse-construction.com\/%d9%84%d8%a7%d9%86%d8%af%d8%b3%d9%83%d9%8a%d8%a8-%d9%87%d8%a7%d8%b1%d8%af\/#primaryimage\"},\"image\":{\"@id\":\"https:\/\/futurehouse-construction.com\/%d9%84%d8%a7%d9%86%d8%af%d8%b3%d9%83%d9%8a%d8%a8-%d9%87%d8%a7%d8%b1%d8%af\/#primaryimage\"},\"thumbnailUrl\":\"https:\/\/futurehouse-construction.com\/wp-content\/uploads\/2024\/09\/icon-01-4-1.png\",\"datePublished\":\"2024-07-21T07:28:15+00:00\",\"dateModified\":\"2024-12-25T13:10:55+00:00\",\"breadcrumb\":{\"@id\":\"https:\/\/futurehouse-construction.com\/%d9%84%d8%a7%d9%86%d8%af%d8%b3%d9%83%d9%8a%d8%a8-%d9%87%d8%a7%d8%b1%d8%af\/#breadcrumb\"},\"inLanguage\":\"de\",\"potentialAction\":[{\"@type\":\"ReadAction\",\"target\":[\"https:\/\/futurehouse-construction.com\/%d9%84%d8%a7%d9%86%d8%af%d8%b3%d9%83%d9%8a%d8%a8-%d9%87%d8%a7%d8%b1%d8%af\/\"]}]},{\"@type\":\"ImageObject\",\"inLanguage\":\"de\",\"@id\":\"https:\/\/futurehouse-construction.com\/%d9%84%d8%a7%d9%86%d8%af%d8%b3%d9%83%d9%8a%d8%a8-%d9%87%d8%a7%d8%b1%d8%af\/#primaryimage\",\"url\":\"https:\/\/futurehouse-construction.com\/wp-content\/uploads\/2024\/09\/icon-01-4-1.png\",\"contentUrl\":\"https:\/\/futurehouse-construction.com\/wp-content\/uploads\/2024\/09\/icon-01-4-1.png\"},{\"@type\":\"BreadcrumbList\",\"@id\":\"https:\/\/futurehouse-construction.com\/%d9%84%d8%a7%d9%86%d8%af%d8%b3%d9%83%d9%8a%d8%a8-%d9%87%d8%a7%d8%b1%d8%af\/#breadcrumb\",\"itemListElement\":[{\"@type\":\"ListItem\",\"position\":1,\"name\":\"Home\",\"item\":\"https:\/\/futurehouse-construction.com\/de\/\"},{\"@type\":\"ListItem\",\"position\":2,\"name\":\"Hard Landscape\"}]},{\"@type\":\"WebSite\",\"@id\":\"https:\/\/futurehouse-construction.com\/en\/#website\",\"url\":\"https:\/\/futurehouse-construction.com\/en\/\",\"name\":\"Future House Construction\",\"description\":\"\",\"publisher\":{\"@id\":\"https:\/\/futurehouse-construction.com\/en\/#organization\"},\"potentialAction\":[{\"@type\":\"SearchAction\",\"target\":{\"@type\":\"EntryPoint\",\"urlTemplate\":\"https:\/\/futurehouse-construction.com\/en\/?s={search_term_string}\"},\"query-input\":{\"@type\":\"PropertyValueSpecification\",\"valueRequired\":true,\"valueName\":\"search_term_string\"}}],\"inLanguage\":\"de\"},{\"@type\":\"Organization\",\"@id\":\"https:\/\/futurehouse-construction.com\/en\/#organization\",\"name\":\"Future House Construction\",\"url\":\"https:\/\/futurehouse-construction.com\/en\/\",\"logo\":{\"@type\":\"ImageObject\",\"inLanguage\":\"de\",\"@id\":\"https:\/\/futurehouse-construction.com\/en\/#\/schema\/logo\/image\/\",\"url\":\"https:\/\/futurehouse-construction.com\/wp-content\/uploads\/2024\/08\/Logo-PNG.png\",\"contentUrl\":\"https:\/\/futurehouse-construction.com\/wp-content\/uploads\/2024\/08\/Logo-PNG.png\",\"width\":577,\"height\":433,\"caption\":\"Future House Construction\"},\"image\":{\"@id\":\"https:\/\/futurehouse-construction.com\/en\/#\/schema\/logo\/image\/\"}}]}<\/script>\n<!-- \/ Yoast SEO plugin. -->","yoast_head_json":{"title":"Hard Landscape - Future House Construction","robots":{"index":"index","follow":"follow","max-snippet":"max-snippet:-1","max-image-preview":"max-image-preview:large","max-video-preview":"max-video-preview:-1"},"canonical":"https:\/\/futurehouse-construction.com\/\u0644\u0627\u0646\u062f\u0633\u0643\u064a\u0628-\u0647\u0627\u0631\u062f\/","og_locale":"de_DE","og_type":"article","og_title":"Hard Landscape - Future House Construction","og_description":"Harte Landschaft G\u00e4rten und Gr\u00fcnfl\u00e4chen gelten als wesentliche Elemente bei der Gestaltung von H\u00e4usern und \u00f6ffentlichen Projekten, da sie der Umgebung eine \u00e4sthetische Note und Ruhe verleihen und eine gesunde und entspannende Umgebung f\u00f6rdern. Um dieses Ziel zu erreichen, ist das Hardscape von Future House eine ideale L\u00f6sung. Future House gilt als eines der f\u00fchrenden [&hellip;]","og_url":"https:\/\/futurehouse-construction.com\/\u0644\u0627\u0646\u062f\u0633\u0643\u064a\u0628-\u0647\u0627\u0631\u062f\/","og_site_name":"Future House Construction","article_modified_time":"2024-12-25T13:10:55+00:00","og_image":[{"width":70,"height":70,"url":"https:\/\/futurehouse-construction.com\/wp-content\/uploads\/2024\/09\/icon-01-4-1.png","type":"image\/png"}],"twitter_card":"summary_large_image","twitter_misc":{"Gesch\u00e4tzte Lesezeit":"3\u00a0Minuten"},"schema":{"@context":"https:\/\/schema.org","@graph":[{"@type":"WebPage","@id":"https:\/\/futurehouse-construction.com\/%d9%84%d8%a7%d9%86%d8%af%d8%b3%d9%83%d9%8a%d8%a8-%d9%87%d8%a7%d8%b1%d8%af\/","url":"https:\/\/futurehouse-construction.com\/%d9%84%d8%a7%d9%86%d8%af%d8%b3%d9%83%d9%8a%d8%a8-%d9%87%d8%a7%d8%b1%d8%af\/","name":"Hard Landscape - Future House Construction","isPartOf":{"@id":"https:\/\/futurehouse-construction.com\/en\/#website"},"primaryImageOfPage":{"@id":"https:\/\/futurehouse-construction.com\/%d9%84%d8%a7%d9%86%d8%af%d8%b3%d9%83%d9%8a%d8%a8-%d9%87%d8%a7%d8%b1%d8%af\/#primaryimage"},"image":{"@id":"https:\/\/futurehouse-construction.com\/%d9%84%d8%a7%d9%86%d8%af%d8%b3%d9%83%d9%8a%d8%a8-%d9%87%d8%a7%d8%b1%d8%af\/#primaryimage"},"thumbnailUrl":"https:\/\/futurehouse-construction.com\/wp-content\/uploads\/2024\/09\/icon-01-4-1.png","datePublished":"2024-07-21T07:28:15+00:00","dateModified":"2024-12-25T13:10:55+00:00","breadcrumb":{"@id":"https:\/\/futurehouse-construction.com\/%d9%84%d8%a7%d9%86%d8%af%d8%b3%d9%83%d9%8a%d8%a8-%d9%87%d8%a7%d8%b1%d8%af\/#breadcrumb"},"inLanguage":"de","potentialAction":[{"@type":"ReadAction","target":["https:\/\/futurehouse-construction.com\/%d9%84%d8%a7%d9%86%d8%af%d8%b3%d9%83%d9%8a%d8%a8-%d9%87%d8%a7%d8%b1%d8%af\/"]}]},{"@type":"ImageObject","inLanguage":"de","@id":"https:\/\/futurehouse-construction.com\/%d9%84%d8%a7%d9%86%d8%af%d8%b3%d9%83%d9%8a%d8%a8-%d9%87%d8%a7%d8%b1%d8%af\/#primaryimage","url":"https:\/\/futurehouse-construction.com\/wp-content\/uploads\/2024\/09\/icon-01-4-1.png","contentUrl":"https:\/\/futurehouse-construction.com\/wp-content\/uploads\/2024\/09\/icon-01-4-1.png"},{"@type":"BreadcrumbList","@id":"https:\/\/futurehouse-construction.com\/%d9%84%d8%a7%d9%86%d8%af%d8%b3%d9%83%d9%8a%d8%a8-%d9%87%d8%a7%d8%b1%d8%af\/#breadcrumb","itemListElement":[{"@type":"ListItem","position":1,"name":"Home","item":"https:\/\/futurehouse-construction.com\/de\/"},{"@type":"ListItem","position":2,"name":"Hard Landscape"}]},{"@type":"WebSite","@id":"https:\/\/futurehouse-construction.com\/en\/#website","url":"https:\/\/futurehouse-construction.com\/en\/","name":"Future House Construction","description":"","publisher":{"@id":"https:\/\/futurehouse-construction.com\/en\/#organization"},"potentialAction":[{"@type":"SearchAction","target":{"@type":"EntryPoint","urlTemplate":"https:\/\/futurehouse-construction.com\/en\/?s={search_term_string}"},"query-input":{"@type":"PropertyValueSpecification","valueRequired":true,"valueName":"search_term_string"}}],"inLanguage":"de"},{"@type":"Organization","@id":"https:\/\/futurehouse-construction.com\/en\/#organization","name":"Future House Construction","url":"https:\/\/futurehouse-construction.com\/en\/","logo":{"@type":"ImageObject","inLanguage":"de","@id":"https:\/\/futurehouse-construction.com\/en\/#\/schema\/logo\/image\/","url":"https:\/\/futurehouse-construction.com\/wp-content\/uploads\/2024\/08\/Logo-PNG.png","contentUrl":"https:\/\/futurehouse-construction.com\/wp-content\/uploads\/2024\/08\/Logo-PNG.png","width":577,"height":433,"caption":"Future House Construction"},"image":{"@id":"https:\/\/futurehouse-construction.com\/en\/#\/schema\/logo\/image\/"}}]}},"_links":{"self":[{"href":"https:\/\/futurehouse-construction.com\/de\/wp-json\/wp\/v2\/pages\/18202","targetHints":{"allow":["GET"]}}],"collection":[{"href":"https:\/\/futurehouse-construction.com\/de\/wp-json\/wp\/v2\/pages"}],"about":[{"href":"https:\/\/futurehouse-construction.com\/de\/wp-json\/wp\/v2\/types\/page"}],"author":[{"embeddable":true,"href":"https:\/\/futurehouse-construction.com\/de\/wp-json\/wp\/v2\/users\/2"}],"replies":[{"embeddable":true,"href":"https:\/\/futurehouse-construction.com\/de\/wp-json\/wp\/v2\/comments?post=18202"}],"version-history":[{"count":4,"href":"https:\/\/futurehouse-construction.com\/de\/wp-json\/wp\/v2\/pages\/18202\/revisions"}],"predecessor-version":[{"id":18395,"href":"https:\/\/futurehouse-construction.com\/de\/wp-json\/wp\/v2\/pages\/18202\/revisions\/18395"}],"wp:attachment":[{"href":"https:\/\/futurehouse-construction.com\/de\/wp-json\/wp\/v2\/media?parent=18202"}],"curies":[{"name":"wp","href":"https:\/\/api.w.org\/{rel}","templated":true}]}}