{"id":18198,"date":"2024-09-11T08:45:10","date_gmt":"2024-09-11T05:45:10","guid":{"rendered":"https:\/\/futurehouse-construction.com\/?page_id=18198"},"modified":"2024-12-25T16:01:48","modified_gmt":"2024-12-25T14:01:48","slug":"pflege-von-gruenflaechen","status":"publish","type":"page","link":"https:\/\/futurehouse-construction.com\/de\/pflege-von-gruenflaechen\/","title":{"rendered":"Pflege von Gr\u00fcnfl\u00e4chen"},"content":{"rendered":"\t\t<div data-elementor-type=\"wp-page\" data-elementor-id=\"18198\" class=\"elementor elementor-18198 elementor-1797\" data-elementor-post-type=\"page\">\n\t\t\t\t\t\t<section class=\"elementor-section elementor-top-section elementor-element elementor-element-f8c8bca elementor-section-full_width elementor-section-stretched elementor-section-height-default elementor-section-height-default\" data-id=\"f8c8bca\" data-element_type=\"section\" data-e-type=\"section\" data-settings=\"{&quot;stretch_section&quot;:&quot;section-stretched&quot;,&quot;background_background&quot;:&quot;classic&quot;}\">\n\t\t\t\t\t\t\t<div class=\"elementor-background-overlay\"><\/div>\n\t\t\t\t\t\t\t<div class=\"elementor-container elementor-column-gap-default\">\n\t\t\t\t\t<div class=\"aux-parallax-section elementor-column elementor-col-100 elementor-top-column elementor-element elementor-element-f2529cb\" data-id=\"f2529cb\" data-element_type=\"column\" data-e-type=\"column\">\n\t\t\t<div class=\"elementor-widget-wrap elementor-element-populated\">\n\t\t\t\t\t\t<div class=\"elementor-element elementor-element-ac57674 elementor-position-top elementor-widget elementor-widget-image-box\" data-id=\"ac57674\" data-element_type=\"widget\" data-e-type=\"widget\" data-settings=\"{&quot;ekit_we_effect_on&quot;:&quot;none&quot;}\" data-widget_type=\"image-box.default\">\n\t\t\t\t\t<div class=\"elementor-image-box-wrapper\"><figure class=\"elementor-image-box-img\"><img decoding=\"async\" width=\"70\" height=\"70\" src=\"https:\/\/futurehouse-construction.com\/wp-content\/uploads\/2024\/09\/icon-02-4.png\" class=\"attachment-full size-full wp-image-1763\" alt=\"\" \/><\/figure><div class=\"elementor-image-box-content\"><h3 class=\"elementor-image-box-title\">Pflege von Gr\u00fcnfl\u00e4chen<\/h3><\/div><\/div>\t\t\t\t<\/div>\n\t\t\t\t\t<\/div>\n\t\t<\/div>\n\t\t\t\t\t<\/div>\n\t\t<\/section>\n\t\t\t\t<section class=\"elementor-section elementor-top-section elementor-element elementor-element-33cce55 elementor-section-boxed elementor-section-height-default elementor-section-height-default\" data-id=\"33cce55\" data-element_type=\"section\" data-e-type=\"section\">\n\t\t\t\t\t\t<div class=\"elementor-container elementor-column-gap-default\">\n\t\t\t\t\t<div class=\"aux-parallax-section elementor-column elementor-col-100 elementor-top-column elementor-element elementor-element-dbed1fb\" data-id=\"dbed1fb\" data-element_type=\"column\" data-e-type=\"column\">\n\t\t\t<div class=\"elementor-widget-wrap elementor-element-populated\">\n\t\t\t\t\t\t<div class=\"elementor-element elementor-element-c0f1e85 elementor-widget elementor-widget-spacer\" data-id=\"c0f1e85\" data-element_type=\"widget\" data-e-type=\"widget\" data-settings=\"{&quot;ekit_we_effect_on&quot;:&quot;none&quot;}\" data-widget_type=\"spacer.default\">\n\t\t\t\t\t\t\t<div class=\"elementor-spacer\">\n\t\t\t<div class=\"elementor-spacer-inner\"><\/div>\n\t\t<\/div>\n\t\t\t\t\t\t<\/div>\n\t\t\t\t\t<\/div>\n\t\t<\/div>\n\t\t\t\t\t<\/div>\n\t\t<\/section>\n\t\t\t\t<section class=\"elementor-section elementor-top-section elementor-element elementor-element-2d29821 elementor-section-full_width elementor-section-stretched elementor-section-height-default elementor-section-height-default\" data-id=\"2d29821\" data-element_type=\"section\" data-e-type=\"section\" data-settings=\"{&quot;stretch_section&quot;:&quot;section-stretched&quot;}\">\n\t\t\t\t\t\t<div class=\"elementor-container elementor-column-gap-default\">\n\t\t\t\t\t<div class=\"aux-parallax-section elementor-column elementor-col-50 elementor-top-column elementor-element elementor-element-2181c1d\" data-id=\"2181c1d\" data-element_type=\"column\" data-e-type=\"column\">\n\t\t\t<div class=\"elementor-widget-wrap elementor-element-populated\">\n\t\t\t\t\t\t<div class=\"elementor-element elementor-element-a4e7c55 elementor-widget elementor-widget-image\" data-id=\"a4e7c55\" data-element_type=\"widget\" data-e-type=\"widget\" data-settings=\"{&quot;ekit_we_effect_on&quot;:&quot;none&quot;}\" data-widget_type=\"image.default\">\n\t\t\t\t\t\t\t\t\t\t\t\t\t\t\t<img fetchpriority=\"high\" decoding=\"async\" width=\"1024\" height=\"768\" src=\"https:\/\/futurehouse-construction.com\/wp-content\/uploads\/2024\/09\/1603374421-WhatsApp-Image-2020-10-19-at-11.55.00-AM-1.jpeg\" class=\"attachment-full size-full wp-image-1799\" alt=\"\" srcset=\"https:\/\/futurehouse-construction.com\/wp-content\/uploads\/2024\/09\/1603374421-WhatsApp-Image-2020-10-19-at-11.55.00-AM-1.jpeg 1024w, https:\/\/futurehouse-construction.com\/wp-content\/uploads\/2024\/09\/1603374421-WhatsApp-Image-2020-10-19-at-11.55.00-AM-1-200x150.jpeg 200w\" sizes=\"(max-width: 1024px) 100vw, 1024px\" \/>\t\t\t\t\t\t\t\t\t\t\t\t\t\t\t<\/div>\n\t\t\t\t<div class=\"elementor-element elementor-element-919db42 elementor-widget elementor-widget-text-editor\" data-id=\"919db42\" data-element_type=\"widget\" data-e-type=\"widget\" data-settings=\"{&quot;ekit_we_effect_on&quot;:&quot;none&quot;}\" data-widget_type=\"text-editor.default\">\n\t\t\t\t\t\t\t\t\t<p>Gr\u00fcnfl\u00e4chen sind ein wesentliches Element in jedem Garten oder jeder Gr\u00fcnfl\u00e4che. Sie verleihen dem Ort Sch\u00f6nheit, Vielfalt und Nutzen und tragen dazu bei, die Luftqualit\u00e4t zu verbessern und die Atmosph\u00e4re weicher zu machen. Damit Gr\u00fcnfl\u00e4chen sch\u00f6n und gesund bleiben, ben\u00f6tigen sie regelm\u00e4\u00dfige Pflege. In diesem Zusammenhang pflegt das Future House Agricultural Contracting Company Gr\u00fcnfl\u00e4chen durch ein spezialisiertes Arbeitsteam und den Einsatz fortschrittlicher Ger\u00e4te und Technologien. Nachfolgend finden Sie die Einzelheiten des Dienstes.<\/p>\t\t\t\t\t\t\t\t<\/div>\n\t\t\t\t<div class=\"elementor-element elementor-element-ffa9579 elementor-widget elementor-widget-heading\" data-id=\"ffa9579\" data-element_type=\"widget\" data-e-type=\"widget\" data-settings=\"{&quot;ekit_we_effect_on&quot;:&quot;none&quot;}\" data-widget_type=\"heading.default\">\n\t\t\t\t\t<h2 class=\"elementor-heading-title elementor-size-default\">Landschaftspflege von Future House<\/h2>\t\t\t\t<\/div>\n\t\t\t\t<div class=\"elementor-element elementor-element-4378165 elementor-widget elementor-widget-text-editor\" data-id=\"4378165\" data-element_type=\"widget\" data-e-type=\"widget\" data-settings=\"{&quot;ekit_we_effect_on&quot;:&quot;none&quot;}\" data-widget_type=\"text-editor.default\">\n\t\t\t\t\t\t\t\t\t<p>Die Evergreen Agricultural Contracting Company bietet Gr\u00fcnfl\u00e4chenpflegedienste mit hoher Qualit\u00e4t und Effizienz. Diese Dienste umfassen eine Gruppe von Vorg\u00e4ngen, wie zum Beispiel:<\/p><ul><li aria-level=\"1\"><strong>Rasenm\u00e4hen:<\/strong> Das Team des Unternehmens schneidet den Rasen mit den neuesten Ger\u00e4ten und Techniken und sorgt so f\u00fcr pr\u00e4zise und sch\u00f6ne Ergebnisse.<\/li><li aria-level=\"1\"><strong>D\u00fcngung:<\/strong>\u00a0Wir verwenden je nach Grasart und Bodenbeschaffenheit geeignete D\u00fcngemittel und sorgen so f\u00fcr ein gesundes Graswachstum.<\/li><li aria-level=\"1\"><strong>Bew\u00e4sserung:<\/strong> Ein spezialisiertes Team bew\u00e4ssert die Gr\u00fcnfl\u00e4chen mit modernsten Bew\u00e4sserungssystemen und sorgt so daf\u00fcr, dass das Gras ausreichend mit Feuchtigkeit versorgt wird.<\/li><li aria-level=\"1\"><strong>Bek\u00e4mpfung:<\/strong> Sch\u00e4dlinge und Krankheiten, die das Gras befallen k\u00f6nnen, werden mit modernsten Pestiziden und Methoden bek\u00e4mpft, um die Gesundheit der Gr\u00fcnfl\u00e4chen zu gew\u00e4hrleisten.<\/li><\/ul>\t\t\t\t\t\t\t\t<\/div>\n\t\t\t\t<div class=\"elementor-element elementor-element-b461ce1 elementor-widget elementor-widget-heading\" data-id=\"b461ce1\" data-element_type=\"widget\" data-e-type=\"widget\" data-settings=\"{&quot;ekit_we_effect_on&quot;:&quot;none&quot;}\" data-widget_type=\"heading.default\">\n\t\t\t\t\t<h2 class=\"elementor-heading-title elementor-size-default\">Vorteile der Gr\u00fcnfl\u00e4chenpflege mit Future House<\/h2>\t\t\t\t<\/div>\n\t\t\t\t<div class=\"elementor-element elementor-element-1780b3c elementor-widget elementor-widget-text-editor\" data-id=\"1780b3c\" data-element_type=\"widget\" data-e-type=\"widget\" data-settings=\"{&quot;ekit_we_effect_on&quot;:&quot;none&quot;}\" data-widget_type=\"text-editor.default\">\n\t\t\t\t\t\t\t\t\t<p>Die von Evergreen Company angebotenen Landschaftspflegedienste bieten viele Vorteile, darunter:<\/p><ul><li aria-level=\"1\"><p><strong>Qualit\u00e4t<\/strong><\/p><\/li><\/ul><p>Wir legen gro\u00dfen Wert darauf, bei der Pflege von Gr\u00fcnfl\u00e4chen die neuesten Ger\u00e4te, Techniken und Materialien einzusetzen. Zu dieser Ausstattung geh\u00f6ren:<\/p><ul><li aria-level=\"1\">Moderne Rasenschneidemaschinen, die pr\u00e4zise und sch\u00f6ne Ergebnisse liefern.<\/li><li aria-level=\"1\">Feuchtigkeitsmessger\u00e4te, die dabei helfen, die richtige Wassermenge f\u00fcr die Bew\u00e4sserung von Gr\u00fcnfl\u00e4chen zu ermitteln.<\/li><li aria-level=\"1\">Sichere Pestizide und Medikamente, die weder der Umwelt noch den Gr\u00fcnfl\u00e4chen schaden.<\/li><\/ul><p><strong>2. Vielfalt<\/strong><\/p><p>Evergreen bietet eine breite Palette von Landschaftspflegediensten an, darunter regelm\u00e4\u00dfiges M\u00e4hen des Grases zur Erhaltung seiner H\u00f6he und Form, D\u00fcngung, Bew\u00e4sserung sowie Sch\u00e4dlings- und Krankheitsbek\u00e4mpfung.<\/p><p><strong>3. Erfahrung<\/strong><\/p><p>Evergreen Company verf\u00fcgt \u00fcber umfangreiche Erfahrung im Bereich der Landschaftspflege. Diese Erfahrung beinhaltet:<\/p><ul><li aria-level=\"1\"><p>Gestaltung von Gr\u00fcnfl\u00e4chen entsprechend den Bed\u00fcrfnissen jedes Projekts.<\/p><\/li><li aria-level=\"1\"><p>Umsetzung von Gr\u00fcnanlagen nach vereinbartem Entwurf.<br \/>Gr\u00fcnfl\u00e4chen regelm\u00e4\u00dfig pflegen, um ihre Sch\u00f6nheit und Gesundheit zu erhalten.<\/p><p>\u00a0<\/p><\/li><li aria-level=\"1\"><p>Zus\u00e4tzlich zu den oben genannten Vorteilen zeichnen sich die Landschaftspflegedienste der Evergreen Company durch viele weitere Vorteile aus, darunter:<\/p><p>\u00a0<\/p><\/li><li aria-level=\"1\"><p>Verpflichtung zu Umweltstandards, da wir uns f\u00fcr den Einsatz umweltfreundlicher Materialien und Technologien einsetzen, was zur Schonung der Umwelt beitr\u00e4gt.<\/p><\/li><li aria-level=\"1\"><p>Liebe zum Detail in allen Phasen der Landschaftspflege, um perfekte Ergebnisse zu gew\u00e4hrleisten.<\/p><\/li><li aria-level=\"1\"><p>Wir bieten Landschaftspflegedienste zu wettbewerbsf\u00e4higen Preisen.<\/p><p>Wenn Sie nach einem Unternehmen suchen, das sich auf die Pflege von Landschaftsg\u00e4rten spezialisiert hat, ist Evergreen die perfekte Wahl. Das Unternehmen bietet herausragende Dienstleistungen mit einem hohen Ma\u00df an Qualit\u00e4t, Vielfalt und umfassender Erfahrung, die hervorragende Ergebnisse gew\u00e4hrleisten, die Ihren Anforderungen und Erwartungen an Ihr Projekt gerecht werden.<\/p><p>\u00a0Kontaktieren Sie uns noch heute, um mehr \u00fcber unsere Dienstleistungen zu erfahren und wie wir Ihnen helfen k\u00f6nnen, Ihre Landschaft sch\u00f6n und gesund zu halten.<\/p><\/li><\/ul>\t\t\t\t\t\t\t\t<\/div>\n\t\t\t\t\t<\/div>\n\t\t<\/div>\n\t\t\t\t<div class=\"aux-parallax-section elementor-column elementor-col-50 elementor-top-column elementor-element elementor-element-ef51729\" data-id=\"ef51729\" data-element_type=\"column\" data-e-type=\"column\">\n\t\t\t<div class=\"elementor-widget-wrap elementor-element-populated\">\n\t\t\t\t\t\t<div class=\"elementor-element elementor-element-74405f1 elementor-widget elementor-widget-heading\" data-id=\"74405f1\" data-element_type=\"widget\" data-e-type=\"widget\" data-settings=\"{&quot;ekit_we_effect_on&quot;:&quot;none&quot;}\" data-widget_type=\"heading.default\">\n\t\t\t\t\t<h2 class=\"elementor-heading-title elementor-size-default\">Kontaktieren Sie uns<\/h2>\t\t\t\t<\/div>\n\t\t\t\t<div class=\"elementor-element elementor-element-f8752e0 elementor-widget elementor-widget-google_maps\" data-id=\"f8752e0\" data-element_type=\"widget\" data-e-type=\"widget\" data-settings=\"{&quot;ekit_we_effect_on&quot;:&quot;none&quot;}\" data-widget_type=\"google_maps.default\">\n\t\t\t\t\t\t\t<div class=\"elementor-custom-embed\">\n\t\t\t<iframe loading=\"lazy\"\n\t\t\t\t\tsrc=\"https:\/\/maps.google.com\/maps?q=cairo%2Cegypt&#038;t=m&#038;z=10&#038;output=embed&#038;iwloc=near\"\n\t\t\t\t\ttitle=\"cairo,egypt\"\n\t\t\t\t\taria-label=\"cairo,egypt\"\n\t\t\t><\/iframe>\n\t\t<\/div>\n\t\t\t\t\t\t<\/div>\n\t\t\t\t\t<\/div>\n\t\t<\/div>\n\t\t\t\t\t<\/div>\n\t\t<\/section>\n\t\t\t\t<\/div>\n\t\t","protected":false},"excerpt":{"rendered":"<p>Pflege von Gr\u00fcnfl\u00e4chen Gr\u00fcnfl\u00e4chen sind ein wesentliches Element in jedem Garten oder jeder Gr\u00fcnfl\u00e4che. Sie verleihen dem Ort Sch\u00f6nheit, Vielfalt und Nutzen und tragen dazu bei, die Luftqualit\u00e4t zu verbessern und die Atmosph\u00e4re weicher zu machen. Damit Gr\u00fcnfl\u00e4chen sch\u00f6n und gesund bleiben, ben\u00f6tigen sie regelm\u00e4\u00dfige Pflege. In diesem Zusammenhang pflegt das Future House Agricultural Contracting [&hellip;]<\/p>\n","protected":false},"author":2,"featured_media":0,"parent":0,"menu_order":0,"comment_status":"closed","ping_status":"closed","template":"","meta":{"footnotes":""},"class_list":["post-18198","page","type-page","status-publish","hentry"],"yoast_head":"<!-- This site is optimized with the Yoast SEO plugin v27.0 - https:\/\/yoast.com\/product\/yoast-seo-wordpress\/ -->\n<title>Pflege von Gr\u00fcnfl\u00e4chen - Future House Construction<\/title>\n<meta name=\"robots\" content=\"index, follow, max-snippet:-1, max-image-preview:large, max-video-preview:-1\" \/>\n<link rel=\"canonical\" href=\"https:\/\/futurehouse-construction.com\/\u0635\u064a\u0627\u0646\u0629-\u0627\u0644\u0645\u0633\u0637\u062d\u0627\u062a-\u0627\u0644\u062e\u0636\u0631\u0627\u0621\/\" \/>\n<meta property=\"og:locale\" content=\"de_DE\" \/>\n<meta property=\"og:type\" content=\"article\" \/>\n<meta property=\"og:title\" content=\"Pflege von Gr\u00fcnfl\u00e4chen - Future House Construction\" \/>\n<meta property=\"og:description\" content=\"Pflege von Gr\u00fcnfl\u00e4chen Gr\u00fcnfl\u00e4chen sind ein wesentliches Element in jedem Garten oder jeder Gr\u00fcnfl\u00e4che. Sie verleihen dem Ort Sch\u00f6nheit, Vielfalt und Nutzen und tragen dazu bei, die Luftqualit\u00e4t zu verbessern und die Atmosph\u00e4re weicher zu machen. Damit Gr\u00fcnfl\u00e4chen sch\u00f6n und gesund bleiben, ben\u00f6tigen sie regelm\u00e4\u00dfige Pflege. In diesem Zusammenhang pflegt das Future House Agricultural Contracting [&hellip;]\" \/>\n<meta property=\"og:url\" content=\"https:\/\/futurehouse-construction.com\/\u0635\u064a\u0627\u0646\u0629-\u0627\u0644\u0645\u0633\u0637\u062d\u0627\u062a-\u0627\u0644\u062e\u0636\u0631\u0627\u0621\/\" \/>\n<meta property=\"og:site_name\" content=\"Future House Construction\" \/>\n<meta property=\"article:modified_time\" content=\"2024-12-25T14:01:48+00:00\" \/>\n<meta property=\"og:image\" content=\"https:\/\/futurehouse-construction.com\/wp-content\/uploads\/2024\/09\/icon-02-4.png\" \/>\n\t<meta property=\"og:image:width\" content=\"70\" \/>\n\t<meta property=\"og:image:height\" content=\"70\" \/>\n\t<meta property=\"og:image:type\" content=\"image\/png\" \/>\n<meta name=\"twitter:card\" content=\"summary_large_image\" \/>\n<meta name=\"twitter:label1\" content=\"Gesch\u00e4tzte Lesezeit\" \/>\n\t<meta name=\"twitter:data1\" content=\"3\u00a0Minuten\" \/>\n<script type=\"application\/ld+json\" class=\"yoast-schema-graph\">{\"@context\":\"https:\/\/schema.org\",\"@graph\":[{\"@type\":\"WebPage\",\"@id\":\"https:\/\/futurehouse-construction.com\/%d8%b5%d9%8a%d8%a7%d9%86%d8%a9-%d8%a7%d9%84%d9%85%d8%b3%d8%b7%d8%ad%d8%a7%d8%aa-%d8%a7%d9%84%d8%ae%d8%b6%d8%b1%d8%a7%d8%a1\/\",\"url\":\"https:\/\/futurehouse-construction.com\/%d8%b5%d9%8a%d8%a7%d9%86%d8%a9-%d8%a7%d9%84%d9%85%d8%b3%d8%b7%d8%ad%d8%a7%d8%aa-%d8%a7%d9%84%d8%ae%d8%b6%d8%b1%d8%a7%d8%a1\/\",\"name\":\"Pflege von Gr\u00fcnfl\u00e4chen - Future House Construction\",\"isPartOf\":{\"@id\":\"https:\/\/futurehouse-construction.com\/en\/#website\"},\"primaryImageOfPage\":{\"@id\":\"https:\/\/futurehouse-construction.com\/%d8%b5%d9%8a%d8%a7%d9%86%d8%a9-%d8%a7%d9%84%d9%85%d8%b3%d8%b7%d8%ad%d8%a7%d8%aa-%d8%a7%d9%84%d8%ae%d8%b6%d8%b1%d8%a7%d8%a1\/#primaryimage\"},\"image\":{\"@id\":\"https:\/\/futurehouse-construction.com\/%d8%b5%d9%8a%d8%a7%d9%86%d8%a9-%d8%a7%d9%84%d9%85%d8%b3%d8%b7%d8%ad%d8%a7%d8%aa-%d8%a7%d9%84%d8%ae%d8%b6%d8%b1%d8%a7%d8%a1\/#primaryimage\"},\"thumbnailUrl\":\"https:\/\/futurehouse-construction.com\/wp-content\/uploads\/2024\/09\/icon-02-4.png\",\"datePublished\":\"2024-09-11T05:45:10+00:00\",\"dateModified\":\"2024-12-25T14:01:48+00:00\",\"breadcrumb\":{\"@id\":\"https:\/\/futurehouse-construction.com\/%d8%b5%d9%8a%d8%a7%d9%86%d8%a9-%d8%a7%d9%84%d9%85%d8%b3%d8%b7%d8%ad%d8%a7%d8%aa-%d8%a7%d9%84%d8%ae%d8%b6%d8%b1%d8%a7%d8%a1\/#breadcrumb\"},\"inLanguage\":\"de\",\"potentialAction\":[{\"@type\":\"ReadAction\",\"target\":[\"https:\/\/futurehouse-construction.com\/%d8%b5%d9%8a%d8%a7%d9%86%d8%a9-%d8%a7%d9%84%d9%85%d8%b3%d8%b7%d8%ad%d8%a7%d8%aa-%d8%a7%d9%84%d8%ae%d8%b6%d8%b1%d8%a7%d8%a1\/\"]}]},{\"@type\":\"ImageObject\",\"inLanguage\":\"de\",\"@id\":\"https:\/\/futurehouse-construction.com\/%d8%b5%d9%8a%d8%a7%d9%86%d8%a9-%d8%a7%d9%84%d9%85%d8%b3%d8%b7%d8%ad%d8%a7%d8%aa-%d8%a7%d9%84%d8%ae%d8%b6%d8%b1%d8%a7%d8%a1\/#primaryimage\",\"url\":\"https:\/\/futurehouse-construction.com\/wp-content\/uploads\/2024\/09\/icon-02-4.png\",\"contentUrl\":\"https:\/\/futurehouse-construction.com\/wp-content\/uploads\/2024\/09\/icon-02-4.png\"},{\"@type\":\"BreadcrumbList\",\"@id\":\"https:\/\/futurehouse-construction.com\/%d8%b5%d9%8a%d8%a7%d9%86%d8%a9-%d8%a7%d9%84%d9%85%d8%b3%d8%b7%d8%ad%d8%a7%d8%aa-%d8%a7%d9%84%d8%ae%d8%b6%d8%b1%d8%a7%d8%a1\/#breadcrumb\",\"itemListElement\":[{\"@type\":\"ListItem\",\"position\":1,\"name\":\"Home\",\"item\":\"https:\/\/futurehouse-construction.com\/de\/\"},{\"@type\":\"ListItem\",\"position\":2,\"name\":\"Pflege von Gr\u00fcnfl\u00e4chen\"}]},{\"@type\":\"WebSite\",\"@id\":\"https:\/\/futurehouse-construction.com\/en\/#website\",\"url\":\"https:\/\/futurehouse-construction.com\/en\/\",\"name\":\"Future House Construction\",\"description\":\"\",\"publisher\":{\"@id\":\"https:\/\/futurehouse-construction.com\/en\/#organization\"},\"potentialAction\":[{\"@type\":\"SearchAction\",\"target\":{\"@type\":\"EntryPoint\",\"urlTemplate\":\"https:\/\/futurehouse-construction.com\/en\/?s={search_term_string}\"},\"query-input\":{\"@type\":\"PropertyValueSpecification\",\"valueRequired\":true,\"valueName\":\"search_term_string\"}}],\"inLanguage\":\"de\"},{\"@type\":\"Organization\",\"@id\":\"https:\/\/futurehouse-construction.com\/en\/#organization\",\"name\":\"Future House Construction\",\"url\":\"https:\/\/futurehouse-construction.com\/en\/\",\"logo\":{\"@type\":\"ImageObject\",\"inLanguage\":\"de\",\"@id\":\"https:\/\/futurehouse-construction.com\/en\/#\/schema\/logo\/image\/\",\"url\":\"https:\/\/futurehouse-construction.com\/wp-content\/uploads\/2024\/08\/Logo-PNG.png\",\"contentUrl\":\"https:\/\/futurehouse-construction.com\/wp-content\/uploads\/2024\/08\/Logo-PNG.png\",\"width\":577,\"height\":433,\"caption\":\"Future House Construction\"},\"image\":{\"@id\":\"https:\/\/futurehouse-construction.com\/en\/#\/schema\/logo\/image\/\"}}]}<\/script>\n<!-- \/ Yoast SEO plugin. -->","yoast_head_json":{"title":"Pflege von Gr\u00fcnfl\u00e4chen - Future House Construction","robots":{"index":"index","follow":"follow","max-snippet":"max-snippet:-1","max-image-preview":"max-image-preview:large","max-video-preview":"max-video-preview:-1"},"canonical":"https:\/\/futurehouse-construction.com\/\u0635\u064a\u0627\u0646\u0629-\u0627\u0644\u0645\u0633\u0637\u062d\u0627\u062a-\u0627\u0644\u062e\u0636\u0631\u0627\u0621\/","og_locale":"de_DE","og_type":"article","og_title":"Pflege von Gr\u00fcnfl\u00e4chen - Future House Construction","og_description":"Pflege von Gr\u00fcnfl\u00e4chen Gr\u00fcnfl\u00e4chen sind ein wesentliches Element in jedem Garten oder jeder Gr\u00fcnfl\u00e4che. Sie verleihen dem Ort Sch\u00f6nheit, Vielfalt und Nutzen und tragen dazu bei, die Luftqualit\u00e4t zu verbessern und die Atmosph\u00e4re weicher zu machen. Damit Gr\u00fcnfl\u00e4chen sch\u00f6n und gesund bleiben, ben\u00f6tigen sie regelm\u00e4\u00dfige Pflege. In diesem Zusammenhang pflegt das Future House Agricultural Contracting [&hellip;]","og_url":"https:\/\/futurehouse-construction.com\/\u0635\u064a\u0627\u0646\u0629-\u0627\u0644\u0645\u0633\u0637\u062d\u0627\u062a-\u0627\u0644\u062e\u0636\u0631\u0627\u0621\/","og_site_name":"Future House Construction","article_modified_time":"2024-12-25T14:01:48+00:00","og_image":[{"width":70,"height":70,"url":"https:\/\/futurehouse-construction.com\/wp-content\/uploads\/2024\/09\/icon-02-4.png","type":"image\/png"}],"twitter_card":"summary_large_image","twitter_misc":{"Gesch\u00e4tzte Lesezeit":"3\u00a0Minuten"},"schema":{"@context":"https:\/\/schema.org","@graph":[{"@type":"WebPage","@id":"https:\/\/futurehouse-construction.com\/%d8%b5%d9%8a%d8%a7%d9%86%d8%a9-%d8%a7%d9%84%d9%85%d8%b3%d8%b7%d8%ad%d8%a7%d8%aa-%d8%a7%d9%84%d8%ae%d8%b6%d8%b1%d8%a7%d8%a1\/","url":"https:\/\/futurehouse-construction.com\/%d8%b5%d9%8a%d8%a7%d9%86%d8%a9-%d8%a7%d9%84%d9%85%d8%b3%d8%b7%d8%ad%d8%a7%d8%aa-%d8%a7%d9%84%d8%ae%d8%b6%d8%b1%d8%a7%d8%a1\/","name":"Pflege von Gr\u00fcnfl\u00e4chen - Future House Construction","isPartOf":{"@id":"https:\/\/futurehouse-construction.com\/en\/#website"},"primaryImageOfPage":{"@id":"https:\/\/futurehouse-construction.com\/%d8%b5%d9%8a%d8%a7%d9%86%d8%a9-%d8%a7%d9%84%d9%85%d8%b3%d8%b7%d8%ad%d8%a7%d8%aa-%d8%a7%d9%84%d8%ae%d8%b6%d8%b1%d8%a7%d8%a1\/#primaryimage"},"image":{"@id":"https:\/\/futurehouse-construction.com\/%d8%b5%d9%8a%d8%a7%d9%86%d8%a9-%d8%a7%d9%84%d9%85%d8%b3%d8%b7%d8%ad%d8%a7%d8%aa-%d8%a7%d9%84%d8%ae%d8%b6%d8%b1%d8%a7%d8%a1\/#primaryimage"},"thumbnailUrl":"https:\/\/futurehouse-construction.com\/wp-content\/uploads\/2024\/09\/icon-02-4.png","datePublished":"2024-09-11T05:45:10+00:00","dateModified":"2024-12-25T14:01:48+00:00","breadcrumb":{"@id":"https:\/\/futurehouse-construction.com\/%d8%b5%d9%8a%d8%a7%d9%86%d8%a9-%d8%a7%d9%84%d9%85%d8%b3%d8%b7%d8%ad%d8%a7%d8%aa-%d8%a7%d9%84%d8%ae%d8%b6%d8%b1%d8%a7%d8%a1\/#breadcrumb"},"inLanguage":"de","potentialAction":[{"@type":"ReadAction","target":["https:\/\/futurehouse-construction.com\/%d8%b5%d9%8a%d8%a7%d9%86%d8%a9-%d8%a7%d9%84%d9%85%d8%b3%d8%b7%d8%ad%d8%a7%d8%aa-%d8%a7%d9%84%d8%ae%d8%b6%d8%b1%d8%a7%d8%a1\/"]}]},{"@type":"ImageObject","inLanguage":"de","@id":"https:\/\/futurehouse-construction.com\/%d8%b5%d9%8a%d8%a7%d9%86%d8%a9-%d8%a7%d9%84%d9%85%d8%b3%d8%b7%d8%ad%d8%a7%d8%aa-%d8%a7%d9%84%d8%ae%d8%b6%d8%b1%d8%a7%d8%a1\/#primaryimage","url":"https:\/\/futurehouse-construction.com\/wp-content\/uploads\/2024\/09\/icon-02-4.png","contentUrl":"https:\/\/futurehouse-construction.com\/wp-content\/uploads\/2024\/09\/icon-02-4.png"},{"@type":"BreadcrumbList","@id":"https:\/\/futurehouse-construction.com\/%d8%b5%d9%8a%d8%a7%d9%86%d8%a9-%d8%a7%d9%84%d9%85%d8%b3%d8%b7%d8%ad%d8%a7%d8%aa-%d8%a7%d9%84%d8%ae%d8%b6%d8%b1%d8%a7%d8%a1\/#breadcrumb","itemListElement":[{"@type":"ListItem","position":1,"name":"Home","item":"https:\/\/futurehouse-construction.com\/de\/"},{"@type":"ListItem","position":2,"name":"Pflege von Gr\u00fcnfl\u00e4chen"}]},{"@type":"WebSite","@id":"https:\/\/futurehouse-construction.com\/en\/#website","url":"https:\/\/futurehouse-construction.com\/en\/","name":"Future House Construction","description":"","publisher":{"@id":"https:\/\/futurehouse-construction.com\/en\/#organization"},"potentialAction":[{"@type":"SearchAction","target":{"@type":"EntryPoint","urlTemplate":"https:\/\/futurehouse-construction.com\/en\/?s={search_term_string}"},"query-input":{"@type":"PropertyValueSpecification","valueRequired":true,"valueName":"search_term_string"}}],"inLanguage":"de"},{"@type":"Organization","@id":"https:\/\/futurehouse-construction.com\/en\/#organization","name":"Future House Construction","url":"https:\/\/futurehouse-construction.com\/en\/","logo":{"@type":"ImageObject","inLanguage":"de","@id":"https:\/\/futurehouse-construction.com\/en\/#\/schema\/logo\/image\/","url":"https:\/\/futurehouse-construction.com\/wp-content\/uploads\/2024\/08\/Logo-PNG.png","contentUrl":"https:\/\/futurehouse-construction.com\/wp-content\/uploads\/2024\/08\/Logo-PNG.png","width":577,"height":433,"caption":"Future House Construction"},"image":{"@id":"https:\/\/futurehouse-construction.com\/en\/#\/schema\/logo\/image\/"}}]}},"_links":{"self":[{"href":"https:\/\/futurehouse-construction.com\/de\/wp-json\/wp\/v2\/pages\/18198","targetHints":{"allow":["GET"]}}],"collection":[{"href":"https:\/\/futurehouse-construction.com\/de\/wp-json\/wp\/v2\/pages"}],"about":[{"href":"https:\/\/futurehouse-construction.com\/de\/wp-json\/wp\/v2\/types\/page"}],"author":[{"embeddable":true,"href":"https:\/\/futurehouse-construction.com\/de\/wp-json\/wp\/v2\/users\/2"}],"replies":[{"embeddable":true,"href":"https:\/\/futurehouse-construction.com\/de\/wp-json\/wp\/v2\/comments?post=18198"}],"version-history":[{"count":4,"href":"https:\/\/futurehouse-construction.com\/de\/wp-json\/wp\/v2\/pages\/18198\/revisions"}],"predecessor-version":[{"id":18430,"href":"https:\/\/futurehouse-construction.com\/de\/wp-json\/wp\/v2\/pages\/18198\/revisions\/18430"}],"wp:attachment":[{"href":"https:\/\/futurehouse-construction.com\/de\/wp-json\/wp\/v2\/media?parent=18198"}],"curies":[{"name":"wp","href":"https:\/\/api.w.org\/{rel}","templated":true}]}}