{"id":18184,"date":"2024-09-08T13:00:44","date_gmt":"2024-09-08T10:00:44","guid":{"rendered":"https:\/\/futurehouse-construction.com\/?page_id=18184"},"modified":"2025-06-13T02:16:34","modified_gmt":"2025-06-12T23:16:34","slug":"galala-extra","status":"publish","type":"page","link":"https:\/\/futurehouse-construction.com\/de\/galala-extra\/","title":{"rendered":"Galala Extra"},"content":{"rendered":"\t\t<div data-elementor-type=\"wp-page\" data-elementor-id=\"18184\" class=\"elementor elementor-18184 elementor-1293\" data-elementor-post-type=\"page\">\n\t\t\t\t\t\t<section class=\"elementor-section elementor-top-section elementor-element elementor-element-c816d32 elementor-section-boxed elementor-section-height-default elementor-section-height-default\" data-id=\"c816d32\" data-element_type=\"section\" data-e-type=\"section\">\n\t\t\t\t\t\t<div class=\"elementor-container elementor-column-gap-default\">\n\t\t\t\t\t<div class=\"aux-parallax-section elementor-column elementor-col-100 elementor-top-column elementor-element elementor-element-a2c3071\" data-id=\"a2c3071\" data-element_type=\"column\" data-e-type=\"column\">\n\t\t\t<div class=\"elementor-widget-wrap elementor-element-populated\">\n\t\t\t\t\t\t<div class=\"elementor-element elementor-element-90ac5fa elementor-widget-divider--view-line_text elementor-widget-divider--element-align-center elementor-widget elementor-widget-divider\" data-id=\"90ac5fa\" data-element_type=\"widget\" data-e-type=\"widget\" data-settings=\"{&quot;ekit_we_effect_on&quot;:&quot;none&quot;}\" data-widget_type=\"divider.default\">\n\t\t\t\t\t\t\t<div class=\"elementor-divider\">\n\t\t\t<span class=\"elementor-divider-separator\">\n\t\t\t\t\t\t\t<span class=\"elementor-divider__text elementor-divider__element\">\n\t\t\t\t\u00c4gyptischer Marmor | Galala Extra\t\t\t\t<\/span>\n\t\t\t\t\t\t<\/span>\n\t\t<\/div>\n\t\t\t\t\t\t<\/div>\n\t\t\t\t\t<\/div>\n\t\t<\/div>\n\t\t\t\t\t<\/div>\n\t\t<\/section>\n\t\t\t\t<section class=\"elementor-section elementor-top-section elementor-element elementor-element-73514e4 elementor-section-boxed elementor-section-height-default elementor-section-height-default\" data-id=\"73514e4\" data-element_type=\"section\" data-e-type=\"section\">\n\t\t\t\t\t\t<div class=\"elementor-container elementor-column-gap-default\">\n\t\t\t\t\t<div class=\"aux-parallax-section elementor-column elementor-col-16 elementor-top-column elementor-element elementor-element-95f1cc4\" data-id=\"95f1cc4\" data-element_type=\"column\" data-e-type=\"column\">\n\t\t\t<div class=\"elementor-widget-wrap\">\n\t\t\t\t\t\t\t<\/div>\n\t\t<\/div>\n\t\t\t\t<div class=\"aux-parallax-section elementor-column elementor-col-66 elementor-top-column elementor-element elementor-element-7663f52\" data-id=\"7663f52\" data-element_type=\"column\" data-e-type=\"column\">\n\t\t\t<div class=\"elementor-widget-wrap elementor-element-populated\">\n\t\t\t\t\t\t<div class=\"elementor-element elementor-element-2b992b9 elementor-widget elementor-widget-ucaddon_uc_carousel_image\" data-id=\"2b992b9\" data-element_type=\"widget\" data-e-type=\"widget\" data-settings=\"{&quot;ekit_we_effect_on&quot;:&quot;none&quot;}\" data-widget_type=\"ucaddon_uc_carousel_image.default\">\n\t\t\t\t<div class=\"elementor-widget-container\">\n\t\t\t\t\t\n<!-- start Carousel Gallery -->\n\t\t<link id='unitegallery-css' href='https:\/\/futurehouse-construction.com\/wp-content\/plugins\/unlimited-elements-for-elementor\/assets_libraries\/unitegallery\/css\/unite-gallery.css' type='text\/css' rel='stylesheet' >\n\n\n<div id=\"uc_uc_carousel_image_elementor_2b992b9\" style=\"display:none;\" class=\"uc-items-wrapper\" data-custom-sethtml=\"true\" >\n\n\n<img decoding=\"async\" alt=\"498793_e099d634371d422e88ddd8679385489c~mv2\"\n   src=\"https:\/\/futurehouse-construction.com\/wp-content\/uploads\/2024\/06\/498793_e099d634371d422e88ddd8679385489cmv2.webp\"\n    data-image=\"https:\/\/futurehouse-construction.com\/wp-content\/uploads\/2024\/06\/498793_e099d634371d422e88ddd8679385489cmv2.webp\"\n    data-title=\"498793_e099d634371d422e88ddd8679385489c~mv2\">\n\n  \n<\/div>\n<!-- end Carousel Gallery -->\t\t\t\t<\/div>\n\t\t\t\t<\/div>\n\t\t\t\t\t<\/div>\n\t\t<\/div>\n\t\t\t\t<div class=\"aux-parallax-section elementor-column elementor-col-16 elementor-top-column elementor-element elementor-element-ba4b63c\" data-id=\"ba4b63c\" data-element_type=\"column\" data-e-type=\"column\">\n\t\t\t<div class=\"elementor-widget-wrap\">\n\t\t\t\t\t\t\t<\/div>\n\t\t<\/div>\n\t\t\t\t\t<\/div>\n\t\t<\/section>\n\t\t\t\t<section class=\"elementor-section elementor-top-section elementor-element elementor-element-14140f7 elementor-section-boxed elementor-section-height-default elementor-section-height-default\" data-id=\"14140f7\" data-element_type=\"section\" data-e-type=\"section\">\n\t\t\t\t\t\t<div class=\"elementor-container elementor-column-gap-default\">\n\t\t\t\t\t<div class=\"aux-parallax-section elementor-column elementor-col-100 elementor-top-column elementor-element elementor-element-e480f24\" data-id=\"e480f24\" data-element_type=\"column\" data-e-type=\"column\">\n\t\t\t<div class=\"elementor-widget-wrap elementor-element-populated\">\n\t\t\t\t\t\t<div class=\"elementor-element elementor-element-6890a9a elementor-widget-divider--view-line_text elementor-widget-divider--element-align-center elementor-widget elementor-widget-divider\" data-id=\"6890a9a\" data-element_type=\"widget\" data-e-type=\"widget\" data-settings=\"{&quot;ekit_we_effect_on&quot;:&quot;none&quot;}\" data-widget_type=\"divider.default\">\n\t\t\t\t\t\t\t<div class=\"elementor-divider\">\n\t\t\t<span class=\"elementor-divider-separator\">\n\t\t\t\t\t\t\t<span class=\"elementor-divider__text elementor-divider__element\">\n\t\t\t\tSpezifikationen\t\t\t\t<\/span>\n\t\t\t\t\t\t<\/span>\n\t\t<\/div>\n\t\t\t\t\t\t<\/div>\n\t\t\t\t\t<\/div>\n\t\t<\/div>\n\t\t\t\t\t<\/div>\n\t\t<\/section>\n\t\t\t\t<section class=\"elementor-section elementor-top-section elementor-element elementor-element-5c048b9 elementor-section-boxed elementor-section-height-default elementor-section-height-default\" data-id=\"5c048b9\" data-element_type=\"section\" data-e-type=\"section\">\n\t\t\t\t\t\t<div class=\"elementor-container elementor-column-gap-default\">\n\t\t\t\t\t<div class=\"aux-parallax-section elementor-column elementor-col-100 elementor-top-column elementor-element elementor-element-269549f\" data-id=\"269549f\" data-element_type=\"column\" data-e-type=\"column\">\n\t\t\t<div class=\"elementor-widget-wrap elementor-element-populated\">\n\t\t\t\t\t\t<div class=\"elementor-element elementor-element-ed8d829 elementor-widget elementor-widget-text-editor\" data-id=\"ed8d829\" data-element_type=\"widget\" data-e-type=\"widget\" data-settings=\"{&quot;ekit_we_effect_on&quot;:&quot;none&quot;}\" data-widget_type=\"text-editor.default\">\n\t\t\t\t\t\t\t\t\t<p style=\"text-align: left;\"><span style=\"font-size: 18pt;\"><strong><span style=\"color: #cb6d03;\">Spezifikationen<\/span><\/strong><\/span><\/p><p class=\"font_2 wixui-rich-text__text\">Galleria-Extra-Marmor ist eine der beliebtesten \u00e4gyptischen Marmorarten auf dem lokalen Markt und wird auf arabischen und afrikanischen M\u00e4rkten nachgefragt. Er wird f\u00fcr Fu\u00dfb\u00f6den, W\u00e4nde, Innentreppen, Balustraden, S\u00e4ulen, dekorative Arbeiten, Landschaftsgestaltung und Fassaden verwendet.<\/p><p><strong>Materialname:<\/strong> Sunny Middel<br \/><strong>Materialname:<\/strong> \u00c4gyptischer Marmor<br \/><strong>Materialfarbe:<\/strong> Wei\u00dfer Marmor<br \/><strong>Herkunftsland:<\/strong> \u00c4gyptischer Marmorsteinbruch<br \/><strong>Plattenabmessungen:<\/strong> In allen Gr\u00f6\u00dfen und St\u00e4rken erh\u00e4ltlich<br \/><strong>\u00a0Dicke:<\/strong> Erh\u00e4ltlich in 2 cm, 3 cm, 4 cm und 5 cm mit speziellen Dickenoptionen.<br \/><strong>Ausf\u00fchrungen:<\/strong> poliert, geschliffen, gestockt, getrommelt, Berggesicht, gemei\u00dfelt, sandgestrahlt, ges\u00e4uert, unraffiniert.<br \/><strong>Verpackung:<\/strong> Verpackt in Holzkisten oder auf Paletten, je nach Spezifikation der ben\u00f6tigten Materialien.<\/p>\t\t\t\t\t\t\t\t<\/div>\n\t\t\t\t\t<\/div>\n\t\t<\/div>\n\t\t\t\t\t<\/div>\n\t\t<\/section>\n\t\t\t\t<\/div>\n\t\t","protected":false},"excerpt":{"rendered":"<p>\u00c4gyptischer Marmor | Galala Extra Spezifikationen Spezifikationen Galleria-Extra-Marmor ist eine der beliebtesten \u00e4gyptischen Marmorarten auf dem lokalen Markt und wird auf arabischen und afrikanischen M\u00e4rkten nachgefragt. Er wird f\u00fcr Fu\u00dfb\u00f6den, W\u00e4nde, Innentreppen, Balustraden, S\u00e4ulen, dekorative Arbeiten, Landschaftsgestaltung und Fassaden verwendet. Materialname: Sunny MiddelMaterialname: \u00c4gyptischer MarmorMaterialfarbe: Wei\u00dfer MarmorHerkunftsland: \u00c4gyptischer MarmorsteinbruchPlattenabmessungen: In allen Gr\u00f6\u00dfen und St\u00e4rken erh\u00e4ltlich\u00a0Dicke: [&hellip;]<\/p>\n","protected":false},"author":2,"featured_media":0,"parent":0,"menu_order":0,"comment_status":"closed","ping_status":"closed","template":"","meta":{"footnotes":""},"class_list":["post-18184","page","type-page","status-publish","hentry"],"yoast_head":"<!-- This site is optimized with the Yoast SEO plugin v27.0 - https:\/\/yoast.com\/product\/yoast-seo-wordpress\/ -->\n<title>Galala Extra - Future House Construction<\/title>\n<meta name=\"robots\" content=\"index, follow, max-snippet:-1, max-image-preview:large, max-video-preview:-1\" \/>\n<link rel=\"canonical\" href=\"https:\/\/futurehouse-construction.com\/\u062c\u0644\u0627\u0644\u0629-\u0627\u0643\u0633\u062a\u0631\u0627\/\" \/>\n<meta property=\"og:locale\" content=\"de_DE\" \/>\n<meta property=\"og:type\" content=\"article\" \/>\n<meta property=\"og:title\" content=\"Galala Extra - Future House Construction\" \/>\n<meta property=\"og:description\" content=\"\u00c4gyptischer Marmor | Galala Extra Spezifikationen Spezifikationen Galleria-Extra-Marmor ist eine der beliebtesten \u00e4gyptischen Marmorarten auf dem lokalen Markt und wird auf arabischen und afrikanischen M\u00e4rkten nachgefragt. Er wird f\u00fcr Fu\u00dfb\u00f6den, W\u00e4nde, Innentreppen, Balustraden, S\u00e4ulen, dekorative Arbeiten, Landschaftsgestaltung und Fassaden verwendet. Materialname: Sunny MiddelMaterialname: \u00c4gyptischer MarmorMaterialfarbe: Wei\u00dfer MarmorHerkunftsland: \u00c4gyptischer MarmorsteinbruchPlattenabmessungen: In allen Gr\u00f6\u00dfen und St\u00e4rken erh\u00e4ltlich\u00a0Dicke: [&hellip;]\" \/>\n<meta property=\"og:url\" content=\"https:\/\/futurehouse-construction.com\/\u062c\u0644\u0627\u0644\u0629-\u0627\u0643\u0633\u062a\u0631\u0627\/\" \/>\n<meta property=\"og:site_name\" content=\"Future House Construction\" \/>\n<meta property=\"article:modified_time\" content=\"2025-06-12T23:16:34+00:00\" \/>\n<meta property=\"og:image\" content=\"https:\/\/futurehouse-construction.com\/wp-content\/uploads\/2024\/06\/498793_e099d634371d422e88ddd8679385489cmv2.webp\" \/>\n<meta name=\"twitter:card\" content=\"summary_large_image\" \/>\n<meta name=\"twitter:label1\" content=\"Gesch\u00e4tzte Lesezeit\" \/>\n\t<meta name=\"twitter:data1\" content=\"1\u00a0Minute\" \/>\n<script type=\"application\/ld+json\" class=\"yoast-schema-graph\">{\"@context\":\"https:\/\/schema.org\",\"@graph\":[{\"@type\":\"WebPage\",\"@id\":\"https:\/\/futurehouse-construction.com\/%d8%ac%d9%84%d8%a7%d9%84%d8%a9-%d8%a7%d9%83%d8%b3%d8%aa%d8%b1%d8%a7\/\",\"url\":\"https:\/\/futurehouse-construction.com\/%d8%ac%d9%84%d8%a7%d9%84%d8%a9-%d8%a7%d9%83%d8%b3%d8%aa%d8%b1%d8%a7\/\",\"name\":\"Galala Extra - Future House Construction\",\"isPartOf\":{\"@id\":\"https:\/\/futurehouse-construction.com\/en\/#website\"},\"primaryImageOfPage\":{\"@id\":\"https:\/\/futurehouse-construction.com\/%d8%ac%d9%84%d8%a7%d9%84%d8%a9-%d8%a7%d9%83%d8%b3%d8%aa%d8%b1%d8%a7\/#primaryimage\"},\"image\":{\"@id\":\"https:\/\/futurehouse-construction.com\/%d8%ac%d9%84%d8%a7%d9%84%d8%a9-%d8%a7%d9%83%d8%b3%d8%aa%d8%b1%d8%a7\/#primaryimage\"},\"thumbnailUrl\":\"https:\/\/futurehouse-construction.com\/wp-content\/uploads\/2024\/06\/498793_e099d634371d422e88ddd8679385489cmv2.webp\",\"datePublished\":\"2024-09-08T10:00:44+00:00\",\"dateModified\":\"2025-06-12T23:16:34+00:00\",\"breadcrumb\":{\"@id\":\"https:\/\/futurehouse-construction.com\/%d8%ac%d9%84%d8%a7%d9%84%d8%a9-%d8%a7%d9%83%d8%b3%d8%aa%d8%b1%d8%a7\/#breadcrumb\"},\"inLanguage\":\"de\",\"potentialAction\":[{\"@type\":\"ReadAction\",\"target\":[\"https:\/\/futurehouse-construction.com\/%d8%ac%d9%84%d8%a7%d9%84%d8%a9-%d8%a7%d9%83%d8%b3%d8%aa%d8%b1%d8%a7\/\"]}]},{\"@type\":\"ImageObject\",\"inLanguage\":\"de\",\"@id\":\"https:\/\/futurehouse-construction.com\/%d8%ac%d9%84%d8%a7%d9%84%d8%a9-%d8%a7%d9%83%d8%b3%d8%aa%d8%b1%d8%a7\/#primaryimage\",\"url\":\"https:\/\/futurehouse-construction.com\/wp-content\/uploads\/2024\/06\/498793_e099d634371d422e88ddd8679385489cmv2.webp\",\"contentUrl\":\"https:\/\/futurehouse-construction.com\/wp-content\/uploads\/2024\/06\/498793_e099d634371d422e88ddd8679385489cmv2.webp\"},{\"@type\":\"BreadcrumbList\",\"@id\":\"https:\/\/futurehouse-construction.com\/%d8%ac%d9%84%d8%a7%d9%84%d8%a9-%d8%a7%d9%83%d8%b3%d8%aa%d8%b1%d8%a7\/#breadcrumb\",\"itemListElement\":[{\"@type\":\"ListItem\",\"position\":1,\"name\":\"Home\",\"item\":\"https:\/\/futurehouse-construction.com\/de\/\"},{\"@type\":\"ListItem\",\"position\":2,\"name\":\"Galala Extra\"}]},{\"@type\":\"WebSite\",\"@id\":\"https:\/\/futurehouse-construction.com\/en\/#website\",\"url\":\"https:\/\/futurehouse-construction.com\/en\/\",\"name\":\"Future House Construction\",\"description\":\"\",\"publisher\":{\"@id\":\"https:\/\/futurehouse-construction.com\/en\/#organization\"},\"potentialAction\":[{\"@type\":\"SearchAction\",\"target\":{\"@type\":\"EntryPoint\",\"urlTemplate\":\"https:\/\/futurehouse-construction.com\/en\/?s={search_term_string}\"},\"query-input\":{\"@type\":\"PropertyValueSpecification\",\"valueRequired\":true,\"valueName\":\"search_term_string\"}}],\"inLanguage\":\"de\"},{\"@type\":\"Organization\",\"@id\":\"https:\/\/futurehouse-construction.com\/en\/#organization\",\"name\":\"Future House Construction\",\"url\":\"https:\/\/futurehouse-construction.com\/en\/\",\"logo\":{\"@type\":\"ImageObject\",\"inLanguage\":\"de\",\"@id\":\"https:\/\/futurehouse-construction.com\/en\/#\/schema\/logo\/image\/\",\"url\":\"https:\/\/futurehouse-construction.com\/wp-content\/uploads\/2024\/08\/Logo-PNG.png\",\"contentUrl\":\"https:\/\/futurehouse-construction.com\/wp-content\/uploads\/2024\/08\/Logo-PNG.png\",\"width\":577,\"height\":433,\"caption\":\"Future House Construction\"},\"image\":{\"@id\":\"https:\/\/futurehouse-construction.com\/en\/#\/schema\/logo\/image\/\"}}]}<\/script>\n<!-- \/ Yoast SEO plugin. -->","yoast_head_json":{"title":"Galala Extra - Future House Construction","robots":{"index":"index","follow":"follow","max-snippet":"max-snippet:-1","max-image-preview":"max-image-preview:large","max-video-preview":"max-video-preview:-1"},"canonical":"https:\/\/futurehouse-construction.com\/\u062c\u0644\u0627\u0644\u0629-\u0627\u0643\u0633\u062a\u0631\u0627\/","og_locale":"de_DE","og_type":"article","og_title":"Galala Extra - Future House Construction","og_description":"\u00c4gyptischer Marmor | Galala Extra Spezifikationen Spezifikationen Galleria-Extra-Marmor ist eine der beliebtesten \u00e4gyptischen Marmorarten auf dem lokalen Markt und wird auf arabischen und afrikanischen M\u00e4rkten nachgefragt. Er wird f\u00fcr Fu\u00dfb\u00f6den, W\u00e4nde, Innentreppen, Balustraden, S\u00e4ulen, dekorative Arbeiten, Landschaftsgestaltung und Fassaden verwendet. Materialname: Sunny MiddelMaterialname: \u00c4gyptischer MarmorMaterialfarbe: Wei\u00dfer MarmorHerkunftsland: \u00c4gyptischer MarmorsteinbruchPlattenabmessungen: In allen Gr\u00f6\u00dfen und St\u00e4rken erh\u00e4ltlich\u00a0Dicke: [&hellip;]","og_url":"https:\/\/futurehouse-construction.com\/\u062c\u0644\u0627\u0644\u0629-\u0627\u0643\u0633\u062a\u0631\u0627\/","og_site_name":"Future House Construction","article_modified_time":"2025-06-12T23:16:34+00:00","og_image":[{"url":"https:\/\/futurehouse-construction.com\/wp-content\/uploads\/2024\/06\/498793_e099d634371d422e88ddd8679385489cmv2.webp","type":"","width":"","height":""}],"twitter_card":"summary_large_image","twitter_misc":{"Gesch\u00e4tzte Lesezeit":"1\u00a0Minute"},"schema":{"@context":"https:\/\/schema.org","@graph":[{"@type":"WebPage","@id":"https:\/\/futurehouse-construction.com\/%d8%ac%d9%84%d8%a7%d9%84%d8%a9-%d8%a7%d9%83%d8%b3%d8%aa%d8%b1%d8%a7\/","url":"https:\/\/futurehouse-construction.com\/%d8%ac%d9%84%d8%a7%d9%84%d8%a9-%d8%a7%d9%83%d8%b3%d8%aa%d8%b1%d8%a7\/","name":"Galala Extra - Future House Construction","isPartOf":{"@id":"https:\/\/futurehouse-construction.com\/en\/#website"},"primaryImageOfPage":{"@id":"https:\/\/futurehouse-construction.com\/%d8%ac%d9%84%d8%a7%d9%84%d8%a9-%d8%a7%d9%83%d8%b3%d8%aa%d8%b1%d8%a7\/#primaryimage"},"image":{"@id":"https:\/\/futurehouse-construction.com\/%d8%ac%d9%84%d8%a7%d9%84%d8%a9-%d8%a7%d9%83%d8%b3%d8%aa%d8%b1%d8%a7\/#primaryimage"},"thumbnailUrl":"https:\/\/futurehouse-construction.com\/wp-content\/uploads\/2024\/06\/498793_e099d634371d422e88ddd8679385489cmv2.webp","datePublished":"2024-09-08T10:00:44+00:00","dateModified":"2025-06-12T23:16:34+00:00","breadcrumb":{"@id":"https:\/\/futurehouse-construction.com\/%d8%ac%d9%84%d8%a7%d9%84%d8%a9-%d8%a7%d9%83%d8%b3%d8%aa%d8%b1%d8%a7\/#breadcrumb"},"inLanguage":"de","potentialAction":[{"@type":"ReadAction","target":["https:\/\/futurehouse-construction.com\/%d8%ac%d9%84%d8%a7%d9%84%d8%a9-%d8%a7%d9%83%d8%b3%d8%aa%d8%b1%d8%a7\/"]}]},{"@type":"ImageObject","inLanguage":"de","@id":"https:\/\/futurehouse-construction.com\/%d8%ac%d9%84%d8%a7%d9%84%d8%a9-%d8%a7%d9%83%d8%b3%d8%aa%d8%b1%d8%a7\/#primaryimage","url":"https:\/\/futurehouse-construction.com\/wp-content\/uploads\/2024\/06\/498793_e099d634371d422e88ddd8679385489cmv2.webp","contentUrl":"https:\/\/futurehouse-construction.com\/wp-content\/uploads\/2024\/06\/498793_e099d634371d422e88ddd8679385489cmv2.webp"},{"@type":"BreadcrumbList","@id":"https:\/\/futurehouse-construction.com\/%d8%ac%d9%84%d8%a7%d9%84%d8%a9-%d8%a7%d9%83%d8%b3%d8%aa%d8%b1%d8%a7\/#breadcrumb","itemListElement":[{"@type":"ListItem","position":1,"name":"Home","item":"https:\/\/futurehouse-construction.com\/de\/"},{"@type":"ListItem","position":2,"name":"Galala Extra"}]},{"@type":"WebSite","@id":"https:\/\/futurehouse-construction.com\/en\/#website","url":"https:\/\/futurehouse-construction.com\/en\/","name":"Future House Construction","description":"","publisher":{"@id":"https:\/\/futurehouse-construction.com\/en\/#organization"},"potentialAction":[{"@type":"SearchAction","target":{"@type":"EntryPoint","urlTemplate":"https:\/\/futurehouse-construction.com\/en\/?s={search_term_string}"},"query-input":{"@type":"PropertyValueSpecification","valueRequired":true,"valueName":"search_term_string"}}],"inLanguage":"de"},{"@type":"Organization","@id":"https:\/\/futurehouse-construction.com\/en\/#organization","name":"Future House Construction","url":"https:\/\/futurehouse-construction.com\/en\/","logo":{"@type":"ImageObject","inLanguage":"de","@id":"https:\/\/futurehouse-construction.com\/en\/#\/schema\/logo\/image\/","url":"https:\/\/futurehouse-construction.com\/wp-content\/uploads\/2024\/08\/Logo-PNG.png","contentUrl":"https:\/\/futurehouse-construction.com\/wp-content\/uploads\/2024\/08\/Logo-PNG.png","width":577,"height":433,"caption":"Future House Construction"},"image":{"@id":"https:\/\/futurehouse-construction.com\/en\/#\/schema\/logo\/image\/"}}]}},"_links":{"self":[{"href":"https:\/\/futurehouse-construction.com\/de\/wp-json\/wp\/v2\/pages\/18184","targetHints":{"allow":["GET"]}}],"collection":[{"href":"https:\/\/futurehouse-construction.com\/de\/wp-json\/wp\/v2\/pages"}],"about":[{"href":"https:\/\/futurehouse-construction.com\/de\/wp-json\/wp\/v2\/types\/page"}],"author":[{"embeddable":true,"href":"https:\/\/futurehouse-construction.com\/de\/wp-json\/wp\/v2\/users\/2"}],"replies":[{"embeddable":true,"href":"https:\/\/futurehouse-construction.com\/de\/wp-json\/wp\/v2\/comments?post=18184"}],"version-history":[{"count":7,"href":"https:\/\/futurehouse-construction.com\/de\/wp-json\/wp\/v2\/pages\/18184\/revisions"}],"predecessor-version":[{"id":22068,"href":"https:\/\/futurehouse-construction.com\/de\/wp-json\/wp\/v2\/pages\/18184\/revisions\/22068"}],"wp:attachment":[{"href":"https:\/\/futurehouse-construction.com\/de\/wp-json\/wp\/v2\/media?parent=18184"}],"curies":[{"name":"wp","href":"https:\/\/api.w.org\/{rel}","templated":true}]}}