{"id":18178,"date":"2024-09-08T13:28:52","date_gmt":"2024-09-08T10:28:52","guid":{"rendered":"https:\/\/futurehouse-construction.com\/?page_id=18178"},"modified":"2025-06-16T00:19:32","modified_gmt":"2025-06-15T21:19:32","slug":"fantastisches-weiss","status":"publish","type":"page","link":"https:\/\/futurehouse-construction.com\/de\/fantastisches-weiss\/","title":{"rendered":"Fantastisches Wei\u00df"},"content":{"rendered":"\t\t<div data-elementor-type=\"wp-page\" data-elementor-id=\"18178\" class=\"elementor elementor-18178 elementor-1337\" data-elementor-post-type=\"page\">\n\t\t\t\t\t\t<section class=\"elementor-section elementor-top-section elementor-element elementor-element-c816d32 elementor-section-boxed elementor-section-height-default elementor-section-height-default\" data-id=\"c816d32\" data-element_type=\"section\" data-e-type=\"section\">\n\t\t\t\t\t\t<div class=\"elementor-container elementor-column-gap-default\">\n\t\t\t\t\t<div class=\"aux-parallax-section elementor-column elementor-col-100 elementor-top-column elementor-element elementor-element-a2c3071\" data-id=\"a2c3071\" data-element_type=\"column\" data-e-type=\"column\">\n\t\t\t<div class=\"elementor-widget-wrap elementor-element-populated\">\n\t\t\t\t\t\t<div class=\"elementor-element elementor-element-90ac5fa elementor-widget-divider--view-line_text elementor-widget-divider--element-align-center elementor-widget elementor-widget-divider\" data-id=\"90ac5fa\" data-element_type=\"widget\" data-e-type=\"widget\" data-settings=\"{&quot;ekit_we_effect_on&quot;:&quot;none&quot;}\" data-widget_type=\"divider.default\">\n\t\t\t\t\t\t\t<div class=\"elementor-divider\">\n\t\t\t<span class=\"elementor-divider-separator\">\n\t\t\t\t\t\t\t<span class=\"elementor-divider__text elementor-divider__element\">\n\t\t\t\t\u00c4gyptischer Granit | Fantastisches Wei\u00df\t\t\t\t<\/span>\n\t\t\t\t\t\t<\/span>\n\t\t<\/div>\n\t\t\t\t\t\t<\/div>\n\t\t\t\t\t<\/div>\n\t\t<\/div>\n\t\t\t\t\t<\/div>\n\t\t<\/section>\n\t\t\t\t<section class=\"elementor-section elementor-top-section elementor-element elementor-element-73514e4 elementor-section-boxed elementor-section-height-default elementor-section-height-default\" data-id=\"73514e4\" data-element_type=\"section\" data-e-type=\"section\">\n\t\t\t\t\t\t<div class=\"elementor-container elementor-column-gap-default\">\n\t\t\t\t\t<div class=\"aux-parallax-section elementor-column elementor-col-16 elementor-top-column elementor-element elementor-element-95f1cc4\" data-id=\"95f1cc4\" data-element_type=\"column\" data-e-type=\"column\">\n\t\t\t<div class=\"elementor-widget-wrap\">\n\t\t\t\t\t\t\t<\/div>\n\t\t<\/div>\n\t\t\t\t<div class=\"aux-parallax-section elementor-column elementor-col-66 elementor-top-column elementor-element elementor-element-7663f52\" data-id=\"7663f52\" data-element_type=\"column\" data-e-type=\"column\">\n\t\t\t<div class=\"elementor-widget-wrap elementor-element-populated\">\n\t\t\t\t\t\t<div class=\"elementor-element elementor-element-2b992b9 elementor-widget elementor-widget-ucaddon_uc_carousel_image\" data-id=\"2b992b9\" data-element_type=\"widget\" data-e-type=\"widget\" data-settings=\"{&quot;ekit_we_effect_on&quot;:&quot;none&quot;}\" data-widget_type=\"ucaddon_uc_carousel_image.default\">\n\t\t\t\t<div class=\"elementor-widget-container\">\n\t\t\t\t\t\n<!-- start Carousel Gallery -->\n\t\t<link id='unitegallery-css' href='https:\/\/futurehouse-construction.com\/wp-content\/plugins\/unlimited-elements-for-elementor\/assets_libraries\/unitegallery\/css\/unite-gallery.css' type='text\/css' rel='stylesheet' >\n\n\n<div id=\"uc_uc_carousel_image_elementor_2b992b9\" style=\"display:none;\" class=\"uc-items-wrapper\" data-custom-sethtml=\"true\" >\n\n\n<img decoding=\"async\" alt=\"FB_IMG_1711667198447_cleanup(1)\"\n   src=\"https:\/\/futurehouse-construction.com\/wp-content\/uploads\/2025\/05\/FB_IMG_1711667198447_cleanup1-1.jpg\"\n    data-image=\"https:\/\/futurehouse-construction.com\/wp-content\/uploads\/2025\/05\/FB_IMG_1711667198447_cleanup1-1.jpg\"\n    data-title=\"FB_IMG_1711667198447_cleanup(1)\">\n\n<img decoding=\"async\" alt=\"WhatsApp Image 2025-06-16 at 00.13\"\n   src=\"https:\/\/futurehouse-construction.com\/wp-content\/uploads\/2025\/06\/WhatsApp-Image-2025-06-16-at-00.13.29_be5bd031.jpg\"\n    data-image=\"https:\/\/futurehouse-construction.com\/wp-content\/uploads\/2025\/06\/WhatsApp-Image-2025-06-16-at-00.13.29_be5bd031.jpg\"\n    data-title=\"WhatsApp Image 2025-06-16 at 00.13\">\n\n<img decoding=\"async\" alt=\"WhatsApp Image 2025-06-16 at 00.13\"\n   src=\"https:\/\/futurehouse-construction.com\/wp-content\/uploads\/2025\/06\/WhatsApp-Image-2025-06-16-at-00.13.30_f208d459.jpg\"\n    data-image=\"https:\/\/futurehouse-construction.com\/wp-content\/uploads\/2025\/06\/WhatsApp-Image-2025-06-16-at-00.13.30_f208d459.jpg\"\n    data-title=\"WhatsApp Image 2025-06-16 at 00.13\">\n\n<img decoding=\"async\" alt=\"WhatsApp Image 2025-06-16 at 00.13\"\n   src=\"https:\/\/futurehouse-construction.com\/wp-content\/uploads\/2025\/06\/WhatsApp-Image-2025-06-16-at-00.13.31_55494f8a.jpg\"\n    data-image=\"https:\/\/futurehouse-construction.com\/wp-content\/uploads\/2025\/06\/WhatsApp-Image-2025-06-16-at-00.13.31_55494f8a.jpg\"\n    data-title=\"WhatsApp Image 2025-06-16 at 00.13\">\n\n<img decoding=\"async\" alt=\"WhatsApp Image 2025-06-16 at 00.13\"\n   src=\"https:\/\/futurehouse-construction.com\/wp-content\/uploads\/2025\/06\/WhatsApp-Image-2025-06-16-at-00.13.35_f4545f91-scaled.jpg\"\n    data-image=\"https:\/\/futurehouse-construction.com\/wp-content\/uploads\/2025\/06\/WhatsApp-Image-2025-06-16-at-00.13.35_f4545f91-scaled.jpg\"\n    data-title=\"WhatsApp Image 2025-06-16 at 00.13\">\n\n  \n<\/div>\n<!-- end Carousel Gallery -->\t\t\t\t<\/div>\n\t\t\t\t<\/div>\n\t\t\t\t\t<\/div>\n\t\t<\/div>\n\t\t\t\t<div class=\"aux-parallax-section elementor-column elementor-col-16 elementor-top-column elementor-element elementor-element-ba4b63c\" data-id=\"ba4b63c\" data-element_type=\"column\" data-e-type=\"column\">\n\t\t\t<div class=\"elementor-widget-wrap\">\n\t\t\t\t\t\t\t<\/div>\n\t\t<\/div>\n\t\t\t\t\t<\/div>\n\t\t<\/section>\n\t\t\t\t<section class=\"elementor-section elementor-top-section elementor-element elementor-element-14140f7 elementor-section-boxed elementor-section-height-default elementor-section-height-default\" data-id=\"14140f7\" data-element_type=\"section\" data-e-type=\"section\">\n\t\t\t\t\t\t<div class=\"elementor-container elementor-column-gap-default\">\n\t\t\t\t\t<div class=\"aux-parallax-section elementor-column elementor-col-100 elementor-top-column elementor-element elementor-element-e480f24\" data-id=\"e480f24\" data-element_type=\"column\" data-e-type=\"column\">\n\t\t\t<div class=\"elementor-widget-wrap elementor-element-populated\">\n\t\t\t\t\t\t<div class=\"elementor-element elementor-element-6890a9a elementor-widget-divider--view-line_text elementor-widget-divider--element-align-center elementor-widget elementor-widget-divider\" data-id=\"6890a9a\" data-element_type=\"widget\" data-e-type=\"widget\" data-settings=\"{&quot;ekit_we_effect_on&quot;:&quot;none&quot;}\" data-widget_type=\"divider.default\">\n\t\t\t\t\t\t\t<div class=\"elementor-divider\">\n\t\t\t<span class=\"elementor-divider-separator\">\n\t\t\t\t\t\t\t<span class=\"elementor-divider__text elementor-divider__element\">\n\t\t\t\tSpezifikationen\t\t\t\t<\/span>\n\t\t\t\t\t\t<\/span>\n\t\t<\/div>\n\t\t\t\t\t\t<\/div>\n\t\t\t\t\t<\/div>\n\t\t<\/div>\n\t\t\t\t\t<\/div>\n\t\t<\/section>\n\t\t\t\t<section class=\"elementor-section elementor-top-section elementor-element elementor-element-5f0a69e elementor-section-boxed elementor-section-height-default elementor-section-height-default\" data-id=\"5f0a69e\" data-element_type=\"section\" data-e-type=\"section\">\n\t\t\t\t\t\t<div class=\"elementor-container elementor-column-gap-default\">\n\t\t\t\t\t<div class=\"aux-parallax-section elementor-column elementor-col-100 elementor-top-column elementor-element elementor-element-5410705\" data-id=\"5410705\" data-element_type=\"column\" data-e-type=\"column\">\n\t\t\t<div class=\"elementor-widget-wrap elementor-element-populated\">\n\t\t\t\t\t\t<div class=\"elementor-element elementor-element-ba20333 elementor-widget elementor-widget-text-editor\" data-id=\"ba20333\" data-element_type=\"widget\" data-e-type=\"widget\" data-settings=\"{&quot;ekit_we_effect_on&quot;:&quot;none&quot;}\" data-widget_type=\"text-editor.default\">\n\t\t\t\t\t\t\t\t\t<section class=\"elementor-section elementor-top-section elementor-element elementor-element-815ff51 elementor-section-boxed elementor-section-height-default elementor-section-height-default elementskit-parallax-multi-container\" data-id=\"815ff51\" data-element_type=\"section\"><div class=\"elementor-container elementor-column-gap-default\"><div class=\"aux-parallax-section elementor-column elementor-col-100 elementor-top-column elementor-element elementor-element-e6a6642\" data-id=\"e6a6642\" data-element_type=\"column\"><div class=\"elementor-widget-wrap elementor-element-populated\"><div class=\"elementor-element elementor-element-dbe5a8e elementor-widget elementor-widget-text-editor\" data-id=\"dbe5a8e\" data-element_type=\"widget\" data-settings=\"{&quot;ekit_we_effect_on&quot;:&quot;none&quot;}\" data-widget_type=\"text-editor.default\"><div class=\"elementor-widget-container\"><section class=\"elementor-section elementor-top-section elementor-element elementor-element-2c757ef elementor-section-boxed elementor-section-height-default elementor-section-height-default elementskit-parallax-multi-container\" data-id=\"2c757ef\" data-element_type=\"section\"><div class=\"elementor-container elementor-column-gap-default\"><div class=\"aux-parallax-section elementor-column elementor-col-100 elementor-top-column elementor-element elementor-element-538ec91\" data-id=\"538ec91\" data-element_type=\"column\"><div class=\"elementor-widget-wrap elementor-element-populated\"><div class=\"elementor-element elementor-element-b061859 elementor-widget elementor-widget-text-editor\" data-id=\"b061859\" data-element_type=\"widget\" data-settings=\"{&quot;ekit_we_effect_on&quot;:&quot;none&quot;}\" data-widget_type=\"text-editor.default\"><div class=\"elementor-widget-container\"><div class=\"\" data-mesh-id=\"comp-ls39lnpd1inlineContent\" data-testid=\"inline-content\"><div data-mesh-id=\"comp-ls39lnpd1inlineContent-gridContainer\" data-testid=\"mesh-container-content\"><p class=\"font_0 wixui-rich-text__text\" dir=\"rtl\" style=\"text-align: left;\"><span style=\"font-size: 18pt; color: #cb6d03;\"><strong><span class=\"wixui-rich-text__text\">Spezifikationen<\/span><\/strong><\/span><\/p><p><strong>Materialname:<\/strong> Fantastischer wei\u00dfer Granit<\/p><p><strong>Granitfarbe:<\/strong> wei\u00df<\/p><p><strong>Herkunftsland:<\/strong> \u00c4gyptischer Granitsteinbruch<\/p><p><strong>Materialverf\u00fcgbarkeit:<\/strong> Bl\u00f6cke, kleine Platten, Fliesen, K\u00fcchen<\/p><p><strong>Abmessungen der kleinen Paneele:<\/strong> 265\u2013300 cm x 40, 50, 60, 70, 80, 90, 105 cm<\/p><p><strong>Granitst\u00e4rken:<\/strong> 18, 20, 30 und bis zu 100 Millimeter<\/p><p><strong>Verf\u00fcgbare Granitfliesenabmessungen:<\/strong> Alle Abmessungen<\/p><p><strong>Verf\u00fcgbare Granitplattenst\u00e4rken f\u00fcr B\u00f6den oder W\u00e4nde:<\/strong> 18, 20, 30, 40 mm (bis 200 mm auf Anfrage)<\/p><p><strong>Verf\u00fcgbare Ausf\u00fchrungen:<\/strong> mattiert, poliert, geschliffen, gebrannt<\/p><\/div><\/div><\/div><\/div><\/div><\/div><\/div><\/section><\/div><\/div><\/div><\/div><\/div><\/section>\t\t\t\t\t\t\t\t<\/div>\n\t\t\t\t\t<\/div>\n\t\t<\/div>\n\t\t\t\t\t<\/div>\n\t\t<\/section>\n\t\t\t\t<\/div>\n\t\t","protected":false},"excerpt":{"rendered":"<p>\u00c4gyptischer Granit | Fantastisches Wei\u00df Spezifikationen Spezifikationen Materialname: Fantastischer wei\u00dfer Granit Granitfarbe: wei\u00df Herkunftsland: \u00c4gyptischer Granitsteinbruch Materialverf\u00fcgbarkeit: Bl\u00f6cke, kleine Platten, Fliesen, K\u00fcchen Abmessungen der kleinen Paneele: 265\u2013300 cm x 40, 50, 60, 70, 80, 90, 105 cm Granitst\u00e4rken: 18, 20, 30 und bis zu 100 Millimeter Verf\u00fcgbare Granitfliesenabmessungen: Alle Abmessungen Verf\u00fcgbare Granitplattenst\u00e4rken f\u00fcr B\u00f6den oder [&hellip;]<\/p>\n","protected":false},"author":2,"featured_media":0,"parent":0,"menu_order":0,"comment_status":"closed","ping_status":"closed","template":"","meta":{"footnotes":""},"class_list":["post-18178","page","type-page","status-publish","hentry"],"yoast_head":"<!-- This site is optimized with the Yoast SEO plugin v27.0 - https:\/\/yoast.com\/product\/yoast-seo-wordpress\/ -->\n<title>Fantastisches Wei\u00df - Future House Construction<\/title>\n<meta name=\"robots\" content=\"index, follow, max-snippet:-1, max-image-preview:large, max-video-preview:-1\" \/>\n<link rel=\"canonical\" href=\"https:\/\/futurehouse-construction.com\/\u0641\u0646\u062a\u0627\u0633\u062a\u064a\u0643-\u0648\u0627\u064a\u062a\/\" \/>\n<meta property=\"og:locale\" content=\"de_DE\" \/>\n<meta property=\"og:type\" content=\"article\" \/>\n<meta property=\"og:title\" content=\"Fantastisches Wei\u00df - Future House Construction\" \/>\n<meta property=\"og:description\" content=\"\u00c4gyptischer Granit | Fantastisches Wei\u00df Spezifikationen Spezifikationen Materialname: Fantastischer wei\u00dfer Granit Granitfarbe: wei\u00df Herkunftsland: \u00c4gyptischer Granitsteinbruch Materialverf\u00fcgbarkeit: Bl\u00f6cke, kleine Platten, Fliesen, K\u00fcchen Abmessungen der kleinen Paneele: 265\u2013300 cm x 40, 50, 60, 70, 80, 90, 105 cm Granitst\u00e4rken: 18, 20, 30 und bis zu 100 Millimeter Verf\u00fcgbare Granitfliesenabmessungen: Alle Abmessungen Verf\u00fcgbare Granitplattenst\u00e4rken f\u00fcr B\u00f6den oder [&hellip;]\" \/>\n<meta property=\"og:url\" content=\"https:\/\/futurehouse-construction.com\/\u0641\u0646\u062a\u0627\u0633\u062a\u064a\u0643-\u0648\u0627\u064a\u062a\/\" \/>\n<meta property=\"og:site_name\" content=\"Future House Construction\" \/>\n<meta property=\"article:modified_time\" content=\"2025-06-15T21:19:32+00:00\" \/>\n<meta property=\"og:image\" content=\"https:\/\/futurehouse-construction.com\/wp-content\/uploads\/2025\/05\/FB_IMG_1711667198447_cleanup1-1.jpg\" \/>\n<meta name=\"twitter:card\" content=\"summary_large_image\" \/>\n<meta name=\"twitter:label1\" content=\"Gesch\u00e4tzte Lesezeit\" \/>\n\t<meta name=\"twitter:data1\" content=\"2\u00a0Minuten\" \/>\n<script type=\"application\/ld+json\" class=\"yoast-schema-graph\">{\"@context\":\"https:\/\/schema.org\",\"@graph\":[{\"@type\":\"WebPage\",\"@id\":\"https:\/\/futurehouse-construction.com\/%d9%81%d9%86%d8%aa%d8%a7%d8%b3%d8%aa%d9%8a%d9%83-%d9%88%d8%a7%d9%8a%d8%aa\/\",\"url\":\"https:\/\/futurehouse-construction.com\/%d9%81%d9%86%d8%aa%d8%a7%d8%b3%d8%aa%d9%8a%d9%83-%d9%88%d8%a7%d9%8a%d8%aa\/\",\"name\":\"Fantastisches Wei\u00df - Future House Construction\",\"isPartOf\":{\"@id\":\"https:\/\/futurehouse-construction.com\/en\/#website\"},\"primaryImageOfPage\":{\"@id\":\"https:\/\/futurehouse-construction.com\/%d9%81%d9%86%d8%aa%d8%a7%d8%b3%d8%aa%d9%8a%d9%83-%d9%88%d8%a7%d9%8a%d8%aa\/#primaryimage\"},\"image\":{\"@id\":\"https:\/\/futurehouse-construction.com\/%d9%81%d9%86%d8%aa%d8%a7%d8%b3%d8%aa%d9%8a%d9%83-%d9%88%d8%a7%d9%8a%d8%aa\/#primaryimage\"},\"thumbnailUrl\":\"https:\/\/futurehouse-construction.com\/wp-content\/uploads\/2025\/05\/FB_IMG_1711667198447_cleanup1-1.jpg\",\"datePublished\":\"2024-09-08T10:28:52+00:00\",\"dateModified\":\"2025-06-15T21:19:32+00:00\",\"breadcrumb\":{\"@id\":\"https:\/\/futurehouse-construction.com\/%d9%81%d9%86%d8%aa%d8%a7%d8%b3%d8%aa%d9%8a%d9%83-%d9%88%d8%a7%d9%8a%d8%aa\/#breadcrumb\"},\"inLanguage\":\"de\",\"potentialAction\":[{\"@type\":\"ReadAction\",\"target\":[\"https:\/\/futurehouse-construction.com\/%d9%81%d9%86%d8%aa%d8%a7%d8%b3%d8%aa%d9%8a%d9%83-%d9%88%d8%a7%d9%8a%d8%aa\/\"]}]},{\"@type\":\"ImageObject\",\"inLanguage\":\"de\",\"@id\":\"https:\/\/futurehouse-construction.com\/%d9%81%d9%86%d8%aa%d8%a7%d8%b3%d8%aa%d9%8a%d9%83-%d9%88%d8%a7%d9%8a%d8%aa\/#primaryimage\",\"url\":\"https:\/\/futurehouse-construction.com\/wp-content\/uploads\/2025\/05\/FB_IMG_1711667198447_cleanup1-1.jpg\",\"contentUrl\":\"https:\/\/futurehouse-construction.com\/wp-content\/uploads\/2025\/05\/FB_IMG_1711667198447_cleanup1-1.jpg\"},{\"@type\":\"BreadcrumbList\",\"@id\":\"https:\/\/futurehouse-construction.com\/%d9%81%d9%86%d8%aa%d8%a7%d8%b3%d8%aa%d9%8a%d9%83-%d9%88%d8%a7%d9%8a%d8%aa\/#breadcrumb\",\"itemListElement\":[{\"@type\":\"ListItem\",\"position\":1,\"name\":\"Home\",\"item\":\"https:\/\/futurehouse-construction.com\/de\/\"},{\"@type\":\"ListItem\",\"position\":2,\"name\":\"Fantastisches Wei\u00df\"}]},{\"@type\":\"WebSite\",\"@id\":\"https:\/\/futurehouse-construction.com\/en\/#website\",\"url\":\"https:\/\/futurehouse-construction.com\/en\/\",\"name\":\"Future House Construction\",\"description\":\"\",\"publisher\":{\"@id\":\"https:\/\/futurehouse-construction.com\/en\/#organization\"},\"potentialAction\":[{\"@type\":\"SearchAction\",\"target\":{\"@type\":\"EntryPoint\",\"urlTemplate\":\"https:\/\/futurehouse-construction.com\/en\/?s={search_term_string}\"},\"query-input\":{\"@type\":\"PropertyValueSpecification\",\"valueRequired\":true,\"valueName\":\"search_term_string\"}}],\"inLanguage\":\"de\"},{\"@type\":\"Organization\",\"@id\":\"https:\/\/futurehouse-construction.com\/en\/#organization\",\"name\":\"Future House Construction\",\"url\":\"https:\/\/futurehouse-construction.com\/en\/\",\"logo\":{\"@type\":\"ImageObject\",\"inLanguage\":\"de\",\"@id\":\"https:\/\/futurehouse-construction.com\/en\/#\/schema\/logo\/image\/\",\"url\":\"https:\/\/futurehouse-construction.com\/wp-content\/uploads\/2024\/08\/Logo-PNG.png\",\"contentUrl\":\"https:\/\/futurehouse-construction.com\/wp-content\/uploads\/2024\/08\/Logo-PNG.png\",\"width\":577,\"height\":433,\"caption\":\"Future House Construction\"},\"image\":{\"@id\":\"https:\/\/futurehouse-construction.com\/en\/#\/schema\/logo\/image\/\"}}]}<\/script>\n<!-- \/ Yoast SEO plugin. -->","yoast_head_json":{"title":"Fantastisches Wei\u00df - Future House Construction","robots":{"index":"index","follow":"follow","max-snippet":"max-snippet:-1","max-image-preview":"max-image-preview:large","max-video-preview":"max-video-preview:-1"},"canonical":"https:\/\/futurehouse-construction.com\/\u0641\u0646\u062a\u0627\u0633\u062a\u064a\u0643-\u0648\u0627\u064a\u062a\/","og_locale":"de_DE","og_type":"article","og_title":"Fantastisches Wei\u00df - Future House Construction","og_description":"\u00c4gyptischer Granit | Fantastisches Wei\u00df Spezifikationen Spezifikationen Materialname: Fantastischer wei\u00dfer Granit Granitfarbe: wei\u00df Herkunftsland: \u00c4gyptischer Granitsteinbruch Materialverf\u00fcgbarkeit: Bl\u00f6cke, kleine Platten, Fliesen, K\u00fcchen Abmessungen der kleinen Paneele: 265\u2013300 cm x 40, 50, 60, 70, 80, 90, 105 cm Granitst\u00e4rken: 18, 20, 30 und bis zu 100 Millimeter Verf\u00fcgbare Granitfliesenabmessungen: Alle Abmessungen Verf\u00fcgbare Granitplattenst\u00e4rken f\u00fcr B\u00f6den oder [&hellip;]","og_url":"https:\/\/futurehouse-construction.com\/\u0641\u0646\u062a\u0627\u0633\u062a\u064a\u0643-\u0648\u0627\u064a\u062a\/","og_site_name":"Future House Construction","article_modified_time":"2025-06-15T21:19:32+00:00","og_image":[{"url":"https:\/\/futurehouse-construction.com\/wp-content\/uploads\/2025\/05\/FB_IMG_1711667198447_cleanup1-1.jpg","type":"","width":"","height":""}],"twitter_card":"summary_large_image","twitter_misc":{"Gesch\u00e4tzte Lesezeit":"2\u00a0Minuten"},"schema":{"@context":"https:\/\/schema.org","@graph":[{"@type":"WebPage","@id":"https:\/\/futurehouse-construction.com\/%d9%81%d9%86%d8%aa%d8%a7%d8%b3%d8%aa%d9%8a%d9%83-%d9%88%d8%a7%d9%8a%d8%aa\/","url":"https:\/\/futurehouse-construction.com\/%d9%81%d9%86%d8%aa%d8%a7%d8%b3%d8%aa%d9%8a%d9%83-%d9%88%d8%a7%d9%8a%d8%aa\/","name":"Fantastisches Wei\u00df - Future House Construction","isPartOf":{"@id":"https:\/\/futurehouse-construction.com\/en\/#website"},"primaryImageOfPage":{"@id":"https:\/\/futurehouse-construction.com\/%d9%81%d9%86%d8%aa%d8%a7%d8%b3%d8%aa%d9%8a%d9%83-%d9%88%d8%a7%d9%8a%d8%aa\/#primaryimage"},"image":{"@id":"https:\/\/futurehouse-construction.com\/%d9%81%d9%86%d8%aa%d8%a7%d8%b3%d8%aa%d9%8a%d9%83-%d9%88%d8%a7%d9%8a%d8%aa\/#primaryimage"},"thumbnailUrl":"https:\/\/futurehouse-construction.com\/wp-content\/uploads\/2025\/05\/FB_IMG_1711667198447_cleanup1-1.jpg","datePublished":"2024-09-08T10:28:52+00:00","dateModified":"2025-06-15T21:19:32+00:00","breadcrumb":{"@id":"https:\/\/futurehouse-construction.com\/%d9%81%d9%86%d8%aa%d8%a7%d8%b3%d8%aa%d9%8a%d9%83-%d9%88%d8%a7%d9%8a%d8%aa\/#breadcrumb"},"inLanguage":"de","potentialAction":[{"@type":"ReadAction","target":["https:\/\/futurehouse-construction.com\/%d9%81%d9%86%d8%aa%d8%a7%d8%b3%d8%aa%d9%8a%d9%83-%d9%88%d8%a7%d9%8a%d8%aa\/"]}]},{"@type":"ImageObject","inLanguage":"de","@id":"https:\/\/futurehouse-construction.com\/%d9%81%d9%86%d8%aa%d8%a7%d8%b3%d8%aa%d9%8a%d9%83-%d9%88%d8%a7%d9%8a%d8%aa\/#primaryimage","url":"https:\/\/futurehouse-construction.com\/wp-content\/uploads\/2025\/05\/FB_IMG_1711667198447_cleanup1-1.jpg","contentUrl":"https:\/\/futurehouse-construction.com\/wp-content\/uploads\/2025\/05\/FB_IMG_1711667198447_cleanup1-1.jpg"},{"@type":"BreadcrumbList","@id":"https:\/\/futurehouse-construction.com\/%d9%81%d9%86%d8%aa%d8%a7%d8%b3%d8%aa%d9%8a%d9%83-%d9%88%d8%a7%d9%8a%d8%aa\/#breadcrumb","itemListElement":[{"@type":"ListItem","position":1,"name":"Home","item":"https:\/\/futurehouse-construction.com\/de\/"},{"@type":"ListItem","position":2,"name":"Fantastisches Wei\u00df"}]},{"@type":"WebSite","@id":"https:\/\/futurehouse-construction.com\/en\/#website","url":"https:\/\/futurehouse-construction.com\/en\/","name":"Future House Construction","description":"","publisher":{"@id":"https:\/\/futurehouse-construction.com\/en\/#organization"},"potentialAction":[{"@type":"SearchAction","target":{"@type":"EntryPoint","urlTemplate":"https:\/\/futurehouse-construction.com\/en\/?s={search_term_string}"},"query-input":{"@type":"PropertyValueSpecification","valueRequired":true,"valueName":"search_term_string"}}],"inLanguage":"de"},{"@type":"Organization","@id":"https:\/\/futurehouse-construction.com\/en\/#organization","name":"Future House Construction","url":"https:\/\/futurehouse-construction.com\/en\/","logo":{"@type":"ImageObject","inLanguage":"de","@id":"https:\/\/futurehouse-construction.com\/en\/#\/schema\/logo\/image\/","url":"https:\/\/futurehouse-construction.com\/wp-content\/uploads\/2024\/08\/Logo-PNG.png","contentUrl":"https:\/\/futurehouse-construction.com\/wp-content\/uploads\/2024\/08\/Logo-PNG.png","width":577,"height":433,"caption":"Future House Construction"},"image":{"@id":"https:\/\/futurehouse-construction.com\/en\/#\/schema\/logo\/image\/"}}]}},"_links":{"self":[{"href":"https:\/\/futurehouse-construction.com\/de\/wp-json\/wp\/v2\/pages\/18178","targetHints":{"allow":["GET"]}}],"collection":[{"href":"https:\/\/futurehouse-construction.com\/de\/wp-json\/wp\/v2\/pages"}],"about":[{"href":"https:\/\/futurehouse-construction.com\/de\/wp-json\/wp\/v2\/types\/page"}],"author":[{"embeddable":true,"href":"https:\/\/futurehouse-construction.com\/de\/wp-json\/wp\/v2\/users\/2"}],"replies":[{"embeddable":true,"href":"https:\/\/futurehouse-construction.com\/de\/wp-json\/wp\/v2\/comments?post=18178"}],"version-history":[{"count":7,"href":"https:\/\/futurehouse-construction.com\/de\/wp-json\/wp\/v2\/pages\/18178\/revisions"}],"predecessor-version":[{"id":22384,"href":"https:\/\/futurehouse-construction.com\/de\/wp-json\/wp\/v2\/pages\/18178\/revisions\/22384"}],"wp:attachment":[{"href":"https:\/\/futurehouse-construction.com\/de\/wp-json\/wp\/v2\/media?parent=18178"}],"curies":[{"name":"wp","href":"https:\/\/api.w.org\/{rel}","templated":true}]}}