{"id":18169,"date":"2024-09-11T11:14:54","date_gmt":"2024-09-11T08:14:54","guid":{"rendered":"https:\/\/futurehouse-construction.com\/?page_id=18169"},"modified":"2024-12-25T11:24:19","modified_gmt":"2024-12-25T09:24:19","slug":"exekutivpaneele","status":"publish","type":"page","link":"https:\/\/futurehouse-construction.com\/de\/exekutivpaneele\/","title":{"rendered":"Exekutivpaneele"},"content":{"rendered":"\t\t<div data-elementor-type=\"wp-page\" data-elementor-id=\"18169\" class=\"elementor elementor-18169 elementor-1845\" data-elementor-post-type=\"page\">\n\t\t\t\t\t\t<section class=\"elementor-section elementor-top-section elementor-element elementor-element-20a6069 elementor-section-full_width elementor-section-stretched elementor-section-height-default elementor-section-height-default\" data-id=\"20a6069\" data-element_type=\"section\" data-e-type=\"section\" data-settings=\"{&quot;stretch_section&quot;:&quot;section-stretched&quot;,&quot;background_background&quot;:&quot;classic&quot;}\">\n\t\t\t\t\t\t\t<div class=\"elementor-background-overlay\"><\/div>\n\t\t\t\t\t\t\t<div class=\"elementor-container elementor-column-gap-default\">\n\t\t\t\t\t<div class=\"aux-parallax-section elementor-column elementor-col-100 elementor-top-column elementor-element elementor-element-c168d8f\" data-id=\"c168d8f\" data-element_type=\"column\" data-e-type=\"column\">\n\t\t\t<div class=\"elementor-widget-wrap elementor-element-populated\">\n\t\t\t\t\t\t<div class=\"elementor-element elementor-element-80f3a4c elementor-widget elementor-widget-spacer\" data-id=\"80f3a4c\" data-element_type=\"widget\" data-e-type=\"widget\" data-settings=\"{&quot;ekit_we_effect_on&quot;:&quot;none&quot;}\" data-widget_type=\"spacer.default\">\n\t\t\t\t\t\t\t<div class=\"elementor-spacer\">\n\t\t\t<div class=\"elementor-spacer-inner\"><\/div>\n\t\t<\/div>\n\t\t\t\t\t\t<\/div>\n\t\t\t\t<div class=\"elementor-element elementor-element-4d1d421 elementor-widget elementor-widget-image-box\" data-id=\"4d1d421\" data-element_type=\"widget\" data-e-type=\"widget\" data-settings=\"{&quot;ekit_we_effect_on&quot;:&quot;none&quot;}\" data-widget_type=\"image-box.default\">\n\t\t\t\t\t<div class=\"elementor-image-box-wrapper\"><div class=\"elementor-image-box-content\"><h3 class=\"elementor-image-box-title\">Entwurfsarbeiten und Projekt\u00fcberwachung<\/h3><\/div><\/div>\t\t\t\t<\/div>\n\t\t\t\t<div class=\"elementor-element elementor-element-44e3331 elementor-widget elementor-widget-spacer\" data-id=\"44e3331\" data-element_type=\"widget\" data-e-type=\"widget\" data-settings=\"{&quot;ekit_we_effect_on&quot;:&quot;none&quot;}\" data-widget_type=\"spacer.default\">\n\t\t\t\t\t\t\t<div class=\"elementor-spacer\">\n\t\t\t<div class=\"elementor-spacer-inner\"><\/div>\n\t\t<\/div>\n\t\t\t\t\t\t<\/div>\n\t\t\t\t\t<\/div>\n\t\t<\/div>\n\t\t\t\t\t<\/div>\n\t\t<\/section>\n\t\t\t\t<section class=\"elementor-section elementor-top-section elementor-element elementor-element-d1d77a1 elementor-section-boxed elementor-section-height-default elementor-section-height-default\" data-id=\"d1d77a1\" data-element_type=\"section\" data-e-type=\"section\">\n\t\t\t\t\t\t<div class=\"elementor-container elementor-column-gap-default\">\n\t\t\t\t\t<div class=\"aux-parallax-section elementor-column elementor-col-100 elementor-top-column elementor-element elementor-element-fb878d6\" data-id=\"fb878d6\" data-element_type=\"column\" data-e-type=\"column\">\n\t\t\t<div class=\"elementor-widget-wrap elementor-element-populated\">\n\t\t\t\t\t\t<div class=\"elementor-element elementor-element-bcf1bd2 elementor-widget elementor-widget-spacer\" data-id=\"bcf1bd2\" data-element_type=\"widget\" data-e-type=\"widget\" data-settings=\"{&quot;ekit_we_effect_on&quot;:&quot;none&quot;}\" data-widget_type=\"spacer.default\">\n\t\t\t\t\t\t\t<div class=\"elementor-spacer\">\n\t\t\t<div class=\"elementor-spacer-inner\"><\/div>\n\t\t<\/div>\n\t\t\t\t\t\t<\/div>\n\t\t\t\t\t<\/div>\n\t\t<\/div>\n\t\t\t\t\t<\/div>\n\t\t<\/section>\n\t\t\t\t<section class=\"elementor-section elementor-top-section elementor-element elementor-element-8c38dc2 elementor-section-full_width elementor-section-stretched elementor-section-height-default elementor-section-height-default\" data-id=\"8c38dc2\" data-element_type=\"section\" data-e-type=\"section\" data-settings=\"{&quot;stretch_section&quot;:&quot;section-stretched&quot;}\">\n\t\t\t\t\t\t<div class=\"elementor-container elementor-column-gap-default\">\n\t\t\t\t\t<div class=\"aux-parallax-section elementor-column elementor-col-50 elementor-top-column elementor-element elementor-element-55740df\" data-id=\"55740df\" data-element_type=\"column\" data-e-type=\"column\">\n\t\t\t<div class=\"elementor-widget-wrap elementor-element-populated\">\n\t\t\t\t\t\t<div class=\"elementor-element elementor-element-fd29cc4 elementor-widget elementor-widget-heading\" data-id=\"fd29cc4\" data-element_type=\"widget\" data-e-type=\"widget\" data-settings=\"{&quot;ekit_we_effect_on&quot;:&quot;none&quot;}\" data-widget_type=\"heading.default\">\n\t\t\t\t\t<h2 class=\"elementor-heading-title elementor-size-default\">Exekutivgremien<\/h2>\t\t\t\t<\/div>\n\t\t\t\t<div class=\"elementor-element elementor-element-c666a8d elementor-widget elementor-widget-text-editor\" data-id=\"c666a8d\" data-element_type=\"widget\" data-e-type=\"widget\" data-settings=\"{&quot;ekit_we_effect_on&quot;:&quot;none&quot;}\" data-widget_type=\"text-editor.default\">\n\t\t\t\t\t\t\t\t\t<ul><li>Technische Zeichnungen sind detaillierte technische Pl\u00e4ne, die die Herstellung und Installation von Architekturkomponenten leiten. Sie geben pr\u00e4zise Anweisungen und stellen sicher, dass jedes Produkt mit Pr\u00e4zision und Perfektion hergestellt und zusammengebaut wird<\/li><li>Bausicherheitsgarantie: Die Zeichnungen unseres Teams werden einer strengen technischen Pr\u00fcfung unterzogen, um die Bausicherheit Ihres Projekts zu \u00fcberpr\u00fcfen. Wir berechnen sorgf\u00e4ltig Tragf\u00e4higkeiten, Materialspezifikationen und Verbindungsdetails, um die Sicherheit und Langlebigkeit des Geb\u00e4udes zu gew\u00e4hrleisten.<\/li><\/ul>\t\t\t\t\t\t\t\t<\/div>\n\t\t\t\t<div class=\"elementor-element elementor-element-492160e elementor-widget elementor-widget-image\" data-id=\"492160e\" data-element_type=\"widget\" data-e-type=\"widget\" data-settings=\"{&quot;ekit_we_effect_on&quot;:&quot;none&quot;}\" data-widget_type=\"image.default\">\n\t\t\t\t\t\t\t\t\t\t\t\t\t\t\t<img fetchpriority=\"high\" decoding=\"async\" width=\"1116\" height=\"742\" src=\"https:\/\/futurehouse-construction.com\/wp-content\/uploads\/2024\/09\/58345.webp\" class=\"attachment-full size-full wp-image-1848\" alt=\"\" srcset=\"https:\/\/futurehouse-construction.com\/wp-content\/uploads\/2024\/09\/58345.webp 1116w, https:\/\/futurehouse-construction.com\/wp-content\/uploads\/2024\/09\/58345-200x133.webp 200w\" sizes=\"(max-width: 1116px) 100vw, 1116px\" \/>\t\t\t\t\t\t\t\t\t\t\t\t\t\t\t<\/div>\n\t\t\t\t\t<\/div>\n\t\t<\/div>\n\t\t\t\t<div class=\"aux-parallax-section elementor-column elementor-col-50 elementor-top-column elementor-element elementor-element-2bb2254\" data-id=\"2bb2254\" data-element_type=\"column\" data-e-type=\"column\">\n\t\t\t<div class=\"elementor-widget-wrap elementor-element-populated\">\n\t\t\t\t\t\t<div class=\"elementor-element elementor-element-1e4bb8f elementor-widget elementor-widget-heading\" data-id=\"1e4bb8f\" data-element_type=\"widget\" data-e-type=\"widget\" data-settings=\"{&quot;ekit_we_effect_on&quot;:&quot;none&quot;}\" data-widget_type=\"heading.default\">\n\t\t\t\t\t<h2 class=\"elementor-heading-title elementor-size-default\">Dienstleistungen<\/h2>\t\t\t\t<\/div>\n\t\t\t\t<div class=\"elementor-element elementor-element-1518c44 elementor-nav-menu__align-center elementor-nav-menu--dropdown-none elementor-widget elementor-widget-nav-menu\" data-id=\"1518c44\" data-element_type=\"widget\" data-e-type=\"widget\" data-settings=\"{&quot;layout&quot;:&quot;vertical&quot;,&quot;submenu_icon&quot;:{&quot;value&quot;:&quot;&lt;svg class=\\&quot;e-font-icon-svg e-fas-caret-down\\&quot; viewBox=\\&quot;0 0 320 512\\&quot; xmlns=\\&quot;http:\\\/\\\/www.w3.org\\\/2000\\\/svg\\&quot;&gt;&lt;path d=\\&quot;M31.3 192h257.3c17.8 0 26.7 21.5 14.1 34.1L174.1 354.8c-7.8 7.8-20.5 7.8-28.3 0L17.2 226.1C4.6 213.5 13.5 192 31.3 192z\\&quot;&gt;&lt;\\\/path&gt;&lt;\\\/svg&gt;&quot;,&quot;library&quot;:&quot;fa-solid&quot;},&quot;ekit_we_effect_on&quot;:&quot;none&quot;}\" data-widget_type=\"nav-menu.default\">\n\t\t\t\t\t\t\t\t<nav aria-label=\"Menu\" class=\"elementor-nav-menu--main elementor-nav-menu__container elementor-nav-menu--layout-vertical e--pointer-background e--animation-grow\">\n\t\t\t\t<!-- start master menu -->\n<ul id=\"menu-1-1518c44\" class=\"elementor-nav-menu sm-vertical\"><li class=\"menu-item menu-item-type-post_type menu-item-object-page menu-item-20711\"><a href=\"https:\/\/futurehouse-construction.com\/de\/bau\/\" class=\"elementor-item\">Konstruktion<\/a><\/li>\n<li class=\"menu-item menu-item-type-post_type menu-item-object-page menu-item-20712\"><a href=\"https:\/\/futurehouse-construction.com\/de\/innenraeume\/\" class=\"elementor-item\">Innenr\u00e4ume<\/a><\/li>\n<li class=\"menu-item menu-item-type-post_type menu-item-object-page menu-item-20713\"><a href=\"https:\/\/futurehouse-construction.com\/de\/exekutivpaneele\/\" class=\"elementor-item\">Exekutivpaneele<\/a><\/li>\n<\/ul>\n<!-- end master menu -->\n\t\t\t<\/nav>\n\t\t\t\t\t\t<nav class=\"elementor-nav-menu--dropdown elementor-nav-menu__container\" aria-hidden=\"true\">\n\t\t\t\t<!-- start master menu -->\n<ul id=\"menu-2-1518c44\" class=\"elementor-nav-menu sm-vertical\"><li class=\"menu-item menu-item-type-post_type menu-item-object-page menu-item-20711\"><a href=\"https:\/\/futurehouse-construction.com\/de\/bau\/\" class=\"elementor-item\" tabindex=\"-1\">Konstruktion<\/a><\/li>\n<li class=\"menu-item menu-item-type-post_type menu-item-object-page menu-item-20712\"><a href=\"https:\/\/futurehouse-construction.com\/de\/innenraeume\/\" class=\"elementor-item\" tabindex=\"-1\">Innenr\u00e4ume<\/a><\/li>\n<li class=\"menu-item menu-item-type-post_type menu-item-object-page menu-item-20713\"><a href=\"https:\/\/futurehouse-construction.com\/de\/exekutivpaneele\/\" class=\"elementor-item\" tabindex=\"-1\">Exekutivpaneele<\/a><\/li>\n<\/ul>\n<!-- end master menu -->\n\t\t\t<\/nav>\n\t\t\t\t\t\t<\/div>\n\t\t\t\t\t<\/div>\n\t\t<\/div>\n\t\t\t\t\t<\/div>\n\t\t<\/section>\n\t\t\t\t<\/div>\n\t\t","protected":false},"excerpt":{"rendered":"<p>Entwurfsarbeiten und Projekt\u00fcberwachung Exekutivgremien Technische Zeichnungen sind detaillierte technische Pl\u00e4ne, die die Herstellung und Installation von Architekturkomponenten leiten. Sie geben pr\u00e4zise Anweisungen und stellen sicher, dass jedes Produkt mit Pr\u00e4zision und Perfektion hergestellt und zusammengebaut wird Bausicherheitsgarantie: Die Zeichnungen unseres Teams werden einer strengen technischen Pr\u00fcfung unterzogen, um die Bausicherheit Ihres Projekts zu \u00fcberpr\u00fcfen. Wir [&hellip;]<\/p>\n","protected":false},"author":2,"featured_media":0,"parent":0,"menu_order":0,"comment_status":"closed","ping_status":"closed","template":"","meta":{"footnotes":""},"class_list":["post-18169","page","type-page","status-publish","hentry"],"yoast_head":"<!-- This site is optimized with the Yoast SEO plugin v27.0 - https:\/\/yoast.com\/product\/yoast-seo-wordpress\/ -->\n<title>Exekutivpaneele - Future House Construction<\/title>\n<meta name=\"robots\" content=\"index, follow, max-snippet:-1, max-image-preview:large, max-video-preview:-1\" \/>\n<link rel=\"canonical\" href=\"https:\/\/futurehouse-construction.com\/\u0627\u0644\u0648\u0627\u062d-\u062a\u0646\u0641\u064a\u0630\u064a\u0629\/\" \/>\n<meta property=\"og:locale\" content=\"de_DE\" \/>\n<meta property=\"og:type\" content=\"article\" \/>\n<meta property=\"og:title\" content=\"Exekutivpaneele - Future House Construction\" \/>\n<meta property=\"og:description\" content=\"Entwurfsarbeiten und Projekt\u00fcberwachung Exekutivgremien Technische Zeichnungen sind detaillierte technische Pl\u00e4ne, die die Herstellung und Installation von Architekturkomponenten leiten. Sie geben pr\u00e4zise Anweisungen und stellen sicher, dass jedes Produkt mit Pr\u00e4zision und Perfektion hergestellt und zusammengebaut wird Bausicherheitsgarantie: Die Zeichnungen unseres Teams werden einer strengen technischen Pr\u00fcfung unterzogen, um die Bausicherheit Ihres Projekts zu \u00fcberpr\u00fcfen. Wir [&hellip;]\" \/>\n<meta property=\"og:url\" content=\"https:\/\/futurehouse-construction.com\/\u0627\u0644\u0648\u0627\u062d-\u062a\u0646\u0641\u064a\u0630\u064a\u0629\/\" \/>\n<meta property=\"og:site_name\" content=\"Future House Construction\" \/>\n<meta property=\"article:modified_time\" content=\"2024-12-25T09:24:19+00:00\" \/>\n<meta property=\"og:image\" content=\"https:\/\/futurehouse-construction.com\/wp-content\/uploads\/2024\/09\/58345.webp\" \/>\n\t<meta property=\"og:image:width\" content=\"1116\" \/>\n\t<meta property=\"og:image:height\" content=\"742\" \/>\n\t<meta property=\"og:image:type\" content=\"image\/webp\" \/>\n<meta name=\"twitter:card\" content=\"summary_large_image\" \/>\n<script type=\"application\/ld+json\" class=\"yoast-schema-graph\">{\"@context\":\"https:\/\/schema.org\",\"@graph\":[{\"@type\":\"WebPage\",\"@id\":\"https:\/\/futurehouse-construction.com\/%d8%a7%d9%84%d9%88%d8%a7%d8%ad-%d8%aa%d9%86%d9%81%d9%8a%d8%b0%d9%8a%d8%a9\/\",\"url\":\"https:\/\/futurehouse-construction.com\/%d8%a7%d9%84%d9%88%d8%a7%d8%ad-%d8%aa%d9%86%d9%81%d9%8a%d8%b0%d9%8a%d8%a9\/\",\"name\":\"Exekutivpaneele - Future House Construction\",\"isPartOf\":{\"@id\":\"https:\/\/futurehouse-construction.com\/en\/#website\"},\"primaryImageOfPage\":{\"@id\":\"https:\/\/futurehouse-construction.com\/%d8%a7%d9%84%d9%88%d8%a7%d8%ad-%d8%aa%d9%86%d9%81%d9%8a%d8%b0%d9%8a%d8%a9\/#primaryimage\"},\"image\":{\"@id\":\"https:\/\/futurehouse-construction.com\/%d8%a7%d9%84%d9%88%d8%a7%d8%ad-%d8%aa%d9%86%d9%81%d9%8a%d8%b0%d9%8a%d8%a9\/#primaryimage\"},\"thumbnailUrl\":\"https:\/\/futurehouse-construction.com\/wp-content\/uploads\/2024\/09\/58345.webp\",\"datePublished\":\"2024-09-11T08:14:54+00:00\",\"dateModified\":\"2024-12-25T09:24:19+00:00\",\"breadcrumb\":{\"@id\":\"https:\/\/futurehouse-construction.com\/%d8%a7%d9%84%d9%88%d8%a7%d8%ad-%d8%aa%d9%86%d9%81%d9%8a%d8%b0%d9%8a%d8%a9\/#breadcrumb\"},\"inLanguage\":\"de\",\"potentialAction\":[{\"@type\":\"ReadAction\",\"target\":[\"https:\/\/futurehouse-construction.com\/%d8%a7%d9%84%d9%88%d8%a7%d8%ad-%d8%aa%d9%86%d9%81%d9%8a%d8%b0%d9%8a%d8%a9\/\"]}]},{\"@type\":\"ImageObject\",\"inLanguage\":\"de\",\"@id\":\"https:\/\/futurehouse-construction.com\/%d8%a7%d9%84%d9%88%d8%a7%d8%ad-%d8%aa%d9%86%d9%81%d9%8a%d8%b0%d9%8a%d8%a9\/#primaryimage\",\"url\":\"https:\/\/futurehouse-construction.com\/wp-content\/uploads\/2024\/09\/58345.webp\",\"contentUrl\":\"https:\/\/futurehouse-construction.com\/wp-content\/uploads\/2024\/09\/58345.webp\"},{\"@type\":\"BreadcrumbList\",\"@id\":\"https:\/\/futurehouse-construction.com\/%d8%a7%d9%84%d9%88%d8%a7%d8%ad-%d8%aa%d9%86%d9%81%d9%8a%d8%b0%d9%8a%d8%a9\/#breadcrumb\",\"itemListElement\":[{\"@type\":\"ListItem\",\"position\":1,\"name\":\"Home\",\"item\":\"https:\/\/futurehouse-construction.com\/de\/\"},{\"@type\":\"ListItem\",\"position\":2,\"name\":\"Exekutivpaneele\"}]},{\"@type\":\"WebSite\",\"@id\":\"https:\/\/futurehouse-construction.com\/en\/#website\",\"url\":\"https:\/\/futurehouse-construction.com\/en\/\",\"name\":\"Future House Construction\",\"description\":\"\",\"publisher\":{\"@id\":\"https:\/\/futurehouse-construction.com\/en\/#organization\"},\"potentialAction\":[{\"@type\":\"SearchAction\",\"target\":{\"@type\":\"EntryPoint\",\"urlTemplate\":\"https:\/\/futurehouse-construction.com\/en\/?s={search_term_string}\"},\"query-input\":{\"@type\":\"PropertyValueSpecification\",\"valueRequired\":true,\"valueName\":\"search_term_string\"}}],\"inLanguage\":\"de\"},{\"@type\":\"Organization\",\"@id\":\"https:\/\/futurehouse-construction.com\/en\/#organization\",\"name\":\"Future House Construction\",\"url\":\"https:\/\/futurehouse-construction.com\/en\/\",\"logo\":{\"@type\":\"ImageObject\",\"inLanguage\":\"de\",\"@id\":\"https:\/\/futurehouse-construction.com\/en\/#\/schema\/logo\/image\/\",\"url\":\"https:\/\/futurehouse-construction.com\/wp-content\/uploads\/2024\/08\/Logo-PNG.png\",\"contentUrl\":\"https:\/\/futurehouse-construction.com\/wp-content\/uploads\/2024\/08\/Logo-PNG.png\",\"width\":577,\"height\":433,\"caption\":\"Future House Construction\"},\"image\":{\"@id\":\"https:\/\/futurehouse-construction.com\/en\/#\/schema\/logo\/image\/\"}}]}<\/script>\n<!-- \/ Yoast SEO plugin. -->","yoast_head_json":{"title":"Exekutivpaneele - Future House Construction","robots":{"index":"index","follow":"follow","max-snippet":"max-snippet:-1","max-image-preview":"max-image-preview:large","max-video-preview":"max-video-preview:-1"},"canonical":"https:\/\/futurehouse-construction.com\/\u0627\u0644\u0648\u0627\u062d-\u062a\u0646\u0641\u064a\u0630\u064a\u0629\/","og_locale":"de_DE","og_type":"article","og_title":"Exekutivpaneele - Future House Construction","og_description":"Entwurfsarbeiten und Projekt\u00fcberwachung Exekutivgremien Technische Zeichnungen sind detaillierte technische Pl\u00e4ne, die die Herstellung und Installation von Architekturkomponenten leiten. Sie geben pr\u00e4zise Anweisungen und stellen sicher, dass jedes Produkt mit Pr\u00e4zision und Perfektion hergestellt und zusammengebaut wird Bausicherheitsgarantie: Die Zeichnungen unseres Teams werden einer strengen technischen Pr\u00fcfung unterzogen, um die Bausicherheit Ihres Projekts zu \u00fcberpr\u00fcfen. Wir [&hellip;]","og_url":"https:\/\/futurehouse-construction.com\/\u0627\u0644\u0648\u0627\u062d-\u062a\u0646\u0641\u064a\u0630\u064a\u0629\/","og_site_name":"Future House Construction","article_modified_time":"2024-12-25T09:24:19+00:00","og_image":[{"width":1116,"height":742,"url":"https:\/\/futurehouse-construction.com\/wp-content\/uploads\/2024\/09\/58345.webp","type":"image\/webp"}],"twitter_card":"summary_large_image","schema":{"@context":"https:\/\/schema.org","@graph":[{"@type":"WebPage","@id":"https:\/\/futurehouse-construction.com\/%d8%a7%d9%84%d9%88%d8%a7%d8%ad-%d8%aa%d9%86%d9%81%d9%8a%d8%b0%d9%8a%d8%a9\/","url":"https:\/\/futurehouse-construction.com\/%d8%a7%d9%84%d9%88%d8%a7%d8%ad-%d8%aa%d9%86%d9%81%d9%8a%d8%b0%d9%8a%d8%a9\/","name":"Exekutivpaneele - Future House Construction","isPartOf":{"@id":"https:\/\/futurehouse-construction.com\/en\/#website"},"primaryImageOfPage":{"@id":"https:\/\/futurehouse-construction.com\/%d8%a7%d9%84%d9%88%d8%a7%d8%ad-%d8%aa%d9%86%d9%81%d9%8a%d8%b0%d9%8a%d8%a9\/#primaryimage"},"image":{"@id":"https:\/\/futurehouse-construction.com\/%d8%a7%d9%84%d9%88%d8%a7%d8%ad-%d8%aa%d9%86%d9%81%d9%8a%d8%b0%d9%8a%d8%a9\/#primaryimage"},"thumbnailUrl":"https:\/\/futurehouse-construction.com\/wp-content\/uploads\/2024\/09\/58345.webp","datePublished":"2024-09-11T08:14:54+00:00","dateModified":"2024-12-25T09:24:19+00:00","breadcrumb":{"@id":"https:\/\/futurehouse-construction.com\/%d8%a7%d9%84%d9%88%d8%a7%d8%ad-%d8%aa%d9%86%d9%81%d9%8a%d8%b0%d9%8a%d8%a9\/#breadcrumb"},"inLanguage":"de","potentialAction":[{"@type":"ReadAction","target":["https:\/\/futurehouse-construction.com\/%d8%a7%d9%84%d9%88%d8%a7%d8%ad-%d8%aa%d9%86%d9%81%d9%8a%d8%b0%d9%8a%d8%a9\/"]}]},{"@type":"ImageObject","inLanguage":"de","@id":"https:\/\/futurehouse-construction.com\/%d8%a7%d9%84%d9%88%d8%a7%d8%ad-%d8%aa%d9%86%d9%81%d9%8a%d8%b0%d9%8a%d8%a9\/#primaryimage","url":"https:\/\/futurehouse-construction.com\/wp-content\/uploads\/2024\/09\/58345.webp","contentUrl":"https:\/\/futurehouse-construction.com\/wp-content\/uploads\/2024\/09\/58345.webp"},{"@type":"BreadcrumbList","@id":"https:\/\/futurehouse-construction.com\/%d8%a7%d9%84%d9%88%d8%a7%d8%ad-%d8%aa%d9%86%d9%81%d9%8a%d8%b0%d9%8a%d8%a9\/#breadcrumb","itemListElement":[{"@type":"ListItem","position":1,"name":"Home","item":"https:\/\/futurehouse-construction.com\/de\/"},{"@type":"ListItem","position":2,"name":"Exekutivpaneele"}]},{"@type":"WebSite","@id":"https:\/\/futurehouse-construction.com\/en\/#website","url":"https:\/\/futurehouse-construction.com\/en\/","name":"Future House Construction","description":"","publisher":{"@id":"https:\/\/futurehouse-construction.com\/en\/#organization"},"potentialAction":[{"@type":"SearchAction","target":{"@type":"EntryPoint","urlTemplate":"https:\/\/futurehouse-construction.com\/en\/?s={search_term_string}"},"query-input":{"@type":"PropertyValueSpecification","valueRequired":true,"valueName":"search_term_string"}}],"inLanguage":"de"},{"@type":"Organization","@id":"https:\/\/futurehouse-construction.com\/en\/#organization","name":"Future House Construction","url":"https:\/\/futurehouse-construction.com\/en\/","logo":{"@type":"ImageObject","inLanguage":"de","@id":"https:\/\/futurehouse-construction.com\/en\/#\/schema\/logo\/image\/","url":"https:\/\/futurehouse-construction.com\/wp-content\/uploads\/2024\/08\/Logo-PNG.png","contentUrl":"https:\/\/futurehouse-construction.com\/wp-content\/uploads\/2024\/08\/Logo-PNG.png","width":577,"height":433,"caption":"Future House Construction"},"image":{"@id":"https:\/\/futurehouse-construction.com\/en\/#\/schema\/logo\/image\/"}}]}},"_links":{"self":[{"href":"https:\/\/futurehouse-construction.com\/de\/wp-json\/wp\/v2\/pages\/18169","targetHints":{"allow":["GET"]}}],"collection":[{"href":"https:\/\/futurehouse-construction.com\/de\/wp-json\/wp\/v2\/pages"}],"about":[{"href":"https:\/\/futurehouse-construction.com\/de\/wp-json\/wp\/v2\/types\/page"}],"author":[{"embeddable":true,"href":"https:\/\/futurehouse-construction.com\/de\/wp-json\/wp\/v2\/users\/2"}],"replies":[{"embeddable":true,"href":"https:\/\/futurehouse-construction.com\/de\/wp-json\/wp\/v2\/comments?post=18169"}],"version-history":[{"count":4,"href":"https:\/\/futurehouse-construction.com\/de\/wp-json\/wp\/v2\/pages\/18169\/revisions"}],"predecessor-version":[{"id":18322,"href":"https:\/\/futurehouse-construction.com\/de\/wp-json\/wp\/v2\/pages\/18169\/revisions\/18322"}],"wp:attachment":[{"href":"https:\/\/futurehouse-construction.com\/de\/wp-json\/wp\/v2\/media?parent=18169"}],"curies":[{"name":"wp","href":"https:\/\/api.w.org\/{rel}","templated":true}]}}