{"id":18163,"date":"2024-09-08T12:47:58","date_gmt":"2024-09-08T09:47:58","guid":{"rendered":"https:\/\/futurehouse-construction.com\/?page_id=18163"},"modified":"2025-06-10T01:14:13","modified_gmt":"2025-06-09T22:14:13","slug":"aegyptischer-emperador","status":"publish","type":"page","link":"https:\/\/futurehouse-construction.com\/de\/aegyptischer-emperador\/","title":{"rendered":"\u00c4gyptischer Emperador"},"content":{"rendered":"\t\t<div data-elementor-type=\"wp-page\" data-elementor-id=\"18163\" class=\"elementor elementor-18163 elementor-1261\" data-elementor-post-type=\"page\">\n\t\t\t\t\t\t<section class=\"elementor-section elementor-top-section elementor-element elementor-element-1e8d291 elementor-section-boxed elementor-section-height-default elementor-section-height-default\" data-id=\"1e8d291\" data-element_type=\"section\" data-e-type=\"section\">\n\t\t\t\t\t\t<div class=\"elementor-container elementor-column-gap-default\">\n\t\t\t\t\t<div class=\"aux-parallax-section elementor-column elementor-col-100 elementor-top-column elementor-element elementor-element-9ded648\" data-id=\"9ded648\" data-element_type=\"column\" data-e-type=\"column\">\n\t\t\t<div class=\"elementor-widget-wrap elementor-element-populated\">\n\t\t\t\t\t\t<div class=\"elementor-element elementor-element-b838ca7 elementor-widget-divider--view-line_text elementor-widget-divider--element-align-center elementor-widget elementor-widget-divider\" data-id=\"b838ca7\" data-element_type=\"widget\" data-e-type=\"widget\" data-settings=\"{&quot;ekit_we_effect_on&quot;:&quot;none&quot;}\" data-widget_type=\"divider.default\">\n\t\t\t\t\t\t\t<div class=\"elementor-divider\">\n\t\t\t<span class=\"elementor-divider-separator\">\n\t\t\t\t\t\t\t<span class=\"elementor-divider__text elementor-divider__element\">\n\t\t\t\t\u00c4gyptischer Marmor | \u00c4gyptischer Kaiser\t\t\t\t<\/span>\n\t\t\t\t\t\t<\/span>\n\t\t<\/div>\n\t\t\t\t\t\t<\/div>\n\t\t\t\t\t<\/div>\n\t\t<\/div>\n\t\t\t\t\t<\/div>\n\t\t<\/section>\n\t\t\t\t<section class=\"elementor-section elementor-top-section elementor-element elementor-element-73514e4 elementor-section-boxed elementor-section-height-default elementor-section-height-default\" data-id=\"73514e4\" data-element_type=\"section\" data-e-type=\"section\">\n\t\t\t\t\t\t<div class=\"elementor-container elementor-column-gap-default\">\n\t\t\t\t\t<div class=\"aux-parallax-section elementor-column elementor-col-16 elementor-top-column elementor-element elementor-element-95f1cc4\" data-id=\"95f1cc4\" data-element_type=\"column\" data-e-type=\"column\">\n\t\t\t<div class=\"elementor-widget-wrap\">\n\t\t\t\t\t\t\t<\/div>\n\t\t<\/div>\n\t\t\t\t<div class=\"aux-parallax-section elementor-column elementor-col-66 elementor-top-column elementor-element elementor-element-7663f52\" data-id=\"7663f52\" data-element_type=\"column\" data-e-type=\"column\">\n\t\t\t<div class=\"elementor-widget-wrap elementor-element-populated\">\n\t\t\t\t\t\t<div class=\"elementor-element elementor-element-2b992b9 elementor-widget elementor-widget-ucaddon_uc_carousel_image\" data-id=\"2b992b9\" data-element_type=\"widget\" data-e-type=\"widget\" data-settings=\"{&quot;ekit_we_effect_on&quot;:&quot;none&quot;}\" data-widget_type=\"ucaddon_uc_carousel_image.default\">\n\t\t\t\t<div class=\"elementor-widget-container\">\n\t\t\t\t\t\n<!-- start Carousel Gallery -->\n\t\t<link id='unitegallery-css' href='https:\/\/futurehouse-construction.com\/wp-content\/plugins\/unlimited-elements-for-elementor\/assets_libraries\/unitegallery\/css\/unite-gallery.css' type='text\/css' rel='stylesheet' >\n\n\n<div id=\"uc_uc_carousel_image_elementor_2b992b9\" style=\"display:none;\" class=\"uc-items-wrapper\" data-custom-sethtml=\"true\" >\n\n\n<img decoding=\"async\" alt=\"498793_e099d634371d422e88ddd8679385489c~mv2\"\n   src=\"https:\/\/futurehouse-construction.com\/wp-content\/uploads\/2024\/06\/498793_e099d634371d422e88ddd8679385489cmv2.webp\"\n    data-image=\"https:\/\/futurehouse-construction.com\/wp-content\/uploads\/2024\/06\/498793_e099d634371d422e88ddd8679385489cmv2.webp\"\n    data-title=\"498793_e099d634371d422e88ddd8679385489c~mv2\">\n\n<img decoding=\"async\" alt=\"FB_IMG_1711667656462_cleanup\"\n   src=\"https:\/\/futurehouse-construction.com\/wp-content\/uploads\/2025\/05\/FB_IMG_1711667656462_cleanup-1.jpg\"\n    data-image=\"https:\/\/futurehouse-construction.com\/wp-content\/uploads\/2025\/05\/FB_IMG_1711667656462_cleanup-1.jpg\"\n    data-title=\"FB_IMG_1711667656462_cleanup\">\n\n<img decoding=\"async\" alt=\"WhatsApp Image 2025-04-18 at 15.43\"\n   src=\"https:\/\/futurehouse-construction.com\/wp-content\/uploads\/2025\/05\/WhatsApp-Image-2025-04-18-at-15.43.26_1310d5fc.jpg\"\n    data-image=\"https:\/\/futurehouse-construction.com\/wp-content\/uploads\/2025\/05\/WhatsApp-Image-2025-04-18-at-15.43.26_1310d5fc.jpg\"\n    data-title=\"WhatsApp Image 2025-04-18 at 15.43\">\n\n  \n<\/div>\n<!-- end Carousel Gallery -->\t\t\t\t<\/div>\n\t\t\t\t<\/div>\n\t\t\t\t\t<\/div>\n\t\t<\/div>\n\t\t\t\t<div class=\"aux-parallax-section elementor-column elementor-col-16 elementor-top-column elementor-element elementor-element-ba4b63c\" data-id=\"ba4b63c\" data-element_type=\"column\" data-e-type=\"column\">\n\t\t\t<div class=\"elementor-widget-wrap\">\n\t\t\t\t\t\t\t<\/div>\n\t\t<\/div>\n\t\t\t\t\t<\/div>\n\t\t<\/section>\n\t\t\t\t<section class=\"elementor-section elementor-top-section elementor-element elementor-element-748be2c elementor-section-boxed elementor-section-height-default elementor-section-height-default\" data-id=\"748be2c\" data-element_type=\"section\" data-e-type=\"section\">\n\t\t\t\t\t\t<div class=\"elementor-container elementor-column-gap-default\">\n\t\t\t\t\t<div class=\"aux-parallax-section elementor-column elementor-col-100 elementor-top-column elementor-element elementor-element-25f8d1f\" data-id=\"25f8d1f\" data-element_type=\"column\" data-e-type=\"column\">\n\t\t\t<div class=\"elementor-widget-wrap elementor-element-populated\">\n\t\t\t\t\t\t<div class=\"elementor-element elementor-element-160c5e8 elementor-widget-divider--view-line_text elementor-widget-divider--element-align-center elementor-widget elementor-widget-divider\" data-id=\"160c5e8\" data-element_type=\"widget\" data-e-type=\"widget\" data-settings=\"{&quot;ekit_we_effect_on&quot;:&quot;none&quot;}\" data-widget_type=\"divider.default\">\n\t\t\t\t\t\t\t<div class=\"elementor-divider\">\n\t\t\t<span class=\"elementor-divider-separator\">\n\t\t\t\t\t\t\t<span class=\"elementor-divider__text elementor-divider__element\">\n\t\t\t\tSpezifikationen\t\t\t\t<\/span>\n\t\t\t\t\t\t<\/span>\n\t\t<\/div>\n\t\t\t\t\t\t<\/div>\n\t\t\t\t\t<\/div>\n\t\t<\/div>\n\t\t\t\t\t<\/div>\n\t\t<\/section>\n\t\t\t\t<section class=\"elementor-section elementor-top-section elementor-element elementor-element-5ed9b32 elementor-section-boxed elementor-section-height-default elementor-section-height-default\" data-id=\"5ed9b32\" data-element_type=\"section\" data-e-type=\"section\">\n\t\t\t\t\t\t<div class=\"elementor-container elementor-column-gap-default\">\n\t\t\t\t\t<div class=\"aux-parallax-section elementor-column elementor-col-100 elementor-top-column elementor-element elementor-element-49d89f6\" data-id=\"49d89f6\" data-element_type=\"column\" data-e-type=\"column\">\n\t\t\t<div class=\"elementor-widget-wrap elementor-element-populated\">\n\t\t\t\t\t\t<div class=\"elementor-element elementor-element-ad0e50e elementor-widget elementor-widget-text-editor\" data-id=\"ad0e50e\" data-element_type=\"widget\" data-e-type=\"widget\" data-settings=\"{&quot;ekit_we_effect_on&quot;:&quot;none&quot;}\" data-widget_type=\"text-editor.default\">\n\t\t\t\t\t\t\t\t\t<div data-mesh-id=\"comp-ls39lnpd1inlineContent\" data-testid=\"inline-content\"><div data-mesh-id=\"comp-ls39lnpd1inlineContent-gridContainer\" data-testid=\"mesh-container-content\"><p><span style=\"color: #cb6d03;\"><strong><span style=\"font-size: 14pt;\">\u00c4gyptischer Marmor: \u00c4gyptischer Kaiser\u00a0<\/span><\/strong><\/span><\/p><p>\u00c4gyptischer Emperador-Marmor gilt als eine der bekanntesten Arten \u00e4gyptischen Marmors, die auf dem lokalen Markt verbreitet sind, und ist auf dem arabischen und afrikanischen Markt gefragt, da er sich durch seinen im Vergleich zu \u00e4hnlichem importierten Marmor niedrigen Preis und seine hellbraune Farbe auszeichnet Farbe.<\/p><p>Es wird f\u00fcr B\u00f6den, W\u00e4nde, Innentreppen, Balken, S\u00e4ulen, Dekorationsarbeiten, Landschaftsbauarbeiten und Fassaden verwendet.<\/p><p><span style=\"font-size: 14pt; color: #cb6d03;\"><strong>Spezifikationen<\/strong><\/span><\/p><p><strong>Materialname:<\/strong> \u00c4gyptischer Kaiser<br \/><strong>Materialfarbe:<\/strong> Bieg<br \/><strong>Herkunftsland:<\/strong> \u00c4gyptischer Granitsteinbruch<\/p><p><strong>Materialverf\u00fcgbarkeit:<\/strong> Bl\u00f6cke, kleine Platten, Fliesen, K\u00fcchen<\/p><p><strong>Abmessungen der kleinen Paneele:<\/strong> 265\u2013300 cm x 40, 50, 60, 70, 80, 90, 105 cm<\/p><p><strong>Granitst\u00e4rken:<\/strong> 18, 20, 30 und bis zu 100 Millimeter<\/p><p><strong>Verf\u00fcgbare Granitfliesenabmessungen:<\/strong> Alle Abmessungen<\/p><p>Verf\u00fcgbare Granitplattenst\u00e4rken f\u00fcr B\u00f6den oder W\u00e4nde: 18, 20, 30, 40 mm (bis 200 mm auf Anfrage)<\/p><p>Verf\u00fcgbare Ausf\u00fchrungen: mattiert, poliert, geschliffen, gebrannt<\/p><\/div><\/div>\t\t\t\t\t\t\t\t<\/div>\n\t\t\t\t\t<\/div>\n\t\t<\/div>\n\t\t\t\t\t<\/div>\n\t\t<\/section>\n\t\t\t\t<\/div>\n\t\t","protected":false},"excerpt":{"rendered":"<p>\u00c4gyptischer Marmor | \u00c4gyptischer Kaiser Spezifikationen \u00c4gyptischer Marmor: \u00c4gyptischer Kaiser\u00a0 \u00c4gyptischer Emperador-Marmor gilt als eine der bekanntesten Arten \u00e4gyptischen Marmors, die auf dem lokalen Markt verbreitet sind, und ist auf dem arabischen und afrikanischen Markt gefragt, da er sich durch seinen im Vergleich zu \u00e4hnlichem importierten Marmor niedrigen Preis und seine hellbraune Farbe auszeichnet Farbe. [&hellip;]<\/p>\n","protected":false},"author":2,"featured_media":0,"parent":0,"menu_order":0,"comment_status":"closed","ping_status":"closed","template":"","meta":{"footnotes":""},"class_list":["post-18163","page","type-page","status-publish","hentry"],"yoast_head":"<!-- This site is optimized with the Yoast SEO plugin v27.0 - https:\/\/yoast.com\/product\/yoast-seo-wordpress\/ -->\n<title>\u00c4gyptischer Emperador - Future House Construction<\/title>\n<meta name=\"robots\" content=\"index, follow, max-snippet:-1, max-image-preview:large, max-video-preview:-1\" \/>\n<link rel=\"canonical\" href=\"https:\/\/futurehouse-construction.com\/\u0627\u0645\u0628\u0631\u0627\u062f\u0648\u0631-\u0645\u0635\u0631\u064a-2\/\" \/>\n<meta property=\"og:locale\" content=\"de_DE\" \/>\n<meta property=\"og:type\" content=\"article\" \/>\n<meta property=\"og:title\" content=\"\u00c4gyptischer Emperador - Future House Construction\" \/>\n<meta property=\"og:description\" content=\"\u00c4gyptischer Marmor | \u00c4gyptischer Kaiser Spezifikationen \u00c4gyptischer Marmor: \u00c4gyptischer Kaiser\u00a0 \u00c4gyptischer Emperador-Marmor gilt als eine der bekanntesten Arten \u00e4gyptischen Marmors, die auf dem lokalen Markt verbreitet sind, und ist auf dem arabischen und afrikanischen Markt gefragt, da er sich durch seinen im Vergleich zu \u00e4hnlichem importierten Marmor niedrigen Preis und seine hellbraune Farbe auszeichnet Farbe. [&hellip;]\" \/>\n<meta property=\"og:url\" content=\"https:\/\/futurehouse-construction.com\/\u0627\u0645\u0628\u0631\u0627\u062f\u0648\u0631-\u0645\u0635\u0631\u064a-2\/\" \/>\n<meta property=\"og:site_name\" content=\"Future House Construction\" \/>\n<meta property=\"article:modified_time\" content=\"2025-06-09T22:14:13+00:00\" \/>\n<meta property=\"og:image\" content=\"https:\/\/futurehouse-construction.com\/wp-content\/uploads\/2024\/06\/498793_e099d634371d422e88ddd8679385489cmv2.webp\" \/>\n<meta name=\"twitter:card\" content=\"summary_large_image\" \/>\n<meta name=\"twitter:label1\" content=\"Gesch\u00e4tzte Lesezeit\" \/>\n\t<meta name=\"twitter:data1\" content=\"1\u00a0Minute\" \/>\n<script type=\"application\/ld+json\" class=\"yoast-schema-graph\">{\"@context\":\"https:\/\/schema.org\",\"@graph\":[{\"@type\":\"WebPage\",\"@id\":\"https:\/\/futurehouse-construction.com\/%d8%a7%d9%85%d8%a8%d8%b1%d8%a7%d8%af%d9%88%d8%b1-%d9%85%d8%b5%d8%b1%d9%8a-2\/\",\"url\":\"https:\/\/futurehouse-construction.com\/%d8%a7%d9%85%d8%a8%d8%b1%d8%a7%d8%af%d9%88%d8%b1-%d9%85%d8%b5%d8%b1%d9%8a-2\/\",\"name\":\"\u00c4gyptischer Emperador - Future House Construction\",\"isPartOf\":{\"@id\":\"https:\/\/futurehouse-construction.com\/en\/#website\"},\"primaryImageOfPage\":{\"@id\":\"https:\/\/futurehouse-construction.com\/%d8%a7%d9%85%d8%a8%d8%b1%d8%a7%d8%af%d9%88%d8%b1-%d9%85%d8%b5%d8%b1%d9%8a-2\/#primaryimage\"},\"image\":{\"@id\":\"https:\/\/futurehouse-construction.com\/%d8%a7%d9%85%d8%a8%d8%b1%d8%a7%d8%af%d9%88%d8%b1-%d9%85%d8%b5%d8%b1%d9%8a-2\/#primaryimage\"},\"thumbnailUrl\":\"https:\/\/futurehouse-construction.com\/wp-content\/uploads\/2024\/06\/498793_e099d634371d422e88ddd8679385489cmv2.webp\",\"datePublished\":\"2024-09-08T09:47:58+00:00\",\"dateModified\":\"2025-06-09T22:14:13+00:00\",\"breadcrumb\":{\"@id\":\"https:\/\/futurehouse-construction.com\/%d8%a7%d9%85%d8%a8%d8%b1%d8%a7%d8%af%d9%88%d8%b1-%d9%85%d8%b5%d8%b1%d9%8a-2\/#breadcrumb\"},\"inLanguage\":\"de\",\"potentialAction\":[{\"@type\":\"ReadAction\",\"target\":[\"https:\/\/futurehouse-construction.com\/%d8%a7%d9%85%d8%a8%d8%b1%d8%a7%d8%af%d9%88%d8%b1-%d9%85%d8%b5%d8%b1%d9%8a-2\/\"]}]},{\"@type\":\"ImageObject\",\"inLanguage\":\"de\",\"@id\":\"https:\/\/futurehouse-construction.com\/%d8%a7%d9%85%d8%a8%d8%b1%d8%a7%d8%af%d9%88%d8%b1-%d9%85%d8%b5%d8%b1%d9%8a-2\/#primaryimage\",\"url\":\"https:\/\/futurehouse-construction.com\/wp-content\/uploads\/2024\/06\/498793_e099d634371d422e88ddd8679385489cmv2.webp\",\"contentUrl\":\"https:\/\/futurehouse-construction.com\/wp-content\/uploads\/2024\/06\/498793_e099d634371d422e88ddd8679385489cmv2.webp\"},{\"@type\":\"BreadcrumbList\",\"@id\":\"https:\/\/futurehouse-construction.com\/%d8%a7%d9%85%d8%a8%d8%b1%d8%a7%d8%af%d9%88%d8%b1-%d9%85%d8%b5%d8%b1%d9%8a-2\/#breadcrumb\",\"itemListElement\":[{\"@type\":\"ListItem\",\"position\":1,\"name\":\"Home\",\"item\":\"https:\/\/futurehouse-construction.com\/de\/\"},{\"@type\":\"ListItem\",\"position\":2,\"name\":\"\u00c4gyptischer Emperador\"}]},{\"@type\":\"WebSite\",\"@id\":\"https:\/\/futurehouse-construction.com\/en\/#website\",\"url\":\"https:\/\/futurehouse-construction.com\/en\/\",\"name\":\"Future House Construction\",\"description\":\"\",\"publisher\":{\"@id\":\"https:\/\/futurehouse-construction.com\/en\/#organization\"},\"potentialAction\":[{\"@type\":\"SearchAction\",\"target\":{\"@type\":\"EntryPoint\",\"urlTemplate\":\"https:\/\/futurehouse-construction.com\/en\/?s={search_term_string}\"},\"query-input\":{\"@type\":\"PropertyValueSpecification\",\"valueRequired\":true,\"valueName\":\"search_term_string\"}}],\"inLanguage\":\"de\"},{\"@type\":\"Organization\",\"@id\":\"https:\/\/futurehouse-construction.com\/en\/#organization\",\"name\":\"Future House Construction\",\"url\":\"https:\/\/futurehouse-construction.com\/en\/\",\"logo\":{\"@type\":\"ImageObject\",\"inLanguage\":\"de\",\"@id\":\"https:\/\/futurehouse-construction.com\/en\/#\/schema\/logo\/image\/\",\"url\":\"https:\/\/futurehouse-construction.com\/wp-content\/uploads\/2024\/08\/Logo-PNG.png\",\"contentUrl\":\"https:\/\/futurehouse-construction.com\/wp-content\/uploads\/2024\/08\/Logo-PNG.png\",\"width\":577,\"height\":433,\"caption\":\"Future House Construction\"},\"image\":{\"@id\":\"https:\/\/futurehouse-construction.com\/en\/#\/schema\/logo\/image\/\"}}]}<\/script>\n<!-- \/ Yoast SEO plugin. -->","yoast_head_json":{"title":"\u00c4gyptischer Emperador - Future House Construction","robots":{"index":"index","follow":"follow","max-snippet":"max-snippet:-1","max-image-preview":"max-image-preview:large","max-video-preview":"max-video-preview:-1"},"canonical":"https:\/\/futurehouse-construction.com\/\u0627\u0645\u0628\u0631\u0627\u062f\u0648\u0631-\u0645\u0635\u0631\u064a-2\/","og_locale":"de_DE","og_type":"article","og_title":"\u00c4gyptischer Emperador - Future House Construction","og_description":"\u00c4gyptischer Marmor | \u00c4gyptischer Kaiser Spezifikationen \u00c4gyptischer Marmor: \u00c4gyptischer Kaiser\u00a0 \u00c4gyptischer Emperador-Marmor gilt als eine der bekanntesten Arten \u00e4gyptischen Marmors, die auf dem lokalen Markt verbreitet sind, und ist auf dem arabischen und afrikanischen Markt gefragt, da er sich durch seinen im Vergleich zu \u00e4hnlichem importierten Marmor niedrigen Preis und seine hellbraune Farbe auszeichnet Farbe. [&hellip;]","og_url":"https:\/\/futurehouse-construction.com\/\u0627\u0645\u0628\u0631\u0627\u062f\u0648\u0631-\u0645\u0635\u0631\u064a-2\/","og_site_name":"Future House Construction","article_modified_time":"2025-06-09T22:14:13+00:00","og_image":[{"url":"https:\/\/futurehouse-construction.com\/wp-content\/uploads\/2024\/06\/498793_e099d634371d422e88ddd8679385489cmv2.webp","type":"","width":"","height":""}],"twitter_card":"summary_large_image","twitter_misc":{"Gesch\u00e4tzte Lesezeit":"1\u00a0Minute"},"schema":{"@context":"https:\/\/schema.org","@graph":[{"@type":"WebPage","@id":"https:\/\/futurehouse-construction.com\/%d8%a7%d9%85%d8%a8%d8%b1%d8%a7%d8%af%d9%88%d8%b1-%d9%85%d8%b5%d8%b1%d9%8a-2\/","url":"https:\/\/futurehouse-construction.com\/%d8%a7%d9%85%d8%a8%d8%b1%d8%a7%d8%af%d9%88%d8%b1-%d9%85%d8%b5%d8%b1%d9%8a-2\/","name":"\u00c4gyptischer Emperador - Future House Construction","isPartOf":{"@id":"https:\/\/futurehouse-construction.com\/en\/#website"},"primaryImageOfPage":{"@id":"https:\/\/futurehouse-construction.com\/%d8%a7%d9%85%d8%a8%d8%b1%d8%a7%d8%af%d9%88%d8%b1-%d9%85%d8%b5%d8%b1%d9%8a-2\/#primaryimage"},"image":{"@id":"https:\/\/futurehouse-construction.com\/%d8%a7%d9%85%d8%a8%d8%b1%d8%a7%d8%af%d9%88%d8%b1-%d9%85%d8%b5%d8%b1%d9%8a-2\/#primaryimage"},"thumbnailUrl":"https:\/\/futurehouse-construction.com\/wp-content\/uploads\/2024\/06\/498793_e099d634371d422e88ddd8679385489cmv2.webp","datePublished":"2024-09-08T09:47:58+00:00","dateModified":"2025-06-09T22:14:13+00:00","breadcrumb":{"@id":"https:\/\/futurehouse-construction.com\/%d8%a7%d9%85%d8%a8%d8%b1%d8%a7%d8%af%d9%88%d8%b1-%d9%85%d8%b5%d8%b1%d9%8a-2\/#breadcrumb"},"inLanguage":"de","potentialAction":[{"@type":"ReadAction","target":["https:\/\/futurehouse-construction.com\/%d8%a7%d9%85%d8%a8%d8%b1%d8%a7%d8%af%d9%88%d8%b1-%d9%85%d8%b5%d8%b1%d9%8a-2\/"]}]},{"@type":"ImageObject","inLanguage":"de","@id":"https:\/\/futurehouse-construction.com\/%d8%a7%d9%85%d8%a8%d8%b1%d8%a7%d8%af%d9%88%d8%b1-%d9%85%d8%b5%d8%b1%d9%8a-2\/#primaryimage","url":"https:\/\/futurehouse-construction.com\/wp-content\/uploads\/2024\/06\/498793_e099d634371d422e88ddd8679385489cmv2.webp","contentUrl":"https:\/\/futurehouse-construction.com\/wp-content\/uploads\/2024\/06\/498793_e099d634371d422e88ddd8679385489cmv2.webp"},{"@type":"BreadcrumbList","@id":"https:\/\/futurehouse-construction.com\/%d8%a7%d9%85%d8%a8%d8%b1%d8%a7%d8%af%d9%88%d8%b1-%d9%85%d8%b5%d8%b1%d9%8a-2\/#breadcrumb","itemListElement":[{"@type":"ListItem","position":1,"name":"Home","item":"https:\/\/futurehouse-construction.com\/de\/"},{"@type":"ListItem","position":2,"name":"\u00c4gyptischer Emperador"}]},{"@type":"WebSite","@id":"https:\/\/futurehouse-construction.com\/en\/#website","url":"https:\/\/futurehouse-construction.com\/en\/","name":"Future House Construction","description":"","publisher":{"@id":"https:\/\/futurehouse-construction.com\/en\/#organization"},"potentialAction":[{"@type":"SearchAction","target":{"@type":"EntryPoint","urlTemplate":"https:\/\/futurehouse-construction.com\/en\/?s={search_term_string}"},"query-input":{"@type":"PropertyValueSpecification","valueRequired":true,"valueName":"search_term_string"}}],"inLanguage":"de"},{"@type":"Organization","@id":"https:\/\/futurehouse-construction.com\/en\/#organization","name":"Future House Construction","url":"https:\/\/futurehouse-construction.com\/en\/","logo":{"@type":"ImageObject","inLanguage":"de","@id":"https:\/\/futurehouse-construction.com\/en\/#\/schema\/logo\/image\/","url":"https:\/\/futurehouse-construction.com\/wp-content\/uploads\/2024\/08\/Logo-PNG.png","contentUrl":"https:\/\/futurehouse-construction.com\/wp-content\/uploads\/2024\/08\/Logo-PNG.png","width":577,"height":433,"caption":"Future House Construction"},"image":{"@id":"https:\/\/futurehouse-construction.com\/en\/#\/schema\/logo\/image\/"}}]}},"_links":{"self":[{"href":"https:\/\/futurehouse-construction.com\/de\/wp-json\/wp\/v2\/pages\/18163","targetHints":{"allow":["GET"]}}],"collection":[{"href":"https:\/\/futurehouse-construction.com\/de\/wp-json\/wp\/v2\/pages"}],"about":[{"href":"https:\/\/futurehouse-construction.com\/de\/wp-json\/wp\/v2\/types\/page"}],"author":[{"embeddable":true,"href":"https:\/\/futurehouse-construction.com\/de\/wp-json\/wp\/v2\/users\/2"}],"replies":[{"embeddable":true,"href":"https:\/\/futurehouse-construction.com\/de\/wp-json\/wp\/v2\/comments?post=18163"}],"version-history":[{"count":13,"href":"https:\/\/futurehouse-construction.com\/de\/wp-json\/wp\/v2\/pages\/18163\/revisions"}],"predecessor-version":[{"id":21917,"href":"https:\/\/futurehouse-construction.com\/de\/wp-json\/wp\/v2\/pages\/18163\/revisions\/21917"}],"wp:attachment":[{"href":"https:\/\/futurehouse-construction.com\/de\/wp-json\/wp\/v2\/media?parent=18163"}],"curies":[{"name":"wp","href":"https:\/\/api.w.org\/{rel}","templated":true}]}}