{"id":18159,"date":"2024-09-11T08:18:52","date_gmt":"2024-09-11T05:18:52","guid":{"rendered":"https:\/\/futurehouse-construction.com\/?page_id=18159"},"modified":"2024-12-24T16:51:17","modified_gmt":"2024-12-24T14:51:17","slug":"designs-fuer-gruenflaechen","status":"publish","type":"page","link":"https:\/\/futurehouse-construction.com\/de\/designs-fuer-gruenflaechen\/","title":{"rendered":"Designs f\u00fcr Gr\u00fcnfl\u00e4chen"},"content":{"rendered":"\t\t<div data-elementor-type=\"wp-page\" data-elementor-id=\"18159\" class=\"elementor elementor-18159 elementor-1760\" data-elementor-post-type=\"page\">\n\t\t\t\t\t\t<section class=\"elementor-section elementor-top-section elementor-element elementor-element-c9e83cc elementor-section-full_width elementor-section-stretched elementor-section-height-default elementor-section-height-default\" data-id=\"c9e83cc\" data-element_type=\"section\" data-e-type=\"section\" data-settings=\"{&quot;stretch_section&quot;:&quot;section-stretched&quot;,&quot;background_background&quot;:&quot;classic&quot;}\">\n\t\t\t\t\t\t\t<div class=\"elementor-background-overlay\"><\/div>\n\t\t\t\t\t\t\t<div class=\"elementor-container elementor-column-gap-default\">\n\t\t\t\t\t<div class=\"aux-parallax-section elementor-column elementor-col-100 elementor-top-column elementor-element elementor-element-ed50ee2\" data-id=\"ed50ee2\" data-element_type=\"column\" data-e-type=\"column\">\n\t\t\t<div class=\"elementor-widget-wrap elementor-element-populated\">\n\t\t\t\t\t\t<div class=\"elementor-element elementor-element-d5140be elementor-position-top elementor-widget elementor-widget-image-box\" data-id=\"d5140be\" data-element_type=\"widget\" data-e-type=\"widget\" data-settings=\"{&quot;ekit_we_effect_on&quot;:&quot;none&quot;}\" data-widget_type=\"image-box.default\">\n\t\t\t\t\t<div class=\"elementor-image-box-wrapper\"><figure class=\"elementor-image-box-img\"><img decoding=\"async\" width=\"70\" height=\"70\" src=\"https:\/\/futurehouse-construction.com\/wp-content\/uploads\/2024\/09\/icon-02-4.png\" class=\"attachment-full size-full wp-image-1763\" alt=\"\" \/><\/figure><div class=\"elementor-image-box-content\"><h3 class=\"elementor-image-box-title\">Entw\u00fcrfe f\u00fcr Gr\u00fcnfl\u00e4chen<\/h3><\/div><\/div>\t\t\t\t<\/div>\n\t\t\t\t\t<\/div>\n\t\t<\/div>\n\t\t\t\t\t<\/div>\n\t\t<\/section>\n\t\t\t\t<section class=\"elementor-section elementor-top-section elementor-element elementor-element-77ba608 elementor-section-boxed elementor-section-height-default elementor-section-height-default\" data-id=\"77ba608\" data-element_type=\"section\" data-e-type=\"section\">\n\t\t\t\t\t\t<div class=\"elementor-container elementor-column-gap-default\">\n\t\t\t\t\t<div class=\"aux-parallax-section elementor-column elementor-col-100 elementor-top-column elementor-element elementor-element-b6fece4\" data-id=\"b6fece4\" data-element_type=\"column\" data-e-type=\"column\">\n\t\t\t<div class=\"elementor-widget-wrap elementor-element-populated\">\n\t\t\t\t\t\t<div class=\"elementor-element elementor-element-6993915 elementor-widget elementor-widget-spacer\" data-id=\"6993915\" data-element_type=\"widget\" data-e-type=\"widget\" data-settings=\"{&quot;ekit_we_effect_on&quot;:&quot;none&quot;}\" data-widget_type=\"spacer.default\">\n\t\t\t\t\t\t\t<div class=\"elementor-spacer\">\n\t\t\t<div class=\"elementor-spacer-inner\"><\/div>\n\t\t<\/div>\n\t\t\t\t\t\t<\/div>\n\t\t\t\t\t<\/div>\n\t\t<\/div>\n\t\t\t\t\t<\/div>\n\t\t<\/section>\n\t\t\t\t<section class=\"elementor-section elementor-top-section elementor-element elementor-element-d35a460 elementor-section-full_width elementor-section-stretched elementor-section-height-default elementor-section-height-default\" data-id=\"d35a460\" data-element_type=\"section\" data-e-type=\"section\" data-settings=\"{&quot;stretch_section&quot;:&quot;section-stretched&quot;}\">\n\t\t\t\t\t\t<div class=\"elementor-container elementor-column-gap-default\">\n\t\t\t\t\t<div class=\"aux-parallax-section elementor-column elementor-col-50 elementor-top-column elementor-element elementor-element-6949cc0\" data-id=\"6949cc0\" data-element_type=\"column\" data-e-type=\"column\">\n\t\t\t<div class=\"elementor-widget-wrap elementor-element-populated\">\n\t\t\t\t\t\t<div class=\"elementor-element elementor-element-a6c4aa3 elementor-widget elementor-widget-image\" data-id=\"a6c4aa3\" data-element_type=\"widget\" data-e-type=\"widget\" data-settings=\"{&quot;ekit_we_effect_on&quot;:&quot;none&quot;}\" data-widget_type=\"image.default\">\n\t\t\t\t\t\t\t\t\t\t\t\t\t\t\t<img fetchpriority=\"high\" decoding=\"async\" width=\"1024\" height=\"768\" src=\"https:\/\/futurehouse-construction.com\/wp-content\/uploads\/2024\/09\/1607599498-Azam-Villa-3.jpg\" class=\"attachment-full size-full wp-image-1764\" alt=\"\" srcset=\"https:\/\/futurehouse-construction.com\/wp-content\/uploads\/2024\/09\/1607599498-Azam-Villa-3.jpg 1024w, https:\/\/futurehouse-construction.com\/wp-content\/uploads\/2024\/09\/1607599498-Azam-Villa-3-200x150.jpg 200w\" sizes=\"(max-width: 1024px) 100vw, 1024px\" \/>\t\t\t\t\t\t\t\t\t\t\t\t\t\t\t<\/div>\n\t\t\t\t<div class=\"elementor-element elementor-element-ecd2324 elementor-widget elementor-widget-text-editor\" data-id=\"ecd2324\" data-element_type=\"widget\" data-e-type=\"widget\" data-settings=\"{&quot;ekit_we_effect_on&quot;:&quot;none&quot;}\" data-widget_type=\"text-editor.default\">\n\t\t\t\t\t\t\t\t\t<p>Landschaftsgestaltung und Gr\u00fcnfl\u00e4chengestaltung sind ein wesentlicher Bestandteil der Schaffung einer sch\u00f6nen und komfortablen Umgebung. Wenn Sie auf der Suche nach besonderen und einzigartigen Designs sind, um Ihre Gr\u00fcnfl\u00e4che in eine bezaubernde Oase zu verwandeln, bietet Ihnen Future House Company herausragende Designs. Es ist eines der f\u00fchrenden Unternehmen im Bereich Landschaftsbau und landwirtschaftliches Vertragswesen und kann einzigartige und innovative Designs anbieten, die Ihren Bed\u00fcrfnissen entsprechen und die \u00c4sthetik Ihrer Gr\u00fcnfl\u00e4chen verbessern. Nachfolgend finden Sie die Details. Dieser Dienst.<\/p>\t\t\t\t\t\t\t\t<\/div>\n\t\t\t\t<div class=\"elementor-element elementor-element-78a5e66 elementor-widget elementor-widget-heading\" data-id=\"78a5e66\" data-element_type=\"widget\" data-e-type=\"widget\" data-settings=\"{&quot;ekit_we_effect_on&quot;:&quot;none&quot;}\" data-widget_type=\"heading.default\">\n\t\t\t\t\t<h2 class=\"elementor-heading-title elementor-size-default\">Ein \u00dcberblick \u00fcber die Designs von Future House Gardens<\/h2>\t\t\t\t<\/div>\n\t\t\t\t<div class=\"elementor-element elementor-element-68074bf elementor-widget elementor-widget-text-editor\" data-id=\"68074bf\" data-element_type=\"widget\" data-e-type=\"widget\" data-settings=\"{&quot;ekit_we_effect_on&quot;:&quot;none&quot;}\" data-widget_type=\"text-editor.default\">\n\t\t\t\t\t\t\t\t\t<p>Durch eine Gruppe qualifizierter und erfahrener Ingenieure im Umgang mit den neuesten fortschrittlichen Computerprogrammen bietet Future House au\u00dfergew\u00f6hnliche Designs, die den Bed\u00fcrfnissen seiner Kunden gerecht werden. Das Unternehmen ist daran interessiert, bei allen von ihm durchgef\u00fchrten Projekten die ideale Balance zwischen \u00e4sthetischen und funktionalen Elementen zu erreichen. Dar\u00fcber hinaus setzt es auf moderne und innovative Designmethoden, um einzigartige Gr\u00fcnfl\u00e4chen zu schaffen, die den Vorstellungen des Kunden entsprechen und die \u00c4sthetik des Ortes verbessern.<\/p>\t\t\t\t\t\t\t\t<\/div>\n\t\t\t\t<div class=\"elementor-element elementor-element-f4a3b7c elementor-widget elementor-widget-heading\" data-id=\"f4a3b7c\" data-element_type=\"widget\" data-e-type=\"widget\" data-settings=\"{&quot;ekit_we_effect_on&quot;:&quot;none&quot;}\" data-widget_type=\"heading.default\">\n\t\t\t\t\t<h2 class=\"elementor-heading-title elementor-size-default\">Merkmale der Gr\u00fcnfl\u00e4chengestaltung mit Future House<\/h2>\t\t\t\t<\/div>\n\t\t\t\t<div class=\"elementor-element elementor-element-cda094a elementor-widget elementor-widget-text-editor\" data-id=\"cda094a\" data-element_type=\"widget\" data-e-type=\"widget\" data-settings=\"{&quot;ekit_we_effect_on&quot;:&quot;none&quot;}\" data-widget_type=\"text-editor.default\">\n\t\t\t\t\t\t\t\t\t<p>Die Zusammenarbeit mit Future House bei der Gestaltung von Gr\u00fcnfl\u00e4chen bringt viele Vorteile mit sich, darunter:<\/p><p>1. Effizienz und fortschrittliche Technologien<\/p><p>Future House vertraute auf ein Team qualifizierter und erfahrener Ingenieure im Bereich Landschaftsbau und Gr\u00fcnfl\u00e4chen. Ingenieure verf\u00fcgen \u00fcber umfassende Kenntnisse im Umgang mit modernster Computersoftware und modernen Designtechniken.<\/p><p>2. Unverwechselbare Designs<\/p><p>Future House ist daran interessiert, einzigartige und innovative Designs anzubieten, die den Bed\u00fcrfnissen der Kunden entsprechen und ihrer Vision entsprechen. Der Schwerpunkt liegt auf der perfekten Balance zwischen \u00e4sthetischen und funktionalen Elementen in Projekten.<\/p><p>3. Nachhaltigkeit und Umweltschutz<\/p><p>Das Unternehmen setzt sich f\u00fcr die Umsetzung umweltfreundlicher und nachhaltiger Designs ein. Das Unternehmen nutzt modernste Umwelttechnologien und Umweltmaterialien, um ein Gleichgewicht zwischen \u00c4sthetik und Nachhaltigkeit zu erreichen.<\/p><p>4. Kundenzufriedenheit<\/p><p>Kundenzufriedenheit hat bei Future House oberste Priorit\u00e4t, da das Unternehmen darauf bedacht ist, auf die Bed\u00fcrfnisse der Kunden einzugehen und Designs zu erzielen, die ihren Erwartungen genau und professionell entsprechen.<\/p><p>Letztendlich ist Future House das ideale Unternehmen, um Ihre Ideen und Vorstellungen mithilfe der neuesten Technologien in eine greifbare und sch\u00f6ne Realit\u00e4t umzusetzen. Dank seines hervorragenden Ingenieurteams bietet Future House au\u00dfergew\u00f6hnliche und einzigartige Designs f\u00fcr Gr\u00fcnfl\u00e4chen mit Schwerpunkt auf zum Thema Nachhaltigkeit und \u00c4sthetik. Profitieren Sie jetzt von den au\u00dfergew\u00f6hnlichen Designdienstleistungen von Future House und erhalten Sie eine einzigartige und sch\u00f6ne Gr\u00fcnfl\u00e4che. Kontaktieren Sie uns noch heute telefonisch oder per E-Mail f\u00fcr eine kostenlose Beratung und verwandeln Sie Ihre Vision in eine magische und wundersch\u00f6ne Oase.<\/p>\t\t\t\t\t\t\t\t<\/div>\n\t\t\t\t\t<\/div>\n\t\t<\/div>\n\t\t\t\t<div class=\"aux-parallax-section elementor-column elementor-col-50 elementor-top-column elementor-element elementor-element-f14f6f9\" data-id=\"f14f6f9\" data-element_type=\"column\" data-e-type=\"column\">\n\t\t\t<div class=\"elementor-widget-wrap elementor-element-populated\">\n\t\t\t\t\t\t<div class=\"elementor-element elementor-element-05b0607 elementor-widget elementor-widget-heading\" data-id=\"05b0607\" data-element_type=\"widget\" data-e-type=\"widget\" data-settings=\"{&quot;ekit_we_effect_on&quot;:&quot;none&quot;}\" data-widget_type=\"heading.default\">\n\t\t\t\t\t<h2 class=\"elementor-heading-title elementor-size-default\">Rufen Sie uns an<\/h2>\t\t\t\t<\/div>\n\t\t\t\t<div class=\"elementor-element elementor-element-bea8c57 elementor-widget elementor-widget-google_maps\" data-id=\"bea8c57\" data-element_type=\"widget\" data-e-type=\"widget\" data-settings=\"{&quot;ekit_we_effect_on&quot;:&quot;none&quot;}\" data-widget_type=\"google_maps.default\">\n\t\t\t\t\t\t\t<div class=\"elementor-custom-embed\">\n\t\t\t<iframe loading=\"lazy\"\n\t\t\t\t\tsrc=\"https:\/\/maps.google.com\/maps?q=cairo%2Cegypt&#038;t=m&#038;z=10&#038;output=embed&#038;iwloc=near\"\n\t\t\t\t\ttitle=\"cairo,egypt\"\n\t\t\t\t\taria-label=\"cairo,egypt\"\n\t\t\t><\/iframe>\n\t\t<\/div>\n\t\t\t\t\t\t<\/div>\n\t\t\t\t\t<\/div>\n\t\t<\/div>\n\t\t\t\t\t<\/div>\n\t\t<\/section>\n\t\t\t\t<\/div>\n\t\t","protected":false},"excerpt":{"rendered":"<p>Entw\u00fcrfe f\u00fcr Gr\u00fcnfl\u00e4chen Landschaftsgestaltung und Gr\u00fcnfl\u00e4chengestaltung sind ein wesentlicher Bestandteil der Schaffung einer sch\u00f6nen und komfortablen Umgebung. Wenn Sie auf der Suche nach besonderen und einzigartigen Designs sind, um Ihre Gr\u00fcnfl\u00e4che in eine bezaubernde Oase zu verwandeln, bietet Ihnen Future House Company herausragende Designs. Es ist eines der f\u00fchrenden Unternehmen im Bereich Landschaftsbau und landwirtschaftliches [&hellip;]<\/p>\n","protected":false},"author":2,"featured_media":0,"parent":0,"menu_order":0,"comment_status":"closed","ping_status":"closed","template":"","meta":{"footnotes":""},"class_list":["post-18159","page","type-page","status-publish","hentry"],"yoast_head":"<!-- This site is optimized with the Yoast SEO plugin v27.0 - https:\/\/yoast.com\/product\/yoast-seo-wordpress\/ -->\n<title>Designs f\u00fcr Gr\u00fcnfl\u00e4chen - Future House Construction<\/title>\n<meta name=\"robots\" content=\"index, follow, max-snippet:-1, max-image-preview:large, max-video-preview:-1\" \/>\n<link rel=\"canonical\" href=\"https:\/\/futurehouse-construction.com\/\u0627\u0644\u062a\u0635\u0645\u064a\u0645\u0627\u062a-\u0644\u0644\u0645\u0633\u0627\u062d\u0627\u062a-\u0627\u0644\u062e\u0636\u0631\u0627\u0621\/\" \/>\n<meta property=\"og:locale\" content=\"de_DE\" \/>\n<meta property=\"og:type\" content=\"article\" \/>\n<meta property=\"og:title\" content=\"Designs f\u00fcr Gr\u00fcnfl\u00e4chen - Future House Construction\" \/>\n<meta property=\"og:description\" content=\"Entw\u00fcrfe f\u00fcr Gr\u00fcnfl\u00e4chen Landschaftsgestaltung und Gr\u00fcnfl\u00e4chengestaltung sind ein wesentlicher Bestandteil der Schaffung einer sch\u00f6nen und komfortablen Umgebung. Wenn Sie auf der Suche nach besonderen und einzigartigen Designs sind, um Ihre Gr\u00fcnfl\u00e4che in eine bezaubernde Oase zu verwandeln, bietet Ihnen Future House Company herausragende Designs. Es ist eines der f\u00fchrenden Unternehmen im Bereich Landschaftsbau und landwirtschaftliches [&hellip;]\" \/>\n<meta property=\"og:url\" content=\"https:\/\/futurehouse-construction.com\/\u0627\u0644\u062a\u0635\u0645\u064a\u0645\u0627\u062a-\u0644\u0644\u0645\u0633\u0627\u062d\u0627\u062a-\u0627\u0644\u062e\u0636\u0631\u0627\u0621\/\" \/>\n<meta property=\"og:site_name\" content=\"Future House Construction\" \/>\n<meta property=\"article:modified_time\" content=\"2024-12-24T14:51:17+00:00\" \/>\n<meta property=\"og:image\" content=\"https:\/\/futurehouse-construction.com\/wp-content\/uploads\/2024\/09\/icon-02-4.png\" \/>\n\t<meta property=\"og:image:width\" content=\"70\" \/>\n\t<meta property=\"og:image:height\" content=\"70\" \/>\n\t<meta property=\"og:image:type\" content=\"image\/png\" \/>\n<meta name=\"twitter:card\" content=\"summary_large_image\" \/>\n<meta name=\"twitter:label1\" content=\"Gesch\u00e4tzte Lesezeit\" \/>\n\t<meta name=\"twitter:data1\" content=\"2\u00a0Minuten\" \/>\n<script type=\"application\/ld+json\" class=\"yoast-schema-graph\">{\"@context\":\"https:\/\/schema.org\",\"@graph\":[{\"@type\":\"WebPage\",\"@id\":\"https:\/\/futurehouse-construction.com\/%d8%a7%d9%84%d8%aa%d8%b5%d9%85%d9%8a%d9%85%d8%a7%d8%aa-%d9%84%d9%84%d9%85%d8%b3%d8%a7%d8%ad%d8%a7%d8%aa-%d8%a7%d9%84%d8%ae%d8%b6%d8%b1%d8%a7%d8%a1\/\",\"url\":\"https:\/\/futurehouse-construction.com\/%d8%a7%d9%84%d8%aa%d8%b5%d9%85%d9%8a%d9%85%d8%a7%d8%aa-%d9%84%d9%84%d9%85%d8%b3%d8%a7%d8%ad%d8%a7%d8%aa-%d8%a7%d9%84%d8%ae%d8%b6%d8%b1%d8%a7%d8%a1\/\",\"name\":\"Designs f\u00fcr Gr\u00fcnfl\u00e4chen - Future House Construction\",\"isPartOf\":{\"@id\":\"https:\/\/futurehouse-construction.com\/en\/#website\"},\"primaryImageOfPage\":{\"@id\":\"https:\/\/futurehouse-construction.com\/%d8%a7%d9%84%d8%aa%d8%b5%d9%85%d9%8a%d9%85%d8%a7%d8%aa-%d9%84%d9%84%d9%85%d8%b3%d8%a7%d8%ad%d8%a7%d8%aa-%d8%a7%d9%84%d8%ae%d8%b6%d8%b1%d8%a7%d8%a1\/#primaryimage\"},\"image\":{\"@id\":\"https:\/\/futurehouse-construction.com\/%d8%a7%d9%84%d8%aa%d8%b5%d9%85%d9%8a%d9%85%d8%a7%d8%aa-%d9%84%d9%84%d9%85%d8%b3%d8%a7%d8%ad%d8%a7%d8%aa-%d8%a7%d9%84%d8%ae%d8%b6%d8%b1%d8%a7%d8%a1\/#primaryimage\"},\"thumbnailUrl\":\"https:\/\/futurehouse-construction.com\/wp-content\/uploads\/2024\/09\/icon-02-4.png\",\"datePublished\":\"2024-09-11T05:18:52+00:00\",\"dateModified\":\"2024-12-24T14:51:17+00:00\",\"breadcrumb\":{\"@id\":\"https:\/\/futurehouse-construction.com\/%d8%a7%d9%84%d8%aa%d8%b5%d9%85%d9%8a%d9%85%d8%a7%d8%aa-%d9%84%d9%84%d9%85%d8%b3%d8%a7%d8%ad%d8%a7%d8%aa-%d8%a7%d9%84%d8%ae%d8%b6%d8%b1%d8%a7%d8%a1\/#breadcrumb\"},\"inLanguage\":\"de\",\"potentialAction\":[{\"@type\":\"ReadAction\",\"target\":[\"https:\/\/futurehouse-construction.com\/%d8%a7%d9%84%d8%aa%d8%b5%d9%85%d9%8a%d9%85%d8%a7%d8%aa-%d9%84%d9%84%d9%85%d8%b3%d8%a7%d8%ad%d8%a7%d8%aa-%d8%a7%d9%84%d8%ae%d8%b6%d8%b1%d8%a7%d8%a1\/\"]}]},{\"@type\":\"ImageObject\",\"inLanguage\":\"de\",\"@id\":\"https:\/\/futurehouse-construction.com\/%d8%a7%d9%84%d8%aa%d8%b5%d9%85%d9%8a%d9%85%d8%a7%d8%aa-%d9%84%d9%84%d9%85%d8%b3%d8%a7%d8%ad%d8%a7%d8%aa-%d8%a7%d9%84%d8%ae%d8%b6%d8%b1%d8%a7%d8%a1\/#primaryimage\",\"url\":\"https:\/\/futurehouse-construction.com\/wp-content\/uploads\/2024\/09\/icon-02-4.png\",\"contentUrl\":\"https:\/\/futurehouse-construction.com\/wp-content\/uploads\/2024\/09\/icon-02-4.png\"},{\"@type\":\"BreadcrumbList\",\"@id\":\"https:\/\/futurehouse-construction.com\/%d8%a7%d9%84%d8%aa%d8%b5%d9%85%d9%8a%d9%85%d8%a7%d8%aa-%d9%84%d9%84%d9%85%d8%b3%d8%a7%d8%ad%d8%a7%d8%aa-%d8%a7%d9%84%d8%ae%d8%b6%d8%b1%d8%a7%d8%a1\/#breadcrumb\",\"itemListElement\":[{\"@type\":\"ListItem\",\"position\":1,\"name\":\"Home\",\"item\":\"https:\/\/futurehouse-construction.com\/de\/\"},{\"@type\":\"ListItem\",\"position\":2,\"name\":\"Designs f\u00fcr Gr\u00fcnfl\u00e4chen\"}]},{\"@type\":\"WebSite\",\"@id\":\"https:\/\/futurehouse-construction.com\/en\/#website\",\"url\":\"https:\/\/futurehouse-construction.com\/en\/\",\"name\":\"Future House Construction\",\"description\":\"\",\"publisher\":{\"@id\":\"https:\/\/futurehouse-construction.com\/en\/#organization\"},\"potentialAction\":[{\"@type\":\"SearchAction\",\"target\":{\"@type\":\"EntryPoint\",\"urlTemplate\":\"https:\/\/futurehouse-construction.com\/en\/?s={search_term_string}\"},\"query-input\":{\"@type\":\"PropertyValueSpecification\",\"valueRequired\":true,\"valueName\":\"search_term_string\"}}],\"inLanguage\":\"de\"},{\"@type\":\"Organization\",\"@id\":\"https:\/\/futurehouse-construction.com\/en\/#organization\",\"name\":\"Future House Construction\",\"url\":\"https:\/\/futurehouse-construction.com\/en\/\",\"logo\":{\"@type\":\"ImageObject\",\"inLanguage\":\"de\",\"@id\":\"https:\/\/futurehouse-construction.com\/en\/#\/schema\/logo\/image\/\",\"url\":\"https:\/\/futurehouse-construction.com\/wp-content\/uploads\/2024\/08\/Logo-PNG.png\",\"contentUrl\":\"https:\/\/futurehouse-construction.com\/wp-content\/uploads\/2024\/08\/Logo-PNG.png\",\"width\":577,\"height\":433,\"caption\":\"Future House Construction\"},\"image\":{\"@id\":\"https:\/\/futurehouse-construction.com\/en\/#\/schema\/logo\/image\/\"}}]}<\/script>\n<!-- \/ Yoast SEO plugin. -->","yoast_head_json":{"title":"Designs f\u00fcr Gr\u00fcnfl\u00e4chen - Future House Construction","robots":{"index":"index","follow":"follow","max-snippet":"max-snippet:-1","max-image-preview":"max-image-preview:large","max-video-preview":"max-video-preview:-1"},"canonical":"https:\/\/futurehouse-construction.com\/\u0627\u0644\u062a\u0635\u0645\u064a\u0645\u0627\u062a-\u0644\u0644\u0645\u0633\u0627\u062d\u0627\u062a-\u0627\u0644\u062e\u0636\u0631\u0627\u0621\/","og_locale":"de_DE","og_type":"article","og_title":"Designs f\u00fcr Gr\u00fcnfl\u00e4chen - Future House Construction","og_description":"Entw\u00fcrfe f\u00fcr Gr\u00fcnfl\u00e4chen Landschaftsgestaltung und Gr\u00fcnfl\u00e4chengestaltung sind ein wesentlicher Bestandteil der Schaffung einer sch\u00f6nen und komfortablen Umgebung. Wenn Sie auf der Suche nach besonderen und einzigartigen Designs sind, um Ihre Gr\u00fcnfl\u00e4che in eine bezaubernde Oase zu verwandeln, bietet Ihnen Future House Company herausragende Designs. Es ist eines der f\u00fchrenden Unternehmen im Bereich Landschaftsbau und landwirtschaftliches [&hellip;]","og_url":"https:\/\/futurehouse-construction.com\/\u0627\u0644\u062a\u0635\u0645\u064a\u0645\u0627\u062a-\u0644\u0644\u0645\u0633\u0627\u062d\u0627\u062a-\u0627\u0644\u062e\u0636\u0631\u0627\u0621\/","og_site_name":"Future House Construction","article_modified_time":"2024-12-24T14:51:17+00:00","og_image":[{"width":70,"height":70,"url":"https:\/\/futurehouse-construction.com\/wp-content\/uploads\/2024\/09\/icon-02-4.png","type":"image\/png"}],"twitter_card":"summary_large_image","twitter_misc":{"Gesch\u00e4tzte Lesezeit":"2\u00a0Minuten"},"schema":{"@context":"https:\/\/schema.org","@graph":[{"@type":"WebPage","@id":"https:\/\/futurehouse-construction.com\/%d8%a7%d9%84%d8%aa%d8%b5%d9%85%d9%8a%d9%85%d8%a7%d8%aa-%d9%84%d9%84%d9%85%d8%b3%d8%a7%d8%ad%d8%a7%d8%aa-%d8%a7%d9%84%d8%ae%d8%b6%d8%b1%d8%a7%d8%a1\/","url":"https:\/\/futurehouse-construction.com\/%d8%a7%d9%84%d8%aa%d8%b5%d9%85%d9%8a%d9%85%d8%a7%d8%aa-%d9%84%d9%84%d9%85%d8%b3%d8%a7%d8%ad%d8%a7%d8%aa-%d8%a7%d9%84%d8%ae%d8%b6%d8%b1%d8%a7%d8%a1\/","name":"Designs f\u00fcr Gr\u00fcnfl\u00e4chen - Future House Construction","isPartOf":{"@id":"https:\/\/futurehouse-construction.com\/en\/#website"},"primaryImageOfPage":{"@id":"https:\/\/futurehouse-construction.com\/%d8%a7%d9%84%d8%aa%d8%b5%d9%85%d9%8a%d9%85%d8%a7%d8%aa-%d9%84%d9%84%d9%85%d8%b3%d8%a7%d8%ad%d8%a7%d8%aa-%d8%a7%d9%84%d8%ae%d8%b6%d8%b1%d8%a7%d8%a1\/#primaryimage"},"image":{"@id":"https:\/\/futurehouse-construction.com\/%d8%a7%d9%84%d8%aa%d8%b5%d9%85%d9%8a%d9%85%d8%a7%d8%aa-%d9%84%d9%84%d9%85%d8%b3%d8%a7%d8%ad%d8%a7%d8%aa-%d8%a7%d9%84%d8%ae%d8%b6%d8%b1%d8%a7%d8%a1\/#primaryimage"},"thumbnailUrl":"https:\/\/futurehouse-construction.com\/wp-content\/uploads\/2024\/09\/icon-02-4.png","datePublished":"2024-09-11T05:18:52+00:00","dateModified":"2024-12-24T14:51:17+00:00","breadcrumb":{"@id":"https:\/\/futurehouse-construction.com\/%d8%a7%d9%84%d8%aa%d8%b5%d9%85%d9%8a%d9%85%d8%a7%d8%aa-%d9%84%d9%84%d9%85%d8%b3%d8%a7%d8%ad%d8%a7%d8%aa-%d8%a7%d9%84%d8%ae%d8%b6%d8%b1%d8%a7%d8%a1\/#breadcrumb"},"inLanguage":"de","potentialAction":[{"@type":"ReadAction","target":["https:\/\/futurehouse-construction.com\/%d8%a7%d9%84%d8%aa%d8%b5%d9%85%d9%8a%d9%85%d8%a7%d8%aa-%d9%84%d9%84%d9%85%d8%b3%d8%a7%d8%ad%d8%a7%d8%aa-%d8%a7%d9%84%d8%ae%d8%b6%d8%b1%d8%a7%d8%a1\/"]}]},{"@type":"ImageObject","inLanguage":"de","@id":"https:\/\/futurehouse-construction.com\/%d8%a7%d9%84%d8%aa%d8%b5%d9%85%d9%8a%d9%85%d8%a7%d8%aa-%d9%84%d9%84%d9%85%d8%b3%d8%a7%d8%ad%d8%a7%d8%aa-%d8%a7%d9%84%d8%ae%d8%b6%d8%b1%d8%a7%d8%a1\/#primaryimage","url":"https:\/\/futurehouse-construction.com\/wp-content\/uploads\/2024\/09\/icon-02-4.png","contentUrl":"https:\/\/futurehouse-construction.com\/wp-content\/uploads\/2024\/09\/icon-02-4.png"},{"@type":"BreadcrumbList","@id":"https:\/\/futurehouse-construction.com\/%d8%a7%d9%84%d8%aa%d8%b5%d9%85%d9%8a%d9%85%d8%a7%d8%aa-%d9%84%d9%84%d9%85%d8%b3%d8%a7%d8%ad%d8%a7%d8%aa-%d8%a7%d9%84%d8%ae%d8%b6%d8%b1%d8%a7%d8%a1\/#breadcrumb","itemListElement":[{"@type":"ListItem","position":1,"name":"Home","item":"https:\/\/futurehouse-construction.com\/de\/"},{"@type":"ListItem","position":2,"name":"Designs f\u00fcr Gr\u00fcnfl\u00e4chen"}]},{"@type":"WebSite","@id":"https:\/\/futurehouse-construction.com\/en\/#website","url":"https:\/\/futurehouse-construction.com\/en\/","name":"Future House Construction","description":"","publisher":{"@id":"https:\/\/futurehouse-construction.com\/en\/#organization"},"potentialAction":[{"@type":"SearchAction","target":{"@type":"EntryPoint","urlTemplate":"https:\/\/futurehouse-construction.com\/en\/?s={search_term_string}"},"query-input":{"@type":"PropertyValueSpecification","valueRequired":true,"valueName":"search_term_string"}}],"inLanguage":"de"},{"@type":"Organization","@id":"https:\/\/futurehouse-construction.com\/en\/#organization","name":"Future House Construction","url":"https:\/\/futurehouse-construction.com\/en\/","logo":{"@type":"ImageObject","inLanguage":"de","@id":"https:\/\/futurehouse-construction.com\/en\/#\/schema\/logo\/image\/","url":"https:\/\/futurehouse-construction.com\/wp-content\/uploads\/2024\/08\/Logo-PNG.png","contentUrl":"https:\/\/futurehouse-construction.com\/wp-content\/uploads\/2024\/08\/Logo-PNG.png","width":577,"height":433,"caption":"Future House Construction"},"image":{"@id":"https:\/\/futurehouse-construction.com\/en\/#\/schema\/logo\/image\/"}}]}},"_links":{"self":[{"href":"https:\/\/futurehouse-construction.com\/de\/wp-json\/wp\/v2\/pages\/18159","targetHints":{"allow":["GET"]}}],"collection":[{"href":"https:\/\/futurehouse-construction.com\/de\/wp-json\/wp\/v2\/pages"}],"about":[{"href":"https:\/\/futurehouse-construction.com\/de\/wp-json\/wp\/v2\/types\/page"}],"author":[{"embeddable":true,"href":"https:\/\/futurehouse-construction.com\/de\/wp-json\/wp\/v2\/users\/2"}],"replies":[{"embeddable":true,"href":"https:\/\/futurehouse-construction.com\/de\/wp-json\/wp\/v2\/comments?post=18159"}],"version-history":[{"count":4,"href":"https:\/\/futurehouse-construction.com\/de\/wp-json\/wp\/v2\/pages\/18159\/revisions"}],"predecessor-version":[{"id":18306,"href":"https:\/\/futurehouse-construction.com\/de\/wp-json\/wp\/v2\/pages\/18159\/revisions\/18306"}],"wp:attachment":[{"href":"https:\/\/futurehouse-construction.com\/de\/wp-json\/wp\/v2\/media?parent=18159"}],"curies":[{"name":"wp","href":"https:\/\/api.w.org\/{rel}","templated":true}]}}