{"id":18153,"date":"2024-09-08T13:01:27","date_gmt":"2024-09-08T10:01:27","guid":{"rendered":"https:\/\/futurehouse-construction.com\/?page_id=18153"},"modified":"2025-06-13T02:02:48","modified_gmt":"2025-06-12T23:02:48","slug":"dunkles-milli-grau","status":"publish","type":"page","link":"https:\/\/futurehouse-construction.com\/de\/dunkles-milli-grau\/","title":{"rendered":"Dunkles Milli Grau"},"content":{"rendered":"\t\t<div data-elementor-type=\"wp-page\" data-elementor-id=\"18153\" class=\"elementor elementor-18153 elementor-1289\" data-elementor-post-type=\"page\">\n\t\t\t\t\t\t<section class=\"elementor-section elementor-top-section elementor-element elementor-element-c816d32 elementor-section-boxed elementor-section-height-default elementor-section-height-default\" data-id=\"c816d32\" data-element_type=\"section\" data-e-type=\"section\">\n\t\t\t\t\t\t<div class=\"elementor-container elementor-column-gap-default\">\n\t\t\t\t\t<div class=\"aux-parallax-section elementor-column elementor-col-100 elementor-top-column elementor-element elementor-element-f0df792\" data-id=\"f0df792\" data-element_type=\"column\" data-e-type=\"column\">\n\t\t\t<div class=\"elementor-widget-wrap elementor-element-populated\">\n\t\t\t\t\t\t<div class=\"elementor-element elementor-element-8e4bf8c elementor-widget-divider--view-line_text elementor-widget-divider--element-align-center elementor-widget elementor-widget-divider\" data-id=\"8e4bf8c\" data-element_type=\"widget\" data-e-type=\"widget\" data-settings=\"{&quot;ekit_we_effect_on&quot;:&quot;none&quot;}\" data-widget_type=\"divider.default\">\n\t\t\t\t\t\t\t<div class=\"elementor-divider\">\n\t\t\t<span class=\"elementor-divider-separator\">\n\t\t\t\t\t\t\t<span class=\"elementor-divider__text elementor-divider__element\">\n\t\t\t\t\u00c4gyptischer Marmor | Dunkelgrau\t\t\t\t<\/span>\n\t\t\t\t\t\t<\/span>\n\t\t<\/div>\n\t\t\t\t\t\t<\/div>\n\t\t\t\t\t<\/div>\n\t\t<\/div>\n\t\t\t\t\t<\/div>\n\t\t<\/section>\n\t\t\t\t<section class=\"elementor-section elementor-top-section elementor-element elementor-element-73514e4 elementor-section-boxed elementor-section-height-default elementor-section-height-default\" data-id=\"73514e4\" data-element_type=\"section\" data-e-type=\"section\">\n\t\t\t\t\t\t<div class=\"elementor-container elementor-column-gap-default\">\n\t\t\t\t\t<div class=\"aux-parallax-section elementor-column elementor-col-16 elementor-top-column elementor-element elementor-element-95f1cc4\" data-id=\"95f1cc4\" data-element_type=\"column\" data-e-type=\"column\">\n\t\t\t<div class=\"elementor-widget-wrap\">\n\t\t\t\t\t\t\t<\/div>\n\t\t<\/div>\n\t\t\t\t<div class=\"aux-parallax-section elementor-column elementor-col-66 elementor-top-column elementor-element elementor-element-7663f52\" data-id=\"7663f52\" data-element_type=\"column\" data-e-type=\"column\">\n\t\t\t<div class=\"elementor-widget-wrap elementor-element-populated\">\n\t\t\t\t\t\t<div class=\"elementor-element elementor-element-2b992b9 elementor-widget elementor-widget-ucaddon_uc_carousel_image\" data-id=\"2b992b9\" data-element_type=\"widget\" data-e-type=\"widget\" data-settings=\"{&quot;ekit_we_effect_on&quot;:&quot;none&quot;}\" data-widget_type=\"ucaddon_uc_carousel_image.default\">\n\t\t\t\t<div class=\"elementor-widget-container\">\n\t\t\t\t\t\n<!-- start Carousel Gallery -->\n\t\t<link id='unitegallery-css' href='https:\/\/futurehouse-construction.com\/wp-content\/plugins\/unlimited-elements-for-elementor\/assets_libraries\/unitegallery\/css\/unite-gallery.css' type='text\/css' rel='stylesheet' >\n\n\n<div id=\"uc_uc_carousel_image_elementor_2b992b9\" style=\"display:none;\" class=\"uc-items-wrapper\" data-custom-sethtml=\"true\" >\n\n\n<img decoding=\"async\" alt=\"498793_e099d634371d422e88ddd8679385489c~mv2\"\n   src=\"https:\/\/futurehouse-construction.com\/wp-content\/uploads\/2024\/06\/498793_e099d634371d422e88ddd8679385489cmv2.webp\"\n    data-image=\"https:\/\/futurehouse-construction.com\/wp-content\/uploads\/2024\/06\/498793_e099d634371d422e88ddd8679385489cmv2.webp\"\n    data-title=\"498793_e099d634371d422e88ddd8679385489c~mv2\">\n\n  \n<\/div>\n<!-- end Carousel Gallery -->\t\t\t\t<\/div>\n\t\t\t\t<\/div>\n\t\t\t\t\t<\/div>\n\t\t<\/div>\n\t\t\t\t<div class=\"aux-parallax-section elementor-column elementor-col-16 elementor-top-column elementor-element elementor-element-ba4b63c\" data-id=\"ba4b63c\" data-element_type=\"column\" data-e-type=\"column\">\n\t\t\t<div class=\"elementor-widget-wrap\">\n\t\t\t\t\t\t\t<\/div>\n\t\t<\/div>\n\t\t\t\t\t<\/div>\n\t\t<\/section>\n\t\t\t\t<section class=\"elementor-section elementor-top-section elementor-element elementor-element-14140f7 elementor-section-boxed elementor-section-height-default elementor-section-height-default\" data-id=\"14140f7\" data-element_type=\"section\" data-e-type=\"section\">\n\t\t\t\t\t\t<div class=\"elementor-container elementor-column-gap-default\">\n\t\t\t\t\t<div class=\"aux-parallax-section elementor-column elementor-col-100 elementor-top-column elementor-element elementor-element-e480f24\" data-id=\"e480f24\" data-element_type=\"column\" data-e-type=\"column\">\n\t\t\t<div class=\"elementor-widget-wrap elementor-element-populated\">\n\t\t\t\t\t\t<div class=\"elementor-element elementor-element-6890a9a elementor-widget-divider--view-line_text elementor-widget-divider--element-align-center elementor-widget elementor-widget-divider\" data-id=\"6890a9a\" data-element_type=\"widget\" data-e-type=\"widget\" data-settings=\"{&quot;ekit_we_effect_on&quot;:&quot;none&quot;}\" data-widget_type=\"divider.default\">\n\t\t\t\t\t\t\t<div class=\"elementor-divider\">\n\t\t\t<span class=\"elementor-divider-separator\">\n\t\t\t\t\t\t\t<span class=\"elementor-divider__text elementor-divider__element\">\n\t\t\t\tSpezifikationen\t\t\t\t<\/span>\n\t\t\t\t\t\t<\/span>\n\t\t<\/div>\n\t\t\t\t\t\t<\/div>\n\t\t\t\t\t<\/div>\n\t\t<\/div>\n\t\t\t\t\t<\/div>\n\t\t<\/section>\n\t\t\t\t<section class=\"elementor-section elementor-top-section elementor-element elementor-element-8928777 elementor-section-boxed elementor-section-height-default elementor-section-height-default\" data-id=\"8928777\" data-element_type=\"section\" data-e-type=\"section\">\n\t\t\t\t\t\t<div class=\"elementor-container elementor-column-gap-default\">\n\t\t\t\t\t<div class=\"aux-parallax-section elementor-column elementor-col-100 elementor-top-column elementor-element elementor-element-93c0ebc\" data-id=\"93c0ebc\" data-element_type=\"column\" data-e-type=\"column\">\n\t\t\t<div class=\"elementor-widget-wrap elementor-element-populated\">\n\t\t\t\t\t\t<div class=\"elementor-element elementor-element-f7d286f elementor-widget elementor-widget-text-editor\" data-id=\"f7d286f\" data-element_type=\"widget\" data-e-type=\"widget\" data-settings=\"{&quot;ekit_we_effect_on&quot;:&quot;none&quot;}\" data-widget_type=\"text-editor.default\">\n\t\t\t\t\t\t\t\t\t<div class=\"\" data-mesh-id=\"comp-ls39lnpd1inlineContent\" data-testid=\"inline-content\"><div data-mesh-id=\"comp-ls39lnpd1inlineContent-gridContainer\" data-testid=\"mesh-container-content\"><p class=\"font_2 wixui-rich-text__text\"><span class=\"wixui-rich-text__text\"><span style=\"color: #cb6d03; font-size: 14pt;\"><strong>\u00c4gyptischer Marmor: <\/strong><\/span><\/span>Dunkle Miliz<\/p><p>Dunkelgrauer Marmor gilt als eine der bekanntesten \u00e4gyptischen Marmorarten, ist auf dem lokalen Markt weit verbreitet und auf dem arabischen und afrikanischen Markt gefragt.Es wird f\u00fcr B\u00f6den, W\u00e4nde, Innentreppen, Balken, S\u00e4ulen, Dekorationsarbeiten, Landschaftsbauarbeiten und Fassaden verwendet.<\/p><p><strong>Spezifikationen<\/strong><\/p><p><strong>Materialname:<\/strong> Milli Grey<br \/><strong>Farbe:<\/strong> dunkelgrau<br \/><strong>Herkunftsland:<\/strong> \u00e4gyptischer Marmorsteinbruch<br \/><strong>Plattenabmessungen:<\/strong> Alle Gr\u00f6\u00dfen und St\u00e4rken sind verf\u00fcgbar<br \/><strong>Dicke:<\/strong> Erh\u00e4ltlich in den St\u00e4rken 2 cm, 3 cm, 4 cm und 5 cm. Sonderst\u00e4rken sind ebenfalls erh\u00e4ltlich<br \/><strong>Ausf\u00fchrungen:<\/strong> poliert, geschliffen, geschliffen, geb\u00fcrstet, getrommelt, gehobelt, geh\u00e4mmert, geschliffen, ges\u00e4uert, geschliffen<br \/><strong>Verpackung:<\/strong> Die Verpackung erfolgt in Holzkisten oder auf Paletten und entsprechend den Spezifikationen der ben\u00f6tigten Materialien<\/p><\/div><\/div>\t\t\t\t\t\t\t\t<\/div>\n\t\t\t\t\t<\/div>\n\t\t<\/div>\n\t\t\t\t\t<\/div>\n\t\t<\/section>\n\t\t\t\t<\/div>\n\t\t","protected":false},"excerpt":{"rendered":"<p>\u00c4gyptischer Marmor | Dunkelgrau Spezifikationen \u00c4gyptischer Marmor: Dunkle Miliz Dunkelgrauer Marmor gilt als eine der bekanntesten \u00e4gyptischen Marmorarten, ist auf dem lokalen Markt weit verbreitet und auf dem arabischen und afrikanischen Markt gefragt.Es wird f\u00fcr B\u00f6den, W\u00e4nde, Innentreppen, Balken, S\u00e4ulen, Dekorationsarbeiten, Landschaftsbauarbeiten und Fassaden verwendet. Spezifikationen Materialname: Milli GreyFarbe: dunkelgrauHerkunftsland: \u00e4gyptischer MarmorsteinbruchPlattenabmessungen: Alle Gr\u00f6\u00dfen und [&hellip;]<\/p>\n","protected":false},"author":2,"featured_media":0,"parent":0,"menu_order":0,"comment_status":"closed","ping_status":"closed","template":"","meta":{"footnotes":""},"class_list":["post-18153","page","type-page","status-publish","hentry"],"yoast_head":"<!-- This site is optimized with the Yoast SEO plugin v27.0 - https:\/\/yoast.com\/product\/yoast-seo-wordpress\/ -->\n<title>Dunkles Milli Grau - Future House Construction<\/title>\n<meta name=\"robots\" content=\"index, follow, max-snippet:-1, max-image-preview:large, max-video-preview:-1\" \/>\n<link rel=\"canonical\" href=\"https:\/\/futurehouse-construction.com\/\u0645\u064a\u0644\u064a-\u062c\u0631\u0627\u064a-\u063a\u0627\u0645\u0642\/\" \/>\n<meta property=\"og:locale\" content=\"de_DE\" \/>\n<meta property=\"og:type\" content=\"article\" \/>\n<meta property=\"og:title\" content=\"Dunkles Milli Grau - Future House Construction\" \/>\n<meta property=\"og:description\" content=\"\u00c4gyptischer Marmor | Dunkelgrau Spezifikationen \u00c4gyptischer Marmor: Dunkle Miliz Dunkelgrauer Marmor gilt als eine der bekanntesten \u00e4gyptischen Marmorarten, ist auf dem lokalen Markt weit verbreitet und auf dem arabischen und afrikanischen Markt gefragt.Es wird f\u00fcr B\u00f6den, W\u00e4nde, Innentreppen, Balken, S\u00e4ulen, Dekorationsarbeiten, Landschaftsbauarbeiten und Fassaden verwendet. Spezifikationen Materialname: Milli GreyFarbe: dunkelgrauHerkunftsland: \u00e4gyptischer MarmorsteinbruchPlattenabmessungen: Alle Gr\u00f6\u00dfen und [&hellip;]\" \/>\n<meta property=\"og:url\" content=\"https:\/\/futurehouse-construction.com\/\u0645\u064a\u0644\u064a-\u062c\u0631\u0627\u064a-\u063a\u0627\u0645\u0642\/\" \/>\n<meta property=\"og:site_name\" content=\"Future House Construction\" \/>\n<meta property=\"article:modified_time\" content=\"2025-06-12T23:02:48+00:00\" \/>\n<meta property=\"og:image\" content=\"https:\/\/futurehouse-construction.com\/wp-content\/uploads\/2024\/06\/498793_e099d634371d422e88ddd8679385489cmv2.webp\" \/>\n<meta name=\"twitter:card\" content=\"summary_large_image\" \/>\n<meta name=\"twitter:label1\" content=\"Gesch\u00e4tzte Lesezeit\" \/>\n\t<meta name=\"twitter:data1\" content=\"1\u00a0Minute\" \/>\n<script type=\"application\/ld+json\" class=\"yoast-schema-graph\">{\"@context\":\"https:\/\/schema.org\",\"@graph\":[{\"@type\":\"WebPage\",\"@id\":\"https:\/\/futurehouse-construction.com\/%d9%85%d9%8a%d9%84%d9%8a-%d8%ac%d8%b1%d8%a7%d9%8a-%d8%ba%d8%a7%d9%85%d9%82\/\",\"url\":\"https:\/\/futurehouse-construction.com\/%d9%85%d9%8a%d9%84%d9%8a-%d8%ac%d8%b1%d8%a7%d9%8a-%d8%ba%d8%a7%d9%85%d9%82\/\",\"name\":\"Dunkles Milli Grau - Future House Construction\",\"isPartOf\":{\"@id\":\"https:\/\/futurehouse-construction.com\/en\/#website\"},\"primaryImageOfPage\":{\"@id\":\"https:\/\/futurehouse-construction.com\/%d9%85%d9%8a%d9%84%d9%8a-%d8%ac%d8%b1%d8%a7%d9%8a-%d8%ba%d8%a7%d9%85%d9%82\/#primaryimage\"},\"image\":{\"@id\":\"https:\/\/futurehouse-construction.com\/%d9%85%d9%8a%d9%84%d9%8a-%d8%ac%d8%b1%d8%a7%d9%8a-%d8%ba%d8%a7%d9%85%d9%82\/#primaryimage\"},\"thumbnailUrl\":\"https:\/\/futurehouse-construction.com\/wp-content\/uploads\/2024\/06\/498793_e099d634371d422e88ddd8679385489cmv2.webp\",\"datePublished\":\"2024-09-08T10:01:27+00:00\",\"dateModified\":\"2025-06-12T23:02:48+00:00\",\"breadcrumb\":{\"@id\":\"https:\/\/futurehouse-construction.com\/%d9%85%d9%8a%d9%84%d9%8a-%d8%ac%d8%b1%d8%a7%d9%8a-%d8%ba%d8%a7%d9%85%d9%82\/#breadcrumb\"},\"inLanguage\":\"de\",\"potentialAction\":[{\"@type\":\"ReadAction\",\"target\":[\"https:\/\/futurehouse-construction.com\/%d9%85%d9%8a%d9%84%d9%8a-%d8%ac%d8%b1%d8%a7%d9%8a-%d8%ba%d8%a7%d9%85%d9%82\/\"]}]},{\"@type\":\"ImageObject\",\"inLanguage\":\"de\",\"@id\":\"https:\/\/futurehouse-construction.com\/%d9%85%d9%8a%d9%84%d9%8a-%d8%ac%d8%b1%d8%a7%d9%8a-%d8%ba%d8%a7%d9%85%d9%82\/#primaryimage\",\"url\":\"https:\/\/futurehouse-construction.com\/wp-content\/uploads\/2024\/06\/498793_e099d634371d422e88ddd8679385489cmv2.webp\",\"contentUrl\":\"https:\/\/futurehouse-construction.com\/wp-content\/uploads\/2024\/06\/498793_e099d634371d422e88ddd8679385489cmv2.webp\"},{\"@type\":\"BreadcrumbList\",\"@id\":\"https:\/\/futurehouse-construction.com\/%d9%85%d9%8a%d9%84%d9%8a-%d8%ac%d8%b1%d8%a7%d9%8a-%d8%ba%d8%a7%d9%85%d9%82\/#breadcrumb\",\"itemListElement\":[{\"@type\":\"ListItem\",\"position\":1,\"name\":\"Home\",\"item\":\"https:\/\/futurehouse-construction.com\/de\/\"},{\"@type\":\"ListItem\",\"position\":2,\"name\":\"Dunkles Milli Grau\"}]},{\"@type\":\"WebSite\",\"@id\":\"https:\/\/futurehouse-construction.com\/en\/#website\",\"url\":\"https:\/\/futurehouse-construction.com\/en\/\",\"name\":\"Future House Construction\",\"description\":\"\",\"publisher\":{\"@id\":\"https:\/\/futurehouse-construction.com\/en\/#organization\"},\"potentialAction\":[{\"@type\":\"SearchAction\",\"target\":{\"@type\":\"EntryPoint\",\"urlTemplate\":\"https:\/\/futurehouse-construction.com\/en\/?s={search_term_string}\"},\"query-input\":{\"@type\":\"PropertyValueSpecification\",\"valueRequired\":true,\"valueName\":\"search_term_string\"}}],\"inLanguage\":\"de\"},{\"@type\":\"Organization\",\"@id\":\"https:\/\/futurehouse-construction.com\/en\/#organization\",\"name\":\"Future House Construction\",\"url\":\"https:\/\/futurehouse-construction.com\/en\/\",\"logo\":{\"@type\":\"ImageObject\",\"inLanguage\":\"de\",\"@id\":\"https:\/\/futurehouse-construction.com\/en\/#\/schema\/logo\/image\/\",\"url\":\"https:\/\/futurehouse-construction.com\/wp-content\/uploads\/2024\/08\/Logo-PNG.png\",\"contentUrl\":\"https:\/\/futurehouse-construction.com\/wp-content\/uploads\/2024\/08\/Logo-PNG.png\",\"width\":577,\"height\":433,\"caption\":\"Future House Construction\"},\"image\":{\"@id\":\"https:\/\/futurehouse-construction.com\/en\/#\/schema\/logo\/image\/\"}}]}<\/script>\n<!-- \/ Yoast SEO plugin. -->","yoast_head_json":{"title":"Dunkles Milli Grau - Future House Construction","robots":{"index":"index","follow":"follow","max-snippet":"max-snippet:-1","max-image-preview":"max-image-preview:large","max-video-preview":"max-video-preview:-1"},"canonical":"https:\/\/futurehouse-construction.com\/\u0645\u064a\u0644\u064a-\u062c\u0631\u0627\u064a-\u063a\u0627\u0645\u0642\/","og_locale":"de_DE","og_type":"article","og_title":"Dunkles Milli Grau - Future House Construction","og_description":"\u00c4gyptischer Marmor | Dunkelgrau Spezifikationen \u00c4gyptischer Marmor: Dunkle Miliz Dunkelgrauer Marmor gilt als eine der bekanntesten \u00e4gyptischen Marmorarten, ist auf dem lokalen Markt weit verbreitet und auf dem arabischen und afrikanischen Markt gefragt.Es wird f\u00fcr B\u00f6den, W\u00e4nde, Innentreppen, Balken, S\u00e4ulen, Dekorationsarbeiten, Landschaftsbauarbeiten und Fassaden verwendet. Spezifikationen Materialname: Milli GreyFarbe: dunkelgrauHerkunftsland: \u00e4gyptischer MarmorsteinbruchPlattenabmessungen: Alle Gr\u00f6\u00dfen und [&hellip;]","og_url":"https:\/\/futurehouse-construction.com\/\u0645\u064a\u0644\u064a-\u062c\u0631\u0627\u064a-\u063a\u0627\u0645\u0642\/","og_site_name":"Future House Construction","article_modified_time":"2025-06-12T23:02:48+00:00","og_image":[{"url":"https:\/\/futurehouse-construction.com\/wp-content\/uploads\/2024\/06\/498793_e099d634371d422e88ddd8679385489cmv2.webp","type":"","width":"","height":""}],"twitter_card":"summary_large_image","twitter_misc":{"Gesch\u00e4tzte Lesezeit":"1\u00a0Minute"},"schema":{"@context":"https:\/\/schema.org","@graph":[{"@type":"WebPage","@id":"https:\/\/futurehouse-construction.com\/%d9%85%d9%8a%d9%84%d9%8a-%d8%ac%d8%b1%d8%a7%d9%8a-%d8%ba%d8%a7%d9%85%d9%82\/","url":"https:\/\/futurehouse-construction.com\/%d9%85%d9%8a%d9%84%d9%8a-%d8%ac%d8%b1%d8%a7%d9%8a-%d8%ba%d8%a7%d9%85%d9%82\/","name":"Dunkles Milli Grau - Future House Construction","isPartOf":{"@id":"https:\/\/futurehouse-construction.com\/en\/#website"},"primaryImageOfPage":{"@id":"https:\/\/futurehouse-construction.com\/%d9%85%d9%8a%d9%84%d9%8a-%d8%ac%d8%b1%d8%a7%d9%8a-%d8%ba%d8%a7%d9%85%d9%82\/#primaryimage"},"image":{"@id":"https:\/\/futurehouse-construction.com\/%d9%85%d9%8a%d9%84%d9%8a-%d8%ac%d8%b1%d8%a7%d9%8a-%d8%ba%d8%a7%d9%85%d9%82\/#primaryimage"},"thumbnailUrl":"https:\/\/futurehouse-construction.com\/wp-content\/uploads\/2024\/06\/498793_e099d634371d422e88ddd8679385489cmv2.webp","datePublished":"2024-09-08T10:01:27+00:00","dateModified":"2025-06-12T23:02:48+00:00","breadcrumb":{"@id":"https:\/\/futurehouse-construction.com\/%d9%85%d9%8a%d9%84%d9%8a-%d8%ac%d8%b1%d8%a7%d9%8a-%d8%ba%d8%a7%d9%85%d9%82\/#breadcrumb"},"inLanguage":"de","potentialAction":[{"@type":"ReadAction","target":["https:\/\/futurehouse-construction.com\/%d9%85%d9%8a%d9%84%d9%8a-%d8%ac%d8%b1%d8%a7%d9%8a-%d8%ba%d8%a7%d9%85%d9%82\/"]}]},{"@type":"ImageObject","inLanguage":"de","@id":"https:\/\/futurehouse-construction.com\/%d9%85%d9%8a%d9%84%d9%8a-%d8%ac%d8%b1%d8%a7%d9%8a-%d8%ba%d8%a7%d9%85%d9%82\/#primaryimage","url":"https:\/\/futurehouse-construction.com\/wp-content\/uploads\/2024\/06\/498793_e099d634371d422e88ddd8679385489cmv2.webp","contentUrl":"https:\/\/futurehouse-construction.com\/wp-content\/uploads\/2024\/06\/498793_e099d634371d422e88ddd8679385489cmv2.webp"},{"@type":"BreadcrumbList","@id":"https:\/\/futurehouse-construction.com\/%d9%85%d9%8a%d9%84%d9%8a-%d8%ac%d8%b1%d8%a7%d9%8a-%d8%ba%d8%a7%d9%85%d9%82\/#breadcrumb","itemListElement":[{"@type":"ListItem","position":1,"name":"Home","item":"https:\/\/futurehouse-construction.com\/de\/"},{"@type":"ListItem","position":2,"name":"Dunkles Milli Grau"}]},{"@type":"WebSite","@id":"https:\/\/futurehouse-construction.com\/en\/#website","url":"https:\/\/futurehouse-construction.com\/en\/","name":"Future House Construction","description":"","publisher":{"@id":"https:\/\/futurehouse-construction.com\/en\/#organization"},"potentialAction":[{"@type":"SearchAction","target":{"@type":"EntryPoint","urlTemplate":"https:\/\/futurehouse-construction.com\/en\/?s={search_term_string}"},"query-input":{"@type":"PropertyValueSpecification","valueRequired":true,"valueName":"search_term_string"}}],"inLanguage":"de"},{"@type":"Organization","@id":"https:\/\/futurehouse-construction.com\/en\/#organization","name":"Future House Construction","url":"https:\/\/futurehouse-construction.com\/en\/","logo":{"@type":"ImageObject","inLanguage":"de","@id":"https:\/\/futurehouse-construction.com\/en\/#\/schema\/logo\/image\/","url":"https:\/\/futurehouse-construction.com\/wp-content\/uploads\/2024\/08\/Logo-PNG.png","contentUrl":"https:\/\/futurehouse-construction.com\/wp-content\/uploads\/2024\/08\/Logo-PNG.png","width":577,"height":433,"caption":"Future House Construction"},"image":{"@id":"https:\/\/futurehouse-construction.com\/en\/#\/schema\/logo\/image\/"}}]}},"_links":{"self":[{"href":"https:\/\/futurehouse-construction.com\/de\/wp-json\/wp\/v2\/pages\/18153","targetHints":{"allow":["GET"]}}],"collection":[{"href":"https:\/\/futurehouse-construction.com\/de\/wp-json\/wp\/v2\/pages"}],"about":[{"href":"https:\/\/futurehouse-construction.com\/de\/wp-json\/wp\/v2\/types\/page"}],"author":[{"embeddable":true,"href":"https:\/\/futurehouse-construction.com\/de\/wp-json\/wp\/v2\/users\/2"}],"replies":[{"embeddable":true,"href":"https:\/\/futurehouse-construction.com\/de\/wp-json\/wp\/v2\/comments?post=18153"}],"version-history":[{"count":7,"href":"https:\/\/futurehouse-construction.com\/de\/wp-json\/wp\/v2\/pages\/18153\/revisions"}],"predecessor-version":[{"id":22044,"href":"https:\/\/futurehouse-construction.com\/de\/wp-json\/wp\/v2\/pages\/18153\/revisions\/22044"}],"wp:attachment":[{"href":"https:\/\/futurehouse-construction.com\/de\/wp-json\/wp\/v2\/media?parent=18153"}],"curies":[{"name":"wp","href":"https:\/\/api.w.org\/{rel}","templated":true}]}}