{"id":18112,"date":"2024-09-08T13:30:45","date_gmt":"2024-09-08T10:30:45","guid":{"rendered":"https:\/\/futurehouse-construction.com\/?page_id=18112"},"modified":"2025-06-14T15:22:45","modified_gmt":"2025-06-14T12:22:45","slug":"aswan-schwarz","status":"publish","type":"page","link":"https:\/\/futurehouse-construction.com\/de\/aswan-schwarz\/","title":{"rendered":"Aswan Schwarz"},"content":{"rendered":"\t\t<div data-elementor-type=\"wp-page\" data-elementor-id=\"18112\" class=\"elementor elementor-18112 elementor-1343\" data-elementor-post-type=\"page\">\n\t\t\t\t\t\t<section class=\"elementor-section elementor-top-section elementor-element elementor-element-a0cdc9a elementor-section-boxed elementor-section-height-default elementor-section-height-default\" data-id=\"a0cdc9a\" data-element_type=\"section\" data-e-type=\"section\">\n\t\t\t\t\t\t<div class=\"elementor-container elementor-column-gap-default\">\n\t\t\t\t\t<div class=\"aux-parallax-section elementor-column elementor-col-100 elementor-top-column elementor-element elementor-element-4c581e1\" data-id=\"4c581e1\" data-element_type=\"column\" data-e-type=\"column\">\n\t\t\t<div class=\"elementor-widget-wrap elementor-element-populated\">\n\t\t\t\t\t\t<div class=\"elementor-element elementor-element-3d84d5a elementor-widget-divider--view-line_text elementor-widget-divider--element-align-center elementor-widget elementor-widget-divider\" data-id=\"3d84d5a\" data-element_type=\"widget\" data-e-type=\"widget\" data-settings=\"{&quot;ekit_we_effect_on&quot;:&quot;none&quot;}\" data-widget_type=\"divider.default\">\n\t\t\t\t\t\t\t<div class=\"elementor-divider\">\n\t\t\t<span class=\"elementor-divider-separator\">\n\t\t\t\t\t\t\t<span class=\"elementor-divider__text elementor-divider__element\">\n\t\t\t\t\u00c4gyptischer Granit | Assuan schwarz\t\t\t\t<\/span>\n\t\t\t\t\t\t<\/span>\n\t\t<\/div>\n\t\t\t\t\t\t<\/div>\n\t\t\t\t\t<\/div>\n\t\t<\/div>\n\t\t\t\t\t<\/div>\n\t\t<\/section>\n\t\t\t\t<section class=\"elementor-section elementor-top-section elementor-element elementor-element-cc47784 elementor-section-boxed elementor-section-height-default elementor-section-height-default\" data-id=\"cc47784\" data-element_type=\"section\" data-e-type=\"section\">\n\t\t\t\t\t\t<div class=\"elementor-container elementor-column-gap-default\">\n\t\t\t\t\t<div class=\"aux-parallax-section elementor-column elementor-col-16 elementor-top-column elementor-element elementor-element-968d011\" data-id=\"968d011\" data-element_type=\"column\" data-e-type=\"column\">\n\t\t\t<div class=\"elementor-widget-wrap\">\n\t\t\t\t\t\t\t<\/div>\n\t\t<\/div>\n\t\t\t\t<div class=\"aux-parallax-section elementor-column elementor-col-66 elementor-top-column elementor-element elementor-element-b616662\" data-id=\"b616662\" data-element_type=\"column\" data-e-type=\"column\">\n\t\t\t<div class=\"elementor-widget-wrap elementor-element-populated\">\n\t\t\t\t\t\t<div class=\"elementor-element elementor-element-bb01c80 elementor-widget elementor-widget-ucaddon_uc_carousel_image\" data-id=\"bb01c80\" data-element_type=\"widget\" data-e-type=\"widget\" data-settings=\"{&quot;ekit_we_effect_on&quot;:&quot;none&quot;}\" data-widget_type=\"ucaddon_uc_carousel_image.default\">\n\t\t\t\t<div class=\"elementor-widget-container\">\n\t\t\t\t\t\n<!-- start Carousel Gallery -->\n\t\t<link id='unitegallery-css' href='https:\/\/futurehouse-construction.com\/wp-content\/plugins\/unlimited-elements-for-elementor\/assets_libraries\/unitegallery\/css\/unite-gallery.css' type='text\/css' rel='stylesheet' >\n\n\n<div id=\"uc_uc_carousel_image_elementor_bb01c80\" style=\"display:none;\" class=\"uc-items-wrapper\" data-custom-sethtml=\"true\" >\n\n\n<img decoding=\"async\" alt=\"498793_e099d634371d422e88ddd8679385489c~mv2\"\n   src=\"https:\/\/futurehouse-construction.com\/wp-content\/uploads\/2024\/06\/498793_e099d634371d422e88ddd8679385489cmv2.webp\"\n    data-image=\"https:\/\/futurehouse-construction.com\/wp-content\/uploads\/2024\/06\/498793_e099d634371d422e88ddd8679385489cmv2.webp\"\n    data-title=\"498793_e099d634371d422e88ddd8679385489c~mv2\">\n\n<img decoding=\"async\" alt=\"WhatsApp Image 2025-04-18 at 14.32\"\n   src=\"https:\/\/futurehouse-construction.com\/wp-content\/uploads\/2025\/06\/WhatsApp-Image-2025-04-18-at-14.32.20_7df94b8d.jpg\"\n    data-image=\"https:\/\/futurehouse-construction.com\/wp-content\/uploads\/2025\/06\/WhatsApp-Image-2025-04-18-at-14.32.20_7df94b8d.jpg\"\n    data-title=\"WhatsApp Image 2025-04-18 at 14.32\">\n\n<img decoding=\"async\" alt=\"FB_IMG_1711667163388_cleanup\"\n   src=\"https:\/\/futurehouse-construction.com\/wp-content\/uploads\/2025\/06\/FB_IMG_1711667163388_cleanup.jpg\"\n    data-image=\"https:\/\/futurehouse-construction.com\/wp-content\/uploads\/2025\/06\/FB_IMG_1711667163388_cleanup.jpg\"\n    data-title=\"FB_IMG_1711667163388_cleanup\">\n\n  \n<\/div>\n<!-- end Carousel Gallery -->\t\t\t\t<\/div>\n\t\t\t\t<\/div>\n\t\t\t\t\t<\/div>\n\t\t<\/div>\n\t\t\t\t<div class=\"aux-parallax-section elementor-column elementor-col-16 elementor-top-column elementor-element elementor-element-cf0f878\" data-id=\"cf0f878\" data-element_type=\"column\" data-e-type=\"column\">\n\t\t\t<div class=\"elementor-widget-wrap\">\n\t\t\t\t\t\t\t<\/div>\n\t\t<\/div>\n\t\t\t\t\t<\/div>\n\t\t<\/section>\n\t\t\t\t<section class=\"elementor-section elementor-top-section elementor-element elementor-element-f56e3ca elementor-section-boxed elementor-section-height-default elementor-section-height-default\" data-id=\"f56e3ca\" data-element_type=\"section\" data-e-type=\"section\">\n\t\t\t\t\t\t<div class=\"elementor-container elementor-column-gap-default\">\n\t\t\t\t\t<div class=\"aux-parallax-section elementor-column elementor-col-100 elementor-top-column elementor-element elementor-element-bae71ff\" data-id=\"bae71ff\" data-element_type=\"column\" data-e-type=\"column\">\n\t\t\t<div class=\"elementor-widget-wrap elementor-element-populated\">\n\t\t\t\t\t\t<div class=\"elementor-element elementor-element-973889b elementor-widget-divider--view-line_text elementor-widget-divider--element-align-center elementor-widget elementor-widget-divider\" data-id=\"973889b\" data-element_type=\"widget\" data-e-type=\"widget\" data-settings=\"{&quot;ekit_we_effect_on&quot;:&quot;none&quot;}\" data-widget_type=\"divider.default\">\n\t\t\t\t\t\t\t<div class=\"elementor-divider\">\n\t\t\t<span class=\"elementor-divider-separator\">\n\t\t\t\t\t\t\t<span class=\"elementor-divider__text elementor-divider__element\">\n\t\t\t\tSpezifikationen\t\t\t\t<\/span>\n\t\t\t\t\t\t<\/span>\n\t\t<\/div>\n\t\t\t\t\t\t<\/div>\n\t\t\t\t\t<\/div>\n\t\t<\/div>\n\t\t\t\t\t<\/div>\n\t\t<\/section>\n\t\t\t\t<section class=\"elementor-section elementor-top-section elementor-element elementor-element-06f5eae elementor-section-boxed elementor-section-height-default elementor-section-height-default\" data-id=\"06f5eae\" data-element_type=\"section\" data-e-type=\"section\">\n\t\t\t\t\t\t<div class=\"elementor-container elementor-column-gap-default\">\n\t\t\t\t\t<div class=\"aux-parallax-section elementor-column elementor-col-100 elementor-top-column elementor-element elementor-element-109d6eb\" data-id=\"109d6eb\" data-element_type=\"column\" data-e-type=\"column\">\n\t\t\t<div class=\"elementor-widget-wrap elementor-element-populated\">\n\t\t\t\t\t\t<div class=\"elementor-element elementor-element-04ab4eb elementor-widget elementor-widget-text-editor\" data-id=\"04ab4eb\" data-element_type=\"widget\" data-e-type=\"widget\" data-settings=\"{&quot;ekit_we_effect_on&quot;:&quot;none&quot;}\" data-widget_type=\"text-editor.default\">\n\t\t\t\t\t\t\t\t\t<p style=\"text-align: left;\"><span style=\"font-size: 18pt;\"><strong><span style=\"color: #cb6d03;\">Spezifikationen<\/span><\/strong><\/span><\/p><p><strong>Materialname:<\/strong> Assuan schwarz<br \/><strong>Materialfarbe:<\/strong> Schwarz<br \/><strong>Herkunftsland:<\/strong> \u00c4gyptischer Granitsteinbruch<\/p><p><br \/><strong>Materialverf\u00fcgbarkeit:<\/strong> Bl\u00f6cke, kleine Platten, Fliesen, K\u00fcchen<\/p><p><strong>Abmessungen der kleinen Paneele:<\/strong> 265\u2013300 cm x 40, 50, 60, 70, 80, 90, 105 cm<\/p><p><strong>Granitst\u00e4rken:<\/strong> 18, 20, 30 und bis zu 100 Millimeter<\/p><p><strong>Verf\u00fcgbare Granitfliesenabmessungen:<\/strong> Alle Abmessungen<\/p><p><strong>Verf\u00fcgbare Granitplattenst\u00e4rken f\u00fcr B\u00f6den oder W\u00e4nde:<\/strong> 18, 20, 30, 40 mm (bis 200 mm auf Anfrage)<\/p><p><strong>Verf\u00fcgbare Ausf\u00fchrungen:<\/strong> mattiert, poliert, geschliffen, gebrannt<\/p>\t\t\t\t\t\t\t\t<\/div>\n\t\t\t\t\t<\/div>\n\t\t<\/div>\n\t\t\t\t\t<\/div>\n\t\t<\/section>\n\t\t\t\t<\/div>\n\t\t","protected":false},"excerpt":{"rendered":"<p>\u00c4gyptischer Granit | Assuan schwarz Spezifikationen Spezifikationen Materialname: Assuan schwarzMaterialfarbe: SchwarzHerkunftsland: \u00c4gyptischer Granitsteinbruch Materialverf\u00fcgbarkeit: Bl\u00f6cke, kleine Platten, Fliesen, K\u00fcchen Abmessungen der kleinen Paneele: 265\u2013300 cm x 40, 50, 60, 70, 80, 90, 105 cm Granitst\u00e4rken: 18, 20, 30 und bis zu 100 Millimeter Verf\u00fcgbare Granitfliesenabmessungen: Alle Abmessungen Verf\u00fcgbare Granitplattenst\u00e4rken f\u00fcr B\u00f6den oder W\u00e4nde: 18, 20, [&hellip;]<\/p>\n","protected":false},"author":2,"featured_media":0,"parent":0,"menu_order":0,"comment_status":"closed","ping_status":"closed","template":"","meta":{"footnotes":""},"class_list":["post-18112","page","type-page","status-publish","hentry"],"yoast_head":"<!-- This site is optimized with the Yoast SEO plugin v27.0 - https:\/\/yoast.com\/product\/yoast-seo-wordpress\/ -->\n<title>Aswan Schwarz - Future House Construction<\/title>\n<meta name=\"robots\" content=\"index, follow, max-snippet:-1, max-image-preview:large, max-video-preview:-1\" \/>\n<link rel=\"canonical\" href=\"https:\/\/futurehouse-construction.com\/\u0627\u0633\u0648\u062f-\u0627\u0633\u0648\u0627\u0646\u0649\/\" \/>\n<meta property=\"og:locale\" content=\"de_DE\" \/>\n<meta property=\"og:type\" content=\"article\" \/>\n<meta property=\"og:title\" content=\"Aswan Schwarz - Future House Construction\" \/>\n<meta property=\"og:description\" content=\"\u00c4gyptischer Granit | Assuan schwarz Spezifikationen Spezifikationen Materialname: Assuan schwarzMaterialfarbe: SchwarzHerkunftsland: \u00c4gyptischer Granitsteinbruch Materialverf\u00fcgbarkeit: Bl\u00f6cke, kleine Platten, Fliesen, K\u00fcchen Abmessungen der kleinen Paneele: 265\u2013300 cm x 40, 50, 60, 70, 80, 90, 105 cm Granitst\u00e4rken: 18, 20, 30 und bis zu 100 Millimeter Verf\u00fcgbare Granitfliesenabmessungen: Alle Abmessungen Verf\u00fcgbare Granitplattenst\u00e4rken f\u00fcr B\u00f6den oder W\u00e4nde: 18, 20, [&hellip;]\" \/>\n<meta property=\"og:url\" content=\"https:\/\/futurehouse-construction.com\/\u0627\u0633\u0648\u062f-\u0627\u0633\u0648\u0627\u0646\u0649\/\" \/>\n<meta property=\"og:site_name\" content=\"Future House Construction\" \/>\n<meta property=\"article:modified_time\" content=\"2025-06-14T12:22:45+00:00\" \/>\n<meta property=\"og:image\" content=\"https:\/\/futurehouse-construction.com\/wp-content\/uploads\/2024\/06\/498793_e099d634371d422e88ddd8679385489cmv2.webp\" \/>\n<meta name=\"twitter:card\" content=\"summary_large_image\" \/>\n<meta name=\"twitter:label1\" content=\"Gesch\u00e4tzte Lesezeit\" \/>\n\t<meta name=\"twitter:data1\" content=\"1\u00a0Minute\" \/>\n<script type=\"application\/ld+json\" class=\"yoast-schema-graph\">{\"@context\":\"https:\/\/schema.org\",\"@graph\":[{\"@type\":\"WebPage\",\"@id\":\"https:\/\/futurehouse-construction.com\/%d8%a7%d8%b3%d9%88%d8%af-%d8%a7%d8%b3%d9%88%d8%a7%d9%86%d9%89\/\",\"url\":\"https:\/\/futurehouse-construction.com\/%d8%a7%d8%b3%d9%88%d8%af-%d8%a7%d8%b3%d9%88%d8%a7%d9%86%d9%89\/\",\"name\":\"Aswan Schwarz - Future House Construction\",\"isPartOf\":{\"@id\":\"https:\/\/futurehouse-construction.com\/en\/#website\"},\"primaryImageOfPage\":{\"@id\":\"https:\/\/futurehouse-construction.com\/%d8%a7%d8%b3%d9%88%d8%af-%d8%a7%d8%b3%d9%88%d8%a7%d9%86%d9%89\/#primaryimage\"},\"image\":{\"@id\":\"https:\/\/futurehouse-construction.com\/%d8%a7%d8%b3%d9%88%d8%af-%d8%a7%d8%b3%d9%88%d8%a7%d9%86%d9%89\/#primaryimage\"},\"thumbnailUrl\":\"https:\/\/futurehouse-construction.com\/wp-content\/uploads\/2024\/06\/498793_e099d634371d422e88ddd8679385489cmv2.webp\",\"datePublished\":\"2024-09-08T10:30:45+00:00\",\"dateModified\":\"2025-06-14T12:22:45+00:00\",\"breadcrumb\":{\"@id\":\"https:\/\/futurehouse-construction.com\/%d8%a7%d8%b3%d9%88%d8%af-%d8%a7%d8%b3%d9%88%d8%a7%d9%86%d9%89\/#breadcrumb\"},\"inLanguage\":\"de\",\"potentialAction\":[{\"@type\":\"ReadAction\",\"target\":[\"https:\/\/futurehouse-construction.com\/%d8%a7%d8%b3%d9%88%d8%af-%d8%a7%d8%b3%d9%88%d8%a7%d9%86%d9%89\/\"]}]},{\"@type\":\"ImageObject\",\"inLanguage\":\"de\",\"@id\":\"https:\/\/futurehouse-construction.com\/%d8%a7%d8%b3%d9%88%d8%af-%d8%a7%d8%b3%d9%88%d8%a7%d9%86%d9%89\/#primaryimage\",\"url\":\"https:\/\/futurehouse-construction.com\/wp-content\/uploads\/2024\/06\/498793_e099d634371d422e88ddd8679385489cmv2.webp\",\"contentUrl\":\"https:\/\/futurehouse-construction.com\/wp-content\/uploads\/2024\/06\/498793_e099d634371d422e88ddd8679385489cmv2.webp\"},{\"@type\":\"BreadcrumbList\",\"@id\":\"https:\/\/futurehouse-construction.com\/%d8%a7%d8%b3%d9%88%d8%af-%d8%a7%d8%b3%d9%88%d8%a7%d9%86%d9%89\/#breadcrumb\",\"itemListElement\":[{\"@type\":\"ListItem\",\"position\":1,\"name\":\"Home\",\"item\":\"https:\/\/futurehouse-construction.com\/de\/\"},{\"@type\":\"ListItem\",\"position\":2,\"name\":\"Aswan Schwarz\"}]},{\"@type\":\"WebSite\",\"@id\":\"https:\/\/futurehouse-construction.com\/en\/#website\",\"url\":\"https:\/\/futurehouse-construction.com\/en\/\",\"name\":\"Future House Construction\",\"description\":\"\",\"publisher\":{\"@id\":\"https:\/\/futurehouse-construction.com\/en\/#organization\"},\"potentialAction\":[{\"@type\":\"SearchAction\",\"target\":{\"@type\":\"EntryPoint\",\"urlTemplate\":\"https:\/\/futurehouse-construction.com\/en\/?s={search_term_string}\"},\"query-input\":{\"@type\":\"PropertyValueSpecification\",\"valueRequired\":true,\"valueName\":\"search_term_string\"}}],\"inLanguage\":\"de\"},{\"@type\":\"Organization\",\"@id\":\"https:\/\/futurehouse-construction.com\/en\/#organization\",\"name\":\"Future House Construction\",\"url\":\"https:\/\/futurehouse-construction.com\/en\/\",\"logo\":{\"@type\":\"ImageObject\",\"inLanguage\":\"de\",\"@id\":\"https:\/\/futurehouse-construction.com\/en\/#\/schema\/logo\/image\/\",\"url\":\"https:\/\/futurehouse-construction.com\/wp-content\/uploads\/2024\/08\/Logo-PNG.png\",\"contentUrl\":\"https:\/\/futurehouse-construction.com\/wp-content\/uploads\/2024\/08\/Logo-PNG.png\",\"width\":577,\"height\":433,\"caption\":\"Future House Construction\"},\"image\":{\"@id\":\"https:\/\/futurehouse-construction.com\/en\/#\/schema\/logo\/image\/\"}}]}<\/script>\n<!-- \/ Yoast SEO plugin. -->","yoast_head_json":{"title":"Aswan Schwarz - Future House Construction","robots":{"index":"index","follow":"follow","max-snippet":"max-snippet:-1","max-image-preview":"max-image-preview:large","max-video-preview":"max-video-preview:-1"},"canonical":"https:\/\/futurehouse-construction.com\/\u0627\u0633\u0648\u062f-\u0627\u0633\u0648\u0627\u0646\u0649\/","og_locale":"de_DE","og_type":"article","og_title":"Aswan Schwarz - Future House Construction","og_description":"\u00c4gyptischer Granit | Assuan schwarz Spezifikationen Spezifikationen Materialname: Assuan schwarzMaterialfarbe: SchwarzHerkunftsland: \u00c4gyptischer Granitsteinbruch Materialverf\u00fcgbarkeit: Bl\u00f6cke, kleine Platten, Fliesen, K\u00fcchen Abmessungen der kleinen Paneele: 265\u2013300 cm x 40, 50, 60, 70, 80, 90, 105 cm Granitst\u00e4rken: 18, 20, 30 und bis zu 100 Millimeter Verf\u00fcgbare Granitfliesenabmessungen: Alle Abmessungen Verf\u00fcgbare Granitplattenst\u00e4rken f\u00fcr B\u00f6den oder W\u00e4nde: 18, 20, [&hellip;]","og_url":"https:\/\/futurehouse-construction.com\/\u0627\u0633\u0648\u062f-\u0627\u0633\u0648\u0627\u0646\u0649\/","og_site_name":"Future House Construction","article_modified_time":"2025-06-14T12:22:45+00:00","og_image":[{"url":"https:\/\/futurehouse-construction.com\/wp-content\/uploads\/2024\/06\/498793_e099d634371d422e88ddd8679385489cmv2.webp","type":"","width":"","height":""}],"twitter_card":"summary_large_image","twitter_misc":{"Gesch\u00e4tzte Lesezeit":"1\u00a0Minute"},"schema":{"@context":"https:\/\/schema.org","@graph":[{"@type":"WebPage","@id":"https:\/\/futurehouse-construction.com\/%d8%a7%d8%b3%d9%88%d8%af-%d8%a7%d8%b3%d9%88%d8%a7%d9%86%d9%89\/","url":"https:\/\/futurehouse-construction.com\/%d8%a7%d8%b3%d9%88%d8%af-%d8%a7%d8%b3%d9%88%d8%a7%d9%86%d9%89\/","name":"Aswan Schwarz - Future House Construction","isPartOf":{"@id":"https:\/\/futurehouse-construction.com\/en\/#website"},"primaryImageOfPage":{"@id":"https:\/\/futurehouse-construction.com\/%d8%a7%d8%b3%d9%88%d8%af-%d8%a7%d8%b3%d9%88%d8%a7%d9%86%d9%89\/#primaryimage"},"image":{"@id":"https:\/\/futurehouse-construction.com\/%d8%a7%d8%b3%d9%88%d8%af-%d8%a7%d8%b3%d9%88%d8%a7%d9%86%d9%89\/#primaryimage"},"thumbnailUrl":"https:\/\/futurehouse-construction.com\/wp-content\/uploads\/2024\/06\/498793_e099d634371d422e88ddd8679385489cmv2.webp","datePublished":"2024-09-08T10:30:45+00:00","dateModified":"2025-06-14T12:22:45+00:00","breadcrumb":{"@id":"https:\/\/futurehouse-construction.com\/%d8%a7%d8%b3%d9%88%d8%af-%d8%a7%d8%b3%d9%88%d8%a7%d9%86%d9%89\/#breadcrumb"},"inLanguage":"de","potentialAction":[{"@type":"ReadAction","target":["https:\/\/futurehouse-construction.com\/%d8%a7%d8%b3%d9%88%d8%af-%d8%a7%d8%b3%d9%88%d8%a7%d9%86%d9%89\/"]}]},{"@type":"ImageObject","inLanguage":"de","@id":"https:\/\/futurehouse-construction.com\/%d8%a7%d8%b3%d9%88%d8%af-%d8%a7%d8%b3%d9%88%d8%a7%d9%86%d9%89\/#primaryimage","url":"https:\/\/futurehouse-construction.com\/wp-content\/uploads\/2024\/06\/498793_e099d634371d422e88ddd8679385489cmv2.webp","contentUrl":"https:\/\/futurehouse-construction.com\/wp-content\/uploads\/2024\/06\/498793_e099d634371d422e88ddd8679385489cmv2.webp"},{"@type":"BreadcrumbList","@id":"https:\/\/futurehouse-construction.com\/%d8%a7%d8%b3%d9%88%d8%af-%d8%a7%d8%b3%d9%88%d8%a7%d9%86%d9%89\/#breadcrumb","itemListElement":[{"@type":"ListItem","position":1,"name":"Home","item":"https:\/\/futurehouse-construction.com\/de\/"},{"@type":"ListItem","position":2,"name":"Aswan Schwarz"}]},{"@type":"WebSite","@id":"https:\/\/futurehouse-construction.com\/en\/#website","url":"https:\/\/futurehouse-construction.com\/en\/","name":"Future House Construction","description":"","publisher":{"@id":"https:\/\/futurehouse-construction.com\/en\/#organization"},"potentialAction":[{"@type":"SearchAction","target":{"@type":"EntryPoint","urlTemplate":"https:\/\/futurehouse-construction.com\/en\/?s={search_term_string}"},"query-input":{"@type":"PropertyValueSpecification","valueRequired":true,"valueName":"search_term_string"}}],"inLanguage":"de"},{"@type":"Organization","@id":"https:\/\/futurehouse-construction.com\/en\/#organization","name":"Future House Construction","url":"https:\/\/futurehouse-construction.com\/en\/","logo":{"@type":"ImageObject","inLanguage":"de","@id":"https:\/\/futurehouse-construction.com\/en\/#\/schema\/logo\/image\/","url":"https:\/\/futurehouse-construction.com\/wp-content\/uploads\/2024\/08\/Logo-PNG.png","contentUrl":"https:\/\/futurehouse-construction.com\/wp-content\/uploads\/2024\/08\/Logo-PNG.png","width":577,"height":433,"caption":"Future House Construction"},"image":{"@id":"https:\/\/futurehouse-construction.com\/en\/#\/schema\/logo\/image\/"}}]}},"_links":{"self":[{"href":"https:\/\/futurehouse-construction.com\/de\/wp-json\/wp\/v2\/pages\/18112","targetHints":{"allow":["GET"]}}],"collection":[{"href":"https:\/\/futurehouse-construction.com\/de\/wp-json\/wp\/v2\/pages"}],"about":[{"href":"https:\/\/futurehouse-construction.com\/de\/wp-json\/wp\/v2\/types\/page"}],"author":[{"embeddable":true,"href":"https:\/\/futurehouse-construction.com\/de\/wp-json\/wp\/v2\/users\/2"}],"replies":[{"embeddable":true,"href":"https:\/\/futurehouse-construction.com\/de\/wp-json\/wp\/v2\/comments?post=18112"}],"version-history":[{"count":7,"href":"https:\/\/futurehouse-construction.com\/de\/wp-json\/wp\/v2\/pages\/18112\/revisions"}],"predecessor-version":[{"id":22201,"href":"https:\/\/futurehouse-construction.com\/de\/wp-json\/wp\/v2\/pages\/18112\/revisions\/22201"}],"wp:attachment":[{"href":"https:\/\/futurehouse-construction.com\/de\/wp-json\/wp\/v2\/media?parent=18112"}],"curies":[{"name":"wp","href":"https:\/\/api.w.org\/{rel}","templated":true}]}}